{"id":907,"date":"2024-04-01T07:22:46","date_gmt":"2024-04-01T07:22:46","guid":{"rendered":"https:\/\/www.puffsvape.com\/?post_type=product&#038;p=907"},"modified":"2024-08-04T12:54:42","modified_gmt":"2024-08-04T12:54:42","slug":"lavie-aurora-11000-puffs-disposable-vape","status":"publish","type":"product","link":"https:\/\/www.puffsvape.com\/sv\/produkt\/lavie-aurora-11000-puffar-engangsvape\/","title":{"rendered":"Lavie Aurora 11000 Puffs Eng\u00e5ngs Vape"},"content":{"rendered":"<p>Lavie Aurora 11000 \u00e4r en uppladdningsbar eng\u00e5ngsvape med en snygg och ny design. Den ser ut som en colaburk. Det \u00e4r v\u00e4ldigt s\u00f6tt och intressant, och det \u00e4r v\u00e4ldigt texturerat i handen. Inbyggt 650mAh h\u00f6gkapacitetsbatteri, 22 ml e-v\u00e4tskekapacitet kan r\u00f6ka 11000 puffar, smaken \u00e4r j\u00e4mn fr\u00e5n b\u00f6rjan till slut och smaken \u00e4r ren och uppfyller smakbehoven.<\/p>\n<h2><span style=\"font-size: 18pt;\"><strong>Lavie Aurora 11000 Vape f\u00f6r eng\u00e5ngsbruk Specifikationer:<\/strong><\/span><\/h2>\n<ul>\n<li>Varum\u00e4rke:LAVIE<\/li>\n<li>Puffar:11000 Puffar \u00e4r tillg\u00e4ngliga per enhet<\/li>\n<li>Nicotine:0%\/2%\/5%<\/li>\n<li>Kapacitet f\u00f6r e-juice: 22ML<\/li>\n<li>Batteri: 650 mAh<\/li>\n<li>Laddningsport: Typ-C<\/li>\n<\/ul>\n<h2><span style=\"font-size: 18pt;\"><strong>Smak\u00e4mnen<\/strong><\/span><\/h2>\n<ol>\n<li>Vattenmelon-is<\/li>\n<li>Dubbla \u00e4pplen<\/li>\n<li>Mango is<\/li>\n<li>Persikosaft<\/li>\n<li>Mint<\/li>\n<li>Jordgubbar Vattenmelon<\/li>\n<li>Yakult<\/li>\n<li>Rose Tea<\/li>\n<li>Blandade b\u00e4r<\/li>\n<li>Citron svart te<\/li>\n<li>Grape Ice<\/li>\n<li>Cola is<\/li>\n<\/ol>\n<figure id=\"attachment_909\" aria-describedby=\"caption-attachment-909\" style=\"width: 800px\" class=\"wp-caption alignnone\"><img fetchpriority=\"high\" decoding=\"async\" class=\"size-full wp-image-909\" title=\"LAVIE Aurora 11000 Puffs Eng\u00e5ngs Vape Alla smaker\" src=\"https:\/\/www.puffsvape.com\/wp-content\/uploads\/2024\/04\/LAVIE-Aurora-11000-Puffs-Disposable-Vape-All-Flavors.jpg\" alt=\"LAVIE Aurora 11000 Puffs Eng\u00e5ngs Vape Alla smaker\" width=\"800\" height=\"800\" srcset=\"https:\/\/www.puffsvape.com\/wp-content\/uploads\/2024\/04\/LAVIE-Aurora-11000-Puffs-Disposable-Vape-All-Flavors.jpg 800w, https:\/\/www.puffsvape.com\/wp-content\/uploads\/2024\/04\/LAVIE-Aurora-11000-Puffs-Disposable-Vape-All-Flavors-247x247.jpg 247w, https:\/\/www.puffsvape.com\/wp-content\/uploads\/2024\/04\/LAVIE-Aurora-11000-Puffs-Disposable-Vape-All-Flavors-100x100.jpg 100w, https:\/\/www.puffsvape.com\/wp-content\/uploads\/2024\/04\/LAVIE-Aurora-11000-Puffs-Disposable-Vape-All-Flavors-510x510.jpg 510w, https:\/\/www.puffsvape.com\/wp-content\/uploads\/2024\/04\/LAVIE-Aurora-11000-Puffs-Disposable-Vape-All-Flavors-300x300.jpg 300w, https:\/\/www.puffsvape.com\/wp-content\/uploads\/2024\/04\/LAVIE-Aurora-11000-Puffs-Disposable-Vape-All-Flavors-150x150.jpg 150w, https:\/\/www.puffsvape.com\/wp-content\/uploads\/2024\/04\/LAVIE-Aurora-11000-Puffs-Disposable-Vape-All-Flavors-768x768.jpg 768w, https:\/\/www.puffsvape.com\/wp-content\/uploads\/2024\/04\/LAVIE-Aurora-11000-Puffs-Disposable-Vape-All-Flavors-575x575.jpg 575w, https:\/\/www.puffsvape.com\/wp-content\/uploads\/2024\/04\/LAVIE-Aurora-11000-Puffs-Disposable-Vape-All-Flavors-380x380.jpg 380w\" sizes=\"(max-width: 800px) 100vw, 800px\" \/><figcaption id=\"caption-attachment-909\" class=\"wp-caption-text\">LAVIE Aurora 11000 Puffs Eng\u00e5ngs Vape Alla smaker<\/figcaption><\/figure>","protected":false},"excerpt":{"rendered":"<p>Lavie Aurora 11000 \u00e4r en uppladdningsbar eng\u00e5ngsvape med en snygg och ny design. Den ser ut som en colaburk. Det \u00e4r v\u00e4ldigt s\u00f6tt och intressant, och det \u00e4r v\u00e4ldigt texturerat i handen. Inbyggt 650mAh h\u00f6gkapacitetsbatteri, 22 ml e-v\u00e4tskekapacitet kan r\u00f6ka 11000 puffar, smaken \u00e4r j\u00e4mn fr\u00e5n b\u00f6rjan till slut och [...].","protected":false},"featured_media":912,"comment_status":"open","ping_status":"closed","template":"","meta":{"om_disable_all_campaigns":false,"_monsterinsights_skip_tracking":false,"_monsterinsights_sitenote_active":false,"_monsterinsights_sitenote_note":"","_monsterinsights_sitenote_category":0},"product_brand":[],"product_cat":[20],"product_tag":[],"berocket_brand":[21],"class_list":{"0":"post-907","1":"product","2":"type-product","3":"status-publish","4":"has-post-thumbnail","6":"product_cat-lavie","7":"berocket_brand-lavie","8":"wcpa_has_options","10":"first","11":"instock","12":"shipping-taxable","13":"purchasable","14":"product-type-variable","15":"has-default-attributes"},"aioseo_notices":[],"tiered_pricing_fixed_rules":{"20":"9.74","30":"9.11","40":"8.46","50":"7.81","100":"6.38"},"tiered_pricing_percentage_rules":{"20":"9.74","30":"9.11","40":"8.46","50":"7.81","100":"6.38"},"tiered_pricing_type":"fixed","tiered_pricing_minimum":10,"_links":{"self":[{"href":"https:\/\/www.puffsvape.com\/sv\/wp-json\/wp\/v2\/product\/907","targetHints":{"allow":["GET"]}}],"collection":[{"href":"https:\/\/www.puffsvape.com\/sv\/wp-json\/wp\/v2\/product"}],"about":[{"href":"https:\/\/www.puffsvape.com\/sv\/wp-json\/wp\/v2\/types\/product"}],"replies":[{"embeddable":true,"href":"https:\/\/www.puffsvape.com\/sv\/wp-json\/wp\/v2\/comments?post=907"}],"wp:featuredmedia":[{"embeddable":true,"href":"https:\/\/www.puffsvape.com\/sv\/wp-json\/wp\/v2\/media\/912"}],"wp:attachment":[{"href":"https:\/\/www.puffsvape.com\/sv\/wp-json\/wp\/v2\/media?parent=907"}],"wp:term":[{"taxonomy":"product_brand","embeddable":true,"href":"https:\/\/www.puffsvape.com\/sv\/wp-json\/wp\/v2\/product_brand?post=907"},{"taxonomy":"product_cat","embeddable":true,"href":"https:\/\/www.puffsvape.com\/sv\/wp-json\/wp\/v2\/product_cat?post=907"},{"taxonomy":"product_tag","embeddable":true,"href":"https:\/\/www.puffsvape.com\/sv\/wp-json\/wp\/v2\/product_tag?post=907"},{"taxonomy":"berocket_brand","embeddable":true,"href":"https:\/\/www.puffsvape.com\/sv\/wp-json\/wp\/v2\/berocket_brand?post=907"}],"curies":[{"name":"wp","href":"https:\/\/api.w.org\/{rel}","templated":true}]}}