{"id":781,"date":"2024-03-29T07:00:05","date_gmt":"2024-03-29T07:00:05","guid":{"rendered":"https:\/\/www.puffsvape.com\/?post_type=product&#038;p=781"},"modified":"2024-08-04T13:56:09","modified_gmt":"2024-08-04T13:56:09","slug":"lavie-kiss-8000-puffs-disposable-vape","status":"publish","type":"product","link":"https:\/\/www.puffsvape.com\/sv\/produkt\/lavie-kiss-8000-puffar-engangsvape\/","title":{"rendered":"Lavie Kiss 8000 Puffs Eng\u00e5ngs Vape"},"content":{"rendered":"<p>Lavie Kiss 8000 Puffs \u00e4r en uppladdningsbar eng\u00e5ngsvape med en modern och ny design och en unik form som en l\u00e4pp. Den \u00e4r mycket intressant och k\u00e4nns bra i handen. Inbyggt 400mAh batteri med stor kapacitet, 12 ml e-v\u00e4tskekapacitet f\u00f6r 8000 vaping, j\u00e4mn smak fr\u00e5n b\u00f6rjan till slut, ren smak, f\u00f6r att m\u00f6ta smakbehoven.<\/p>\n<h2><span style=\"font-size: 18pt\"><strong>Lavie Kiss 8000 Eng\u00e5ngs Vape Specifikationer:<\/strong><\/span><\/h2>\n<ul>\n<li>Puffar: 8000 Puffar<\/li>\n<li>Nikotin: 0%, 2%, 5%<\/li>\n<li>Kapacitet f\u00f6r e-juice: 14 ML<\/li>\n<li>Batteri: 650mAh ( Uppladdningsbart )<\/li>\n<li>Laddningsport: Typ C<\/li>\n<li>Batteri + Pod<\/li>\n<\/ul>\n<h2><strong>Smak\u00e4mnen:<\/strong><\/h2>\n<ol>\n<li>Jordgubb Mango Is<\/li>\n<li>Dubbla \u00e4pplen<\/li>\n<li>Vattenmelon<\/li>\n<li>Energidrycker<\/li>\n<li>Blandade b\u00e4r<\/li>\n<li>Yakult<\/li>\n<li>Mint<\/li>\n<li>Lemon Cola<\/li>\n<li>Mango<\/li>\n<li>Lila druva<\/li>\n<li>Mojito<\/li>\n<li>Tropisk frukt<\/li>\n<\/ol>\n<figure id=\"attachment_835\" aria-describedby=\"caption-attachment-835\" style=\"width: 800px\" class=\"wp-caption alignnone\"><img fetchpriority=\"high\" decoding=\"async\" class=\"size-full wp-image-835\" title=\"LAVIE KISS 8000 Puffs Eng\u00e5ngsvape\" src=\"https:\/\/www.puffsvape.com\/wp-content\/uploads\/2024\/03\/LAVIE-KISS-8000-Puffs-Disposable-Vape.jpg\" alt=\"LAVIE KISS 8000 Puffs Eng\u00e5ngsvape\" width=\"800\" height=\"499\" srcset=\"https:\/\/www.puffsvape.com\/wp-content\/uploads\/2024\/03\/LAVIE-KISS-8000-Puffs-Disposable-Vape.jpg 800w, https:\/\/www.puffsvape.com\/wp-content\/uploads\/2024\/03\/LAVIE-KISS-8000-Puffs-Disposable-Vape-510x318.jpg 510w, https:\/\/www.puffsvape.com\/wp-content\/uploads\/2024\/03\/LAVIE-KISS-8000-Puffs-Disposable-Vape-300x187.jpg 300w, https:\/\/www.puffsvape.com\/wp-content\/uploads\/2024\/03\/LAVIE-KISS-8000-Puffs-Disposable-Vape-768x479.jpg 768w, https:\/\/www.puffsvape.com\/wp-content\/uploads\/2024\/03\/LAVIE-KISS-8000-Puffs-Disposable-Vape-575x359.jpg 575w, https:\/\/www.puffsvape.com\/wp-content\/uploads\/2024\/03\/LAVIE-KISS-8000-Puffs-Disposable-Vape-380x237.jpg 380w\" sizes=\"(max-width: 800px) 100vw, 800px\" \/><figcaption id=\"caption-attachment-835\" class=\"wp-caption-text\">LAVIE KISS 8000 Puffs Eng\u00e5ngsvape<\/figcaption><\/figure>","protected":false},"excerpt":{"rendered":"<p>Lavie Kiss 8000 Puffs \u00e4r en uppladdningsbar eng\u00e5ngsvape med en modern och ny design och en unik form som en l\u00e4pp. Den \u00e4r mycket intressant och k\u00e4nns bra i handen. Inbyggt 400mAh batteri med stor kapacitet, 12 ml e-v\u00e4tskekapacitet f\u00f6r 8000 vaping, j\u00e4mn smak fr\u00e5n b\u00f6rjan till slut, ren smak, f\u00f6r att m\u00f6ta smaken [...]].","protected":false},"featured_media":831,"comment_status":"open","ping_status":"closed","template":"","meta":{"om_disable_all_campaigns":false,"_monsterinsights_skip_tracking":false,"_monsterinsights_sitenote_active":false,"_monsterinsights_sitenote_note":"","_monsterinsights_sitenote_category":0},"product_brand":[],"product_cat":[20],"product_tag":[],"berocket_brand":[21],"class_list":{"0":"post-781","1":"product","2":"type-product","3":"status-publish","4":"has-post-thumbnail","6":"product_cat-lavie","7":"berocket_brand-lavie","8":"wcpa_has_options","10":"first","11":"instock","12":"shipping-taxable","13":"purchasable","14":"product-type-variable","15":"has-default-attributes"},"aioseo_notices":[],"tiered_pricing_fixed_rules":{"20":"9.42","30":"8.77","40":"8.12","50":"7.47","100":"6.05"},"tiered_pricing_percentage_rules":{"20":"9.42","30":"8.77","40":"8.12","50":"7.47","100":"6.05"},"tiered_pricing_type":"fixed","tiered_pricing_minimum":10,"_links":{"self":[{"href":"https:\/\/www.puffsvape.com\/sv\/wp-json\/wp\/v2\/product\/781","targetHints":{"allow":["GET"]}}],"collection":[{"href":"https:\/\/www.puffsvape.com\/sv\/wp-json\/wp\/v2\/product"}],"about":[{"href":"https:\/\/www.puffsvape.com\/sv\/wp-json\/wp\/v2\/types\/product"}],"replies":[{"embeddable":true,"href":"https:\/\/www.puffsvape.com\/sv\/wp-json\/wp\/v2\/comments?post=781"}],"wp:featuredmedia":[{"embeddable":true,"href":"https:\/\/www.puffsvape.com\/sv\/wp-json\/wp\/v2\/media\/831"}],"wp:attachment":[{"href":"https:\/\/www.puffsvape.com\/sv\/wp-json\/wp\/v2\/media?parent=781"}],"wp:term":[{"taxonomy":"product_brand","embeddable":true,"href":"https:\/\/www.puffsvape.com\/sv\/wp-json\/wp\/v2\/product_brand?post=781"},{"taxonomy":"product_cat","embeddable":true,"href":"https:\/\/www.puffsvape.com\/sv\/wp-json\/wp\/v2\/product_cat?post=781"},{"taxonomy":"product_tag","embeddable":true,"href":"https:\/\/www.puffsvape.com\/sv\/wp-json\/wp\/v2\/product_tag?post=781"},{"taxonomy":"berocket_brand","embeddable":true,"href":"https:\/\/www.puffsvape.com\/sv\/wp-json\/wp\/v2\/berocket_brand?post=781"}],"curies":[{"name":"wp","href":"https:\/\/api.w.org\/{rel}","templated":true}]}}