{"id":686,"date":"2024-03-29T03:53:45","date_gmt":"2024-03-29T03:53:45","guid":{"rendered":"https:\/\/www.puffsvape.com\/?post_type=product&#038;p=686"},"modified":"2026-03-22T20:07:49","modified_gmt":"2026-03-22T12:07:49","slug":"randm-tornado-15000-disposable-vape","status":"publish","type":"product","link":"https:\/\/www.puffsvape.com\/sv\/produkt\/randm-tornado-15000-engangsvapen\/","title":{"rendered":"Randm Tornado 15000 Eng\u00e5ngsvape"},"content":{"rendered":"<p>RandM Tornado 15000 \u00e4r en uppladdningsbar eng\u00e5ngs vape-enhet som levereras med batteri- och ejuice-niv\u00e5display. Den inneh\u00e5ller 25ml 0\/2\/3\/5% nikotinsalt e-juice och vape upp till 15000 puffar. Det finns 41 smaker f\u00f6r dig att v\u00e4lja. Den uppladdningsbara porten l\u00e4ngst ner p\u00e5 enheten garanterar att du avslutar den sista droppen av e-juice i tanken hela tiden.<\/p>\n<h2 class=\"p\"><span style=\"font-size: 18pt;\">RandM Tornado 15000 Eng\u00e5ngsapparat Funktioner:<\/span><\/h2>\n<p class=\"p\">0\/2\/3\/5% Nikotinsalt.<br \/>\n25 ml e-juice.<br \/>\nN\u00e4tspole<br \/>\nLaddningsbart batteri<br \/>\nIntegrerat 850mAh-batteri.<br \/>\n41 tillg\u00e4ngliga smaker.<br \/>\n10 st i en displayl\u00e5da.<br \/>\n160 st i en kartong.<\/p>\n<h2 class=\"p\"><span style=\"font-size: 18pt;\">Tillg\u00e4ngliga smaker:<\/span><\/h2>\n<p class=\"p\">1 Blue Razz Lemonad<br \/>\n2 persika is<br \/>\n3 Surt \u00e4pple<br \/>\n4 Vattenmelon-is<br \/>\n5 Bl\u00e5b\u00e4r p\u00e5 is<br \/>\n6 Bl\u00e5b\u00e4r Hallon<br \/>\n7 Ananas-is<br \/>\n8 K\u00f6rsb\u00e4r<br \/>\n9 Jordgubbsglass<br \/>\n10 Vimto<br \/>\n11 Grape Ice<br \/>\n12 Cola is<br \/>\n13 Jordgubbar Vattenmelon<br \/>\n14 Rosa lemonad<br \/>\n15 Blandade b\u00e4r<br \/>\n16 Persika Mango<br \/>\n17. drakfrukt<br \/>\n18.jordgubbar vindruvor<br \/>\n19.Mr bl\u00e5<br \/>\n20.Lush Ice<br \/>\n21.isglass<br \/>\n22. jordgubbe kiwi<br \/>\n23. kiwi passionsfrukt guava<br \/>\n24,Trippel b\u00e4r<br \/>\n25.Bananis<br \/>\n26.Persika bl\u00e5b\u00e4rsgodis<br \/>\n27.\u00e4pple persika p\u00e4ron<br \/>\n28.Berry Lemonade<br \/>\n29.Blue Razz Cherry<br \/>\n30.bl\u00e5b\u00e4r Bubblegum<br \/>\n31.Bl\u00e5b\u00e4r K\u00f6rsb\u00e4r Tranb\u00e4r<br \/>\n32.Bl\u00e5b\u00e4r Granat\u00e4pple<br \/>\n33.Bluesour Hallon<br \/>\n34.Cherry Cola<br \/>\n35.Gummibj\u00f6rn<br \/>\n36.Citron &amp; Lime<br \/>\n37.Mango P\u00e5 is<br \/>\n38.Red Energy Ice<br \/>\n39. jordgubbe banan<br \/>\n40.Jordgubbar Red Bull<br \/>\n41.Jordgubbar Vattenmelon Lemonad<\/p>\n<figure id=\"attachment_693\" aria-describedby=\"caption-attachment-693\" style=\"width: 640px\" class=\"wp-caption alignnone\"><img fetchpriority=\"high\" decoding=\"async\" class=\"size-full wp-image-693\" title=\"Randm Tornado 15000 Eng\u00e5ngsvape\" src=\"https:\/\/www.puffsvape.com\/wp-content\/uploads\/2024\/03\/Randm-Tornado-15000-Disposable-Vape.webp\" alt=\"Randm Tornado 15000 Eng\u00e5ngsvape\" width=\"640\" height=\"585\" srcset=\"https:\/\/www.puffsvape.com\/wp-content\/uploads\/2024\/03\/Randm-Tornado-15000-Disposable-Vape.webp 640w, https:\/\/www.puffsvape.com\/wp-content\/uploads\/2024\/03\/Randm-Tornado-15000-Disposable-Vape-510x466.webp 510w, https:\/\/www.puffsvape.com\/wp-content\/uploads\/2024\/03\/Randm-Tornado-15000-Disposable-Vape-300x274.webp 300w, https:\/\/www.puffsvape.com\/wp-content\/uploads\/2024\/03\/Randm-Tornado-15000-Disposable-Vape-575x526.webp 575w, https:\/\/www.puffsvape.com\/wp-content\/uploads\/2024\/03\/Randm-Tornado-15000-Disposable-Vape-380x347.webp 380w\" sizes=\"(max-width: 640px) 100vw, 640px\" \/><figcaption id=\"caption-attachment-693\" class=\"wp-caption-text\">Randm Tornado 15000 Eng\u00e5ngsvape<\/figcaption><\/figure>","protected":false},"excerpt":{"rendered":"<p>RandM Tornado 15000 \u00e4r en uppladdningsbar eng\u00e5ngs vape-enhet som levereras med batteri- och ejuice-niv\u00e5display. Den inneh\u00e5ller 25ml 0\/2\/3\/5% nikotinsalt e-juice och vape upp till 15000 puffar. Det finns 41 smaker f\u00f6r dig att v\u00e4lja. Den uppladdningsbara porten l\u00e4ngst ner p\u00e5 enheten garanterar att du avslutar den sista droppen av e [...]","protected":false},"featured_media":690,"comment_status":"open","ping_status":"closed","template":"","meta":{"om_disable_all_campaigns":false,"_monsterinsights_skip_tracking":false,"_monsterinsights_sitenote_active":false,"_monsterinsights_sitenote_note":"","_monsterinsights_sitenote_category":0},"product_brand":[],"product_cat":[25],"product_tag":[],"berocket_brand":[26],"class_list":{"0":"post-686","1":"product","2":"type-product","3":"status-publish","4":"has-post-thumbnail","6":"product_cat-randm-fumot","7":"berocket_brand-randm-fumot","8":"wcpa_has_options","10":"first","11":"instock","12":"shipping-taxable","13":"purchasable","14":"product-type-variable","15":"has-default-attributes"},"aioseo_notices":[],"tiered_pricing_fixed_rules":{"20":"11.40","30":"10.75","40":"10.10","50":"9.45","100":"8.03"},"tiered_pricing_percentage_rules":{"20":"11.40","30":"10.75","40":"10.10","50":"9.45","100":"8.03"},"tiered_pricing_type":"fixed","tiered_pricing_minimum":10,"_links":{"self":[{"href":"https:\/\/www.puffsvape.com\/sv\/wp-json\/wp\/v2\/product\/686","targetHints":{"allow":["GET"]}}],"collection":[{"href":"https:\/\/www.puffsvape.com\/sv\/wp-json\/wp\/v2\/product"}],"about":[{"href":"https:\/\/www.puffsvape.com\/sv\/wp-json\/wp\/v2\/types\/product"}],"replies":[{"embeddable":true,"href":"https:\/\/www.puffsvape.com\/sv\/wp-json\/wp\/v2\/comments?post=686"}],"wp:featuredmedia":[{"embeddable":true,"href":"https:\/\/www.puffsvape.com\/sv\/wp-json\/wp\/v2\/media\/690"}],"wp:attachment":[{"href":"https:\/\/www.puffsvape.com\/sv\/wp-json\/wp\/v2\/media?parent=686"}],"wp:term":[{"taxonomy":"product_brand","embeddable":true,"href":"https:\/\/www.puffsvape.com\/sv\/wp-json\/wp\/v2\/product_brand?post=686"},{"taxonomy":"product_cat","embeddable":true,"href":"https:\/\/www.puffsvape.com\/sv\/wp-json\/wp\/v2\/product_cat?post=686"},{"taxonomy":"product_tag","embeddable":true,"href":"https:\/\/www.puffsvape.com\/sv\/wp-json\/wp\/v2\/product_tag?post=686"},{"taxonomy":"berocket_brand","embeddable":true,"href":"https:\/\/www.puffsvape.com\/sv\/wp-json\/wp\/v2\/berocket_brand?post=686"}],"curies":[{"name":"wp","href":"https:\/\/api.w.org\/{rel}","templated":true}]}}