{"id":528,"date":"2024-03-28T10:43:58","date_gmt":"2024-03-28T10:43:58","guid":{"rendered":"https:\/\/www.puffsvape.com\/?post_type=product&#038;p=528"},"modified":"2026-04-14T20:06:00","modified_gmt":"2026-04-14T12:06:00","slug":"randm-tornado-9000-disposable-vape","status":"publish","type":"product","link":"https:\/\/www.puffsvape.com\/sv\/produkt\/randm-tornado-9000-engangsvapen\/","title":{"rendered":"Randm Tornado 9000 Eng\u00e5ngsvape"},"content":{"rendered":"<p>RandM Tornado 9000 Pro \u00e4r en uppdaterad version av Tornado 9000 med display f\u00f6r batteri- och ejuice-niv\u00e5. Den inneh\u00e5ller 18ml 0\/2\/3\/5% nikotinsalt e-juice och ger upp till 9000 puffar. Det finns 52 smaker f\u00f6r dig att v\u00e4lja. Den uppladdningsbara porten l\u00e4ngst ner p\u00e5 enheten garanterar att du avslutar den sista droppen av e-juice i tanken hela tiden.<\/p>\n<h2 class=\"p\"><span style=\"font-size: 18pt;\"><b>FUMOT RandM Tornado 9000 Pro Eng\u00e5ngsapparat Funktioner:<\/b><\/span><\/h2>\n<p class=\"p\">0\/2\/3\/5% Nikotinsalt.<br \/>\n18 ml e-v\u00e4tska.<br \/>\nN\u00e4tspole<br \/>\nLaddningsbart batteri<br \/>\nIntegrerat 850mAh-batteri.<br \/>\n52 olika smaker tillg\u00e4ngliga.<br \/>\n10 st i en displayl\u00e5da.<br \/>\n200 st i en kartong.<\/p>\n<h2 class=\"p\"><span style=\"font-size: 18pt;\"><b>Tillg\u00e4ngliga smaker:<\/b><\/span><\/h2>\n<p class=\"p\"><b><br \/>\n<\/b>1 Jordgubbe Vattenmelon<br \/>\n2 Vattenmelon is<br \/>\n3 Jordgubb Vattenmelon Bubblegum<br \/>\n4 Hallon vattenmelon<br \/>\n5 Blandade b\u00e4r<br \/>\n6 Gummibj\u00f6rn<br \/>\n7 Persika Ananas Mango<br \/>\n8 Skittles<br \/>\n9 Jordgubbsglass<br \/>\n10 K\u00f6rsb\u00e4r<br \/>\n11 Bl\u00e5b\u00e4r K\u00f6rsb\u00e4r Tranb\u00e4r<br \/>\n12 Vattenmelon Bubblegum<br \/>\n13 Bl\u00e5b\u00e4r Hallon<br \/>\n14 Jordgubbar Hallon K\u00f6rsb\u00e4r Is<br \/>\n15 Kiwi Passionsfrukt Guava<br \/>\n16 Herr Bl\u00e5<br \/>\n17 Fizzy Cherry<br \/>\n18 Bl\u00e5b\u00e4rsis<br \/>\n19 Prime Jordgubb Vattenmelon<br \/>\n20 Ananas<br \/>\n21.Pink Lemonade<br \/>\n22.Lush Ice<br \/>\n23.Blue Razz Ice<br \/>\n24.Jordgubbslimonad<br \/>\n25.Vattenmelon Brazz Ice<br \/>\n26.persika b\u00e4r<br \/>\n27.Lemon&amp;Lime<br \/>\n28. Vimto<br \/>\n29. druva<br \/>\n30.Ice Pop<br \/>\n31.bl\u00e5b\u00e4r sur hallon<br \/>\n32.Straw Mango<br \/>\n33.Strawberry Pomp (granat\u00e4pple)<br \/>\n34. K\u00f6rsb\u00e4rsb\u00e4r<br \/>\n35.Cherry Cola<br \/>\n36. Jordgubbar och bananer<br \/>\n37.Black Dragon Ice<br \/>\n38.Aloe Druva<br \/>\n39.Cool Mint<br \/>\n40.Persika Lemonad<br \/>\n41.Guava Ice<br \/>\n42.Banan Custard<br \/>\n43. Jordgubbskr\u00e4m<br \/>\n44. Surt godis<br \/>\n45. Svart is<br \/>\n46. Bluelicious Ice<br \/>\n47.Blue Razz Kush<br \/>\n48.K\u00f6rsb\u00e4r Persika Lemonad<br \/>\n49,Trippel Mango<br \/>\n50.jordgubb hallon is<br \/>\n51.Vattenmelonkegel<br \/>\n52.Sommar Persika Is<\/p>\n<figure id=\"attachment_590\" aria-describedby=\"caption-attachment-590\" style=\"width: 642px\" class=\"wp-caption alignnone\"><img fetchpriority=\"high\" decoding=\"async\" class=\"size-full wp-image-590\" title=\"Randm Tornado 9000 Eng\u00e5ngsvape (12)\" src=\"https:\/\/www.puffsvape.com\/wp-content\/uploads\/2024\/03\/Randm-Tornado-9000-Disposable-Vape-12.webp\" alt=\"Randm Tornado 9000 Eng\u00e5ngsvape (12)\" width=\"642\" height=\"928\" srcset=\"https:\/\/www.puffsvape.com\/wp-content\/uploads\/2024\/03\/Randm-Tornado-9000-Disposable-Vape-12.webp 642w, https:\/\/www.puffsvape.com\/wp-content\/uploads\/2024\/03\/Randm-Tornado-9000-Disposable-Vape-12-510x737.webp 510w, https:\/\/www.puffsvape.com\/wp-content\/uploads\/2024\/03\/Randm-Tornado-9000-Disposable-Vape-12-208x300.webp 208w, https:\/\/www.puffsvape.com\/wp-content\/uploads\/2024\/03\/Randm-Tornado-9000-Disposable-Vape-12-575x831.webp 575w, https:\/\/www.puffsvape.com\/wp-content\/uploads\/2024\/03\/Randm-Tornado-9000-Disposable-Vape-12-380x549.webp 380w\" sizes=\"(max-width: 642px) 100vw, 642px\" \/><figcaption id=\"caption-attachment-590\" class=\"wp-caption-text\">Randm Tornado 9000 Eng\u00e5ngsvape<\/figcaption><\/figure>","protected":false},"excerpt":{"rendered":"<p>RandM Tornado 9000 Pro \u00e4r en uppdaterad version av Tornado 9000 med batteri och ejuice niv\u00e5 display. Den inneh\u00e5ller 18ml 0\/2\/3\/5% nikotinsalt e-juice och ger upp till 9000 puffar. Det finns 52 smaker f\u00f6r dig att v\u00e4lja. Den uppladdningsbara porten l\u00e4ngst ner p\u00e5 enheten garanterar att du avslutar den sista droppen av [...]","protected":false},"featured_media":587,"comment_status":"open","ping_status":"closed","template":"","meta":{"om_disable_all_campaigns":false,"_monsterinsights_skip_tracking":false,"_monsterinsights_sitenote_active":false,"_monsterinsights_sitenote_note":"","_monsterinsights_sitenote_category":0},"product_brand":[],"product_cat":[25],"product_tag":[],"berocket_brand":[26],"class_list":{"0":"post-528","1":"product","2":"type-product","3":"status-publish","4":"has-post-thumbnail","6":"product_cat-randm-fumot","7":"berocket_brand-randm-fumot","8":"wcpa_has_options","10":"first","11":"instock","12":"featured","13":"shipping-taxable","14":"purchasable","15":"product-type-variable","16":"has-default-attributes"},"aioseo_notices":[],"tiered_pricing_fixed_rules":{"20":"11.11","30":"10.46","40":"9.81","50":"9.16","100":"7.74"},"tiered_pricing_percentage_rules":{"20":"11.11","30":"10.46","40":"9.81","50":"9.16","100":"7.74"},"tiered_pricing_type":"fixed","tiered_pricing_minimum":10,"_links":{"self":[{"href":"https:\/\/www.puffsvape.com\/sv\/wp-json\/wp\/v2\/product\/528","targetHints":{"allow":["GET"]}}],"collection":[{"href":"https:\/\/www.puffsvape.com\/sv\/wp-json\/wp\/v2\/product"}],"about":[{"href":"https:\/\/www.puffsvape.com\/sv\/wp-json\/wp\/v2\/types\/product"}],"replies":[{"embeddable":true,"href":"https:\/\/www.puffsvape.com\/sv\/wp-json\/wp\/v2\/comments?post=528"}],"wp:featuredmedia":[{"embeddable":true,"href":"https:\/\/www.puffsvape.com\/sv\/wp-json\/wp\/v2\/media\/587"}],"wp:attachment":[{"href":"https:\/\/www.puffsvape.com\/sv\/wp-json\/wp\/v2\/media?parent=528"}],"wp:term":[{"taxonomy":"product_brand","embeddable":true,"href":"https:\/\/www.puffsvape.com\/sv\/wp-json\/wp\/v2\/product_brand?post=528"},{"taxonomy":"product_cat","embeddable":true,"href":"https:\/\/www.puffsvape.com\/sv\/wp-json\/wp\/v2\/product_cat?post=528"},{"taxonomy":"product_tag","embeddable":true,"href":"https:\/\/www.puffsvape.com\/sv\/wp-json\/wp\/v2\/product_tag?post=528"},{"taxonomy":"berocket_brand","embeddable":true,"href":"https:\/\/www.puffsvape.com\/sv\/wp-json\/wp\/v2\/berocket_brand?post=528"}],"curies":[{"name":"wp","href":"https:\/\/api.w.org\/{rel}","templated":true}]}}