{"id":35,"date":"2024-03-23T16:23:55","date_gmt":"2024-03-23T16:23:55","guid":{"rendered":"https:\/\/www.puffsvape.com\/?post_type=product&#038;p=35"},"modified":"2026-05-09T17:22:24","modified_gmt":"2026-05-09T09:22:24","slug":"lavie-insider-12000-puffs-disposable-vape","status":"publish","type":"product","link":"https:\/\/www.puffsvape.com\/sv\/produkt\/lavie-insider-12000-puffar-engangsvape\/","title":{"rendered":"Lavie Insider 12000 puffar eng\u00e5ngsvape"},"content":{"rendered":"<p>Lavie Insider 12000 \u00e4r en snyggt designad vape med ett snyggt utseende, tv\u00e5f\u00e4rgad \u00f6vre och nedre sektion, byggd med 650mah uppladdningsbart batteri, levereras med 18 ml elv\u00e4tska som st\u00f6der upp till 12000 puffar.<\/p>\n<h2><span style=\"font-size: 18pt;\">Lavie Insider 12000 Eng\u00e5ngs Vape Specifikationer:<\/span><\/h2>\n<ul>\n<li>Varum\u00e4rke: Lavie<\/li>\n<li>Puffar: 12000 puffar<\/li>\n<li>Nikotin: 2%\/5%<\/li>\n<li>Kapacitet f\u00f6r e-juice: 18ML<\/li>\n<li>Batteri: 650 mAh<\/li>\n<li>Laddningsport: Typ-C<\/li>\n<\/ul>\n<h2><span style=\"font-size: 18pt;\">Smak\u00e4mnen<\/span><\/h2>\n<ol>\n<li>Jordgubbar Vattenmelon<\/li>\n<li>Vattenmelon-is<\/li>\n<li>Mango is<\/li>\n<li>Rosa svart te<\/li>\n<li>Bl\u00e5b\u00e4rsis<\/li>\n<li>Mojito<\/li>\n<li>Gr\u00f6n druv-is<\/li>\n<li>Kaffe<\/li>\n<li>Citron Cola Is<\/li>\n<li>Orange is<\/li>\n<li>Mint-is<\/li>\n<li>Gr\u00f6nt \u00e4pple is<\/li>\n<\/ol>\n<h2><span style=\"font-size: 18pt;\">F\u00f6rpackning och vikt<\/span><\/h2>\n<ul>\n<li>0,095KG\/PCS, 10 PCS\/ Mediumf\u00f6rpackning<\/li>\n<li>200 st\/masterkartong, 19 kg.<\/li>\n<\/ul>\n<figure id=\"attachment_38\" aria-describedby=\"caption-attachment-38\" style=\"width: 800px\" class=\"wp-caption alignnone\"><img fetchpriority=\"high\" decoding=\"async\" class=\"size-full wp-image-38\" title=\"LAVIE INSIDER 12000 puffar eng\u00e5ngsvape grossist alla smaker\" src=\"https:\/\/www.puffsvape.com\/wp-content\/uploads\/2024\/03\/LAVIE-INSIDER-12000-Puffs-Disposable-Vape-Wholesale-All-Flavors.jpg\" alt=\"LAVIE INSIDER 12000 puffar eng\u00e5ngsvape grossist alla smaker\" width=\"800\" height=\"1131\" srcset=\"https:\/\/www.puffsvape.com\/wp-content\/uploads\/2024\/03\/LAVIE-INSIDER-12000-Puffs-Disposable-Vape-Wholesale-All-Flavors.jpg 800w, https:\/\/www.puffsvape.com\/wp-content\/uploads\/2024\/03\/LAVIE-INSIDER-12000-Puffs-Disposable-Vape-Wholesale-All-Flavors-510x721.jpg 510w, https:\/\/www.puffsvape.com\/wp-content\/uploads\/2024\/03\/LAVIE-INSIDER-12000-Puffs-Disposable-Vape-Wholesale-All-Flavors-212x300.jpg 212w, https:\/\/www.puffsvape.com\/wp-content\/uploads\/2024\/03\/LAVIE-INSIDER-12000-Puffs-Disposable-Vape-Wholesale-All-Flavors-724x1024.jpg 724w, https:\/\/www.puffsvape.com\/wp-content\/uploads\/2024\/03\/LAVIE-INSIDER-12000-Puffs-Disposable-Vape-Wholesale-All-Flavors-768x1086.jpg 768w, https:\/\/www.puffsvape.com\/wp-content\/uploads\/2024\/03\/LAVIE-INSIDER-12000-Puffs-Disposable-Vape-Wholesale-All-Flavors-575x813.jpg 575w, https:\/\/www.puffsvape.com\/wp-content\/uploads\/2024\/03\/LAVIE-INSIDER-12000-Puffs-Disposable-Vape-Wholesale-All-Flavors-380x537.jpg 380w\" sizes=\"(max-width: 800px) 100vw, 800px\" \/><figcaption id=\"caption-attachment-38\" class=\"wp-caption-text\">LAVIE INSIDER 12000 puffar eng\u00e5ngsvape grossist alla smaker<\/figcaption><\/figure>","protected":false},"excerpt":{"rendered":"<p>Lavie Insider 12000 \u00e4r en snyggt designad vape med ett snyggt utseende, tv\u00e5f\u00e4rgad \u00f6vre och nedre sektion, byggd med 650mah uppladdningsbart batteri, levereras med 18 ml elv\u00e4tska som st\u00f6der upp till 12000 puffar. Lavie Insider 12000 Eng\u00e5ngs Vape Specifikationer: Varum\u00e4rke: Lavie Puffs: 12000 Puffs Nikotin: 2%\/5% E-juice Kapacitet: 18ML Batteri: 650mAh Laddningsport: Typ-C Smaker [...]","protected":false},"featured_media":49,"comment_status":"open","ping_status":"closed","template":"","meta":{"om_disable_all_campaigns":false,"_monsterinsights_skip_tracking":false,"_monsterinsights_sitenote_active":false,"_monsterinsights_sitenote_note":"","_monsterinsights_sitenote_category":0},"product_brand":[],"product_cat":[20],"product_tag":[],"berocket_brand":[21],"class_list":{"0":"post-35","1":"product","2":"type-product","3":"status-publish","4":"has-post-thumbnail","6":"product_cat-lavie","7":"berocket_brand-lavie","8":"wcpa_has_options","10":"first","11":"instock","12":"featured","13":"shipping-taxable","14":"purchasable","15":"product-type-variable","16":"has-default-attributes"},"aioseo_notices":[],"tiered_pricing_fixed_rules":{"20":"9.85","30":"9.20","40":"8.55","50":"7.90","100":"6.48"},"tiered_pricing_percentage_rules":{"20":"9.85","30":"9.20","40":"8.55","50":"7.90","100":"6.48"},"tiered_pricing_type":"fixed","tiered_pricing_minimum":10,"_links":{"self":[{"href":"https:\/\/www.puffsvape.com\/sv\/wp-json\/wp\/v2\/product\/35","targetHints":{"allow":["GET"]}}],"collection":[{"href":"https:\/\/www.puffsvape.com\/sv\/wp-json\/wp\/v2\/product"}],"about":[{"href":"https:\/\/www.puffsvape.com\/sv\/wp-json\/wp\/v2\/types\/product"}],"replies":[{"embeddable":true,"href":"https:\/\/www.puffsvape.com\/sv\/wp-json\/wp\/v2\/comments?post=35"}],"wp:featuredmedia":[{"embeddable":true,"href":"https:\/\/www.puffsvape.com\/sv\/wp-json\/wp\/v2\/media\/49"}],"wp:attachment":[{"href":"https:\/\/www.puffsvape.com\/sv\/wp-json\/wp\/v2\/media?parent=35"}],"wp:term":[{"taxonomy":"product_brand","embeddable":true,"href":"https:\/\/www.puffsvape.com\/sv\/wp-json\/wp\/v2\/product_brand?post=35"},{"taxonomy":"product_cat","embeddable":true,"href":"https:\/\/www.puffsvape.com\/sv\/wp-json\/wp\/v2\/product_cat?post=35"},{"taxonomy":"product_tag","embeddable":true,"href":"https:\/\/www.puffsvape.com\/sv\/wp-json\/wp\/v2\/product_tag?post=35"},{"taxonomy":"berocket_brand","embeddable":true,"href":"https:\/\/www.puffsvape.com\/sv\/wp-json\/wp\/v2\/berocket_brand?post=35"}],"curies":[{"name":"wp","href":"https:\/\/api.w.org\/{rel}","templated":true}]}}