{"id":2519,"date":"2024-12-29T07:02:40","date_gmt":"2024-12-29T07:02:40","guid":{"rendered":"https:\/\/www.puffsvape.com\/?post_type=product&#038;p=2519"},"modified":"2026-05-12T09:32:30","modified_gmt":"2026-05-12T01:32:30","slug":"bang-kingdoms-rex-32000-puffs-disposable-vape","status":"publish","type":"product","link":"https:\/\/www.puffsvape.com\/sv\/produkt\/bang-kingdoms-rex-32000-puffar-engangsvape\/","title":{"rendered":"Bang Kingdoms Rex 32000 Puffs Eng\u00e5ngs Vape"},"content":{"rendered":"<p>Bang Kingdoms Rex 32000 \u00e4r en avancerad, l\u00e5ngvarig vape-enhet designad f\u00f6r anv\u00e4ndare som s\u00f6ker ut\u00f6kad anv\u00e4ndning och en rik smakupplevelse. Med sitt utm\u00e4rkta f\u00f6rh\u00e5llande mellan kostnad och prestanda \u00e4r den h\u00e4r produkten mycket konkurrenskraftig j\u00e4mf\u00f6rt med andra plattformar med dubbla smaker. Oavsett om det \u00e4r f\u00f6r personligt bruk eller grossist, har det snabbt blivit en popul\u00e4r hot-seller p\u00e5 marknaden.<\/p>\n<h2><strong>Bang Kingdoms Rex 32000 Vape Viktiga funktioner:<\/strong><\/h2>\n<ul>\n<li><strong>Dubbla kapslar, dubbla smaker<\/strong><\/li>\n<\/ul>\n<p>den \u00e4r utformad med 2 Pods och 2 smaker, du kan enkelt justera den genom att flytta droppspetsen.<\/p>\n<ul>\n<li><strong>Ultral\u00e5ng livsl\u00e4ngd<\/strong><\/li>\n<\/ul>\n<p>Varje enhet ger upp till\u00a0<strong>32.000 puffar<\/strong>vilket g\u00f6r att anv\u00e4ndarna kan njuta av l\u00e5ngvarig anv\u00e4ndning utan att beh\u00f6va byta ut enheten eller fylla p\u00e5 v\u00e4tskan ofta. Detta g\u00f6r den perfekt f\u00f6r dagliga anv\u00e4ndare och storr\u00f6kare som vill ha en problemfri upplevelse.<\/p>\n<ul>\n<li><strong>Flera alternativ f\u00f6r nikotinstyrka<\/strong><\/li>\n<\/ul>\n<p>Denna produkt erbjuder fyra nikotinstyrkor: <strong>0%, 2%, 3% och 5%<\/strong>. Anv\u00e4ndarna kan v\u00e4lja l\u00e4mplig nikotinniv\u00e5 utifr\u00e5n personliga preferenser, vilket tillgodoser behoven hos dem som \u00f6nskar en l\u00e4gre nikotinhalt.<\/p>\n<ul>\n<li><strong>Rikt urval av smaker<\/strong><\/li>\n<\/ul>\n<p>Bang Kingdoms Rex 32000 Puffs levereras med <strong>12 dubbla smaker<\/strong>som t\u00e4cker en m\u00e4ngd olika frukt-, isiga och klassiska smakprofiler. Anv\u00e4ndarna kan njuta av tv\u00e5 olika smaker i varje bloss, vilket ger en unik och rik smakupplevelse.<\/p>\n<ul>\n<li><strong>Stor kapacitet f\u00f6r e-v\u00e4tska<\/strong><\/li>\n<\/ul>\n<p>Varje enhet levereras med <strong>26 ml + 26 ml<\/strong>, totalt\u00a0<strong>52 ml<\/strong>\u00a0av e-v\u00e4tska, vilket ger en l\u00e5ngvarig vapingupplevelse. Den stora kapaciteten \u00e4r s\u00e4rskilt l\u00e4mplig f\u00f6r l\u00e5ngtidsanv\u00e4ndare, eftersom den minskar antalet p\u00e5fyllningar.<\/p>\n<ul>\n<li><strong>Premium n\u00e4tspole<\/strong><\/li>\n<\/ul>\n<p>Utrustad med en <strong>1,0 ohm n\u00e4tspole<\/strong>N\u00e4tdesignen s\u00e4kerst\u00e4ller j\u00e4mn uppv\u00e4rmning och f\u00f6rb\u00e4ttrad f\u00f6r\u00e5ngning, vilket ger en mjukare, finare \u00e5nga och en mer autentisk halshit. Anv\u00e4ndarna kan njuta av en mer raffinerad och bekv\u00e4m vapingupplevelse.<\/p>\n<ul>\n<li><strong>Uppladdningsbar design<\/strong><\/li>\n<\/ul>\n<p>Enheten \u00e4r <strong>uppladdningsbar<\/strong>vilket g\u00f6r att anv\u00e4ndarna kan f\u00f6rl\u00e4nga dess livsl\u00e4ngd genom att ladda den ist\u00e4llet f\u00f6r att f\u00f6rlita sig p\u00e5 eng\u00e5ngsprodukter. Denna design sparar inte bara pengar utan g\u00f6r ocks\u00e5 produkten mer milj\u00f6v\u00e4nlig.<\/p>\n<h2 class=\"&quot;second-title&quot;\">Specifikation<\/h2>\n<ol>\n<li><strong>Puffar<\/strong>: 32.000 puffar<\/li>\n<li><strong>Alternativ f\u00f6r nikotin<\/strong>: 0%, 2%, 3%, 5%<\/li>\n<li><strong>Tillg\u00e4ngliga smaker<\/strong>: 12 smaker<\/li>\n<li><strong>Kapacitet<\/strong>: 26ml + 26ml (totalt 52ml e-juice)<\/li>\n<li><strong>F\u00f6rpackning<\/strong>: 200 stycken per kartong<\/li>\n<li><strong>Uppladdningsbar<\/strong>: Ja<\/li>\n<li><strong>Typ av spole<\/strong>: 1,0 ohm Mesh-spole<\/li>\n<\/ol>\n<h2>Smak\u00e4mnen<\/h2>\n<ol>\n<li>Bl\u00e5b\u00e4rsis &amp; Svart drakis<\/li>\n<li>Bl\u00e5b\u00e4rsis &amp; jordgubb och banan<\/li>\n<li>Bl\u00e5b\u00e4r Hallon &amp; Persika Mango Vattenmelon<\/li>\n<li>Bl\u00e5b\u00e4r Vattenmelon &amp; Jordgubb Mango<\/li>\n<li>Red Bull &amp; bl\u00e5b\u00e4rsvattenmelon<\/li>\n<li>Red Bull &amp; Vattenmelon Bubble Gandy<\/li>\n<li>Jordgubbs- och vattenmelon- och druvis<\/li>\n<li>Jordgubb Kiwi &amp; Persika Is<\/li>\n<li>Jordgubb Kiwi &amp; Surt \u00e4pple Hallon<\/li>\n<li>Jordgubb Vattenmelon &amp; Kiwi Passionsfrukt Guava<\/li>\n<li>Vattenmelon Ice &amp; Bl\u00e5b\u00e4r Mint<\/li>\n<li>Vattenmelonis &amp; Jordgubbar och Mongo<\/li>\n<\/ol>\n<figure id=\"attachment_2532\" aria-describedby=\"caption-attachment-2532\" style=\"width: 800px\" class=\"wp-caption alignnone\"><img fetchpriority=\"high\" decoding=\"async\" class=\"wp-image-2532 size-full\" title=\"Bang Kingdom Rex 32000 Puffs Eng\u00e5ngs Vape Partihandel Bl\u00e5b\u00e4r Rasperry Persika Mango Vattenmelon\" src=\"https:\/\/www.puffsvape.com\/wp-content\/uploads\/2024\/12\/Bang-Kingdom-Rex-32000-Puffs-Disposable-Vape-Wholesale-Blueberry-Rasperry-Peach-Mango-Watermelon.jpg\" alt=\"Bang Kingdom Rex 32000 Puffs Eng\u00e5ngs Vape Partihandel Bl\u00e5b\u00e4r Rasperry Persika Mango Vattenmelon\" width=\"800\" height=\"800\" srcset=\"https:\/\/www.puffsvape.com\/wp-content\/uploads\/2024\/12\/Bang-Kingdom-Rex-32000-Puffs-Disposable-Vape-Wholesale-Blueberry-Rasperry-Peach-Mango-Watermelon.jpg 800w, https:\/\/www.puffsvape.com\/wp-content\/uploads\/2024\/12\/Bang-Kingdom-Rex-32000-Puffs-Disposable-Vape-Wholesale-Blueberry-Rasperry-Peach-Mango-Watermelon-247x247.jpg 247w, https:\/\/www.puffsvape.com\/wp-content\/uploads\/2024\/12\/Bang-Kingdom-Rex-32000-Puffs-Disposable-Vape-Wholesale-Blueberry-Rasperry-Peach-Mango-Watermelon-100x100.jpg 100w, https:\/\/www.puffsvape.com\/wp-content\/uploads\/2024\/12\/Bang-Kingdom-Rex-32000-Puffs-Disposable-Vape-Wholesale-Blueberry-Rasperry-Peach-Mango-Watermelon-510x510.jpg 510w, https:\/\/www.puffsvape.com\/wp-content\/uploads\/2024\/12\/Bang-Kingdom-Rex-32000-Puffs-Disposable-Vape-Wholesale-Blueberry-Rasperry-Peach-Mango-Watermelon-300x300.jpg 300w, https:\/\/www.puffsvape.com\/wp-content\/uploads\/2024\/12\/Bang-Kingdom-Rex-32000-Puffs-Disposable-Vape-Wholesale-Blueberry-Rasperry-Peach-Mango-Watermelon-150x150.jpg 150w, https:\/\/www.puffsvape.com\/wp-content\/uploads\/2024\/12\/Bang-Kingdom-Rex-32000-Puffs-Disposable-Vape-Wholesale-Blueberry-Rasperry-Peach-Mango-Watermelon-768x768.jpg 768w, https:\/\/www.puffsvape.com\/wp-content\/uploads\/2024\/12\/Bang-Kingdom-Rex-32000-Puffs-Disposable-Vape-Wholesale-Blueberry-Rasperry-Peach-Mango-Watermelon-12x12.jpg 12w, https:\/\/www.puffsvape.com\/wp-content\/uploads\/2024\/12\/Bang-Kingdom-Rex-32000-Puffs-Disposable-Vape-Wholesale-Blueberry-Rasperry-Peach-Mango-Watermelon-575x575.jpg 575w, https:\/\/www.puffsvape.com\/wp-content\/uploads\/2024\/12\/Bang-Kingdom-Rex-32000-Puffs-Disposable-Vape-Wholesale-Blueberry-Rasperry-Peach-Mango-Watermelon-380x380.jpg 380w, https:\/\/www.puffsvape.com\/wp-content\/uploads\/2024\/12\/Bang-Kingdom-Rex-32000-Puffs-Disposable-Vape-Wholesale-Blueberry-Rasperry-Peach-Mango-Watermelon-50x50.jpg 50w, https:\/\/www.puffsvape.com\/wp-content\/uploads\/2024\/12\/Bang-Kingdom-Rex-32000-Puffs-Disposable-Vape-Wholesale-Blueberry-Rasperry-Peach-Mango-Watermelon-26x26.jpg 26w\" sizes=\"(max-width: 800px) 100vw, 800px\" \/><figcaption id=\"caption-attachment-2532\" class=\"wp-caption-text\">Bang Kingdom Rex 32000 Puffs Eng\u00e5ngs Vape<\/figcaption><\/figure>","protected":false},"excerpt":{"rendered":"<p>Bang Kingdoms Rex 32000 \u00e4r en avancerad, l\u00e5ngvarig vape-enhet designad f\u00f6r anv\u00e4ndare som s\u00f6ker ut\u00f6kad anv\u00e4ndning och en rik smakupplevelse. Med sitt utm\u00e4rkta f\u00f6rh\u00e5llande mellan kostnad och prestanda \u00e4r den h\u00e4r produkten mycket konkurrenskraftig j\u00e4mf\u00f6rt med andra plattformar med dubbla smaker. Oavsett om det \u00e4r f\u00f6r personligt bruk eller grossist, har det snabbt blivit en popul\u00e4r hetf\u00f6rs\u00e4ljare p\u00e5 marknaden. Bang [...]","protected":false},"featured_media":2534,"comment_status":"open","ping_status":"closed","template":"","meta":{"om_disable_all_campaigns":false,"_monsterinsights_skip_tracking":false,"_monsterinsights_sitenote_active":false,"_monsterinsights_sitenote_note":"","_monsterinsights_sitenote_category":0},"product_brand":[],"product_cat":[15],"product_tag":[],"berocket_brand":[22],"class_list":{"0":"post-2519","1":"product","2":"type-product","3":"status-publish","4":"has-post-thumbnail","6":"product_cat-bang","7":"berocket_brand-bang","8":"wcpa_has_options","10":"first","11":"instock","12":"shipping-taxable","13":"purchasable","14":"product-type-variable","15":"has-default-attributes"},"aioseo_notices":[],"tiered_pricing_fixed_rules":{"20":"9.90","30":"9.25","40":"8.60","50":"7.95","100":"6.52"},"tiered_pricing_percentage_rules":{"20":"9.90","30":"9.25","40":"8.60","50":"7.95","100":"6.52"},"tiered_pricing_type":"fixed","tiered_pricing_minimum":10,"_links":{"self":[{"href":"https:\/\/www.puffsvape.com\/sv\/wp-json\/wp\/v2\/product\/2519","targetHints":{"allow":["GET"]}}],"collection":[{"href":"https:\/\/www.puffsvape.com\/sv\/wp-json\/wp\/v2\/product"}],"about":[{"href":"https:\/\/www.puffsvape.com\/sv\/wp-json\/wp\/v2\/types\/product"}],"replies":[{"embeddable":true,"href":"https:\/\/www.puffsvape.com\/sv\/wp-json\/wp\/v2\/comments?post=2519"}],"wp:featuredmedia":[{"embeddable":true,"href":"https:\/\/www.puffsvape.com\/sv\/wp-json\/wp\/v2\/media\/2534"}],"wp:attachment":[{"href":"https:\/\/www.puffsvape.com\/sv\/wp-json\/wp\/v2\/media?parent=2519"}],"wp:term":[{"taxonomy":"product_brand","embeddable":true,"href":"https:\/\/www.puffsvape.com\/sv\/wp-json\/wp\/v2\/product_brand?post=2519"},{"taxonomy":"product_cat","embeddable":true,"href":"https:\/\/www.puffsvape.com\/sv\/wp-json\/wp\/v2\/product_cat?post=2519"},{"taxonomy":"product_tag","embeddable":true,"href":"https:\/\/www.puffsvape.com\/sv\/wp-json\/wp\/v2\/product_tag?post=2519"},{"taxonomy":"berocket_brand","embeddable":true,"href":"https:\/\/www.puffsvape.com\/sv\/wp-json\/wp\/v2\/berocket_brand?post=2519"}],"curies":[{"name":"wp","href":"https:\/\/api.w.org\/{rel}","templated":true}]}}