{"id":2399,"date":"2024-11-16T17:26:34","date_gmt":"2024-11-16T17:26:34","guid":{"rendered":"https:\/\/www.puffsvape.com\/?post_type=product&#038;p=2399"},"modified":"2026-05-12T09:33:34","modified_gmt":"2026-05-12T01:33:34","slug":"fumot-tornado-30k-music-disposable-vape","status":"publish","type":"product","link":"https:\/\/www.puffsvape.com\/sv\/produkt\/fumot-tornado-30k-musik-engangsvape\/","title":{"rendered":"Fumot Tornado 30K Musik Eng\u00e5ngs Vape"},"content":{"rendered":"<p><a href=\"\/sv\/product-category\/randm-fumot\/\">Fumot<\/a>\u00a0Tornado 30K Music \u00e4r en 30K puffs eng\u00e5ngs vape-enhet som drivs av RandM. Tornado 30K Music anv\u00e4nder en 1.0\u03a9 Mesh Coil och ett inbyggt 600mAh uppladdningsbart batteri. Det finns totalt 30 smaker och 4 nikotinstyrkor f\u00f6r dig att v\u00e4lja mellan.<\/p>\n<p>Den mest intressanta egenskapen hos Tornado 30K Music \u00e4r att RGB-lamporna kan blinka i takt med musiken. T\u00e4nk dig att anv\u00e4nda den i en bar, du kan till och med dansa till din egen<\/p>\n<h2><strong>Fumot Tornado 30K Musikdetaljer:<\/strong><\/h2>\n<ul>\n<li>0% 2% 3% 5% Nikotin<\/li>\n<li>Puffar: 30000<\/li>\n<li>30 olika smaker tillg\u00e4ngliga<\/li>\n<li>600mah uppladdningsbar<\/li>\n<li>1,0\u03a9 n\u00e4tspole<\/li>\n<li>Typ C<\/li>\n<li>varje kartong kg<\/li>\n<li>Ljuset \u00e4ndras i takt med musiken<\/li>\n<\/ul>\n<h2><strong>Fumot Tornado 30K Musik Valfria smaker:<\/strong><\/h2>\n<p>1. Banan is<br \/>\n2. Svart is<br \/>\n3. Blue Razz Ice<br \/>\n4. Bl\u00e5b\u00e4r p\u00e5 is<br \/>\n5. Bl\u00e5b\u00e4r Hallon<br \/>\n6. Bl\u00e5b\u00e4r Sura hallon<br \/>\n7. K\u00f6rsb\u00e4rsis<br \/>\n8. K\u00f6rsb\u00e4rs-Cola<br \/>\n9. Cola is<br \/>\n10. Cool Mint<br \/>\n11. Dubbla \u00e4pplen<br \/>\n12. Dr Bl\u00e5<br \/>\n13. Druv-is<br \/>\n14. Isglass<br \/>\n15. Kiwi Passionsfrukt Guava<br \/>\n16. K\u00e4rlek 66<br \/>\n17. Lush Ice<br \/>\n18. Blandade b\u00e4r<br \/>\n19. Persika b\u00e4r<br \/>\n20. Persika is<br \/>\n21. Persika Mango Ananas<br \/>\n22. Ananas-is<br \/>\n23. Rosa lemonad<br \/>\n24. K\u00e4gla<br \/>\n25. Jordgubbe Banan<br \/>\n26. Jordgubbe Druva<br \/>\n27. Jordgubbsis<br \/>\n28. Jordgubbe Vattenmelon<br \/>\n29. Trippel Mango<br \/>\n30. Vimto<\/p>\n<figure id=\"attachment_2431\" aria-describedby=\"caption-attachment-2431\" style=\"width: 800px\" class=\"wp-caption alignnone\"><img fetchpriority=\"high\" decoding=\"async\" class=\"wp-image-2431 size-full\" title=\"Fumot Tornado 30K Musik Eng\u00e5ngs Vape Partihandel (2)\" src=\"https:\/\/www.puffsvape.com\/wp-content\/uploads\/2024\/11\/Fumot-Tornado-30K-Music-Disposable-Vape-Wholesale-2.jpg\" alt=\"Fumot Tornado 30K Musik Eng\u00e5ngs Vape Partihandel (2)\" width=\"800\" height=\"800\" srcset=\"https:\/\/www.puffsvape.com\/wp-content\/uploads\/2024\/11\/Fumot-Tornado-30K-Music-Disposable-Vape-Wholesale-2.jpg 800w, https:\/\/www.puffsvape.com\/wp-content\/uploads\/2024\/11\/Fumot-Tornado-30K-Music-Disposable-Vape-Wholesale-2-247x247.jpg 247w, https:\/\/www.puffsvape.com\/wp-content\/uploads\/2024\/11\/Fumot-Tornado-30K-Music-Disposable-Vape-Wholesale-2-100x100.jpg 100w, https:\/\/www.puffsvape.com\/wp-content\/uploads\/2024\/11\/Fumot-Tornado-30K-Music-Disposable-Vape-Wholesale-2-510x510.jpg 510w, https:\/\/www.puffsvape.com\/wp-content\/uploads\/2024\/11\/Fumot-Tornado-30K-Music-Disposable-Vape-Wholesale-2-300x300.jpg 300w, https:\/\/www.puffsvape.com\/wp-content\/uploads\/2024\/11\/Fumot-Tornado-30K-Music-Disposable-Vape-Wholesale-2-150x150.jpg 150w, https:\/\/www.puffsvape.com\/wp-content\/uploads\/2024\/11\/Fumot-Tornado-30K-Music-Disposable-Vape-Wholesale-2-768x768.jpg 768w, https:\/\/www.puffsvape.com\/wp-content\/uploads\/2024\/11\/Fumot-Tornado-30K-Music-Disposable-Vape-Wholesale-2-12x12.jpg 12w, https:\/\/www.puffsvape.com\/wp-content\/uploads\/2024\/11\/Fumot-Tornado-30K-Music-Disposable-Vape-Wholesale-2-575x575.jpg 575w, https:\/\/www.puffsvape.com\/wp-content\/uploads\/2024\/11\/Fumot-Tornado-30K-Music-Disposable-Vape-Wholesale-2-380x380.jpg 380w, https:\/\/www.puffsvape.com\/wp-content\/uploads\/2024\/11\/Fumot-Tornado-30K-Music-Disposable-Vape-Wholesale-2-50x50.jpg 50w, https:\/\/www.puffsvape.com\/wp-content\/uploads\/2024\/11\/Fumot-Tornado-30K-Music-Disposable-Vape-Wholesale-2-26x26.jpg 26w\" sizes=\"(max-width: 800px) 100vw, 800px\" \/><figcaption id=\"caption-attachment-2431\" class=\"wp-caption-text\">Fumot Tornado 30K Musik Eng\u00e5ngs Vape<\/figcaption><\/figure>\n<p><img decoding=\"async\" class=\"alignnone wp-image-2432 size-full\" title=\"Fumot Tornado 30K Musik Eng\u00e5ngs Vape Partihandel (3)\" src=\"https:\/\/www.puffsvape.com\/wp-content\/uploads\/2024\/11\/Fumot-Tornado-30K-Music-Disposable-Vape-Wholesale-3.jpg\" alt=\"Fumot Tornado 30K Musik Eng\u00e5ngs Vape Partihandel (3)\" width=\"800\" height=\"800\" srcset=\"https:\/\/www.puffsvape.com\/wp-content\/uploads\/2024\/11\/Fumot-Tornado-30K-Music-Disposable-Vape-Wholesale-3.jpg 800w, https:\/\/www.puffsvape.com\/wp-content\/uploads\/2024\/11\/Fumot-Tornado-30K-Music-Disposable-Vape-Wholesale-3-247x247.jpg 247w, https:\/\/www.puffsvape.com\/wp-content\/uploads\/2024\/11\/Fumot-Tornado-30K-Music-Disposable-Vape-Wholesale-3-100x100.jpg 100w, https:\/\/www.puffsvape.com\/wp-content\/uploads\/2024\/11\/Fumot-Tornado-30K-Music-Disposable-Vape-Wholesale-3-510x510.jpg 510w, https:\/\/www.puffsvape.com\/wp-content\/uploads\/2024\/11\/Fumot-Tornado-30K-Music-Disposable-Vape-Wholesale-3-300x300.jpg 300w, https:\/\/www.puffsvape.com\/wp-content\/uploads\/2024\/11\/Fumot-Tornado-30K-Music-Disposable-Vape-Wholesale-3-150x150.jpg 150w, https:\/\/www.puffsvape.com\/wp-content\/uploads\/2024\/11\/Fumot-Tornado-30K-Music-Disposable-Vape-Wholesale-3-768x768.jpg 768w, https:\/\/www.puffsvape.com\/wp-content\/uploads\/2024\/11\/Fumot-Tornado-30K-Music-Disposable-Vape-Wholesale-3-12x12.jpg 12w, https:\/\/www.puffsvape.com\/wp-content\/uploads\/2024\/11\/Fumot-Tornado-30K-Music-Disposable-Vape-Wholesale-3-575x575.jpg 575w, https:\/\/www.puffsvape.com\/wp-content\/uploads\/2024\/11\/Fumot-Tornado-30K-Music-Disposable-Vape-Wholesale-3-380x380.jpg 380w, https:\/\/www.puffsvape.com\/wp-content\/uploads\/2024\/11\/Fumot-Tornado-30K-Music-Disposable-Vape-Wholesale-3-50x50.jpg 50w, https:\/\/www.puffsvape.com\/wp-content\/uploads\/2024\/11\/Fumot-Tornado-30K-Music-Disposable-Vape-Wholesale-3-26x26.jpg 26w\" sizes=\"(max-width: 800px) 100vw, 800px\" \/><\/p>\n<p><img decoding=\"async\" class=\"alignnone wp-image-2430 size-full\" title=\"Fumot Tornado 30K Musik Eng\u00e5ngs Vape Partihandel (1)\" src=\"https:\/\/www.puffsvape.com\/wp-content\/uploads\/2024\/11\/Fumot-Tornado-30K-Music-Disposable-Vape-Wholesale-1.jpg\" alt=\"Fumot Tornado 30K Musik Eng\u00e5ngs Vape Partihandel (1)\" width=\"800\" height=\"800\" srcset=\"https:\/\/www.puffsvape.com\/wp-content\/uploads\/2024\/11\/Fumot-Tornado-30K-Music-Disposable-Vape-Wholesale-1.jpg 800w, https:\/\/www.puffsvape.com\/wp-content\/uploads\/2024\/11\/Fumot-Tornado-30K-Music-Disposable-Vape-Wholesale-1-247x247.jpg 247w, https:\/\/www.puffsvape.com\/wp-content\/uploads\/2024\/11\/Fumot-Tornado-30K-Music-Disposable-Vape-Wholesale-1-100x100.jpg 100w, https:\/\/www.puffsvape.com\/wp-content\/uploads\/2024\/11\/Fumot-Tornado-30K-Music-Disposable-Vape-Wholesale-1-510x510.jpg 510w, https:\/\/www.puffsvape.com\/wp-content\/uploads\/2024\/11\/Fumot-Tornado-30K-Music-Disposable-Vape-Wholesale-1-300x300.jpg 300w, https:\/\/www.puffsvape.com\/wp-content\/uploads\/2024\/11\/Fumot-Tornado-30K-Music-Disposable-Vape-Wholesale-1-150x150.jpg 150w, https:\/\/www.puffsvape.com\/wp-content\/uploads\/2024\/11\/Fumot-Tornado-30K-Music-Disposable-Vape-Wholesale-1-768x768.jpg 768w, https:\/\/www.puffsvape.com\/wp-content\/uploads\/2024\/11\/Fumot-Tornado-30K-Music-Disposable-Vape-Wholesale-1-12x12.jpg 12w, https:\/\/www.puffsvape.com\/wp-content\/uploads\/2024\/11\/Fumot-Tornado-30K-Music-Disposable-Vape-Wholesale-1-575x575.jpg 575w, https:\/\/www.puffsvape.com\/wp-content\/uploads\/2024\/11\/Fumot-Tornado-30K-Music-Disposable-Vape-Wholesale-1-380x380.jpg 380w, https:\/\/www.puffsvape.com\/wp-content\/uploads\/2024\/11\/Fumot-Tornado-30K-Music-Disposable-Vape-Wholesale-1-50x50.jpg 50w, https:\/\/www.puffsvape.com\/wp-content\/uploads\/2024\/11\/Fumot-Tornado-30K-Music-Disposable-Vape-Wholesale-1-26x26.jpg 26w\" sizes=\"(max-width: 800px) 100vw, 800px\" \/><\/p>","protected":false},"excerpt":{"rendered":"<p>Fumot Tornado 30K Music \u00e4r en 30K puffs eng\u00e5ngs vape-enhet som drivs av RandM. Tornado 30K Music anv\u00e4nder en 1.0\u03a9 Mesh Coil och ett inbyggt 600mAh uppladdningsbart batteri. Det finns totalt 30 smaker och 4 nikotinstyrkor f\u00f6r dig att v\u00e4lja mellan. Den mest intressanta egenskapen hos Tornado 30K Music \u00e4r att RGB [...]","protected":false},"featured_media":2431,"comment_status":"open","ping_status":"closed","template":"","meta":{"om_disable_all_campaigns":false,"_monsterinsights_skip_tracking":false,"_monsterinsights_sitenote_active":false,"_monsterinsights_sitenote_note":"","_monsterinsights_sitenote_category":0},"product_brand":[],"product_cat":[25],"product_tag":[],"berocket_brand":[26],"class_list":{"0":"post-2399","1":"product","2":"type-product","3":"status-publish","4":"has-post-thumbnail","6":"product_cat-randm-fumot","7":"berocket_brand-randm-fumot","8":"wcpa_has_options","10":"first","11":"instock","12":"shipping-taxable","13":"purchasable","14":"product-type-variable","15":"has-default-attributes"},"aioseo_notices":[],"tiered_pricing_fixed_rules":{"20":"11.55","30":"10.91","40":"10.26","50":"9.61","100":"8.18"},"tiered_pricing_percentage_rules":{"20":"11.55","30":"10.91","40":"10.26","50":"9.61","100":"8.18"},"tiered_pricing_type":"fixed","tiered_pricing_minimum":10,"_links":{"self":[{"href":"https:\/\/www.puffsvape.com\/sv\/wp-json\/wp\/v2\/product\/2399","targetHints":{"allow":["GET"]}}],"collection":[{"href":"https:\/\/www.puffsvape.com\/sv\/wp-json\/wp\/v2\/product"}],"about":[{"href":"https:\/\/www.puffsvape.com\/sv\/wp-json\/wp\/v2\/types\/product"}],"replies":[{"embeddable":true,"href":"https:\/\/www.puffsvape.com\/sv\/wp-json\/wp\/v2\/comments?post=2399"}],"wp:featuredmedia":[{"embeddable":true,"href":"https:\/\/www.puffsvape.com\/sv\/wp-json\/wp\/v2\/media\/2431"}],"wp:attachment":[{"href":"https:\/\/www.puffsvape.com\/sv\/wp-json\/wp\/v2\/media?parent=2399"}],"wp:term":[{"taxonomy":"product_brand","embeddable":true,"href":"https:\/\/www.puffsvape.com\/sv\/wp-json\/wp\/v2\/product_brand?post=2399"},{"taxonomy":"product_cat","embeddable":true,"href":"https:\/\/www.puffsvape.com\/sv\/wp-json\/wp\/v2\/product_cat?post=2399"},{"taxonomy":"product_tag","embeddable":true,"href":"https:\/\/www.puffsvape.com\/sv\/wp-json\/wp\/v2\/product_tag?post=2399"},{"taxonomy":"berocket_brand","embeddable":true,"href":"https:\/\/www.puffsvape.com\/sv\/wp-json\/wp\/v2\/berocket_brand?post=2399"}],"curies":[{"name":"wp","href":"https:\/\/api.w.org\/{rel}","templated":true}]}}