{"id":2366,"date":"2024-11-16T17:06:39","date_gmt":"2024-11-16T17:06:39","guid":{"rendered":"https:\/\/www.puffsvape.com\/?post_type=product&#038;p=2366"},"modified":"2026-04-26T19:46:02","modified_gmt":"2026-04-26T11:46:02","slug":"uwin-crystal-10000-puffs-disposable-vape","status":"publish","type":"product","link":"https:\/\/www.puffsvape.com\/sv\/produkt\/uwin-crystal-10000-puffs-engangsvape\/","title":{"rendered":"Uwin Crystal 10000 Puffs Eng\u00e5ngs Vape"},"content":{"rendered":"<p>Den\u00a0<a href=\"\/sv\/product-category\/uwin\/\">Uwin<\/a>\u00a0Crystal 10000 Puffs Disposable Vape \u00e4r en kompakt, f\u00f6rfylld vaporizer som erbjuder upp till 10000 puffar av smakfull \u00e5nga. Dess eleganta design s\u00e4kerst\u00e4ller b\u00e4rbarhet, medan de olika smakerna tillgodoser individuella smaker. Anv\u00e4nd och kasta efter anv\u00e4ndning f\u00f6r en bekv\u00e4m vapingupplevelse.<\/p>\n<h2><strong>Uwin Crystal 10000 Enhetsfunktioner<\/strong><\/h2>\n<ul>\n<li>0% 2% 3% 5% Nikotin<\/li>\n<li>Puffar:10000<\/li>\n<li>Kapacitet:18ml<\/li>\n<li>200 st \/Kartong<\/li>\n<li>10 st \/Box<\/li>\n<li>15 tillg\u00e4ngliga smaker<\/li>\n<li>650 mAh Uppladdningsbar kobolt typ C-port<\/li>\n<li>Spole :0,8 ohm mesh-spole<\/li>\n<li>Varje kartong:17,3 kg<\/li>\n<li>Kartongstorlek: 36,5*36,7*31,5 CM<\/li>\n<li>RGB-LAMPOR<\/li>\n<\/ul>\n<h2><strong>Produkt\u00f6versikt och funktioner<\/strong><\/h2>\n<p>UWIN CRYSTAL 10000 Puffs Disposable Vape \u00e4r en anm\u00e4rkningsv\u00e4rd utmanare p\u00e5 marknaden f\u00f6r eng\u00e5ngsvape, utformad f\u00f6r att tillgodose b\u00e5de nyb\u00f6rjare och erfarna anv\u00e4ndare. En av dess mest imponerande egenskaper \u00e4r dess betydande puffantal, som erbjuder upp till 10000 puffar per enhet. Denna funktion f\u00f6rb\u00e4ttrar inte bara den \u00f6vergripande vapingupplevelsen utan ger ocks\u00e5 utm\u00e4rkt v\u00e4rde f\u00f6r anv\u00e4ndare som s\u00f6ker l\u00e5ng livsl\u00e4ngd i sina eng\u00e5ngsval.<\/p>\n<p>N\u00e4r det g\u00e4ller smakalternativ har UWIN CRYSTAL ett omfattande urval med totalt 50 olika smaker. Denna breda variation tillgodoser olika smakpreferenser och tilltalar anv\u00e4ndare som tycker om att experimentera med olika smaker. Fr\u00e5n fruktiga blandningar till traditionella tobaksblandningar, sortimentet s\u00e4kerst\u00e4ller att varje anv\u00e4ndare kan hitta sin perfekta smak. De sp\u00e4nnande kombinationerna och kvaliteten p\u00e5 smakerna g\u00f6r att CRYSTAL skiljer sig fr\u00e5n m\u00e5nga konkurrenter i samma marknadssegment.<\/p>\n<p>Enhetens anv\u00e4ndarv\u00e4nliga design g\u00f6r den \u00e4nnu mer tilltalande. CRYSTAL \u00e4r konstruerad med b\u00e4rbarhet i \u00e5tanke och passar bekv\u00e4mt i handen, vilket g\u00f6r den bekv\u00e4m f\u00f6r anv\u00e4ndare p\u00e5 spr\u00e5ng. Den eleganta och l\u00e4tta designen inneb\u00e4r ocks\u00e5 att den enkelt kan transporteras, s\u00e5 att anv\u00e4ndarna kan njuta av sin vapingupplevelse utan kr\u00e5ngel. Dessutom inneh\u00e5ller enheten avancerad vapingteknik, vilket garanterar j\u00e4mn och konsekvent \u00e5ngproduktion med varje bloss.<\/p>\n<p>Batteritiden f\u00f6r UWIN CRYSTAL \u00e4r en annan viktig egenskap, eftersom den \u00e4r konstruerad f\u00f6r att klara det imponerande antalet puffar utan att beh\u00f6va laddas ofta. Denna funktionalitet g\u00f6r den idealisk f\u00f6r anv\u00e4ndare som f\u00f6redrar en p\u00e5litlig och oavbruten vaping-session. Sammantaget kombinerar UWIN CRYSTAL 10000 Puffs Disposable Vape innovativ design, smakvariation och l\u00e5ngvarig prestanda, vilket utm\u00e4rker sig som ett toppval bland eng\u00e5ngsvape som finns p\u00e5 marknaden idag.<\/p>\n<h2><strong>Smakvariation och anv\u00e4ndarupplevelse<\/strong><\/h2>\n<p>UWIN CRYSTAL 10000 Puffs Disposable Vape \u00e4r k\u00e4nd f\u00f6r sitt imponerande utbud av smakalternativ, som tillgodoser en m\u00e5ngsidig publik av vapingentusiaster. Anv\u00e4ndarna kan njuta av en rad olika profiler som str\u00e4cker sig fr\u00e5n livliga fruktiga blandningar till dekadenta dessertval. Variationen s\u00e4kerst\u00e4ller att b\u00e5de nyb\u00f6rjare och erfarna anv\u00e4ndare kan hitta smaker som passar deras personliga preferenser, vilket f\u00f6rb\u00e4ttrar den \u00f6vergripande vapingupplevelsen.<\/p>\n<p>Bland de popul\u00e4ra fruktsmakerna hittar man alternativ som vattenmelon, mango och blandade b\u00e4r, som framkallar en uppfriskande och uppfriskande upplevelse. Dessa smaker k\u00e4nnetecknas ofta av sin frestande s\u00f6tma, balanserad med en livlighet som stimulerar gommen. Anv\u00e4ndare rapporterar ofta en trevlig munk\u00e4nsla, d\u00e4r de naturliga fruktnoterna kommer smidigt igenom vid inandning. Dessutom \u00e4r eftersmaken vanligtvis ren, vilket g\u00f6r att anv\u00e4ndarna kan njuta av den l\u00e5ngvariga essensen av den valda smaken utan n\u00e5gra obehagliga rester.<\/p>\n<p>I den andra \u00e4nden av spektrumet erbjuder \u00f6verd\u00e5diga dessertsmaker som vaniljkr\u00e4m och chokladfudge en tillfredsst\u00e4llande upplevelse f\u00f6r dem med en s\u00f6t tand. Dessa smaker har ofta en rikare, kr\u00e4migare profil, vilket ger en kontrast till de l\u00e4ttare fruktiga alternativen. Kundfeedback visar att dessertvarianterna ofta ger en mer p\u00e5taglig halsk\u00e4nsla, vilket \u00e4r f\u00f6rdelaktigt f\u00f6r dem som s\u00f6ker en djupare vapingk\u00e4nsla. S\u00e5dana upplevelser kan vara s\u00e4rskilt givande, s\u00e4rskilt under tillf\u00e4llighetsbaserade eller avslappnade vaping-sessioner.<\/p>\n<p>Dessutom \u00e4r den \u00f6vergripande dragkvaliteten f\u00f6r UWIN CRYSTAL 10000 ber\u00f6mv\u00e4rd. Anv\u00e4ndare uttrycker ofta tillfredsst\u00e4llelse med balansen mellan \u00e5ngproduktion och smakretention, vilket bidrar till en sammanh\u00e4ngande vapingupplevelse. Enhetens f\u00f6rm\u00e5ga att leverera konsekvent smak under hela sin livsl\u00e4ngd skiljer den fr\u00e5n en fullsatt marknad. Oavsett om man vill experimentera med nya smaker eller sl\u00e5 sig till ro med en \u00e4lskad favorit, erbjuder UWIN CRYSTAL 10000 en \u00f6vertygande anledning att utforska dess olika smakerbjudanden.<\/p>\n<h2><strong>Uwin Crystal 10000 Smaklista<\/strong><\/h2>\n<ol>\n<li>Bl\u00e5b\u00e4r Hallon<\/li>\n<li>Grape Ice<\/li>\n<li>Jordgubbar Vattenmelon<\/li>\n<li>Bl\u00e5b\u00e4r p\u00e5 is<\/li>\n<li>Vattenmelon-is<\/li>\n<li>K\u00f6rsb\u00e4rsis<\/li>\n<li>Jordgubbar Hallon K\u00f6rsb\u00e4r<\/li>\n<li>Kiwi Passionsfrukt Guava<\/li>\n<li>Jordgubbsis<\/li>\n<li>Persika is<\/li>\n<li>Jordgubb Kiwi<\/li>\n<li>Persika B\u00e4r<\/li>\n<li>Cherry Cola<\/li>\n<li>Blandade b\u00e4r<\/li>\n<li>Herr Bl\u00e5<\/li>\n<\/ol>\n<figure id=\"attachment_2368\" aria-describedby=\"caption-attachment-2368\" style=\"width: 800px\" class=\"wp-caption alignnone\"><img fetchpriority=\"high\" decoding=\"async\" class=\"wp-image-2368 size-full\" title=\"Uwin Crystal 10000 Puffs Vape-banner f\u00f6r eng\u00e5ngsbruk\" src=\"https:\/\/www.puffsvape.com\/wp-content\/uploads\/2024\/11\/Uwin-Crystal-10000-Puffs-Disposable-Vape-Banner.jpg\" alt=\"Uwin Crystal 10000 Puffs Vape-banner f\u00f6r eng\u00e5ngsbruk\" width=\"800\" height=\"500\" srcset=\"https:\/\/www.puffsvape.com\/wp-content\/uploads\/2024\/11\/Uwin-Crystal-10000-Puffs-Disposable-Vape-Banner.jpg 800w, https:\/\/www.puffsvape.com\/wp-content\/uploads\/2024\/11\/Uwin-Crystal-10000-Puffs-Disposable-Vape-Banner-510x319.jpg 510w, https:\/\/www.puffsvape.com\/wp-content\/uploads\/2024\/11\/Uwin-Crystal-10000-Puffs-Disposable-Vape-Banner-300x188.jpg 300w, https:\/\/www.puffsvape.com\/wp-content\/uploads\/2024\/11\/Uwin-Crystal-10000-Puffs-Disposable-Vape-Banner-768x480.jpg 768w, https:\/\/www.puffsvape.com\/wp-content\/uploads\/2024\/11\/Uwin-Crystal-10000-Puffs-Disposable-Vape-Banner-18x12.jpg 18w, https:\/\/www.puffsvape.com\/wp-content\/uploads\/2024\/11\/Uwin-Crystal-10000-Puffs-Disposable-Vape-Banner-575x359.jpg 575w, https:\/\/www.puffsvape.com\/wp-content\/uploads\/2024\/11\/Uwin-Crystal-10000-Puffs-Disposable-Vape-Banner-380x238.jpg 380w\" sizes=\"(max-width: 800px) 100vw, 800px\" \/><figcaption id=\"caption-attachment-2368\" class=\"wp-caption-text\">Uwin Crystal 10000 Puffs Vape-banner f\u00f6r eng\u00e5ngsbruk<\/figcaption><\/figure>\n<figure id=\"attachment_2369\" aria-describedby=\"caption-attachment-2369\" style=\"width: 800px\" class=\"wp-caption alignnone\"><img decoding=\"async\" class=\"wp-image-2369 size-full\" title=\"Uwin Crystal 10000 Puffs Eng\u00e5ngs Vape Blueberry On Ice\" src=\"https:\/\/www.puffsvape.com\/wp-content\/uploads\/2024\/11\/Uwin-Crystal-10000-Puffs-Disposable-Vape-Blueberry-On-Ice.jpg\" alt=\"Uwin Crystal 10000 Puffs Eng\u00e5ngs Vape Blueberry On Ice\" width=\"800\" height=\"800\" srcset=\"https:\/\/www.puffsvape.com\/wp-content\/uploads\/2024\/11\/Uwin-Crystal-10000-Puffs-Disposable-Vape-Blueberry-On-Ice.jpg 800w, https:\/\/www.puffsvape.com\/wp-content\/uploads\/2024\/11\/Uwin-Crystal-10000-Puffs-Disposable-Vape-Blueberry-On-Ice-247x247.jpg 247w, https:\/\/www.puffsvape.com\/wp-content\/uploads\/2024\/11\/Uwin-Crystal-10000-Puffs-Disposable-Vape-Blueberry-On-Ice-100x100.jpg 100w, https:\/\/www.puffsvape.com\/wp-content\/uploads\/2024\/11\/Uwin-Crystal-10000-Puffs-Disposable-Vape-Blueberry-On-Ice-510x510.jpg 510w, https:\/\/www.puffsvape.com\/wp-content\/uploads\/2024\/11\/Uwin-Crystal-10000-Puffs-Disposable-Vape-Blueberry-On-Ice-300x300.jpg 300w, https:\/\/www.puffsvape.com\/wp-content\/uploads\/2024\/11\/Uwin-Crystal-10000-Puffs-Disposable-Vape-Blueberry-On-Ice-150x150.jpg 150w, https:\/\/www.puffsvape.com\/wp-content\/uploads\/2024\/11\/Uwin-Crystal-10000-Puffs-Disposable-Vape-Blueberry-On-Ice-768x768.jpg 768w, https:\/\/www.puffsvape.com\/wp-content\/uploads\/2024\/11\/Uwin-Crystal-10000-Puffs-Disposable-Vape-Blueberry-On-Ice-12x12.jpg 12w, https:\/\/www.puffsvape.com\/wp-content\/uploads\/2024\/11\/Uwin-Crystal-10000-Puffs-Disposable-Vape-Blueberry-On-Ice-575x575.jpg 575w, https:\/\/www.puffsvape.com\/wp-content\/uploads\/2024\/11\/Uwin-Crystal-10000-Puffs-Disposable-Vape-Blueberry-On-Ice-380x380.jpg 380w, https:\/\/www.puffsvape.com\/wp-content\/uploads\/2024\/11\/Uwin-Crystal-10000-Puffs-Disposable-Vape-Blueberry-On-Ice-50x50.jpg 50w, https:\/\/www.puffsvape.com\/wp-content\/uploads\/2024\/11\/Uwin-Crystal-10000-Puffs-Disposable-Vape-Blueberry-On-Ice-26x26.jpg 26w\" sizes=\"(max-width: 800px) 100vw, 800px\" \/><figcaption id=\"caption-attachment-2369\" class=\"wp-caption-text\">Uwin Crystal 10000 Puffs Eng\u00e5ngs Vape Blueberry On Ice<\/figcaption><\/figure>","protected":false},"excerpt":{"rendered":"<p>Uwin Crystal 10000 Puffs Disposable Vape \u00e4r en kompakt, f\u00f6rfylld vaporizer som erbjuder upp till 10000 puffar av smakfull \u00e5nga. Dess eleganta design s\u00e4kerst\u00e4ller b\u00e4rbarhet, medan de olika smakerna tillgodoser individuella smaker. Anv\u00e4nd bara och sl\u00e4ng efter anv\u00e4ndning f\u00f6r en bekv\u00e4m vapingupplevelse. Uwin Crystal 10000 Enhetsfunktioner 0% 2% 3% 5% Nikotinpuffar:10000 [...]","protected":false},"featured_media":2379,"comment_status":"open","ping_status":"closed","template":"","meta":{"om_disable_all_campaigns":false,"_monsterinsights_skip_tracking":false,"_monsterinsights_sitenote_active":false,"_monsterinsights_sitenote_note":"","_monsterinsights_sitenote_category":0},"product_brand":[],"product_cat":[45],"product_tag":[],"berocket_brand":[46],"class_list":{"0":"post-2366","1":"product","2":"type-product","3":"status-publish","4":"has-post-thumbnail","6":"product_cat-uwin","7":"berocket_brand-uwin","8":"wcpa_has_options","10":"first","11":"instock","12":"shipping-taxable","13":"purchasable","14":"product-type-variable","15":"has-default-attributes"},"aioseo_notices":[],"tiered_pricing_fixed_rules":{"20":"8.89","30":"8.24","40":"7.59","50":"6.94","100":"5.52"},"tiered_pricing_percentage_rules":{"20":"8.89","30":"8.24","40":"7.59","50":"6.94","100":"5.52"},"tiered_pricing_type":"fixed","tiered_pricing_minimum":10,"_links":{"self":[{"href":"https:\/\/www.puffsvape.com\/sv\/wp-json\/wp\/v2\/product\/2366","targetHints":{"allow":["GET"]}}],"collection":[{"href":"https:\/\/www.puffsvape.com\/sv\/wp-json\/wp\/v2\/product"}],"about":[{"href":"https:\/\/www.puffsvape.com\/sv\/wp-json\/wp\/v2\/types\/product"}],"replies":[{"embeddable":true,"href":"https:\/\/www.puffsvape.com\/sv\/wp-json\/wp\/v2\/comments?post=2366"}],"wp:featuredmedia":[{"embeddable":true,"href":"https:\/\/www.puffsvape.com\/sv\/wp-json\/wp\/v2\/media\/2379"}],"wp:attachment":[{"href":"https:\/\/www.puffsvape.com\/sv\/wp-json\/wp\/v2\/media?parent=2366"}],"wp:term":[{"taxonomy":"product_brand","embeddable":true,"href":"https:\/\/www.puffsvape.com\/sv\/wp-json\/wp\/v2\/product_brand?post=2366"},{"taxonomy":"product_cat","embeddable":true,"href":"https:\/\/www.puffsvape.com\/sv\/wp-json\/wp\/v2\/product_cat?post=2366"},{"taxonomy":"product_tag","embeddable":true,"href":"https:\/\/www.puffsvape.com\/sv\/wp-json\/wp\/v2\/product_tag?post=2366"},{"taxonomy":"berocket_brand","embeddable":true,"href":"https:\/\/www.puffsvape.com\/sv\/wp-json\/wp\/v2\/berocket_brand?post=2366"}],"curies":[{"name":"wp","href":"https:\/\/api.w.org\/{rel}","templated":true}]}}