{"id":2055,"date":"2024-09-07T17:15:06","date_gmt":"2024-09-07T17:15:06","guid":{"rendered":"https:\/\/www.puffsvape.com\/?post_type=product&#038;p=2055"},"modified":"2026-04-26T19:44:24","modified_gmt":"2026-04-26T11:44:24","slug":"bang-gear-tick-tock-20000-puffs-disposable-vape","status":"publish","type":"product","link":"https:\/\/www.puffsvape.com\/sv\/produkt\/bang-gear-tick-tock-20000-puffar-engangsvape\/","title":{"rendered":"Bang Gear Tick Tock 20000 puffar eng\u00e5ngsvape"},"content":{"rendered":"<p><b>The Bang Gear Tick Tock 20000 Eng\u00e5ngsvape<\/b>\u00a0\u00e4r ett eng\u00e5ngskit i industriell stil med 16 ml f\u00f6rfylld e-juice, tv\u00e5 vapingl\u00e4gen och en h\u00f6g puff-co inom n\u00e5gra sekunder. f\u00f6r att v\u00e4xla till Silent Mode och kugghjulen slutar rotera. Viktig information, t.ex. e-juice-niv\u00e5 och batterivolym, visas p\u00e5 en dynamisk sk\u00e4rm. Du kan enkelt \u00f6vervaka statusen f\u00f6r BANG 20000. Om du letar efter en cool eng\u00e5ngsvape f\u00f6r l\u00e5ngvarig anv\u00e4ndning b\u00f6r du inte missa BANG 20000. BANG 20000 ger dig en helt ny dynamisk vapingupplevelse.<\/p>\n<h2><span style=\"font-size: 18pt;\">Bang Gear Tick Tock 20000 Produktdetaljer<\/span><\/h2>\n<ul>\n<li>Uppladdningsbart integrerat 650mAh-batteri<\/li>\n<li>Antal puffar: Cirka 20000 puffar<\/li>\n<li>F\u00f6rfylld 16ml E-Juice<\/li>\n<li>Dynamisk displaysk\u00e4rm<\/li>\n<li>Tv\u00e5 Vaping-l\u00e4gen: Dynamiskt l\u00e4ge (kugghjulen roterar n\u00e4r du \u00e5ngar) \/ Tyst l\u00e4ge (3 snabba bloss inom 2 sekunder f\u00f6r att stoppa kugghjulen)<\/li>\n<li>5%(50mg) Nikotinstyrka<\/li>\n<li>Laddning via USB typ C (ing\u00e5r ej)<\/li>\n<li>Ritning-aktiverad<\/li>\n<li>MTL Vaping<\/li>\n<\/ul>\n<h2>Smak\u00e4mnen<\/h2>\n<p>1. jordgubbsmango<br \/>\n2. energidryck<br \/>\n3. bl\u00e5b\u00e4rs- och k\u00f6rsb\u00e4rslimonad<br \/>\n4. Svart drake is<br \/>\n5.Persika is<br \/>\n6. jordgubbsbanan<br \/>\n7. Mixa frukt<br \/>\n8. bl\u00e5b\u00e4rsis<br \/>\n9. vattenmelon-is<br \/>\n10. jordgubb kiwi<br \/>\n11.Bleueberry Hallon<br \/>\n12. jordgubb vattenmelon<\/p>\n<figure id=\"attachment_2074\" aria-describedby=\"caption-attachment-2074\" style=\"width: 800px\" class=\"wp-caption alignnone\"><img fetchpriority=\"high\" decoding=\"async\" class=\"wp-image-2074 size-full\" title=\"Bang mekanisk v\u00e4xel 20000 puffar eng\u00e5ngsvape grossist (6)\" src=\"https:\/\/www.puffsvape.com\/wp-content\/uploads\/2024\/09\/Bang-Mechanical-Gear-20000-Puffs-Disposable-Vape-Wholesale-6.jpg\" alt=\"Bang mekanisk v\u00e4xel 20000 puffar eng\u00e5ngsvape grossist (6)\" width=\"800\" height=\"800\" srcset=\"https:\/\/www.puffsvape.com\/wp-content\/uploads\/2024\/09\/Bang-Mechanical-Gear-20000-Puffs-Disposable-Vape-Wholesale-6.jpg 800w, https:\/\/www.puffsvape.com\/wp-content\/uploads\/2024\/09\/Bang-Mechanical-Gear-20000-Puffs-Disposable-Vape-Wholesale-6-247x247.jpg 247w, https:\/\/www.puffsvape.com\/wp-content\/uploads\/2024\/09\/Bang-Mechanical-Gear-20000-Puffs-Disposable-Vape-Wholesale-6-100x100.jpg 100w, https:\/\/www.puffsvape.com\/wp-content\/uploads\/2024\/09\/Bang-Mechanical-Gear-20000-Puffs-Disposable-Vape-Wholesale-6-510x510.jpg 510w, https:\/\/www.puffsvape.com\/wp-content\/uploads\/2024\/09\/Bang-Mechanical-Gear-20000-Puffs-Disposable-Vape-Wholesale-6-300x300.jpg 300w, https:\/\/www.puffsvape.com\/wp-content\/uploads\/2024\/09\/Bang-Mechanical-Gear-20000-Puffs-Disposable-Vape-Wholesale-6-150x150.jpg 150w, https:\/\/www.puffsvape.com\/wp-content\/uploads\/2024\/09\/Bang-Mechanical-Gear-20000-Puffs-Disposable-Vape-Wholesale-6-768x768.jpg 768w, https:\/\/www.puffsvape.com\/wp-content\/uploads\/2024\/09\/Bang-Mechanical-Gear-20000-Puffs-Disposable-Vape-Wholesale-6-12x12.jpg 12w, https:\/\/www.puffsvape.com\/wp-content\/uploads\/2024\/09\/Bang-Mechanical-Gear-20000-Puffs-Disposable-Vape-Wholesale-6-575x575.jpg 575w, https:\/\/www.puffsvape.com\/wp-content\/uploads\/2024\/09\/Bang-Mechanical-Gear-20000-Puffs-Disposable-Vape-Wholesale-6-380x380.jpg 380w, https:\/\/www.puffsvape.com\/wp-content\/uploads\/2024\/09\/Bang-Mechanical-Gear-20000-Puffs-Disposable-Vape-Wholesale-6-50x50.jpg 50w, https:\/\/www.puffsvape.com\/wp-content\/uploads\/2024\/09\/Bang-Mechanical-Gear-20000-Puffs-Disposable-Vape-Wholesale-6-26x26.jpg 26w\" sizes=\"(max-width: 800px) 100vw, 800px\" \/><figcaption id=\"caption-attachment-2074\" class=\"wp-caption-text\">Bang Mechanical Gear 20000 Puffs Eng\u00e5ngs Vape<\/figcaption><\/figure>","protected":false},"excerpt":{"rendered":"<p>Bang Gear Tick Tock 20000 Disposable Vape \u00e4r ett eng\u00e5ngskit i industriell stil med 16 ml f\u00f6rfylld e-juice, tv\u00e5 vapingl\u00e4gen och en h\u00f6g puff-co inom n\u00e5gra sekunder. f\u00f6r att v\u00e4xla till tyst l\u00e4ge och kugghjulen slutar rotera. Viktig information, t.ex. e-juice-niv\u00e5 och batterivolym, visas p\u00e5 en dynamisk sk\u00e4rm. Du kan \u00f6vervaka [...]","protected":false},"featured_media":2072,"comment_status":"open","ping_status":"closed","template":"","meta":{"om_disable_all_campaigns":false,"_monsterinsights_skip_tracking":false,"_monsterinsights_sitenote_active":false,"_monsterinsights_sitenote_note":"","_monsterinsights_sitenote_category":0},"product_brand":[],"product_cat":[15],"product_tag":[],"berocket_brand":[22],"class_list":{"0":"post-2055","1":"product","2":"type-product","3":"status-publish","4":"has-post-thumbnail","6":"product_cat-bang","7":"berocket_brand-bang","9":"first","10":"instock","11":"shipping-taxable","12":"purchasable","13":"product-type-variable","14":"has-default-attributes"},"aioseo_notices":[],"tiered_pricing_fixed_rules":{"20":"10.56","30":"9.91","40":"9.26","50":"8.61","100":"7.19"},"tiered_pricing_percentage_rules":{"20":"10.56","30":"9.91","40":"9.26","50":"8.61","100":"7.19"},"tiered_pricing_type":"fixed","tiered_pricing_minimum":10,"_links":{"self":[{"href":"https:\/\/www.puffsvape.com\/sv\/wp-json\/wp\/v2\/product\/2055","targetHints":{"allow":["GET"]}}],"collection":[{"href":"https:\/\/www.puffsvape.com\/sv\/wp-json\/wp\/v2\/product"}],"about":[{"href":"https:\/\/www.puffsvape.com\/sv\/wp-json\/wp\/v2\/types\/product"}],"replies":[{"embeddable":true,"href":"https:\/\/www.puffsvape.com\/sv\/wp-json\/wp\/v2\/comments?post=2055"}],"wp:featuredmedia":[{"embeddable":true,"href":"https:\/\/www.puffsvape.com\/sv\/wp-json\/wp\/v2\/media\/2072"}],"wp:attachment":[{"href":"https:\/\/www.puffsvape.com\/sv\/wp-json\/wp\/v2\/media?parent=2055"}],"wp:term":[{"taxonomy":"product_brand","embeddable":true,"href":"https:\/\/www.puffsvape.com\/sv\/wp-json\/wp\/v2\/product_brand?post=2055"},{"taxonomy":"product_cat","embeddable":true,"href":"https:\/\/www.puffsvape.com\/sv\/wp-json\/wp\/v2\/product_cat?post=2055"},{"taxonomy":"product_tag","embeddable":true,"href":"https:\/\/www.puffsvape.com\/sv\/wp-json\/wp\/v2\/product_tag?post=2055"},{"taxonomy":"berocket_brand","embeddable":true,"href":"https:\/\/www.puffsvape.com\/sv\/wp-json\/wp\/v2\/berocket_brand?post=2055"}],"curies":[{"name":"wp","href":"https:\/\/api.w.org\/{rel}","templated":true}]}}