{"id":2029,"date":"2024-09-07T17:02:57","date_gmt":"2024-09-07T17:02:57","guid":{"rendered":"https:\/\/www.puffsvape.com\/?post_type=product&#038;p=2029"},"modified":"2026-03-07T10:00:51","modified_gmt":"2026-03-07T02:00:51","slug":"bang-25000-puffs-disposable-vape","status":"publish","type":"product","link":"https:\/\/www.puffsvape.com\/sv\/produkt\/bang-25000-puffar-engangsvape\/","title":{"rendered":"Bang 25000 Puffs Eng\u00e5ngs Vape"},"content":{"rendered":"<p>Bang 25000 Puffs Disposable Vape sticker ut som ett exceptionellt val f\u00f6r vapers som s\u00f6ker en premiumenhet som erbjuder b\u00e5de variation och volym. Med sitt stora antal puffar och olika smakalternativ ger den en omfattande vapingupplevelse som uppfyller behoven hos ett brett spektrum av vapers, fr\u00e5n nyb\u00f6rjare till finsmakare.<\/p>\n<p>Den \u00e4r byggd med batteri och e-juice niv\u00e5 display, och levereras med 650mAh uppladdningsbart batteri ocks\u00e5 med 25ml eliquid, som st\u00f6der upp till 25000 puffar.<\/p>\n<h2><span style=\"font-size: 18pt;\"><strong>Bang 25000 Puffs Eng\u00e5ngs Vape Snabba detaljer<\/strong><\/span><\/h2>\n<ul>\n<li>650mah uppladdningsbart batteri<\/li>\n<li>25 ml f\u00f6rfylld e-juice<\/li>\n<li>0\/2\/3\/5% nikotinstyrka<\/li>\n<li>N\u00e5 upp till 25000 puffar<\/li>\n<li>1,0 ohm mesh-spole<\/li>\n<li>Typ C-laddningsport<\/li>\n<\/ul>\n<h2><span style=\"font-size: 18pt;\"><strong>Smak\u00e4mnen<\/strong><\/span><\/h2>\n<ul>\n<li>Bl\u00e5b\u00e4rsis<\/li>\n<li>Bl\u00e5b\u00e4r Hallon<\/li>\n<li>Bl\u00e5b\u00e4r Mint<\/li>\n<li>Grape Ice<\/li>\n<li>Jordgubbar Vattenmelon<\/li>\n<li>Jordgubb Kiwi<\/li>\n<li>Vattenmelonbubbel Tuggummi<\/li>\n<li>Tigerblod<\/li>\n<li>Vattenmelon-is<\/li>\n<li>Jordgubbsis<\/li>\n<li>Mango Persika<\/li>\n<li>Mixa frukt<\/li>\n<\/ul>\n<figure id=\"attachment_2030\" aria-describedby=\"caption-attachment-2030\" style=\"width: 800px\" class=\"wp-caption alignnone\"><img fetchpriority=\"high\" decoding=\"async\" class=\"wp-image-2030 size-full\" title=\"Bang 25000 Puffs Eng\u00e5ngs Vape Partihandel Bl\u00e5b\u00e4r Mint F\u00f6rpackning\" src=\"https:\/\/www.puffsvape.com\/wp-content\/uploads\/2024\/09\/Bang-25000-Puffs-Disposable-Vape-Wholesale-Blueberry-Mint-Packing.jpg\" alt=\"Bang 25000 Puffs Eng\u00e5ngs Vape Partihandel Bl\u00e5b\u00e4r Mint F\u00f6rpackning\" width=\"800\" height=\"800\" srcset=\"https:\/\/www.puffsvape.com\/wp-content\/uploads\/2024\/09\/Bang-25000-Puffs-Disposable-Vape-Wholesale-Blueberry-Mint-Packing.jpg 800w, https:\/\/www.puffsvape.com\/wp-content\/uploads\/2024\/09\/Bang-25000-Puffs-Disposable-Vape-Wholesale-Blueberry-Mint-Packing-247x247.jpg 247w, https:\/\/www.puffsvape.com\/wp-content\/uploads\/2024\/09\/Bang-25000-Puffs-Disposable-Vape-Wholesale-Blueberry-Mint-Packing-100x100.jpg 100w, https:\/\/www.puffsvape.com\/wp-content\/uploads\/2024\/09\/Bang-25000-Puffs-Disposable-Vape-Wholesale-Blueberry-Mint-Packing-510x510.jpg 510w, https:\/\/www.puffsvape.com\/wp-content\/uploads\/2024\/09\/Bang-25000-Puffs-Disposable-Vape-Wholesale-Blueberry-Mint-Packing-300x300.jpg 300w, https:\/\/www.puffsvape.com\/wp-content\/uploads\/2024\/09\/Bang-25000-Puffs-Disposable-Vape-Wholesale-Blueberry-Mint-Packing-150x150.jpg 150w, https:\/\/www.puffsvape.com\/wp-content\/uploads\/2024\/09\/Bang-25000-Puffs-Disposable-Vape-Wholesale-Blueberry-Mint-Packing-768x768.jpg 768w, https:\/\/www.puffsvape.com\/wp-content\/uploads\/2024\/09\/Bang-25000-Puffs-Disposable-Vape-Wholesale-Blueberry-Mint-Packing-12x12.jpg 12w, https:\/\/www.puffsvape.com\/wp-content\/uploads\/2024\/09\/Bang-25000-Puffs-Disposable-Vape-Wholesale-Blueberry-Mint-Packing-575x575.jpg 575w, https:\/\/www.puffsvape.com\/wp-content\/uploads\/2024\/09\/Bang-25000-Puffs-Disposable-Vape-Wholesale-Blueberry-Mint-Packing-380x380.jpg 380w, https:\/\/www.puffsvape.com\/wp-content\/uploads\/2024\/09\/Bang-25000-Puffs-Disposable-Vape-Wholesale-Blueberry-Mint-Packing-50x50.jpg 50w, https:\/\/www.puffsvape.com\/wp-content\/uploads\/2024\/09\/Bang-25000-Puffs-Disposable-Vape-Wholesale-Blueberry-Mint-Packing-26x26.jpg 26w\" sizes=\"(max-width: 800px) 100vw, 800px\" \/><figcaption id=\"caption-attachment-2030\" class=\"wp-caption-text\">Bang 25000 Puffs Eng\u00e5ngs Vape<\/figcaption><\/figure>","protected":false},"excerpt":{"rendered":"<p>Bang 25000 Puffs Disposable Vape sticker ut som ett exceptionellt val f\u00f6r vapers som s\u00f6ker en premiumenhet som erbjuder b\u00e5de variation och volym. Med sitt stora antal puffar och olika smakalternativ ger den en omfattande vapingupplevelse som uppfyller behoven hos ett brett spektrum av vapers, fr\u00e5n nyb\u00f6rjare till finsmakare. Den \u00e4r byggd [...]","protected":false},"featured_media":2045,"comment_status":"open","ping_status":"closed","template":"","meta":{"om_disable_all_campaigns":false,"_monsterinsights_skip_tracking":false,"_monsterinsights_sitenote_active":false,"_monsterinsights_sitenote_note":"","_monsterinsights_sitenote_category":0},"product_brand":[],"product_cat":[15],"product_tag":[],"berocket_brand":[22],"class_list":{"0":"post-2029","1":"product","2":"type-product","3":"status-publish","4":"has-post-thumbnail","6":"product_cat-bang","7":"berocket_brand-bang","8":"wcpa_has_options","10":"first","11":"instock","12":"shipping-taxable","13":"purchasable","14":"product-type-variable","15":"has-default-attributes"},"aioseo_notices":[],"tiered_pricing_fixed_rules":{"20":"10.62","30":"9.97","40":"9.32","50":"8.67","100":"7.25"},"tiered_pricing_percentage_rules":{"20":"10.62","30":"9.97","40":"9.32","50":"8.67","100":"7.25"},"tiered_pricing_type":"fixed","tiered_pricing_minimum":10,"_links":{"self":[{"href":"https:\/\/www.puffsvape.com\/sv\/wp-json\/wp\/v2\/product\/2029","targetHints":{"allow":["GET"]}}],"collection":[{"href":"https:\/\/www.puffsvape.com\/sv\/wp-json\/wp\/v2\/product"}],"about":[{"href":"https:\/\/www.puffsvape.com\/sv\/wp-json\/wp\/v2\/types\/product"}],"replies":[{"embeddable":true,"href":"https:\/\/www.puffsvape.com\/sv\/wp-json\/wp\/v2\/comments?post=2029"}],"wp:featuredmedia":[{"embeddable":true,"href":"https:\/\/www.puffsvape.com\/sv\/wp-json\/wp\/v2\/media\/2045"}],"wp:attachment":[{"href":"https:\/\/www.puffsvape.com\/sv\/wp-json\/wp\/v2\/media?parent=2029"}],"wp:term":[{"taxonomy":"product_brand","embeddable":true,"href":"https:\/\/www.puffsvape.com\/sv\/wp-json\/wp\/v2\/product_brand?post=2029"},{"taxonomy":"product_cat","embeddable":true,"href":"https:\/\/www.puffsvape.com\/sv\/wp-json\/wp\/v2\/product_cat?post=2029"},{"taxonomy":"product_tag","embeddable":true,"href":"https:\/\/www.puffsvape.com\/sv\/wp-json\/wp\/v2\/product_tag?post=2029"},{"taxonomy":"berocket_brand","embeddable":true,"href":"https:\/\/www.puffsvape.com\/sv\/wp-json\/wp\/v2\/berocket_brand?post=2029"}],"curies":[{"name":"wp","href":"https:\/\/api.w.org\/{rel}","templated":true}]}}