{"id":1837,"date":"2024-08-30T12:55:15","date_gmt":"2024-08-30T12:55:15","guid":{"rendered":"https:\/\/www.puffsvape.com\/?post_type=product&#038;p=1837"},"modified":"2024-09-04T09:11:07","modified_gmt":"2024-09-04T09:11:07","slug":"elfbar-te6000-buy-200-get-5-pcs","status":"publish","type":"product","link":"https:\/\/www.puffsvape.com\/sv\/produkt\/elfbar-te6000-kop-200-fa-5-st\/","title":{"rendered":"K\u00f6p 200 \u20ac F\u00e5 ElfBar TE6000x 5 PCS"},"content":{"rendered":"<p>ELF BAR TE6000 ENG\u00c5NGS VAPE GE BORT<br \/>\nK\u00f6p inte den h\u00e4r produkten direkt.<br \/>\nK\u00f6p 200 \u20ac F\u00e5 ElfBar TE6000x 5 PCS<\/p>\n<p>Best\u00e4ll inte denna produkt direkt<\/p>\n<p>Vi kommer att l\u00e4gga till din best\u00e4llning baserat p\u00e5 din orderkvantitet.<\/p>\n<table style=\"border-collapse: collapse; width: 208.53pt;\" border=\"0\" width=\"278\" cellspacing=\"0\" cellpadding=\"0\">\n<tbody>\n<tr style=\"height: 25.00pt;\">\n<td class=\"et2\" style=\"height: 25.00pt; width: 105.00pt;\" width=\"140\" height=\"33\">Orderbelopp<\/td>\n<td class=\"et2\" style=\"width: 103.50pt;\" width=\"138\">Fri m\u00e4ngd<\/td>\n<\/tr>\n<tr style=\"height: 15.75pt;\">\n<td class=\"et3\" style=\"height: 15.75pt;\" height=\"21\">200.00 \u20ac<\/td>\n<td class=\"et2\">5<\/td>\n<\/tr>\n<tr style=\"height: 15.75pt;\">\n<td class=\"et3\" style=\"height: 15.75pt;\" height=\"21\">300.00 \u20ac<\/td>\n<td class=\"et2\">10<\/td>\n<\/tr>\n<tr style=\"height: 15.75pt;\">\n<td class=\"et3\" style=\"height: 15.75pt;\" height=\"21\">400.00 \u20ac<\/td>\n<td class=\"et2\">15<\/td>\n<\/tr>\n<tr style=\"height: 15.75pt;\">\n<td class=\"et3\" style=\"height: 15.75pt;\" height=\"21\">500.00 \u20ac<\/td>\n<td class=\"et2\">20<\/td>\n<\/tr>\n<tr style=\"height: 15.75pt;\">\n<td class=\"et3\" style=\"height: 15.75pt;\" height=\"21\">600.00 \u20ac<\/td>\n<td class=\"et2\">25<\/td>\n<\/tr>\n<\/tbody>\n<\/table>","protected":false},"excerpt":{"rendered":"<p>K\u00f6p 200 \u20ac F\u00e5 ElfBar TE6000x 5 PCS<br \/>\nSlumpm\u00e4ssiga smaker <strong>GIVE AWAY<\/strong><\/p>\n<p>Best\u00e4ll inte denna produkt direkt<br \/>\nVi l\u00e4gger till gratisartiklar till din best\u00e4llning baserat p\u00e5 din orderkvantitet.<\/p>\n<table style=\"border-collapse: collapse; width: 33.1434%; height: 100px;\" border=\"0\" width=\"278\" cellspacing=\"0\" cellpadding=\"0\">\n<tbody>\n<tr style=\"height: 25.00pt;\">\n<td class=\"et2\" style=\"height: 25px; width: 51.937%;\" width=\"140\" height=\"33\">Orderbelopp<\/td>\n<td class=\"et2\" style=\"width: 93.4191%; height: 25px;\" width=\"138\">Fri m\u00e4ngd<\/td>\n<\/tr>\n<tr style=\"height: 15.75pt;\">\n<td class=\"et3\" style=\"height: 15px; width: 51.937%;\" height=\"21\">200.00 \u20ac<\/td>\n<td class=\"et2\" style=\"height: 15px; width: 93.4191%;\">5 PCS<\/td>\n<\/tr>\n<tr style=\"height: 15.75pt;\">\n<td class=\"et3\" style=\"height: 15px; width: 51.937%;\" height=\"21\">300.00 \u20ac<\/td>\n<td class=\"et2\" style=\"height: 15px; width: 93.4191%;\">10 PCS<\/td>\n<\/tr>\n<tr style=\"height: 15.75pt;\">\n<td class=\"et3\" style=\"height: 15px; width: 51.937%;\" height=\"21\">400.00 \u20ac<\/td>\n<td class=\"et2\" style=\"height: 15px; width: 93.4191%;\">15 PCS<\/td>\n<\/tr>\n<tr style=\"height: 15.75pt;\">\n<td class=\"et3\" style=\"height: 15px; width: 51.937%;\" height=\"21\">500.00 \u20ac<\/td>\n<td class=\"et2\" style=\"height: 15px; width: 93.4191%;\">20 PCS<\/td>\n<\/tr>\n<tr style=\"height: 15.75pt;\">\n<td class=\"et3\" style=\"height: 15px; width: 51.937%;\" height=\"21\">600.00 \u20ac<\/td>\n<td class=\"et2\" style=\"height: 15px; width: 93.4191%;\">25 STYCK<\/td>\n<\/tr>\n<\/tbody>\n<\/table>","protected":false},"featured_media":2016,"comment_status":"open","ping_status":"closed","template":"","meta":{"om_disable_all_campaigns":false,"_monsterinsights_skip_tracking":false,"_monsterinsights_sitenote_active":false,"_monsterinsights_sitenote_note":"","_monsterinsights_sitenote_category":0},"product_brand":[],"product_cat":[31],"product_tag":[39,40],"berocket_brand":[30],"class_list":{"0":"post-1837","1":"product","2":"type-product","3":"status-publish","4":"has-post-thumbnail","6":"product_cat-elf-bar","7":"product_tag-elf-bar","8":"product_tag-give-away","9":"berocket_brand-elf-bar","11":"first","12":"instock","13":"shipping-taxable","14":"purchasable","15":"product-type-simple"},"aioseo_notices":[],"tiered_pricing_fixed_rules":[],"tiered_pricing_percentage_rules":[],"tiered_pricing_type":"fixed","tiered_pricing_minimum":1,"_links":{"self":[{"href":"https:\/\/www.puffsvape.com\/sv\/wp-json\/wp\/v2\/product\/1837","targetHints":{"allow":["GET"]}}],"collection":[{"href":"https:\/\/www.puffsvape.com\/sv\/wp-json\/wp\/v2\/product"}],"about":[{"href":"https:\/\/www.puffsvape.com\/sv\/wp-json\/wp\/v2\/types\/product"}],"replies":[{"embeddable":true,"href":"https:\/\/www.puffsvape.com\/sv\/wp-json\/wp\/v2\/comments?post=1837"}],"wp:featuredmedia":[{"embeddable":true,"href":"https:\/\/www.puffsvape.com\/sv\/wp-json\/wp\/v2\/media\/2016"}],"wp:attachment":[{"href":"https:\/\/www.puffsvape.com\/sv\/wp-json\/wp\/v2\/media?parent=1837"}],"wp:term":[{"taxonomy":"product_brand","embeddable":true,"href":"https:\/\/www.puffsvape.com\/sv\/wp-json\/wp\/v2\/product_brand?post=1837"},{"taxonomy":"product_cat","embeddable":true,"href":"https:\/\/www.puffsvape.com\/sv\/wp-json\/wp\/v2\/product_cat?post=1837"},{"taxonomy":"product_tag","embeddable":true,"href":"https:\/\/www.puffsvape.com\/sv\/wp-json\/wp\/v2\/product_tag?post=1837"},{"taxonomy":"berocket_brand","embeddable":true,"href":"https:\/\/www.puffsvape.com\/sv\/wp-json\/wp\/v2\/berocket_brand?post=1837"}],"curies":[{"name":"wp","href":"https:\/\/api.w.org\/{rel}","templated":true}]}}