{"id":1684,"date":"2024-08-06T11:04:29","date_gmt":"2024-08-06T11:04:29","guid":{"rendered":"https:\/\/www.puffsvape.com\/?post_type=product&#038;p=1684"},"modified":"2026-05-09T17:23:13","modified_gmt":"2026-05-09T09:23:13","slug":"vapsolo-twins-20000-puffs-dual-flavors-disposable-vape","status":"publish","type":"product","link":"https:\/\/www.puffsvape.com\/sv\/produkt\/vapsolo-twins-20000-puffar-dubbla-smaker-engangs-vape\/","title":{"rendered":"VapSolo Twins 20000 Puffs Dual Flavors Eng\u00e5ngs Vape"},"content":{"rendered":"<p>VapSolo Twins 20000 Puffs \u00e4r utformad f\u00f6r dem som s\u00f6ker en problemfri vapingl\u00f6sning med h\u00f6g kapacitet. Med sina imponerande 25 ml f\u00f6rfylld e-juice kan anv\u00e4ndarna njuta av upp till 20000 puffar per enhet, vilket garanterar en l\u00e5ngvarig och tillfredsst\u00e4llande upplevelse.<\/p>\n<p>VapSolo Twins 20000 Puffs sticker ut med flera viktiga funktioner som f\u00f6rb\u00e4ttrar dess prestanda och anv\u00e4ndarv\u00e4nlighet. Dess 650mAh uppladdningsbara batteri, som laddas via en typ-C-port, s\u00e4kerst\u00e4ller milj\u00f6v\u00e4nlighet och kostnadseffektivitet. Den avancerade mesh-spolen med ett motst\u00e5nd p\u00e5 0,6\u03a9 garanterar en j\u00e4mn och konsekvent vapingupplevelse. Dessutom m\u00f6jligg\u00f6r det dubbla tanksystemet, som \u00e4r f\u00f6rfyllt med 19 ml e-juice, m\u00e5ngsidiga smakkombinationer.<\/p>\n<p>Denna enhet v\u00e4nder sig till b\u00e5de l\u00e4tta och tunga nikotinanv\u00e4ndare, med tillg\u00e4ngliga nikotinstyrkor p\u00e5 2% och 5%. Den smarta sk\u00e4rmen ger realtidsuppdateringar om batteritid och antal bloss, medan det justerbara luftfl\u00f6dessystemet g\u00f6r det m\u00f6jligt f\u00f6r anv\u00e4ndare att anpassa sin vapingupplevelse. Det dragaktiverade pod-kitet g\u00f6r den enkel att anv\u00e4nda, perfekt f\u00f6r MTL-vaping (Mouth to Lung).<\/p>\n<h2>VapSolo Twins 20000 Funktioner<\/h2>\n<ul>\n<li>H\u00f6g kapacitet f\u00f6r e-v\u00e4tska: VapSolo Twins levereras f\u00f6rfylld med 25 ml e-v\u00e4tska, vilket s\u00e4kerst\u00e4ller att du kan njuta av en l\u00e5ngvarig vapingupplevelse utan frekventa p\u00e5fyllningar.<\/li>\n<li>Uppladdningsbart batteri: VapSolo Twins \u00e4r utrustad med ett 650mAh-batteri och kan laddas med en typ-C-port, vilket g\u00f6r den milj\u00f6v\u00e4nlig och ekonomisk.<\/li>\n<li>Avancerad mesh-spole: Enheten har en mesh-spole med ett motst\u00e5nd p\u00e5 0,6\u03a9, vilket ger en j\u00e4mn och konsekvent vapingupplevelse med varje bloss.<\/li>\n<li>System med dubbla tankar: Det 19 ml f\u00f6rfyllda systemet med dubbla tankar ger m\u00f6jlighet till m\u00e5ngsidiga smakkombinationer, vilket f\u00f6rb\u00e4ttrar den totala vapingupplevelsen.<\/li>\n<li>Nikotinalternativ: VapSolo Twins finns tillg\u00e4nglig med nikotinstyrkorna 2% och 5% och passar b\u00e5de l\u00e4tta och tunga nikotinanv\u00e4ndare.<\/li>\n<li>Smart displaysk\u00e4rm: Den integrerade smarta sk\u00e4rmen ger uppdateringar i realtid om batteritid och antal puffar, s\u00e5 att du alltid \u00e4r informerad.<\/li>\n<li>Kontroll av luftfl\u00f6de: Det justerbara luftfl\u00f6dessystemet g\u00f6r det m\u00f6jligt f\u00f6r anv\u00e4ndare att anpassa sin vapingupplevelse efter deras preferenser.<\/li>\n<li>Pod-kit med dragaktivering: Den dragaktiverade mekanismen g\u00f6r VapSolo Twins otroligt l\u00e4tt att anv\u00e4nda, perfekt f\u00f6r MTL-vaping (Mouth to Lung).<\/li>\n<\/ul>\n<h2>Smaklista<\/h2>\n<p>1. Citron Lime&amp; Vattenmelon Is<br \/>\n2. Grape Ice&amp; Strawberry Kiwi<br \/>\n3. Ananas Kokosn\u00f6t&amp; Jordgubb Banan<br \/>\n4. Apelsin Mango Vattenmelon&amp; Red Bull<br \/>\n5. Bl\u00e5b\u00e4rsis&amp; Fizzy Cherry<br \/>\n6. Vattenmelonis &amp; blandade b\u00e4r<br \/>\n7. Stawberry Banana&amp; Fizzy Cherry<br \/>\n8. Jordgubb Hallon K\u00f6rsb\u00e4r Is&amp; Druv Is<br \/>\n9. Blue Razz Lemonade &amp; Lemon Lime<br \/>\n10. Vattenmelon Ice&amp; Jordgubb Mango<br \/>\n11. Trippel Melon &amp; Hallon Vattenmelon<br \/>\n12. Svart is Drakfrukt Jordgubb &amp; hallon Vattenmelon<br \/>\n13. Ananas kokosn\u00f6t &amp; vattenmelon is<br \/>\n14. Jordgubbsis &amp; Mango Persika Vattenmelon<br \/>\n15. Jordgubb Kiwi &amp; Jordgubb Hallon Chery Ice<br \/>\n16. Trippel Melon &amp; Ananas Kokosn\u00f6t<\/p>\n<figure id=\"attachment_1685\" aria-describedby=\"caption-attachment-1685\" style=\"width: 800px\" class=\"wp-caption alignnone\"><img fetchpriority=\"high\" decoding=\"async\" class=\"size-full wp-image-1685\" title=\"Vapsolo Twins 20000 Puffs Eng\u00e5ngs Vape Partihandel apelsin mango vattenmelon red bull\" src=\"https:\/\/www.puffsvape.com\/wp-content\/uploads\/2024\/08\/Vapsolo-Twins-20000-Puffs-Disposable-Vape-Wholesale-orange-mango-watermelon-red-bull.jpg\" alt=\"Vapsolo Twins 20000 Puffs Eng\u00e5ngs Vape Partihandel apelsin mango vattenmelon red bull\" width=\"800\" height=\"800\" srcset=\"https:\/\/www.puffsvape.com\/wp-content\/uploads\/2024\/08\/Vapsolo-Twins-20000-Puffs-Disposable-Vape-Wholesale-orange-mango-watermelon-red-bull.jpg 800w, https:\/\/www.puffsvape.com\/wp-content\/uploads\/2024\/08\/Vapsolo-Twins-20000-Puffs-Disposable-Vape-Wholesale-orange-mango-watermelon-red-bull-247x247.jpg 247w, https:\/\/www.puffsvape.com\/wp-content\/uploads\/2024\/08\/Vapsolo-Twins-20000-Puffs-Disposable-Vape-Wholesale-orange-mango-watermelon-red-bull-100x100.jpg 100w, https:\/\/www.puffsvape.com\/wp-content\/uploads\/2024\/08\/Vapsolo-Twins-20000-Puffs-Disposable-Vape-Wholesale-orange-mango-watermelon-red-bull-510x510.jpg 510w, https:\/\/www.puffsvape.com\/wp-content\/uploads\/2024\/08\/Vapsolo-Twins-20000-Puffs-Disposable-Vape-Wholesale-orange-mango-watermelon-red-bull-300x300.jpg 300w, https:\/\/www.puffsvape.com\/wp-content\/uploads\/2024\/08\/Vapsolo-Twins-20000-Puffs-Disposable-Vape-Wholesale-orange-mango-watermelon-red-bull-150x150.jpg 150w, https:\/\/www.puffsvape.com\/wp-content\/uploads\/2024\/08\/Vapsolo-Twins-20000-Puffs-Disposable-Vape-Wholesale-orange-mango-watermelon-red-bull-768x768.jpg 768w, https:\/\/www.puffsvape.com\/wp-content\/uploads\/2024\/08\/Vapsolo-Twins-20000-Puffs-Disposable-Vape-Wholesale-orange-mango-watermelon-red-bull-12x12.jpg 12w, https:\/\/www.puffsvape.com\/wp-content\/uploads\/2024\/08\/Vapsolo-Twins-20000-Puffs-Disposable-Vape-Wholesale-orange-mango-watermelon-red-bull-575x575.jpg 575w, https:\/\/www.puffsvape.com\/wp-content\/uploads\/2024\/08\/Vapsolo-Twins-20000-Puffs-Disposable-Vape-Wholesale-orange-mango-watermelon-red-bull-380x380.jpg 380w, https:\/\/www.puffsvape.com\/wp-content\/uploads\/2024\/08\/Vapsolo-Twins-20000-Puffs-Disposable-Vape-Wholesale-orange-mango-watermelon-red-bull-50x50.jpg 50w, https:\/\/www.puffsvape.com\/wp-content\/uploads\/2024\/08\/Vapsolo-Twins-20000-Puffs-Disposable-Vape-Wholesale-orange-mango-watermelon-red-bull-26x26.jpg 26w\" sizes=\"(max-width: 800px) 100vw, 800px\" \/><figcaption id=\"caption-attachment-1685\" class=\"wp-caption-text\">Vapsolo Twins 20000 Puffs Eng\u00e5ngs Vape<\/figcaption><\/figure>","protected":false},"excerpt":{"rendered":"<div class=\"woocommerce-product-details__short-description\">\n<p>Minsta best\u00e4llningskvantitet: 50 st\/Mix smak<\/p>\n<\/div>","protected":false},"featured_media":1689,"comment_status":"open","ping_status":"closed","template":"","meta":{"om_disable_all_campaigns":false,"_monsterinsights_skip_tracking":false,"_monsterinsights_sitenote_active":false,"_monsterinsights_sitenote_note":"","_monsterinsights_sitenote_category":0},"product_brand":[],"product_cat":[37],"product_tag":[],"berocket_brand":[38],"class_list":{"0":"post-1684","1":"product","2":"type-product","3":"status-publish","4":"has-post-thumbnail","6":"product_cat-vapsolo","7":"berocket_brand-vapsolo","8":"wcpa_has_options","10":"first","11":"instock","12":"shipping-taxable","13":"purchasable","14":"product-type-variable","15":"has-default-attributes"},"aioseo_notices":[],"tiered_pricing_fixed_rules":{"50":"9.22","100":"7.79"},"tiered_pricing_percentage_rules":{"50":"9.22","100":"7.79"},"tiered_pricing_type":"fixed","tiered_pricing_minimum":10,"_links":{"self":[{"href":"https:\/\/www.puffsvape.com\/sv\/wp-json\/wp\/v2\/product\/1684","targetHints":{"allow":["GET"]}}],"collection":[{"href":"https:\/\/www.puffsvape.com\/sv\/wp-json\/wp\/v2\/product"}],"about":[{"href":"https:\/\/www.puffsvape.com\/sv\/wp-json\/wp\/v2\/types\/product"}],"replies":[{"embeddable":true,"href":"https:\/\/www.puffsvape.com\/sv\/wp-json\/wp\/v2\/comments?post=1684"}],"wp:featuredmedia":[{"embeddable":true,"href":"https:\/\/www.puffsvape.com\/sv\/wp-json\/wp\/v2\/media\/1689"}],"wp:attachment":[{"href":"https:\/\/www.puffsvape.com\/sv\/wp-json\/wp\/v2\/media?parent=1684"}],"wp:term":[{"taxonomy":"product_brand","embeddable":true,"href":"https:\/\/www.puffsvape.com\/sv\/wp-json\/wp\/v2\/product_brand?post=1684"},{"taxonomy":"product_cat","embeddable":true,"href":"https:\/\/www.puffsvape.com\/sv\/wp-json\/wp\/v2\/product_cat?post=1684"},{"taxonomy":"product_tag","embeddable":true,"href":"https:\/\/www.puffsvape.com\/sv\/wp-json\/wp\/v2\/product_tag?post=1684"},{"taxonomy":"berocket_brand","embeddable":true,"href":"https:\/\/www.puffsvape.com\/sv\/wp-json\/wp\/v2\/berocket_brand?post=1684"}],"curies":[{"name":"wp","href":"https:\/\/api.w.org\/{rel}","templated":true}]}}