{"id":1653,"date":"2024-08-06T10:42:16","date_gmt":"2024-08-06T10:42:16","guid":{"rendered":"https:\/\/www.puffsvape.com\/?post_type=product&#038;p=1653"},"modified":"2026-04-25T02:35:57","modified_gmt":"2026-04-24T18:35:57","slug":"vapsolo-viking-12000-disposable-vape","status":"publish","type":"product","link":"https:\/\/www.puffsvape.com\/sv\/produkt\/vapsolo-viking-12000-engangsvapen\/","title":{"rendered":"VapSolo Viking 12000 eng\u00e5ngsvape"},"content":{"rendered":"<p>VapSolo Viking 12000 Puffs erbjuder den ultimata vapingupplevelsen f\u00f6r b\u00e5de nyb\u00f6rjare och erfarna vapers. Denna toppmoderna eng\u00e5ngs vape penna \u00e4r designad f\u00f6r kvalitet, livsl\u00e4ngd och variation. Dess eleganta och kompakta design garanterar stil och bekv\u00e4mlighet, perfekt f\u00f6r anv\u00e4ndning p\u00e5 spr\u00e5ng.<\/p>\n<p>VapSolo Viking 12000 Puffs \u00e4r utrustad med avancerade funktioner och har en 22 ml e-liquid-kapacitet och ett 650mAh uppladdningsbart batteri, vilket ger l\u00e5ngvarig kraft f\u00f6r l\u00e4ngre vaping-sessioner. Mesh-spoltekniken och 1,0\u03a9-spolmotst\u00e5ndet ger en j\u00e4mn och rik \u00e5ngproduktion, vilket f\u00f6rb\u00e4ttrar smakrenheten. En typ C-laddningsport m\u00f6jligg\u00f6r snabb och effektiv laddning, medan den l\u00e4tta designen p\u00e5 bara 85 gram g\u00f6r den mycket b\u00e4rbar.<\/p>\n<p>VapSolo Viking 12000 Puffs har en LCD-display f\u00f6r enkel \u00f6vervakning av vapnets status och inst\u00e4llningar, och fyra justerbara luftfl\u00f6desniv\u00e5er f\u00f6r att anpassa din vapingupplevelse. Det finns m\u00f6jlighet att k\u00f6pa i bulk, d\u00e4r varje kartong inneh\u00e5ller 200 stycken och 10 kartonger per l\u00e5da, perfekt f\u00f6r grossistk\u00f6pare.<\/p>\n<p>F\u00f6r dem som vill k\u00f6pa i bulk erbjuder Gleevape utm\u00e4rkt v\u00e4rde p\u00e5 VapSolo Viking 12000 Puffs. Fyll p\u00e5 med en m\u00e4ngd olika smaker och njut av en p\u00e5litlig och trevlig vapingupplevelse. Varje kartong inneh\u00e5ller 200 stycken, med 10 kartonger per l\u00e5da, vilket g\u00f6r lagerhantering och distribution s\u00f6ml\u00f6s.<\/p>\n<h2>VapSolo Viking 12000 Puffs Egenskaper<\/h2>\n<ul>\n<li>22 ml kapacitet f\u00f6r e-v\u00e4tska: Njut av l\u00e4ngre vaping-sessioner utan behov av frekventa p\u00e5fyllningar.<\/li>\n<li>Uppladdningsbart batteri p\u00e5 650 mAh: Ger l\u00e5ngvarig kraft f\u00f6r upp till 12000 puffar, s\u00e5 att du h\u00e5ller dig laddad hela dagen.<\/li>\n<li>Mesh-spolteknik: Ger j\u00e4mn och riklig \u00e5nga vid varje bloss och f\u00f6rh\u00f6jer smakupplevelsen.<\/li>\n<li>1,0\u03a9 spolmotst\u00e5nd: Optimerad f\u00f6r j\u00e4mn och smakrik \u00e5ngproduktion.<\/li>\n<li>Typ-C laddningsport: M\u00f6jligg\u00f6r snabb och bekv\u00e4m laddning.<\/li>\n<li>LCD-display: G\u00f6r att du enkelt kan \u00f6vervaka din vape's status och inst\u00e4llningar.<\/li>\n<li>Fyra niv\u00e5er av luftfl\u00f6de: Anpassa din vapingupplevelse med justerbara luftfl\u00f6desinst\u00e4llningar f\u00f6r en perfekt dragning.<\/li>\n<li>Kompakt och b\u00e4rbar: Den v\u00e4ger bara 85 gram och \u00e4r l\u00e4tt att b\u00e4ra med sig och anv\u00e4nda var du \u00e4n g\u00e5r.<\/li>\n<li>Alternativ f\u00f6r ink\u00f6p i bulk: Finns i 200 stycken per kartong, 10 kartonger per l\u00e5da, vilket g\u00f6r den perfekt f\u00f6r grossistk\u00f6pare.<\/li>\n<\/ul>\n<div class=\"wmkc-template-12\">\n<h2 class=\"wmkc-white\">Smaklista<\/h2>\n<\/div>\n<ul>\n<li>Bl\u00e5b\u00e4r Hallon<\/li>\n<li>Bl\u00e5b\u00e4r<\/li>\n<li>Fizzy Cherry<\/li>\n<li>Vattenmelon-is<\/li>\n<li>Jordgubb Kiwi<\/li>\n<li>Jordgubbar Vattenmelon<\/li>\n<li>Sommardr\u00f6m<\/li>\n<li>Bl\u00e5b\u00e4r K\u00f6rsb\u00e4r Tranb\u00e4r<\/li>\n<li>Citron Lime<\/li>\n<li>Gummibj\u00f6rn<\/li>\n<li>Jordgubbar Bananer<\/li>\n<li>F\u00e4rsk mynta<\/li>\n<li>Jordgubbs-hallon-is<\/li>\n<li>Citron Persika<\/li>\n<li>Red Apple Ice<\/li>\n<\/ul>\n<figure id=\"attachment_1663\" aria-describedby=\"caption-attachment-1663\" style=\"width: 800px\" class=\"wp-caption alignnone\"><img fetchpriority=\"high\" decoding=\"async\" class=\"size-full wp-image-1663\" title=\"Vapsolo Viking 12000 puffar eng\u00e5ngsvape grossist jordgubb banana\" src=\"https:\/\/www.puffsvape.com\/wp-content\/uploads\/2024\/08\/Vapsolo-Viking-12000-Puffs-Disposable-Vape-Wholesale-Strawberry-Banana.jpg\" alt=\"Vapsolo Viking 12000 puffar eng\u00e5ngsvape grossist jordgubb banana\" width=\"800\" height=\"815\" srcset=\"https:\/\/www.puffsvape.com\/wp-content\/uploads\/2024\/08\/Vapsolo-Viking-12000-Puffs-Disposable-Vape-Wholesale-Strawberry-Banana.jpg 800w, https:\/\/www.puffsvape.com\/wp-content\/uploads\/2024\/08\/Vapsolo-Viking-12000-Puffs-Disposable-Vape-Wholesale-Strawberry-Banana-510x520.jpg 510w, https:\/\/www.puffsvape.com\/wp-content\/uploads\/2024\/08\/Vapsolo-Viking-12000-Puffs-Disposable-Vape-Wholesale-Strawberry-Banana-294x300.jpg 294w, https:\/\/www.puffsvape.com\/wp-content\/uploads\/2024\/08\/Vapsolo-Viking-12000-Puffs-Disposable-Vape-Wholesale-Strawberry-Banana-768x782.jpg 768w, https:\/\/www.puffsvape.com\/wp-content\/uploads\/2024\/08\/Vapsolo-Viking-12000-Puffs-Disposable-Vape-Wholesale-Strawberry-Banana-12x12.jpg 12w, https:\/\/www.puffsvape.com\/wp-content\/uploads\/2024\/08\/Vapsolo-Viking-12000-Puffs-Disposable-Vape-Wholesale-Strawberry-Banana-575x586.jpg 575w, https:\/\/www.puffsvape.com\/wp-content\/uploads\/2024\/08\/Vapsolo-Viking-12000-Puffs-Disposable-Vape-Wholesale-Strawberry-Banana-380x387.jpg 380w, https:\/\/www.puffsvape.com\/wp-content\/uploads\/2024\/08\/Vapsolo-Viking-12000-Puffs-Disposable-Vape-Wholesale-Strawberry-Banana-50x50.jpg 50w, https:\/\/www.puffsvape.com\/wp-content\/uploads\/2024\/08\/Vapsolo-Viking-12000-Puffs-Disposable-Vape-Wholesale-Strawberry-Banana-26x26.jpg 26w\" sizes=\"(max-width: 800px) 100vw, 800px\" \/><figcaption id=\"caption-attachment-1663\" class=\"wp-caption-text\">Vapsolo Viking 12000 Puffs Eng\u00e5ngs Vape<\/figcaption><\/figure>","protected":false},"excerpt":{"rendered":"<p>Minsta best\u00e4llningskvantitet: 50 st\/Mix smak<\/p>","protected":false},"featured_media":1665,"comment_status":"open","ping_status":"closed","template":"","meta":{"om_disable_all_campaigns":false,"_monsterinsights_skip_tracking":false,"_monsterinsights_sitenote_active":false,"_monsterinsights_sitenote_note":"","_monsterinsights_sitenote_category":0},"product_brand":[],"product_cat":[37],"product_tag":[],"berocket_brand":[38],"class_list":{"0":"post-1653","1":"product","2":"type-product","3":"status-publish","4":"has-post-thumbnail","6":"product_cat-vapsolo","7":"berocket_brand-vapsolo","8":"wcpa_has_options","10":"first","11":"instock","12":"shipping-taxable","13":"purchasable","14":"product-type-variable","15":"has-default-attributes"},"aioseo_notices":[],"tiered_pricing_fixed_rules":{"50":"8.29","100":"6.86"},"tiered_pricing_percentage_rules":{"50":"8.29","100":"6.86"},"tiered_pricing_type":"fixed","tiered_pricing_minimum":10,"_links":{"self":[{"href":"https:\/\/www.puffsvape.com\/sv\/wp-json\/wp\/v2\/product\/1653","targetHints":{"allow":["GET"]}}],"collection":[{"href":"https:\/\/www.puffsvape.com\/sv\/wp-json\/wp\/v2\/product"}],"about":[{"href":"https:\/\/www.puffsvape.com\/sv\/wp-json\/wp\/v2\/types\/product"}],"replies":[{"embeddable":true,"href":"https:\/\/www.puffsvape.com\/sv\/wp-json\/wp\/v2\/comments?post=1653"}],"wp:featuredmedia":[{"embeddable":true,"href":"https:\/\/www.puffsvape.com\/sv\/wp-json\/wp\/v2\/media\/1665"}],"wp:attachment":[{"href":"https:\/\/www.puffsvape.com\/sv\/wp-json\/wp\/v2\/media?parent=1653"}],"wp:term":[{"taxonomy":"product_brand","embeddable":true,"href":"https:\/\/www.puffsvape.com\/sv\/wp-json\/wp\/v2\/product_brand?post=1653"},{"taxonomy":"product_cat","embeddable":true,"href":"https:\/\/www.puffsvape.com\/sv\/wp-json\/wp\/v2\/product_cat?post=1653"},{"taxonomy":"product_tag","embeddable":true,"href":"https:\/\/www.puffsvape.com\/sv\/wp-json\/wp\/v2\/product_tag?post=1653"},{"taxonomy":"berocket_brand","embeddable":true,"href":"https:\/\/www.puffsvape.com\/sv\/wp-json\/wp\/v2\/berocket_brand?post=1653"}],"curies":[{"name":"wp","href":"https:\/\/api.w.org\/{rel}","templated":true}]}}