{"id":1605,"date":"2024-08-05T05:08:15","date_gmt":"2024-08-05T05:08:15","guid":{"rendered":"https:\/\/www.puffsvape.com\/?post_type=product&#038;p=1605"},"modified":"2026-04-28T18:41:59","modified_gmt":"2026-04-28T10:41:59","slug":"al-fakher-crown-bar-15000-pro-max-shisha-disposable-vape","status":"publish","type":"product","link":"https:\/\/www.puffsvape.com\/sv\/produkt\/al-fakher-kronbar-15000-pro-max-shisha-engangs-vape\/","title":{"rendered":"Al Fakher Crown Bar 15000 Pro Max Shisha eng\u00e5ngsvape"},"content":{"rendered":"<p>Al Fakher Crown Bar 15000 puffs eng\u00e5ngs vape pod enhet \u00e4r en kraftfull unikt formad enhet som packar ett slag med ett 600mAh USB-C uppladdningsbart batteri, 22mL uts\u00f6kt ejuice och kommer att h\u00e5lla dig 15000 puffs. Al Fakher Crown Bar 15000 Puffs \u00e4r den NYASTE versionen av deras ursprungliga 8000 puffs Crown Bar. Den har en avancerad LED-display som g\u00f6r det m\u00f6jligt f\u00f6r vapers att se b\u00e5de e-v\u00e4tskeniv\u00e5n och batteritiden med varje puff. Crown Bar 15000 Puffs fr\u00e5n Al Fakher producerar massiva moln och logotypen \u00e4r inb\u00e4ddad p\u00e5 enheten f\u00f6r ett intressant \u00e4mne f\u00f6r sociala diskussioner. Al Fakher Crown Bar 15000 puffs r\u00e4cker i flera dagar och laddas enkelt n\u00e4r du \u00e4r p\u00e5 spr\u00e5ng. Kolla in v\u00e5r samling av eng\u00e5ngs vape buntar.<\/p>\n<h2><span style=\"font-size: 18pt;\"><strong>Al Fakher Crown Bar 15000 Pro Max Enhet Detaljer<\/strong>:<\/span><\/h2>\n<ul>\n<li>Kapacitet: 22 ml<\/li>\n<li>Nikotinstyrka: 5% (50 mg)<\/li>\n<li><span style=\"font-size: 0.875rem;\">Batterikapacitet: Uppladdningsbart 600mAh USB typ-C (<\/span><strong style=\"font-size: 0.875rem;\"><em>kabel ing\u00e5r ej<\/em><\/strong><span style=\"font-size: 0.875rem;\">)<\/span><\/li>\n<li>Antal puffar: + 15000<\/li>\n<li>Smaker: 20 tillg\u00e4ngliga smaker<\/li>\n<\/ul>\n<h2><span style=\"font-size: 18pt;\"><strong>Tillg\u00e4ngliga smaker:<\/strong><\/span><\/h2>\n<ul>\n<li>B\u00e4ris<\/li>\n<li>Berry Mint<\/li>\n<li>Svartvinb\u00e4rsis<\/li>\n<li>Bl\u00e5b\u00e4rstuggummi<\/li>\n<li>Blue Razz Lemonade<\/li>\n<li>K\u00f6rsb\u00e4rsfiesta<\/li>\n<li>Druva Mint<\/li>\n<li>Smak av tuggummi<\/li>\n<li>Tuggummi Mint<\/li>\n<li>Citronmynta<\/li>\n<li>Lucid dr\u00f6m<\/li>\n<li>Lush Ice<\/li>\n<li>Magisk k\u00e4rlek<\/li>\n<li>Mango is<\/li>\n<li>Mint<\/li>\n<li>Persika is<\/li>\n<li>Tv\u00e5 \u00e4pplen<\/li>\n<li>Jordgubbsb\u00e5l<\/li>\n<li>S\u00f6t passionsfrukt<\/li>\n<li>Vit blixt<\/li>\n<\/ul>\n<figure id=\"attachment_1624\" aria-describedby=\"caption-attachment-1624\" style=\"width: 500px\" class=\"wp-caption alignnone\"><img fetchpriority=\"high\" decoding=\"async\" class=\"wp-image-1624 size-full\" title=\"al fakher krona bar 15000 eng\u00e5ngs vape\" src=\"https:\/\/www.puffsvape.com\/wp-content\/uploads\/2024\/08\/al-fakher_crown_bar-15000-disposable_vape.jpg\" alt=\"al fakher krona bar 15000 eng\u00e5ngs vape\" width=\"500\" height=\"500\" srcset=\"https:\/\/www.puffsvape.com\/wp-content\/uploads\/2024\/08\/al-fakher_crown_bar-15000-disposable_vape.jpg 500w, https:\/\/www.puffsvape.com\/wp-content\/uploads\/2024\/08\/al-fakher_crown_bar-15000-disposable_vape-247x247.jpg 247w, https:\/\/www.puffsvape.com\/wp-content\/uploads\/2024\/08\/al-fakher_crown_bar-15000-disposable_vape-100x100.jpg 100w, https:\/\/www.puffsvape.com\/wp-content\/uploads\/2024\/08\/al-fakher_crown_bar-15000-disposable_vape-300x300.jpg 300w, https:\/\/www.puffsvape.com\/wp-content\/uploads\/2024\/08\/al-fakher_crown_bar-15000-disposable_vape-150x150.jpg 150w, https:\/\/www.puffsvape.com\/wp-content\/uploads\/2024\/08\/al-fakher_crown_bar-15000-disposable_vape-12x12.jpg 12w, https:\/\/www.puffsvape.com\/wp-content\/uploads\/2024\/08\/al-fakher_crown_bar-15000-disposable_vape-380x380.jpg 380w, https:\/\/www.puffsvape.com\/wp-content\/uploads\/2024\/08\/al-fakher_crown_bar-15000-disposable_vape-50x50.jpg 50w, https:\/\/www.puffsvape.com\/wp-content\/uploads\/2024\/08\/al-fakher_crown_bar-15000-disposable_vape-26x26.jpg 26w\" sizes=\"(max-width: 500px) 100vw, 500px\" \/><figcaption id=\"caption-attachment-1624\" class=\"wp-caption-text\">Al Fakher Crown Bar 15000 Pro Max Shisha eng\u00e5ngsvape<\/figcaption><\/figure>","protected":false},"excerpt":{"rendered":"<p>Minsta best\u00e4llningskvantitet: 10 st\/Mix smak<\/p>","protected":false},"featured_media":1624,"comment_status":"open","ping_status":"closed","template":"","meta":{"om_disable_all_campaigns":false,"_monsterinsights_skip_tracking":false,"_monsterinsights_sitenote_active":false,"_monsterinsights_sitenote_note":"","_monsterinsights_sitenote_category":0},"product_brand":[],"product_cat":[36],"product_tag":[],"berocket_brand":[35],"class_list":{"0":"post-1605","1":"product","2":"type-product","3":"status-publish","4":"has-post-thumbnail","6":"product_cat-al-fakher","7":"berocket_brand-al-fakher","9":"first","10":"outofstock","11":"shipping-taxable","12":"purchasable","13":"product-type-variable","14":"has-default-attributes"},"aioseo_notices":[],"tiered_pricing_fixed_rules":{"20":"10","30":"15","40":"20","50":"25","100":"30"},"tiered_pricing_percentage_rules":{"20":"10","30":"15","40":"20","50":"25","100":"30"},"tiered_pricing_type":"percentage","tiered_pricing_minimum":1,"_links":{"self":[{"href":"https:\/\/www.puffsvape.com\/sv\/wp-json\/wp\/v2\/product\/1605","targetHints":{"allow":["GET"]}}],"collection":[{"href":"https:\/\/www.puffsvape.com\/sv\/wp-json\/wp\/v2\/product"}],"about":[{"href":"https:\/\/www.puffsvape.com\/sv\/wp-json\/wp\/v2\/types\/product"}],"replies":[{"embeddable":true,"href":"https:\/\/www.puffsvape.com\/sv\/wp-json\/wp\/v2\/comments?post=1605"}],"wp:featuredmedia":[{"embeddable":true,"href":"https:\/\/www.puffsvape.com\/sv\/wp-json\/wp\/v2\/media\/1624"}],"wp:attachment":[{"href":"https:\/\/www.puffsvape.com\/sv\/wp-json\/wp\/v2\/media?parent=1605"}],"wp:term":[{"taxonomy":"product_brand","embeddable":true,"href":"https:\/\/www.puffsvape.com\/sv\/wp-json\/wp\/v2\/product_brand?post=1605"},{"taxonomy":"product_cat","embeddable":true,"href":"https:\/\/www.puffsvape.com\/sv\/wp-json\/wp\/v2\/product_cat?post=1605"},{"taxonomy":"product_tag","embeddable":true,"href":"https:\/\/www.puffsvape.com\/sv\/wp-json\/wp\/v2\/product_tag?post=1605"},{"taxonomy":"berocket_brand","embeddable":true,"href":"https:\/\/www.puffsvape.com\/sv\/wp-json\/wp\/v2\/berocket_brand?post=1605"}],"curies":[{"name":"wp","href":"https:\/\/api.w.org\/{rel}","templated":true}]}}