{"id":1412,"date":"2024-08-01T05:47:16","date_gmt":"2024-08-01T05:47:16","guid":{"rendered":"https:\/\/www.puffsvape.com\/?post_type=product&#038;p=1412"},"modified":"2026-04-25T02:33:03","modified_gmt":"2026-04-24T18:33:03","slug":"bang-king-25000-puffs-disposable-vape","status":"publish","type":"product","link":"https:\/\/www.puffsvape.com\/sv\/produkt\/bang-king-25000-puffar-engangsvape\/","title":{"rendered":"Bang King 25000 Puffs Eng\u00e5ngs Vape"},"content":{"rendered":"<p>Bang King 25000 Puff \u00e4r utformad f\u00f6r vapers som s\u00f6ker exceptionell prestanda och bekv\u00e4mlighet. som st\u00f6der upp till 25 000 puffar och dubbla 23 ml pods (totalt 46 ml). Finns med 2% och 5% nikotin. Dual pod-system f\u00f6r att minska koluppbyggnad och \u00e5terst\u00e4lla smak. med Typ-C-laddning.<\/p>\n<p>Den presenterade med dubbla mesh sub ohm-spolar och med dubbla pod f\u00f6r att byta. bulkbest\u00e4lla v\u00e5rt breda urval 12 smaker av Bang King 25000 med snabb leverans och b\u00e4sta pris.<\/p>\n<h2><span style=\"font-size: 18pt;\">Bang King 25000 Dual Pods Detaljer<\/span><\/h2>\n<ul>\n<li>Dual Mesh 1,0 ohm Coils (stor+ \u00e5nga)<\/li>\n<li>2\/5% Nikotinsalt<\/li>\n<li>46 ml e-v\u00e4tska<\/li>\n<li>Dubbla kapslar<\/li>\n<li>12 smaker tillg\u00e4ngliga<\/li>\n<li>10 st i en displayl\u00e5da<\/li>\n<\/ul>\n<h2><span style=\"font-size: 18pt;\">Smaklista<\/span><\/h2>\n<p>1. Blue Razz Ice<br \/>\n2.Juicy Peach Ice<br \/>\n3. jordgubb vattenmelon<br \/>\n4. vattenmelon-is<br \/>\n5. jordgubbsbanan<br \/>\n6.Sour Apple Ice<br \/>\n7.Triple b\u00e4ris<br \/>\n8.tropisk frukt<br \/>\n9. Cherry Bomb<br \/>\n10.Grape Ice<br \/>\n11.Persika Mango<br \/>\n12. jordgubbe mango<\/p>\n<figure id=\"attachment_1416\" aria-describedby=\"caption-attachment-1416\" style=\"width: 800px\" class=\"wp-caption alignnone\"><img fetchpriority=\"high\" decoding=\"async\" class=\"size-full wp-image-1416\" title=\"Bang King 25000 Puffs Eng\u00e5ngs Vape Partihandel F\u00f6rpackning L\u00e5da\" src=\"https:\/\/www.puffsvape.com\/wp-content\/uploads\/2024\/08\/Bang-King-25000-Puffs-Disposable-Vape-Wholesale-Packing-Box.jpg\" alt=\"Bang King 25000 Puffs Eng\u00e5ngs Vape Partihandel F\u00f6rpackning L\u00e5da\" width=\"800\" height=\"800\" srcset=\"https:\/\/www.puffsvape.com\/wp-content\/uploads\/2024\/08\/Bang-King-25000-Puffs-Disposable-Vape-Wholesale-Packing-Box.jpg 800w, https:\/\/www.puffsvape.com\/wp-content\/uploads\/2024\/08\/Bang-King-25000-Puffs-Disposable-Vape-Wholesale-Packing-Box-247x247.jpg 247w, https:\/\/www.puffsvape.com\/wp-content\/uploads\/2024\/08\/Bang-King-25000-Puffs-Disposable-Vape-Wholesale-Packing-Box-100x100.jpg 100w, https:\/\/www.puffsvape.com\/wp-content\/uploads\/2024\/08\/Bang-King-25000-Puffs-Disposable-Vape-Wholesale-Packing-Box-510x510.jpg 510w, https:\/\/www.puffsvape.com\/wp-content\/uploads\/2024\/08\/Bang-King-25000-Puffs-Disposable-Vape-Wholesale-Packing-Box-300x300.jpg 300w, https:\/\/www.puffsvape.com\/wp-content\/uploads\/2024\/08\/Bang-King-25000-Puffs-Disposable-Vape-Wholesale-Packing-Box-150x150.jpg 150w, https:\/\/www.puffsvape.com\/wp-content\/uploads\/2024\/08\/Bang-King-25000-Puffs-Disposable-Vape-Wholesale-Packing-Box-768x768.jpg 768w, https:\/\/www.puffsvape.com\/wp-content\/uploads\/2024\/08\/Bang-King-25000-Puffs-Disposable-Vape-Wholesale-Packing-Box-575x575.jpg 575w, https:\/\/www.puffsvape.com\/wp-content\/uploads\/2024\/08\/Bang-King-25000-Puffs-Disposable-Vape-Wholesale-Packing-Box-380x380.jpg 380w\" sizes=\"(max-width: 800px) 100vw, 800px\" \/><figcaption id=\"caption-attachment-1416\" class=\"wp-caption-text\">Bang King 25000 Puffs Eng\u00e5ngs Vape<\/figcaption><\/figure>\n<figure id=\"attachment_1417\" aria-describedby=\"caption-attachment-1417\" style=\"width: 800px\" class=\"wp-caption alignnone\"><img decoding=\"async\" class=\"size-full wp-image-1417\" title=\"Bang King 25000 puffar eng\u00e5ngsvape grossist Sour Apple Ice\" src=\"https:\/\/www.puffsvape.com\/wp-content\/uploads\/2024\/08\/Bang-King-25000-Puffs-Disposable-Vape-Wholesale-Sour-Apple-Ice.jpg\" alt=\"Bang King 25000 puffar eng\u00e5ngsvape grossist Sour Apple Ice\" width=\"800\" height=\"800\" srcset=\"https:\/\/www.puffsvape.com\/wp-content\/uploads\/2024\/08\/Bang-King-25000-Puffs-Disposable-Vape-Wholesale-Sour-Apple-Ice.jpg 800w, https:\/\/www.puffsvape.com\/wp-content\/uploads\/2024\/08\/Bang-King-25000-Puffs-Disposable-Vape-Wholesale-Sour-Apple-Ice-247x247.jpg 247w, https:\/\/www.puffsvape.com\/wp-content\/uploads\/2024\/08\/Bang-King-25000-Puffs-Disposable-Vape-Wholesale-Sour-Apple-Ice-100x100.jpg 100w, https:\/\/www.puffsvape.com\/wp-content\/uploads\/2024\/08\/Bang-King-25000-Puffs-Disposable-Vape-Wholesale-Sour-Apple-Ice-510x510.jpg 510w, https:\/\/www.puffsvape.com\/wp-content\/uploads\/2024\/08\/Bang-King-25000-Puffs-Disposable-Vape-Wholesale-Sour-Apple-Ice-300x300.jpg 300w, https:\/\/www.puffsvape.com\/wp-content\/uploads\/2024\/08\/Bang-King-25000-Puffs-Disposable-Vape-Wholesale-Sour-Apple-Ice-150x150.jpg 150w, https:\/\/www.puffsvape.com\/wp-content\/uploads\/2024\/08\/Bang-King-25000-Puffs-Disposable-Vape-Wholesale-Sour-Apple-Ice-768x768.jpg 768w, https:\/\/www.puffsvape.com\/wp-content\/uploads\/2024\/08\/Bang-King-25000-Puffs-Disposable-Vape-Wholesale-Sour-Apple-Ice-575x575.jpg 575w, https:\/\/www.puffsvape.com\/wp-content\/uploads\/2024\/08\/Bang-King-25000-Puffs-Disposable-Vape-Wholesale-Sour-Apple-Ice-380x380.jpg 380w\" sizes=\"(max-width: 800px) 100vw, 800px\" \/><figcaption id=\"caption-attachment-1417\" class=\"wp-caption-text\">Bang King 25000 Puffs Eng\u00e5ngs Vape<\/figcaption><\/figure>","protected":false},"excerpt":{"rendered":"<p>Bang King 25000 Puff \u00e4r utformad f\u00f6r vapers som s\u00f6ker exceptionell prestanda och bekv\u00e4mlighet. som st\u00f6der upp till 25 000 puffar och dubbla 23 ml pods (totalt 46 ml). Finns med 2% och 5% nikotin. Dubbelt podsystem f\u00f6r att minska koluppbyggnad och \u00e5terst\u00e4lla smak. anv\u00e4nder Type-C-laddning. Den har sub ohm-spolar med dubbla n\u00e4t och med [...]","protected":false},"featured_media":1423,"comment_status":"open","ping_status":"closed","template":"","meta":{"om_disable_all_campaigns":false,"_monsterinsights_skip_tracking":false,"_monsterinsights_sitenote_active":false,"_monsterinsights_sitenote_note":"","_monsterinsights_sitenote_category":0},"product_brand":[],"product_cat":[15],"product_tag":[],"berocket_brand":[22],"class_list":{"0":"post-1412","1":"product","2":"type-product","3":"status-publish","4":"has-post-thumbnail","6":"product_cat-bang","7":"product_shipping_class-free","8":"berocket_brand-bang","9":"wcpa_has_options","11":"first","12":"instock","13":"featured","14":"shipping-taxable","15":"purchasable","16":"product-type-variable","17":"has-default-attributes"},"aioseo_notices":[],"tiered_pricing_fixed_rules":{"20":"9.48","30":"8.83","40":"8.18","50":"7.54","100":"6.11"},"tiered_pricing_percentage_rules":{"20":"9.48","30":"8.83","40":"8.18","50":"7.54","100":"6.11"},"tiered_pricing_type":"fixed","tiered_pricing_minimum":10,"_links":{"self":[{"href":"https:\/\/www.puffsvape.com\/sv\/wp-json\/wp\/v2\/product\/1412","targetHints":{"allow":["GET"]}}],"collection":[{"href":"https:\/\/www.puffsvape.com\/sv\/wp-json\/wp\/v2\/product"}],"about":[{"href":"https:\/\/www.puffsvape.com\/sv\/wp-json\/wp\/v2\/types\/product"}],"replies":[{"embeddable":true,"href":"https:\/\/www.puffsvape.com\/sv\/wp-json\/wp\/v2\/comments?post=1412"}],"wp:featuredmedia":[{"embeddable":true,"href":"https:\/\/www.puffsvape.com\/sv\/wp-json\/wp\/v2\/media\/1423"}],"wp:attachment":[{"href":"https:\/\/www.puffsvape.com\/sv\/wp-json\/wp\/v2\/media?parent=1412"}],"wp:term":[{"taxonomy":"product_brand","embeddable":true,"href":"https:\/\/www.puffsvape.com\/sv\/wp-json\/wp\/v2\/product_brand?post=1412"},{"taxonomy":"product_cat","embeddable":true,"href":"https:\/\/www.puffsvape.com\/sv\/wp-json\/wp\/v2\/product_cat?post=1412"},{"taxonomy":"product_tag","embeddable":true,"href":"https:\/\/www.puffsvape.com\/sv\/wp-json\/wp\/v2\/product_tag?post=1412"},{"taxonomy":"berocket_brand","embeddable":true,"href":"https:\/\/www.puffsvape.com\/sv\/wp-json\/wp\/v2\/berocket_brand?post=1412"}],"curies":[{"name":"wp","href":"https:\/\/api.w.org\/{rel}","templated":true}]}}