{"id":1386,"date":"2024-07-31T16:34:51","date_gmt":"2024-07-31T16:34:51","guid":{"rendered":"https:\/\/www.puffsvape.com\/?post_type=product&#038;p=1386"},"modified":"2026-04-09T19:50:23","modified_gmt":"2026-04-09T11:50:23","slug":"bang-king-coloor-30000-puffs-disposable-vape","status":"publish","type":"product","link":"https:\/\/www.puffsvape.com\/sv\/produkt\/bang-king-coloor-30000-puffar-engangsvape\/","title":{"rendered":"Bang King Coloor 30000 Puffs Eng\u00e5ngs Vape"},"content":{"rendered":"<p>Bang King Coloor 30000 Puffs \u00e4r en cool designad eng\u00e5ngsvape med dubbla smaker som syftar till en exceptionell vapingupplevelse, den \u00e4r utrustad med 1,0 ohm mesh-spole och inneh\u00e5ller 36 ml e-v\u00e4tska.<\/p>\n<p>Finns i nikotinstyrkorna 0%, 2%, 3% och 5%, vilket tillgodoser olika preferenser och behov. Det uppladdningsbara 550mAh-batteriet med Type-C-laddningsst\u00f6d s\u00e4kerst\u00e4ller att du snabbt och effektivt kan ladda din vape, s\u00e5 att den alltid \u00e4r redo att anv\u00e4ndas.<\/p>\n<p>Bulkorder v\u00e5rt breda urval 12 smaker Bang King Coloor 30.000 med b\u00e4sta pris och snabb leverans<\/p>\n<h2><span style=\"font-size: 18pt;\"><strong>Bang King Coloor 30000 Puffs Snabba detaljer<\/strong><\/span><\/h2>\n<ul>\n<li>Puffar: Upp till 30000 puffar<\/li>\n<li>K\u00e4rna: Mesh-spole 1,0 ohm<\/li>\n<li>E-v\u00e4tska: 36ml<\/li>\n<li>Nikotin: 0%\/ 2%\/ 3%\/ 5%<\/li>\n<li>Batteri: 550 mAh<\/li>\n<li>Uppladdningsbar: Typ C<\/li>\n<li>LCD Digital Display<\/li>\n<li>Dubbel smak<\/li>\n<li>Bang 30000 puffar<\/li>\n<\/ul>\n<h2><span style=\"font-size: 18pt;\"><strong>Smaklista<\/strong><\/span><\/h2>\n<ol>\n<li>Vattenmelon Ice &amp; Bl\u00e5b\u00e4r Mint<\/li>\n<li>Vattenmelon Ice &amp; Jordgubbar och Mango<\/li>\n<li>Jordgubb Vattenmelon &amp; Kiwi Passionsfrukt Guava<\/li>\n<li>Jordgubbs- och vattenmelon- och druvis<\/li>\n<li>Bl\u00e5b\u00e4rsis &amp; Svart drakis<\/li>\n<li>Bl\u00e5b\u00e4rsis &amp; jordgubb och banan<\/li>\n<li>Red Bull &amp; bl\u00e5b\u00e4rsvattenmelon<\/li>\n<li>Red Bull &amp; vattenmelon bubbelgodis<\/li>\n<li>Bl\u00e5b\u00e4r Hallon &amp; Persika Mango Vattenmelon<\/li>\n<li>Bl\u00e5b\u00e4r Hallon &amp; Blandad m\u00f6glig frukt<\/li>\n<li>Jordgubb Kiwi &amp; Persika Is<\/li>\n<li>Jordgubb Kiwi &amp; Surt \u00e4pple Hallon<\/li>\n<\/ol>\n<figure id=\"attachment_1398\" aria-describedby=\"caption-attachment-1398\" style=\"width: 800px\" class=\"wp-caption alignnone\"><img fetchpriority=\"high\" decoding=\"async\" class=\"wp-image-1398 size-full\" title=\"Bang King Coloor 30000 Puffs Eng\u00e5ngs Vape Partihandel (1)\" src=\"https:\/\/www.puffsvape.com\/wp-content\/uploads\/2024\/07\/Bang-King-Coloor-30000-Puffs-Disposable-Vape-Wholesale-1.jpg\" alt=\"Bang King Coloor 30000 Puffs Eng\u00e5ngs Vape Partihandel (1)\" width=\"800\" height=\"800\" srcset=\"https:\/\/www.puffsvape.com\/wp-content\/uploads\/2024\/07\/Bang-King-Coloor-30000-Puffs-Disposable-Vape-Wholesale-1.jpg 800w, https:\/\/www.puffsvape.com\/wp-content\/uploads\/2024\/07\/Bang-King-Coloor-30000-Puffs-Disposable-Vape-Wholesale-1-247x247.jpg 247w, https:\/\/www.puffsvape.com\/wp-content\/uploads\/2024\/07\/Bang-King-Coloor-30000-Puffs-Disposable-Vape-Wholesale-1-100x100.jpg 100w, https:\/\/www.puffsvape.com\/wp-content\/uploads\/2024\/07\/Bang-King-Coloor-30000-Puffs-Disposable-Vape-Wholesale-1-510x510.jpg 510w, https:\/\/www.puffsvape.com\/wp-content\/uploads\/2024\/07\/Bang-King-Coloor-30000-Puffs-Disposable-Vape-Wholesale-1-300x300.jpg 300w, https:\/\/www.puffsvape.com\/wp-content\/uploads\/2024\/07\/Bang-King-Coloor-30000-Puffs-Disposable-Vape-Wholesale-1-150x150.jpg 150w, https:\/\/www.puffsvape.com\/wp-content\/uploads\/2024\/07\/Bang-King-Coloor-30000-Puffs-Disposable-Vape-Wholesale-1-768x768.jpg 768w, https:\/\/www.puffsvape.com\/wp-content\/uploads\/2024\/07\/Bang-King-Coloor-30000-Puffs-Disposable-Vape-Wholesale-1-575x575.jpg 575w, https:\/\/www.puffsvape.com\/wp-content\/uploads\/2024\/07\/Bang-King-Coloor-30000-Puffs-Disposable-Vape-Wholesale-1-380x380.jpg 380w\" sizes=\"(max-width: 800px) 100vw, 800px\" \/><figcaption id=\"caption-attachment-1398\" class=\"wp-caption-text\">Bang King Coloor 30000 Puffs Eng\u00e5ngs Vape<\/figcaption><\/figure>","protected":false},"excerpt":{"rendered":"<p>Bang King Coloor 30000 Puffs \u00e4r en cool designad eng\u00e5ngsvape med dubbla smaker som syftar till en exceptionell vapingupplevelse, Den \u00e4r utrustad med 1.0ohm mesh-spole och inneh\u00e5ller 36 ml e-v\u00e4tska. Finns i nikotinstyrkorna 0%, 2%, 3% och 5%, vilket tillgodoser olika preferenser och behov. Det uppladdningsbara 550mAh-batteriet med Type-C-laddningsst\u00f6d [...]","protected":false},"featured_media":1388,"comment_status":"open","ping_status":"closed","template":"","meta":{"om_disable_all_campaigns":false,"_monsterinsights_skip_tracking":false,"_monsterinsights_sitenote_active":false,"_monsterinsights_sitenote_note":"","_monsterinsights_sitenote_category":0},"product_brand":[],"product_cat":[15],"product_tag":[],"berocket_brand":[22],"class_list":{"0":"post-1386","1":"product","2":"type-product","3":"status-publish","4":"has-post-thumbnail","6":"product_cat-bang","7":"berocket_brand-bang","8":"wcpa_has_options","10":"first","11":"instock","12":"featured","13":"shipping-taxable","14":"purchasable","15":"product-type-variable","16":"has-default-attributes"},"aioseo_notices":[],"tiered_pricing_fixed_rules":{"20":"10.30","30":"9.65","40":"9","50":"8.36","100":"6.93"},"tiered_pricing_percentage_rules":{"20":"10.30","30":"9.65","40":"9","50":"8.36","100":"6.93"},"tiered_pricing_type":"fixed","tiered_pricing_minimum":10,"_links":{"self":[{"href":"https:\/\/www.puffsvape.com\/sv\/wp-json\/wp\/v2\/product\/1386","targetHints":{"allow":["GET"]}}],"collection":[{"href":"https:\/\/www.puffsvape.com\/sv\/wp-json\/wp\/v2\/product"}],"about":[{"href":"https:\/\/www.puffsvape.com\/sv\/wp-json\/wp\/v2\/types\/product"}],"replies":[{"embeddable":true,"href":"https:\/\/www.puffsvape.com\/sv\/wp-json\/wp\/v2\/comments?post=1386"}],"wp:featuredmedia":[{"embeddable":true,"href":"https:\/\/www.puffsvape.com\/sv\/wp-json\/wp\/v2\/media\/1388"}],"wp:attachment":[{"href":"https:\/\/www.puffsvape.com\/sv\/wp-json\/wp\/v2\/media?parent=1386"}],"wp:term":[{"taxonomy":"product_brand","embeddable":true,"href":"https:\/\/www.puffsvape.com\/sv\/wp-json\/wp\/v2\/product_brand?post=1386"},{"taxonomy":"product_cat","embeddable":true,"href":"https:\/\/www.puffsvape.com\/sv\/wp-json\/wp\/v2\/product_cat?post=1386"},{"taxonomy":"product_tag","embeddable":true,"href":"https:\/\/www.puffsvape.com\/sv\/wp-json\/wp\/v2\/product_tag?post=1386"},{"taxonomy":"berocket_brand","embeddable":true,"href":"https:\/\/www.puffsvape.com\/sv\/wp-json\/wp\/v2\/berocket_brand?post=1386"}],"curies":[{"name":"wp","href":"https:\/\/api.w.org\/{rel}","templated":true}]}}