{"id":1344,"date":"2024-05-22T03:21:10","date_gmt":"2024-05-22T03:21:10","guid":{"rendered":"https:\/\/www.puffsvape.com\/?post_type=product&#038;p=1344"},"modified":"2025-01-19T14:31:12","modified_gmt":"2025-01-19T14:31:12","slug":"lavie-energy-box-15000-disposable-vape","status":"publish","type":"product","link":"https:\/\/www.puffsvape.com\/sv\/produkt\/lavie-energy-box-15000-engangsvape\/","title":{"rendered":"Lavie Energy Box 15000 Eng\u00e5ngsvape"},"content":{"rendered":"<p>Lavie Energy Box 15000 \u00e4r en eng\u00e5ngs vape-enhet utrustad med en batteri- och ejuice-niv\u00e5display. Utrustad med ett h\u00f6gpresterande 600mAh-batteri f\u00f6r att s\u00e4kerst\u00e4lla l\u00e5ngvarig batteritid, s\u00e5 att du kan njuta av vape utan frekvent laddning. Samtidigt s\u00e4kerst\u00e4ller dess 23 ml br\u00e4nsletank kapacitet f\u00f6rl\u00e4ngd r\u00f6ktid f\u00f6r att du ska kunna njuta till fullo. Lavie Energy Box 15000 erbjuder ocks\u00e5 en m\u00e4ngd olika nikotininneh\u00e5llsalternativ p\u00e5 2%\/5% f\u00f6r att tillgodose behoven hos alla typer av r\u00f6kare.<\/p>\n<h2><span style=\"font-size: 18pt;\">Lavie Energy Box 15000 Eng\u00e5ngsvape Specifikationer:<\/span><\/h2>\n<ul>\n<li>Varum\u00e4rke:Lavie<\/li>\n<li>Puffar:15000 Puffar \u00e4r tillg\u00e4ngliga per enhet<\/li>\n<li>Nikotin:2%\/5%<\/li>\n<li>Kapacitet f\u00f6r e-juice: 20ML<\/li>\n<li>Motst\u00e5ndskraft: 1.0\u03a9<\/li>\n<li>Batteri: 600 mAh<\/li>\n<li>Laddningsport: Typ-C<\/li>\n<\/ul>\n<h2><span style=\"font-size: 18pt;\">Smak\u00e4mnen<\/span><\/h2>\n<ol>\n<li>Vattenmelon-is<\/li>\n<li>Vattenmelon Mint<\/li>\n<li>Jordgubbar Vattenmelon<\/li>\n<li>Mint-is<\/li>\n<li>Bj\u00f6rnb\u00e4rsis<\/li>\n<li>Lemon Cola<\/li>\n<li>Jordgubb Kiwi<\/li>\n<li>Grape Ice<\/li>\n<li>Druva Hallon<\/li>\n<li>Dubbla \u00e4pplen<\/li>\n<li>Persika is<\/li>\n<li>Glass<\/li>\n<\/ol>\n<figure id=\"attachment_1342\" aria-describedby=\"caption-attachment-1342\" style=\"width: 1000px\" class=\"wp-caption alignnone\"><img fetchpriority=\"high\" decoding=\"async\" class=\"size-full wp-image-1342\" title=\"Lavie Energy Box 15000 puffar eng\u00e5ngsvape\" src=\"https:\/\/www.puffsvape.com\/wp-content\/uploads\/2024\/05\/Lavie-Energy-Box-15000-Puffs-Disposable-Vape.jpg\" alt=\"Lavie Energy Box 15000 puffar eng\u00e5ngsvape\" width=\"1000\" height=\"1947\" srcset=\"https:\/\/www.puffsvape.com\/wp-content\/uploads\/2024\/05\/Lavie-Energy-Box-15000-Puffs-Disposable-Vape.jpg 1000w, https:\/\/www.puffsvape.com\/wp-content\/uploads\/2024\/05\/Lavie-Energy-Box-15000-Puffs-Disposable-Vape-510x993.jpg 510w, https:\/\/www.puffsvape.com\/wp-content\/uploads\/2024\/05\/Lavie-Energy-Box-15000-Puffs-Disposable-Vape-154x300.jpg 154w, https:\/\/www.puffsvape.com\/wp-content\/uploads\/2024\/05\/Lavie-Energy-Box-15000-Puffs-Disposable-Vape-526x1024.jpg 526w, https:\/\/www.puffsvape.com\/wp-content\/uploads\/2024\/05\/Lavie-Energy-Box-15000-Puffs-Disposable-Vape-768x1495.jpg 768w, https:\/\/www.puffsvape.com\/wp-content\/uploads\/2024\/05\/Lavie-Energy-Box-15000-Puffs-Disposable-Vape-789x1536.jpg 789w, https:\/\/www.puffsvape.com\/wp-content\/uploads\/2024\/05\/Lavie-Energy-Box-15000-Puffs-Disposable-Vape-920x1791.jpg 920w, https:\/\/www.puffsvape.com\/wp-content\/uploads\/2024\/05\/Lavie-Energy-Box-15000-Puffs-Disposable-Vape-575x1120.jpg 575w, https:\/\/www.puffsvape.com\/wp-content\/uploads\/2024\/05\/Lavie-Energy-Box-15000-Puffs-Disposable-Vape-380x740.jpg 380w\" sizes=\"(max-width: 1000px) 100vw, 1000px\" \/><figcaption id=\"caption-attachment-1342\" class=\"wp-caption-text\">Lavie Energy Box 15000 puffar eng\u00e5ngsvape<\/figcaption><\/figure>","protected":false},"excerpt":{"rendered":"<p>Lavie Energy Box 15000 \u00e4r en eng\u00e5ngs vape-enhet utrustad med en batteri- och ejuice-niv\u00e5display. Utrustad med ett h\u00f6gpresterande 600mAh-batteri f\u00f6r att s\u00e4kerst\u00e4lla l\u00e5ngvarig batteritid, s\u00e5 att du kan njuta av vape utan frekvent laddning. Samtidigt s\u00e4kerst\u00e4ller dess 23 ml br\u00e4nsletankskapacitet f\u00f6rl\u00e4ngd r\u00f6ktid f\u00f6r att du ska kunna njuta av [...]].","protected":false},"featured_media":1340,"comment_status":"open","ping_status":"closed","template":"","meta":{"om_disable_all_campaigns":false,"_monsterinsights_skip_tracking":false,"_monsterinsights_sitenote_active":false,"_monsterinsights_sitenote_note":"","_monsterinsights_sitenote_category":0},"product_brand":[],"product_cat":[20],"product_tag":[],"berocket_brand":[21],"class_list":{"0":"post-1344","1":"product","2":"type-product","3":"status-publish","4":"has-post-thumbnail","6":"product_cat-lavie","7":"berocket_brand-lavie","8":"wcpa_has_options","10":"first","11":"instock","12":"shipping-taxable","13":"purchasable","14":"product-type-variable","15":"has-default-attributes"},"aioseo_notices":[],"tiered_pricing_fixed_rules":{"20":"9.68","30":"9.03","40":"8.38","50":"7.73","100":"6.31"},"tiered_pricing_percentage_rules":{"20":"9.68","30":"9.03","40":"8.38","50":"7.73","100":"6.31"},"tiered_pricing_type":"fixed","tiered_pricing_minimum":10,"_links":{"self":[{"href":"https:\/\/www.puffsvape.com\/sv\/wp-json\/wp\/v2\/product\/1344","targetHints":{"allow":["GET"]}}],"collection":[{"href":"https:\/\/www.puffsvape.com\/sv\/wp-json\/wp\/v2\/product"}],"about":[{"href":"https:\/\/www.puffsvape.com\/sv\/wp-json\/wp\/v2\/types\/product"}],"replies":[{"embeddable":true,"href":"https:\/\/www.puffsvape.com\/sv\/wp-json\/wp\/v2\/comments?post=1344"}],"wp:featuredmedia":[{"embeddable":true,"href":"https:\/\/www.puffsvape.com\/sv\/wp-json\/wp\/v2\/media\/1340"}],"wp:attachment":[{"href":"https:\/\/www.puffsvape.com\/sv\/wp-json\/wp\/v2\/media?parent=1344"}],"wp:term":[{"taxonomy":"product_brand","embeddable":true,"href":"https:\/\/www.puffsvape.com\/sv\/wp-json\/wp\/v2\/product_brand?post=1344"},{"taxonomy":"product_cat","embeddable":true,"href":"https:\/\/www.puffsvape.com\/sv\/wp-json\/wp\/v2\/product_cat?post=1344"},{"taxonomy":"product_tag","embeddable":true,"href":"https:\/\/www.puffsvape.com\/sv\/wp-json\/wp\/v2\/product_tag?post=1344"},{"taxonomy":"berocket_brand","embeddable":true,"href":"https:\/\/www.puffsvape.com\/sv\/wp-json\/wp\/v2\/berocket_brand?post=1344"}],"curies":[{"name":"wp","href":"https:\/\/api.w.org\/{rel}","templated":true}]}}