{"id":1262,"date":"2024-08-17T12:30:35","date_gmt":"2024-08-17T12:30:35","guid":{"rendered":"https:\/\/www.puffsvape.com\/?post_type=product&#038;p=1262"},"modified":"2026-04-14T20:03:41","modified_gmt":"2026-04-14T12:03:41","slug":"elf-bar-te6000-disposable-vape","status":"publish","type":"product","link":"https:\/\/www.puffsvape.com\/sv\/produkt\/elf-bar-te6000-engangsvapen\/","title":{"rendered":"Elf Bar TE6000 eng\u00e5ngsvape"},"content":{"rendered":"<p>Elf Bar TE 6000 finns i l\u00e4ckra fruktiga smaker och \u00e4r supertyst n\u00e4r du puffar, perfekt f\u00f6r nyb\u00f6rjare eftersom det \u00e4r s\u00e5 enkelt. Inget kr\u00e5ngel med coils eller laddning - bara byt ut den n\u00e4r den \u00e4r klar. Trots att den \u00e4r liten ger den dig upp till 6 000 bloss, som 40 cigaretter. Med starkt nikotin hj\u00e4lper den dig att sluta r\u00f6ka l\u00e4ttare. Ta bara ett bloss, s\u00e5 fungerar den som magi.<\/p>\n<table style=\"border-collapse: collapse; width: 37.9947%;\" border=\"0\" width=\"425\" cellspacing=\"0\" cellpadding=\"0\">\n<tbody>\n<tr style=\"height: 27.00pt;\">\n<td class=\"et2\" style=\"height: 27pt; width: 51.5081%;\" width=\"219\" height=\"36\"><strong>Utg\u00e5ngsdatum<\/strong><\/td>\n<td class=\"et2\" style=\"width: 61.949%;\" width=\"206\"><strong>Smak\u00e4mnen<\/strong><\/td>\n<\/tr>\n<tr style=\"height: 15.75pt;\">\n<td class=\"et3\" style=\"height: 15.75pt; width: 51.5081%;\" height=\"21\">05-maj-25<\/td>\n<td class=\"et4\" style=\"width: 61.949%;\">Key West<\/td>\n<\/tr>\n<tr style=\"height: 15.75pt;\">\n<td class=\"et3\" style=\"height: 15.75pt; width: 51.5081%;\" height=\"21\">05-maj-25<\/td>\n<td class=\"et4\" style=\"width: 61.949%;\">lce Mint<\/td>\n<\/tr>\n<tr style=\"height: 15.75pt;\">\n<td class=\"et3\" style=\"height: 15.75pt; width: 51.5081%;\" height=\"21\">05-maj-25<\/td>\n<td class=\"et4\" style=\"width: 61.949%;\">Klar<\/td>\n<\/tr>\n<tr style=\"height: 15.75pt;\">\n<td class=\"et3\" style=\"height: 15.75pt; width: 51.5081%;\" height=\"21\">05-maj-25<\/td>\n<td class=\"et4\" style=\"width: 61.949%;\">H\u00f6sten<\/td>\n<\/tr>\n<tr style=\"height: 15.75pt;\">\n<td class=\"et3\" style=\"height: 15.75pt; width: 51.5081%;\" height=\"21\">08-nov-24<\/td>\n<td class=\"et4\" style=\"width: 61.949%;\">Ananas Mango Apelsin<\/td>\n<\/tr>\n<tr style=\"height: 15.75pt;\">\n<td class=\"et3\" style=\"height: 15.75pt; width: 51.5081%;\" height=\"21\">08-nov-24<\/td>\n<td class=\"et4\" style=\"width: 61.949%;\">Kiwi Passionsfrukt Guava<\/td>\n<\/tr>\n<tr style=\"height: 15.75pt;\">\n<td class=\"et3\" style=\"height: 15.75pt; width: 51.5081%;\" height=\"21\">08-nov-24<\/td>\n<td class=\"et4\" style=\"width: 61.949%;\">Elf Bull<\/td>\n<\/tr>\n<tr style=\"height: 15.75pt;\">\n<td class=\"et3\" style=\"height: 15.75pt; width: 51.5081%;\" height=\"21\">08-nov-24<\/td>\n<td class=\"et4\" style=\"width: 61.949%;\">Sockervadd<\/td>\n<\/tr>\n<\/tbody>\n<\/table>\n<h2><span style=\"font-size: 18pt;\">Elf Bar TE6000 Vape Wholesale Snabba detaljer<\/span><\/h2>\n<ol>\n<li>6.000 puffar<\/li>\n<li>50 mg salt nikotininneh\u00e5ll (5%)<\/li>\n<li>550 mAh batteri (uppladdningsbart via mikro-USB, kabel ing\u00e5r ej)<\/li>\n<li>Aktivering av inandning (ingen knapp att trycka p\u00e5)<\/li>\n<li>15 ml v\u00e4tskekapacitet (ej p\u00e5fyllningsbar)<\/li>\n<li>Konstant sp\u00e4nning fr\u00e5n f\u00f6rsta till sista draget f\u00f6r att s\u00e4kerst\u00e4lla en j\u00e4mn och konsekvent smak genom hela draget<\/li>\n<li>Smal kroppsdesign, bekv\u00e4mt munstycke, l\u00e4tt och l\u00e4tt att f\u00e4sta i fickan<\/li>\n<li>F\u00f6rpackade i vakuumf\u00f6rseglade f\u00f6rpackningar f\u00f6r att bevara f\u00e4rskheten.<\/li>\n<li>Levereras med s\u00e4kerhetsdekal f\u00f6r att verifiera \u00e4ktheten<\/li>\n<\/ol>\n<p>&nbsp;<\/p>\n<figure id=\"attachment_1267\" aria-describedby=\"caption-attachment-1267\" style=\"width: 608px\" class=\"wp-caption alignleft\"><img fetchpriority=\"high\" decoding=\"async\" class=\"size-full wp-image-1267\" title=\"Elf Bar TE6000 Eng\u00e5ngsvape Partihandel Alla smaker\" src=\"https:\/\/www.puffsvape.com\/wp-content\/uploads\/2024\/04\/Elf-Bar-TE6000-Disposable-Vape-Wholesale-All-flavors.jpg\" alt=\"Elf Bar TE6000 Eng\u00e5ngsvape Partihandel Alla smaker\" width=\"608\" height=\"608\" srcset=\"https:\/\/www.puffsvape.com\/wp-content\/uploads\/2024\/04\/Elf-Bar-TE6000-Disposable-Vape-Wholesale-All-flavors.jpg 608w, https:\/\/www.puffsvape.com\/wp-content\/uploads\/2024\/04\/Elf-Bar-TE6000-Disposable-Vape-Wholesale-All-flavors-247x247.jpg 247w, https:\/\/www.puffsvape.com\/wp-content\/uploads\/2024\/04\/Elf-Bar-TE6000-Disposable-Vape-Wholesale-All-flavors-100x100.jpg 100w, https:\/\/www.puffsvape.com\/wp-content\/uploads\/2024\/04\/Elf-Bar-TE6000-Disposable-Vape-Wholesale-All-flavors-510x510.jpg 510w, https:\/\/www.puffsvape.com\/wp-content\/uploads\/2024\/04\/Elf-Bar-TE6000-Disposable-Vape-Wholesale-All-flavors-300x300.jpg 300w, https:\/\/www.puffsvape.com\/wp-content\/uploads\/2024\/04\/Elf-Bar-TE6000-Disposable-Vape-Wholesale-All-flavors-150x150.jpg 150w, https:\/\/www.puffsvape.com\/wp-content\/uploads\/2024\/04\/Elf-Bar-TE6000-Disposable-Vape-Wholesale-All-flavors-575x575.jpg 575w, https:\/\/www.puffsvape.com\/wp-content\/uploads\/2024\/04\/Elf-Bar-TE6000-Disposable-Vape-Wholesale-All-flavors-380x380.jpg 380w\" sizes=\"(max-width: 608px) 100vw, 608px\" \/><figcaption id=\"caption-attachment-1267\" class=\"wp-caption-text\">Elf Bar TE6000 Eng\u00e5ngsvape Partihandel Alla smaker<\/figcaption><\/figure>\n<figure id=\"attachment_1278\" aria-describedby=\"caption-attachment-1278\" style=\"width: 600px\" class=\"wp-caption alignleft\"><img decoding=\"async\" class=\"wp-image-1278\" title=\"TE6000 I LAGER\" src=\"https:\/\/www.puffsvape.com\/wp-content\/uploads\/2024\/04\/TE6000-IN-STOCK.jpg\" alt=\"TE6000 I LAGER\" width=\"600\" height=\"571\" srcset=\"https:\/\/www.puffsvape.com\/wp-content\/uploads\/2024\/04\/TE6000-IN-STOCK.jpg 1280w, https:\/\/www.puffsvape.com\/wp-content\/uploads\/2024\/04\/TE6000-IN-STOCK-510x486.jpg 510w, https:\/\/www.puffsvape.com\/wp-content\/uploads\/2024\/04\/TE6000-IN-STOCK-300x286.jpg 300w, https:\/\/www.puffsvape.com\/wp-content\/uploads\/2024\/04\/TE6000-IN-STOCK-1024x975.jpg 1024w, https:\/\/www.puffsvape.com\/wp-content\/uploads\/2024\/04\/TE6000-IN-STOCK-768x731.jpg 768w, https:\/\/www.puffsvape.com\/wp-content\/uploads\/2024\/04\/TE6000-IN-STOCK-1140x1086.jpg 1140w, https:\/\/www.puffsvape.com\/wp-content\/uploads\/2024\/04\/TE6000-IN-STOCK-920x876.jpg 920w, https:\/\/www.puffsvape.com\/wp-content\/uploads\/2024\/04\/TE6000-IN-STOCK-575x548.jpg 575w, https:\/\/www.puffsvape.com\/wp-content\/uploads\/2024\/04\/TE6000-IN-STOCK-380x362.jpg 380w\" sizes=\"(max-width: 600px) 100vw, 600px\" \/><figcaption id=\"caption-attachment-1278\" class=\"wp-caption-text\">TE6000 I LAGER<\/figcaption><\/figure>","protected":false},"excerpt":{"rendered":"<ul>\n<li>Minsta orderkvantitet: 10 st\/samma smak, 50 st\/best\u00e4llning<\/li>\n<\/ul>","protected":false},"featured_media":1264,"comment_status":"open","ping_status":"closed","template":"","meta":{"om_disable_all_campaigns":false,"_monsterinsights_skip_tracking":false,"_monsterinsights_sitenote_active":false,"_monsterinsights_sitenote_note":"","_monsterinsights_sitenote_category":0},"product_brand":[],"product_cat":[31],"product_tag":[],"berocket_brand":[30],"class_list":{"0":"post-1262","1":"product","2":"type-product","3":"status-publish","4":"has-post-thumbnail","6":"product_cat-elf-bar","7":"berocket_brand-elf-bar","9":"first","10":"outofstock","11":"sale","12":"shipping-taxable","13":"purchasable","14":"product-type-variable"},"aioseo_notices":[],"tiered_pricing_fixed_rules":{"60":"1","70":"2","80":"3","90":"4","100":"5"},"tiered_pricing_percentage_rules":{"60":"1","70":"2","80":"3","90":"4","100":"5"},"tiered_pricing_type":"percentage","tiered_pricing_minimum":10,"_links":{"self":[{"href":"https:\/\/www.puffsvape.com\/sv\/wp-json\/wp\/v2\/product\/1262","targetHints":{"allow":["GET"]}}],"collection":[{"href":"https:\/\/www.puffsvape.com\/sv\/wp-json\/wp\/v2\/product"}],"about":[{"href":"https:\/\/www.puffsvape.com\/sv\/wp-json\/wp\/v2\/types\/product"}],"replies":[{"embeddable":true,"href":"https:\/\/www.puffsvape.com\/sv\/wp-json\/wp\/v2\/comments?post=1262"}],"wp:featuredmedia":[{"embeddable":true,"href":"https:\/\/www.puffsvape.com\/sv\/wp-json\/wp\/v2\/media\/1264"}],"wp:attachment":[{"href":"https:\/\/www.puffsvape.com\/sv\/wp-json\/wp\/v2\/media?parent=1262"}],"wp:term":[{"taxonomy":"product_brand","embeddable":true,"href":"https:\/\/www.puffsvape.com\/sv\/wp-json\/wp\/v2\/product_brand?post=1262"},{"taxonomy":"product_cat","embeddable":true,"href":"https:\/\/www.puffsvape.com\/sv\/wp-json\/wp\/v2\/product_cat?post=1262"},{"taxonomy":"product_tag","embeddable":true,"href":"https:\/\/www.puffsvape.com\/sv\/wp-json\/wp\/v2\/product_tag?post=1262"},{"taxonomy":"berocket_brand","embeddable":true,"href":"https:\/\/www.puffsvape.com\/sv\/wp-json\/wp\/v2\/berocket_brand?post=1262"}],"curies":[{"name":"wp","href":"https:\/\/api.w.org\/{rel}","templated":true}]}}