{"id":1181,"date":"2024-04-08T02:53:02","date_gmt":"2024-04-08T02:53:02","guid":{"rendered":"https:\/\/www.puffsvape.com\/?post_type=product&#038;p=1181"},"modified":"2025-04-13T03:31:30","modified_gmt":"2025-04-13T03:31:30","slug":"lavie-disc-10000-puffs-disposable-vape","status":"publish","type":"product","link":"https:\/\/www.puffsvape.com\/sv\/produkt\/lavie-disc-10000-puffar-engangs-vape\/","title":{"rendered":"Lavie Disc 10000 Puffs Eng\u00e5ngs Vape"},"content":{"rendered":"<p>Lavie Disc 10000 \u00e4r en uppladdningsbar vape f\u00f6r eng\u00e5ngsbruk med en modern och ny design, formen \u00e4r som en liten skivspelare, v\u00e4ldigt intressant, den \u00e4r v\u00e4ldigt strukturerad i din hand. Inbyggt 550mAh h\u00f6gkapacitetsbatteri, 20 ml e-v\u00e4tskekapacitet f\u00f6r 10000 vaping, j\u00e4mn smak fr\u00e5n b\u00f6rjan till slut, ren smak, f\u00f6r att m\u00f6ta smakbehoven.<\/p>\n<h2><span style=\"font-size: 18pt;\"><strong>Lavie Disc 10000 Eng\u00e5ngs Vape Specifikationer:<\/strong><\/span><\/h2>\n<ul>\n<li>Varum\u00e4rke:Lavie<\/li>\n<li>Puffar:10000 Puffar \u00e4r tillg\u00e4ngliga per enhet<\/li>\n<li>Nicotine:0%\/2%\/5%<\/li>\n<li>Kapacitet f\u00f6r e-juice: 20ML<\/li>\n<li>Batteri: 550 mAh<\/li>\n<li>Laddningsport: Typ-C<\/li>\n<\/ul>\n<h2><strong><span style=\"font-size: 18pt;\">Smak\u00e4mnen<\/span><\/strong><\/h2>\n<ol>\n<li>Dubbla \u00e4pplen<\/li>\n<li>Blandade b\u00e4r<\/li>\n<li>Vattenmelon-is<\/li>\n<li>Citron svart te<\/li>\n<li>Cola is<\/li>\n<li>Milo<\/li>\n<li>Passionsfrukt<\/li>\n<li>Vattenmelon Jordgubbe<\/li>\n<li>Yakult<\/li>\n<li>Grape Ice<\/li>\n<li>Persikosaft<\/li>\n<li>Mint<\/li>\n<\/ol>\n<figure id=\"attachment_1187\" aria-describedby=\"caption-attachment-1187\" style=\"width: 800px\" class=\"wp-caption alignnone\"><img fetchpriority=\"high\" decoding=\"async\" class=\"size-full wp-image-1187\" title=\"Lavie Disc 10000 Puffs Eng\u00e5ngs Vape\" src=\"https:\/\/www.puffsvape.com\/wp-content\/uploads\/2024\/04\/Lavie-Disc-10000-Puffs-Disposable-Vape.webp\" alt=\"Lavie Disc 10000 Puffs Eng\u00e5ngs Vape\" width=\"800\" height=\"800\" srcset=\"https:\/\/www.puffsvape.com\/wp-content\/uploads\/2024\/04\/Lavie-Disc-10000-Puffs-Disposable-Vape.webp 800w, https:\/\/www.puffsvape.com\/wp-content\/uploads\/2024\/04\/Lavie-Disc-10000-Puffs-Disposable-Vape-247x247.webp 247w, https:\/\/www.puffsvape.com\/wp-content\/uploads\/2024\/04\/Lavie-Disc-10000-Puffs-Disposable-Vape-100x100.webp 100w, https:\/\/www.puffsvape.com\/wp-content\/uploads\/2024\/04\/Lavie-Disc-10000-Puffs-Disposable-Vape-510x510.webp 510w, https:\/\/www.puffsvape.com\/wp-content\/uploads\/2024\/04\/Lavie-Disc-10000-Puffs-Disposable-Vape-300x300.webp 300w, https:\/\/www.puffsvape.com\/wp-content\/uploads\/2024\/04\/Lavie-Disc-10000-Puffs-Disposable-Vape-150x150.webp 150w, https:\/\/www.puffsvape.com\/wp-content\/uploads\/2024\/04\/Lavie-Disc-10000-Puffs-Disposable-Vape-768x768.webp 768w, https:\/\/www.puffsvape.com\/wp-content\/uploads\/2024\/04\/Lavie-Disc-10000-Puffs-Disposable-Vape-575x575.webp 575w, https:\/\/www.puffsvape.com\/wp-content\/uploads\/2024\/04\/Lavie-Disc-10000-Puffs-Disposable-Vape-380x380.webp 380w\" sizes=\"(max-width: 800px) 100vw, 800px\" \/><figcaption id=\"caption-attachment-1187\" class=\"wp-caption-text\">Lavie Disc 10000 Puffs Eng\u00e5ngs Vape<\/figcaption><\/figure>","protected":false},"excerpt":{"rendered":"<p>Lavie Disc 10000 \u00e4r en uppladdningsbar vape f\u00f6r eng\u00e5ngsbruk med en modern och ny design, formen \u00e4r som en liten skivspelare, v\u00e4ldigt intressant, den \u00e4r v\u00e4ldigt strukturerad i din hand. Inbyggt 550mAh h\u00f6gkapacitetsbatteri, 20 ml e-v\u00e4tskekapacitet f\u00f6r 10000 vaping, j\u00e4mn smak fr\u00e5n b\u00f6rjan till slut, ren smak, f\u00f6r att m\u00f6ta smakbehoven. Lavie [...]","protected":false},"featured_media":1192,"comment_status":"open","ping_status":"closed","template":"","meta":{"om_disable_all_campaigns":false,"_monsterinsights_skip_tracking":false,"_monsterinsights_sitenote_active":false,"_monsterinsights_sitenote_note":"","_monsterinsights_sitenote_category":0},"product_brand":[],"product_cat":[20],"product_tag":[],"berocket_brand":[21],"class_list":{"0":"post-1181","1":"product","2":"type-product","3":"status-publish","4":"has-post-thumbnail","6":"product_cat-lavie","7":"berocket_brand-lavie","8":"wcpa_has_options","10":"first","11":"instock","12":"shipping-taxable","13":"purchasable","14":"product-type-variable","15":"has-default-attributes"},"aioseo_notices":[],"tiered_pricing_fixed_rules":{"20":"9.49","30":"8.85","40":"8.20","50":"7.55","100":"6.12"},"tiered_pricing_percentage_rules":{"20":"9.49","30":"8.85","40":"8.20","50":"7.55","100":"6.12"},"tiered_pricing_type":"fixed","tiered_pricing_minimum":10,"_links":{"self":[{"href":"https:\/\/www.puffsvape.com\/sv\/wp-json\/wp\/v2\/product\/1181","targetHints":{"allow":["GET"]}}],"collection":[{"href":"https:\/\/www.puffsvape.com\/sv\/wp-json\/wp\/v2\/product"}],"about":[{"href":"https:\/\/www.puffsvape.com\/sv\/wp-json\/wp\/v2\/types\/product"}],"replies":[{"embeddable":true,"href":"https:\/\/www.puffsvape.com\/sv\/wp-json\/wp\/v2\/comments?post=1181"}],"wp:featuredmedia":[{"embeddable":true,"href":"https:\/\/www.puffsvape.com\/sv\/wp-json\/wp\/v2\/media\/1192"}],"wp:attachment":[{"href":"https:\/\/www.puffsvape.com\/sv\/wp-json\/wp\/v2\/media?parent=1181"}],"wp:term":[{"taxonomy":"product_brand","embeddable":true,"href":"https:\/\/www.puffsvape.com\/sv\/wp-json\/wp\/v2\/product_brand?post=1181"},{"taxonomy":"product_cat","embeddable":true,"href":"https:\/\/www.puffsvape.com\/sv\/wp-json\/wp\/v2\/product_cat?post=1181"},{"taxonomy":"product_tag","embeddable":true,"href":"https:\/\/www.puffsvape.com\/sv\/wp-json\/wp\/v2\/product_tag?post=1181"},{"taxonomy":"berocket_brand","embeddable":true,"href":"https:\/\/www.puffsvape.com\/sv\/wp-json\/wp\/v2\/berocket_brand?post=1181"}],"curies":[{"name":"wp","href":"https:\/\/api.w.org\/{rel}","templated":true}]}}