{"id":1043,"date":"2024-04-02T05:32:43","date_gmt":"2024-04-02T05:32:43","guid":{"rendered":"https:\/\/www.puffsvape.com\/?post_type=product&#038;p=1043"},"modified":"2024-08-04T12:47:35","modified_gmt":"2024-08-04T12:47:35","slug":"lavie-torch-6000-puffs-disposable-vape","status":"publish","type":"product","link":"https:\/\/www.puffsvape.com\/sv\/produkt\/lavie-torch-6000-puffar-engangsvape\/","title":{"rendered":"Lavie Torch 6000 puffar eng\u00e5ngsvape"},"content":{"rendered":"<p>Lavie Torch 6000 \u00e4r en uppladdningsbar vape f\u00f6r eng\u00e5ngsbruk med en modern och ny design, ett coolt och modernt utseende och en bra konsistens i handen. Inbyggt 550mAh batteri med stor kapacitet, 20 ml e-v\u00e4tskekapacitet f\u00f6r 6000 vaping, j\u00e4mn smak fr\u00e5n b\u00f6rjan till slut, ren smak, f\u00f6r att m\u00f6ta smakbehoven.<\/p>\n<h2><span style=\"font-size: 18pt;\">Lavie Torch 6000 Eng\u00e5ngs Vape Specifikationer:<\/span><\/h2>\n<ul>\n<li>Varum\u00e4rke:Lavie<\/li>\n<li>Puffar:6000 Puffar \u00e4r tillg\u00e4ngliga per enhet<\/li>\n<li>Nikotin:2%\/5%<\/li>\n<li>Kapacitet f\u00f6r e-juice: 20ML<\/li>\n<li>Batteri: 550 mAh<\/li>\n<li>Laddningsport: Typ-C<\/li>\n<\/ul>\n<h2><span style=\"font-size: 18pt;\">Smak\u00e4mnen<\/span><\/h2>\n<ol>\n<li>Dubbla \u00e4pplen<\/li>\n<li>Lemon Cola<\/li>\n<li>Lychee<\/li>\n<li>Mango<\/li>\n<li>Mojito<\/li>\n<li>Passionsfrukt<\/li>\n<li>Lila druva<\/li>\n<li>Jordgubbar Vattenmelon<\/li>\n<li>Jordgubbar<\/li>\n<li>Tobak<\/li>\n<li>Vattenmelon<\/li>\n<li>Yakult<\/li>\n<\/ol>\n<figure id=\"attachment_1053\" aria-describedby=\"caption-attachment-1053\" style=\"width: 800px\" class=\"wp-caption alignnone\"><img fetchpriority=\"high\" decoding=\"async\" class=\"size-full wp-image-1053\" title=\"LAVIE Torch 6000 puffar eng\u00e5ngsvape Alla smaker\" src=\"https:\/\/www.puffsvape.com\/wp-content\/uploads\/2024\/04\/LAVIE-Torch-6000-Puffs-Disposable-Vape-All-Flavors.jpg\" alt=\"LAVIE Torch 6000 puffar eng\u00e5ngsvape Alla smaker\" width=\"800\" height=\"800\" srcset=\"https:\/\/www.puffsvape.com\/wp-content\/uploads\/2024\/04\/LAVIE-Torch-6000-Puffs-Disposable-Vape-All-Flavors.jpg 800w, https:\/\/www.puffsvape.com\/wp-content\/uploads\/2024\/04\/LAVIE-Torch-6000-Puffs-Disposable-Vape-All-Flavors-247x247.jpg 247w, https:\/\/www.puffsvape.com\/wp-content\/uploads\/2024\/04\/LAVIE-Torch-6000-Puffs-Disposable-Vape-All-Flavors-100x100.jpg 100w, https:\/\/www.puffsvape.com\/wp-content\/uploads\/2024\/04\/LAVIE-Torch-6000-Puffs-Disposable-Vape-All-Flavors-510x510.jpg 510w, https:\/\/www.puffsvape.com\/wp-content\/uploads\/2024\/04\/LAVIE-Torch-6000-Puffs-Disposable-Vape-All-Flavors-300x300.jpg 300w, https:\/\/www.puffsvape.com\/wp-content\/uploads\/2024\/04\/LAVIE-Torch-6000-Puffs-Disposable-Vape-All-Flavors-150x150.jpg 150w, https:\/\/www.puffsvape.com\/wp-content\/uploads\/2024\/04\/LAVIE-Torch-6000-Puffs-Disposable-Vape-All-Flavors-768x768.jpg 768w, https:\/\/www.puffsvape.com\/wp-content\/uploads\/2024\/04\/LAVIE-Torch-6000-Puffs-Disposable-Vape-All-Flavors-575x575.jpg 575w, https:\/\/www.puffsvape.com\/wp-content\/uploads\/2024\/04\/LAVIE-Torch-6000-Puffs-Disposable-Vape-All-Flavors-380x380.jpg 380w\" sizes=\"(max-width: 800px) 100vw, 800px\" \/><figcaption id=\"caption-attachment-1053\" class=\"wp-caption-text\">LAVIE Torch 6000 puffar eng\u00e5ngsvape Alla smaker<\/figcaption><\/figure>","protected":false},"excerpt":{"rendered":"<p>Lavie Torch 6000 \u00e4r en uppladdningsbar vape f\u00f6r eng\u00e5ngsbruk med en modern och ny design, ett coolt och modernt utseende och en bra konsistens i handen. Inbyggt 550mAh batteri med stor kapacitet, 20 ml e-v\u00e4tskekapacitet f\u00f6r 6000 vaping, j\u00e4mn smak fr\u00e5n b\u00f6rjan till slut, ren smak, f\u00f6r att m\u00f6ta smakbehoven. Lavie Torch 6000 Eng\u00e5ngs Vape [...]","protected":false},"featured_media":1046,"comment_status":"open","ping_status":"closed","template":"","meta":{"om_disable_all_campaigns":false,"_monsterinsights_skip_tracking":false,"_monsterinsights_sitenote_active":false,"_monsterinsights_sitenote_note":"","_monsterinsights_sitenote_category":0},"product_brand":[],"product_cat":[20],"product_tag":[],"berocket_brand":[21],"class_list":{"0":"post-1043","1":"product","2":"type-product","3":"status-publish","4":"has-post-thumbnail","6":"product_cat-lavie","7":"berocket_brand-lavie","8":"wcpa_has_options","10":"first","11":"instock","12":"shipping-taxable","13":"purchasable","14":"product-type-variable","15":"has-default-attributes"},"aioseo_notices":[],"tiered_pricing_fixed_rules":{"20":"8.7","30":"8.07","40":"7.40","50":"6.75","100":"5.32"},"tiered_pricing_percentage_rules":{"20":"8.7","30":"8.07","40":"7.40","50":"6.75","100":"5.32"},"tiered_pricing_type":"fixed","tiered_pricing_minimum":10,"_links":{"self":[{"href":"https:\/\/www.puffsvape.com\/sv\/wp-json\/wp\/v2\/product\/1043","targetHints":{"allow":["GET"]}}],"collection":[{"href":"https:\/\/www.puffsvape.com\/sv\/wp-json\/wp\/v2\/product"}],"about":[{"href":"https:\/\/www.puffsvape.com\/sv\/wp-json\/wp\/v2\/types\/product"}],"replies":[{"embeddable":true,"href":"https:\/\/www.puffsvape.com\/sv\/wp-json\/wp\/v2\/comments?post=1043"}],"wp:featuredmedia":[{"embeddable":true,"href":"https:\/\/www.puffsvape.com\/sv\/wp-json\/wp\/v2\/media\/1046"}],"wp:attachment":[{"href":"https:\/\/www.puffsvape.com\/sv\/wp-json\/wp\/v2\/media?parent=1043"}],"wp:term":[{"taxonomy":"product_brand","embeddable":true,"href":"https:\/\/www.puffsvape.com\/sv\/wp-json\/wp\/v2\/product_brand?post=1043"},{"taxonomy":"product_cat","embeddable":true,"href":"https:\/\/www.puffsvape.com\/sv\/wp-json\/wp\/v2\/product_cat?post=1043"},{"taxonomy":"product_tag","embeddable":true,"href":"https:\/\/www.puffsvape.com\/sv\/wp-json\/wp\/v2\/product_tag?post=1043"},{"taxonomy":"berocket_brand","embeddable":true,"href":"https:\/\/www.puffsvape.com\/sv\/wp-json\/wp\/v2\/berocket_brand?post=1043"}],"curies":[{"name":"wp","href":"https:\/\/api.w.org\/{rel}","templated":true}]}}