{"id":1015,"date":"2024-04-02T04:25:19","date_gmt":"2024-04-02T04:25:19","guid":{"rendered":"https:\/\/www.puffsvape.com\/?post_type=product&#038;p=1015"},"modified":"2024-08-04T12:50:09","modified_gmt":"2024-08-04T12:50:09","slug":"lavie-6000-puffs-disposable-vape","status":"publish","type":"product","link":"https:\/\/www.puffsvape.com\/sv\/produkt\/lavie-6000-puffar-engangs-vape\/","title":{"rendered":"Lavie 6000 Puffs eng\u00e5ngsvape"},"content":{"rendered":"<p>Lavie 6000 \u00e4r en unikt designad uppladdningsbar eng\u00e5ngs vape med ett inbyggt 600 mAh h\u00f6gkapacitetsbatteri, 15 ml e-v\u00e4tskekapacitet, En n\u00e4tspole har en platt profil, vilket fr\u00e4mjar j\u00e4mn uppv\u00e4rmning och hj\u00e4lper till att f\u00f6rhindra br\u00e4nning, kan r\u00f6ka 6000 puffar, smidig och enkel att anv\u00e4nda, med en m\u00e4ngd olika smaker att v\u00e4lja mellan.<\/p>\n<h2><span style=\"font-size: 18pt;\"><strong>Lavie 6000 Eng\u00e5ngs Vape Specifikationer:<\/strong><\/span><\/h2>\n<ul>\n<li>Varum\u00e4rke: LAVIE<\/li>\n<li>Puffar:6000 Puffar finns tillg\u00e4ngliga per enhet.<\/li>\n<li>Nicotine:0%\/2%\/5%<\/li>\n<li>Kapacitet f\u00f6r e-juice: 15ML<\/li>\n<li>Batteri: 600 mAh<\/li>\n<li>Laddningsport: Typ C<\/li>\n<\/ul>\n<p>&nbsp;<\/p>\n<h2><span style=\"font-size: 18pt;\"><strong>Smak\u00e4mnen<\/strong><\/span><\/h2>\n<ol>\n<li>Vattenmelon Jordgubbs-is<\/li>\n<li>Energidryck<\/li>\n<li>Grape Ice<\/li>\n<li>Mango is<\/li>\n<li>Juicy persika<\/li>\n<li>Blandade b\u00e4r<\/li>\n<li>Mango jordgubbs-is<\/li>\n<li>Bananmj\u00f6lk<\/li>\n<li>\u00c4pple Citron<\/li>\n<li>Cola is<\/li>\n<\/ol>\n<figure id=\"attachment_1023\" aria-describedby=\"caption-attachment-1023\" style=\"width: 800px\" class=\"wp-caption alignnone\"><img fetchpriority=\"high\" decoding=\"async\" class=\"size-full wp-image-1023\" title=\"LAVIE 6000 Puffs Eng\u00e5ngsvape Apple Lemon Pakage\" src=\"https:\/\/www.puffsvape.com\/wp-content\/uploads\/2024\/04\/LAVIE-6000-Puffs-Disposable-Vape-Apple-Lemon-Pakage.jpg\" alt=\"LAVIE 6000 Puffs Eng\u00e5ngsvape Apple Lemon Pakage\" width=\"800\" height=\"800\" srcset=\"https:\/\/www.puffsvape.com\/wp-content\/uploads\/2024\/04\/LAVIE-6000-Puffs-Disposable-Vape-Apple-Lemon-Pakage.jpg 800w, https:\/\/www.puffsvape.com\/wp-content\/uploads\/2024\/04\/LAVIE-6000-Puffs-Disposable-Vape-Apple-Lemon-Pakage-247x247.jpg 247w, https:\/\/www.puffsvape.com\/wp-content\/uploads\/2024\/04\/LAVIE-6000-Puffs-Disposable-Vape-Apple-Lemon-Pakage-100x100.jpg 100w, https:\/\/www.puffsvape.com\/wp-content\/uploads\/2024\/04\/LAVIE-6000-Puffs-Disposable-Vape-Apple-Lemon-Pakage-510x510.jpg 510w, https:\/\/www.puffsvape.com\/wp-content\/uploads\/2024\/04\/LAVIE-6000-Puffs-Disposable-Vape-Apple-Lemon-Pakage-300x300.jpg 300w, https:\/\/www.puffsvape.com\/wp-content\/uploads\/2024\/04\/LAVIE-6000-Puffs-Disposable-Vape-Apple-Lemon-Pakage-150x150.jpg 150w, https:\/\/www.puffsvape.com\/wp-content\/uploads\/2024\/04\/LAVIE-6000-Puffs-Disposable-Vape-Apple-Lemon-Pakage-768x768.jpg 768w, https:\/\/www.puffsvape.com\/wp-content\/uploads\/2024\/04\/LAVIE-6000-Puffs-Disposable-Vape-Apple-Lemon-Pakage-575x575.jpg 575w, https:\/\/www.puffsvape.com\/wp-content\/uploads\/2024\/04\/LAVIE-6000-Puffs-Disposable-Vape-Apple-Lemon-Pakage-380x380.jpg 380w\" sizes=\"(max-width: 800px) 100vw, 800px\" \/><figcaption id=\"caption-attachment-1023\" class=\"wp-caption-text\">LAVIE 6000 Puffs Eng\u00e5ngsvape Apple Lemon Pakage<\/figcaption><\/figure>","protected":false},"excerpt":{"rendered":"<p>Lavie 6000 \u00e4r en unikt designad uppladdningsbar eng\u00e5ngs vape med ett inbyggt 600 mAh h\u00f6gkapacitetsbatteri, 15 ml e-v\u00e4tskekapacitet, En n\u00e4tspole har en platt profil, vilket fr\u00e4mjar j\u00e4mn uppv\u00e4rmning och hj\u00e4lper till att f\u00f6rhindra br\u00e4nning, kan r\u00f6ka 6000 puffar, smidig och enkel att anv\u00e4nda, med en m\u00e4ngd olika smaker att v\u00e4lja mellan. Lavie 6000 Vape f\u00f6r eng\u00e5ngsbruk [...]","protected":false},"featured_media":1024,"comment_status":"open","ping_status":"closed","template":"","meta":{"om_disable_all_campaigns":false,"_monsterinsights_skip_tracking":false,"_monsterinsights_sitenote_active":false,"_monsterinsights_sitenote_note":"","_monsterinsights_sitenote_category":0},"product_brand":[],"product_cat":[20],"product_tag":[],"berocket_brand":[21],"class_list":{"0":"post-1015","1":"product","2":"type-product","3":"status-publish","4":"has-post-thumbnail","6":"product_cat-lavie","7":"berocket_brand-lavie","8":"wcpa_has_options","10":"first","11":"instock","12":"shipping-taxable","13":"purchasable","14":"product-type-variable","15":"has-default-attributes"},"aioseo_notices":[],"tiered_pricing_fixed_rules":{"20":"8.64","30":"7.99","40":"7.34","50":"6.69","100":"5.27"},"tiered_pricing_percentage_rules":{"20":"8.64","30":"7.99","40":"7.34","50":"6.69","100":"5.27"},"tiered_pricing_type":"fixed","tiered_pricing_minimum":10,"_links":{"self":[{"href":"https:\/\/www.puffsvape.com\/sv\/wp-json\/wp\/v2\/product\/1015","targetHints":{"allow":["GET"]}}],"collection":[{"href":"https:\/\/www.puffsvape.com\/sv\/wp-json\/wp\/v2\/product"}],"about":[{"href":"https:\/\/www.puffsvape.com\/sv\/wp-json\/wp\/v2\/types\/product"}],"replies":[{"embeddable":true,"href":"https:\/\/www.puffsvape.com\/sv\/wp-json\/wp\/v2\/comments?post=1015"}],"wp:featuredmedia":[{"embeddable":true,"href":"https:\/\/www.puffsvape.com\/sv\/wp-json\/wp\/v2\/media\/1024"}],"wp:attachment":[{"href":"https:\/\/www.puffsvape.com\/sv\/wp-json\/wp\/v2\/media?parent=1015"}],"wp:term":[{"taxonomy":"product_brand","embeddable":true,"href":"https:\/\/www.puffsvape.com\/sv\/wp-json\/wp\/v2\/product_brand?post=1015"},{"taxonomy":"product_cat","embeddable":true,"href":"https:\/\/www.puffsvape.com\/sv\/wp-json\/wp\/v2\/product_cat?post=1015"},{"taxonomy":"product_tag","embeddable":true,"href":"https:\/\/www.puffsvape.com\/sv\/wp-json\/wp\/v2\/product_tag?post=1015"},{"taxonomy":"berocket_brand","embeddable":true,"href":"https:\/\/www.puffsvape.com\/sv\/wp-json\/wp\/v2\/berocket_brand?post=1015"}],"curies":[{"name":"wp","href":"https:\/\/api.w.org\/{rel}","templated":true}]}}