{"id":2,"date":"2024-03-23T11:17:46","date_gmt":"2024-03-23T11:17:46","guid":{"rendered":"https:\/\/www.puffsvape.com\/?page_id=2"},"modified":"2024-08-04T13:36:57","modified_gmt":"2024-08-04T13:36:57","slug":"shipping","status":"publish","type":"page","link":"https:\/\/www.puffsvape.com\/sv\/sjofart\/","title":{"rendered":"Frakt"},"content":{"rendered":"<p><\/p>\r\n<p>1. Vi tillhandah\u00e5ller gratis frakt till alla l\u00e4nder som listas nedan, best\u00e4llningar kommer att skickas av Tyskland DHL- Local Post-tj\u00e4nst, ibland v\u00e4ljer vi ocks\u00e5 UPS eller DPD express.<\/p>\r\n<p>2. Fraktmetoden \u00e4r mycket speciellt s\u00e4tt, det \u00e4r tullfri (\u00e4ven kallad leveransavgift) fraktmetod, du kommer inte att g\u00f6ra n\u00e5got med tullen och ingen skatt f\u00f6r dig.<\/p>\r\n<p>3. Best\u00e4llningar skickas ut inom 1-3 dagar och frakt tar cirka 7-15 arbetsdagar f\u00f6r att skicka paketet till dig (Obs: vi skickar inte ut best\u00e4llningar p\u00e5 helgen).<\/p>\r\n<p><\/p>\r\n<p>4. N\u00e4r best\u00e4llningen har skickats skickar vi sp\u00e5rningen till din e-post. Du kan sp\u00e5ra leveransen p\u00e5 den h\u00e4r webbplatsen med sp\u00e5rningsnumret:\u00a0<\/p>\r\n<p><\/p>\r\n<div class=\"wp-block-embed__wrapper\"><a href=\"https:\/\/www.17track.net\/en\" target=\"_blank\" rel=\"noopener\">https:\/\/www.17track.net\/en<\/a><\/div>\r\n<div>n\u00e4r vi har klarerat tullen och \u00f6verf\u00f6rts till DHL, kan du ocks\u00e5 sp\u00e5ra din best\u00e4llning via den h\u00e4r l\u00e4nken<\/div>\r\n<div><a href=\"https:\/\/www.dhl.com\/it-en\/home\/tracking\/tracking-express.html?submit=1&amp;tracking-id=\" target=\"_blank\" rel=\"noopener\">https:\/\/www.dhl.com\/it-en\/home\/tracking\/tracking-express.html?submit=1&amp;tracking-id=<\/a><\/div>\r\n<p><\/p>\r\n<p><\/p>\r\n<p>5. Obetalda order kan avbokas n\u00e4r som helst, men betalda order kan inte avbokas.<\/p>\r\n<p>6. F\u00f6r n\u00e4rvarande skickar vi till l\u00e4nderna nedan, alla med tullfri fraktmetod, ingen skatt, ingen tullklarering kr\u00e4vs f\u00f6r dig.<\/p>\r\n<table style=\"border-collapse: collapse; width: 203.28pt;\" border=\"0\" width=\"271\" cellspacing=\"0\" cellpadding=\"0\">\r\n<tbody>\r\n<tr style=\"height: 16.50pt;\">\r\n<td style=\"height: 16.50pt; width: 97.50pt;\" width=\"130\" height=\"22\">\u00d6sterrike<\/td>\r\n<td style=\"width: 105.75pt;\" width=\"141\">Italien<\/td>\r\n<\/tr>\r\n<tr style=\"height: 16.50pt;\">\r\n<td style=\"height: 16.50pt;\" height=\"22\">Belgien<\/td>\r\n<td>Lettland<\/td>\r\n<\/tr>\r\n<tr style=\"height: 16.50pt;\">\r\n<td style=\"height: 16.50pt;\" height=\"22\">Bulgarien<\/td>\r\n<td>Litauen<\/td>\r\n<\/tr>\r\n<tr style=\"height: 16.50pt;\">\r\n<td style=\"height: 16.50pt;\" height=\"22\">Kroatien<\/td>\r\n<td>Luxemburg<\/td>\r\n<\/tr>\r\n<tr style=\"height: 16.50pt;\">\r\n<td style=\"height: 16.50pt;\" height=\"22\">Tjeckien<\/td>\r\n<td>Nederl\u00e4nderna<\/td>\r\n<\/tr>\r\n<tr style=\"height: 16.50pt;\">\r\n<td style=\"height: 16.50pt;\" height=\"22\">Danmark<\/td>\r\n<td>Polen<\/td>\r\n<\/tr>\r\n<tr style=\"height: 16.50pt;\">\r\n<td style=\"height: 16.50pt;\" height=\"22\">Estland<\/td>\r\n<td>Portugal<\/td>\r\n<\/tr>\r\n<tr style=\"height: 16.50pt;\">\r\n<td style=\"height: 16.50pt;\" height=\"22\">Finland<\/td>\r\n<td>Rum\u00e4nien<\/td>\r\n<\/tr>\r\n<tr style=\"height: 16.50pt;\">\r\n<td style=\"height: 16.50pt;\" height=\"22\">Frankrike<\/td>\r\n<td>Slovakien<\/td>\r\n<\/tr>\r\n<tr style=\"height: 16.50pt;\">\r\n<td style=\"height: 16.50pt;\" height=\"22\">lrland<\/td>\r\n<td>Slovenien<\/td>\r\n<\/tr>\r\n<tr style=\"height: 16.50pt;\">\r\n<td style=\"height: 16.50pt;\" height=\"22\">Tyskland<\/td>\r\n<td>Spanien<\/td>\r\n<\/tr>\r\n<tr style=\"height: 16.50pt;\">\r\n<td style=\"height: 16.50pt;\" height=\"22\">Grekland<\/td>\r\n<td>Sverige<\/td>\r\n<\/tr>\r\n<tr style=\"height: 16.50pt;\">\r\n<td style=\"height: 16.50pt;\" height=\"22\">Ungern<\/td>\r\n<td>\u00a0<\/td>\r\n<\/tr>\r\n<\/tbody>\r\n<\/table>\r\n<p>&nbsp;<\/p>\r\n<p>Fullst\u00e4ndig sp\u00e5rning av order och f\u00f6rs\u00e4ndelser<\/p>\r\n<table style=\"width: 40.9138%; height: 288px;\" width=\"458\">\r\n<tbody>\r\n<tr style=\"height: 24px;\">\r\n<td style=\"height: 24px; width: 100%;\" width=\"458\">\r\n<blockquote><strong>Steg &amp; processtid<\/strong><\/blockquote>\r\n<\/td>\r\n<\/tr>\r\n<tr style=\"height: 24px;\">\r\n<td style=\"height: 24px; width: 100%;\"><strong><span style=\"color: #008000;\">1. Du skickar in best\u00e4llningen och betalar till v\u00e5rt konto<\/span><\/strong><\/td>\r\n<\/tr>\r\n<tr style=\"height: 24px;\">\r\n<td style=\"height: 24px; width: 100%;\">\u00a0\u00a0\u00a0\u00a0 \u21931-2 dagar<\/td>\r\n<\/tr>\r\n<tr style=\"height: 24px;\">\r\n<td style=\"height: 24px; width: 100%;\"><strong><span style=\"color: #008000;\">2. Vi har f\u00e5tt din betalning och b\u00f6rjar behandla din best\u00e4llning<\/span><\/strong><\/td>\r\n<\/tr>\r\n<tr style=\"height: 24px;\">\r\n<td style=\"height: 24px; width: 100%;\">\u00a0\u00a0\u00a0\u00a0 \u21931-3 dagar<\/td>\r\n<\/tr>\r\n<tr style=\"height: 24px;\">\r\n<td style=\"height: 24px; width: 100%;\"><strong><span style=\"color: #008000;\">3. Vi skickar ut din best\u00e4llning<\/span><\/strong><\/td>\r\n<\/tr>\r\n<tr style=\"height: 24px;\">\r\n<td style=\"height: 24px; width: 100%;\">\u00a0\u00a0\u00a0\u00a0 \u21937-9 dagar<\/td>\r\n<\/tr>\r\n<tr style=\"height: 24px;\">\r\n<td style=\"height: 24px; width: 100%;\"><strong><span style=\"color: #008000;\">4. Anl\u00e4nder till Tyskland och b\u00f6rjar tullklareras<\/span><\/strong><\/td>\r\n<\/tr>\r\n<tr style=\"height: 24px;\">\r\n<td style=\"height: 24px; width: 100%;\">\u00a0\u00a0\u00a0\u00a0 \u21931-2 dagar<\/td>\r\n<\/tr>\r\n<tr style=\"height: 24px;\">\r\n<td style=\"height: 24px; width: 100%;\"><strong><span style=\"color: #008000;\">5. Tullklarerad, transporterad till DHL Paket<\/span><\/strong><\/td>\r\n<\/tr>\r\n<tr style=\"height: 24px;\">\r\n<td style=\"height: 24px; width: 100%;\">\u00a0\u00a0\u00a0\u00a0 \u21931-3 dagar<\/td>\r\n<\/tr>\r\n<tr style=\"height: 24px;\">\r\n<td style=\"height: 24px; width: 100%;\"><strong><span style=\"color: #008000;\">6. Deliveried<\/span><\/strong><\/td>\r\n<\/tr>\r\n<\/tbody>\r\n<\/table>","protected":false},"excerpt":{"rendered":"<p>1. Vi tillhandah\u00e5ller gratis frakt till alla l\u00e4nder som listas nedan, best\u00e4llningar kommer att skickas av Tyskland DHL- Local Post-tj\u00e4nst, ibland v\u00e4ljer vi ocks\u00e5 UPS eller DPD express. 2. Fraktmetoden \u00e4r mycket speciell, det \u00e4r tullfri (\u00e4ven kallad leveransavgift) fraktmetod, du kommer inte att g\u00f6ra n\u00e5gonting med tullen [...]].","protected":false},"author":1,"featured_media":0,"parent":0,"menu_order":0,"comment_status":"closed","ping_status":"closed","template":"","meta":{"om_disable_all_campaigns":false,"_monsterinsights_skip_tracking":false,"_monsterinsights_sitenote_active":false,"_monsterinsights_sitenote_note":"","_monsterinsights_sitenote_category":0,"footnotes":""},"class_list":["post-2","page","type-page","status-publish","hentry"],"aioseo_notices":[],"_links":{"self":[{"href":"https:\/\/www.puffsvape.com\/sv\/wp-json\/wp\/v2\/pages\/2","targetHints":{"allow":["GET"]}}],"collection":[{"href":"https:\/\/www.puffsvape.com\/sv\/wp-json\/wp\/v2\/pages"}],"about":[{"href":"https:\/\/www.puffsvape.com\/sv\/wp-json\/wp\/v2\/types\/page"}],"author":[{"embeddable":true,"href":"https:\/\/www.puffsvape.com\/sv\/wp-json\/wp\/v2\/users\/1"}],"replies":[{"embeddable":true,"href":"https:\/\/www.puffsvape.com\/sv\/wp-json\/wp\/v2\/comments?post=2"}],"version-history":[{"count":23,"href":"https:\/\/www.puffsvape.com\/sv\/wp-json\/wp\/v2\/pages\/2\/revisions"}],"predecessor-version":[{"id":1548,"href":"https:\/\/www.puffsvape.com\/sv\/wp-json\/wp\/v2\/pages\/2\/revisions\/1548"}],"wp:attachment":[{"href":"https:\/\/www.puffsvape.com\/sv\/wp-json\/wp\/v2\/media?parent=2"}],"curies":[{"name":"wp","href":"https:\/\/api.w.org\/{rel}","templated":true}]}}