{"id":1169,"date":"2024-04-07T15:03:33","date_gmt":"2024-04-07T15:03:33","guid":{"rendered":"https:\/\/www.puffsvape.com\/?page_id=1169"},"modified":"2026-03-26T19:32:48","modified_gmt":"2026-03-26T11:32:48","slug":"contact","status":"publish","type":"page","link":"https:\/\/www.puffsvape.com\/sv\/kontakt\/","title":{"rendered":"Kontakt"},"content":{"rendered":"<ul>\n<li>V\u00e4lkommen att kontakta oss om du har n\u00e5gra fr\u00e5gor!<\/li>\n<li>Du kan l\u00e4sa <a href=\"https:\/\/www.puffsvape.com\/sv\/fragor-och-svar\/\">VANLIGA FR\u00c5GOR<\/a> eller <a href=\"https:\/\/www.puffsvape.com\/sv\/sjofart\/\">Frakt<\/a> eftersom dessa sidor besvarar de flesta av v\u00e5ra kunders fr\u00e5gor<\/li>\n<li>puffsvape@126.com<\/li>\n<li>Whatsapp:+8613066886886<\/li>\n<\/ul>\n<div class='fluentform ff-default fluentform_wrapper_1 ffs_default_wrap'><form data-form_id=\"1\" id=\"fluentform_1\" class=\"frm-fluent-form fluent_form_1 ff-el-form-top ff_form_instance_1_1 ff-form-loading ffs_default\" data-form_instance=\"ff_form_instance_1_1\" method=\"POST\" action=\"\" ><fieldset  style=\"border: none!important;margin: 0!important;padding: 0!important;background-color: transparent!important;box-shadow: none!important;outline: none!important; min-inline-size: 100%;\">\n                    <legend class=\"ff_screen_reader_title\" style=\"display: block; margin: 0!important;padding: 0!important;height: 0!important;text-indent: -999999px;width: 0!important;overflow:hidden;\">Demo f\u00f6r kontaktformul\u00e4r<\/legend><input type='hidden' name='__fluent_form_embded_post_id' value='1169' \/><input type=\"hidden\" id=\"_fluentform_1_fluentformnonce\" name=\"_fluentform_1_fluentformnonce\" value=\"591c5fd25a\" \/><input type=\"hidden\" name=\"_wp_http_referer\" value=\"\/sv\/wp-json\/wp\/v2\/pages\/1169\" \/><div data-type=\"name-element\" data-name=\"names\" class=\"ff-field_container ff-name-field-wrapper\" ><div class='ff-t-container'><div class='ff-t-cell'><div class='ff-el-group'><div class=\"ff-el-input--label ff-el-is-required asterisk-right\"><label for='ff_1_names_first_name_' >F\u00f6rnamn<\/label><\/div><div class='ff-el-input--content'><input type=\"text\" name=\"names[first_name]\" id=\"ff_1_names_first_name_\" class=\"ff-el-form-control\" placeholder=\"F\u00f6rnamn\" aria-invalid=\"false\" aria-required=\"true\"><\/div><\/div><\/div><div class='ff-t-cell'><div class='ff-el-group'><div class=\"ff-el-input--label ff-el-is-required asterisk-right\"><label for='ff_1_names_last_name_' >Efternamn<\/label><\/div><div class='ff-el-input--content'><input type=\"text\" name=\"names[last_name]\" id=\"ff_1_names_last_name_\" class=\"ff-el-form-control\" placeholder=\"Efternamn\" aria-invalid=\"false\" aria-required=\"true\"><\/div><\/div><\/div><\/div><\/div><div class='ff-el-group'><div class=\"ff-el-input--label ff-el-is-required asterisk-right\"><label for='ff_1_email' aria-label=\"E-post\">E-post<\/label><\/div><div class='ff-el-input--content'><input type=\"email\" name=\"email\" id=\"ff_1_email\" class=\"ff-el-form-control\" placeholder=\"E-postadress\" data-name=\"email\"  aria-invalid=\"false\" aria-required=\"true\"><\/div><\/div><div class='ff-el-group'><div class=\"ff-el-input--label ff-el-is-required asterisk-right\"><label for='ff_1_country-list' aria-label=\"Land\">Land<\/label><\/div><div class='ff-el-input--content'><select name=\"country-list\" id=\"ff_1_country-list\" class=\"ff-el-form-control\" placeholder=\"Select Country\" data-name=\"country-list\" aria-invalid='false' aria-required=\"true\"><option value=''>V\u00e4lj land<\/option><option value='AF' >Afghanistan<\/option><option value='AX' >Alands\u00f6arna<\/option><option value='AL' >Albanien<\/option><option value='DZ' >Algeriet<\/option><option value='AS' >Amerikanska Samoa<\/option><option value='AD' >Andorra<\/option><option value='AO' >Angola<\/option><option value='AI' >Anguilla<\/option><option value='AQ' >Antarktis<\/option><option value='AG' >Antigua och Barbuda<\/option><option value='AR' >Argentina<\/option><option value='AM' >Armenien<\/option><option value='AW' >Aruba<\/option><option value='AU' >Australien<\/option><option value='AT' >\u00d6sterrike<\/option><option value='AZ' >Azerbajdzjan<\/option><option value='BS' >Bahamas<\/option><option value='BH' >Bahrain<\/option><option value='BD' >Bangladesh<\/option><option value='BB' >Barbados<\/option><option value='BY' >Vitryssland<\/option><option value='PW' >Belau<\/option><option value='BE' >Belgien<\/option><option value='BZ' >Belize<\/option><option value='BJ' >Benin<\/option><option value='BM' >Bermuda<\/option><option value='BT' >Bhutan<\/option><option value='BO' >Bolivia<\/option><option value='BQ' >Bonaire, Saint Eustatius och Saba<\/option><option value='BA' >Bosnien och Hercegovina<\/option><option value='BW' >Botswana<\/option><option value='BV' >Bouvet\u00f6n<\/option><option value='BR' >Brasilien<\/option><option value='IO' >Brittiska territoriet i Indiska oceanen<\/option><option value='VG' >Brittiska Jungfru\u00f6arna<\/option><option value='BN' >Brunei<\/option><option value='BG' >Bulgarien<\/option><option value='BF' >Burkina Faso<\/option><option value='BI' >Burundi<\/option><option value='KH' >Kambodja<\/option><option value='CM' >Kamerun<\/option><option value='CA' >Kanada<\/option><option value='CV' >Kap Verde<\/option><option value='KY' >Cayman\u00f6arna<\/option><option value='CF' >Centralafrikanska republiken<\/option><option value='TD' >Tchad<\/option><option value='CL' >Chile<\/option><option value='CN' >Kina<\/option><option value='CX' >Jul\u00f6n<\/option><option value='CC' >Cocos\u00f6arna (Keeling\u00f6arna)<\/option><option value='CO' >Colombia<\/option><option value='KM' >Komorerna<\/option><option value='CK' >Cook\u00f6arna<\/option><option value='CR' >Costa Rica<\/option><option value='HR' >Kroatien<\/option><option value='CU' >Kuba<\/option><option value='CW' >Cura\u00e7ao<\/option><option value='CY' >Cypern<\/option><option value='CZ' >Tjeckien<\/option><option value='CD' >Demokratiska republiken Kongo (Kinshasa)<\/option><option value='DK' >Danmark<\/option><option value='DJ' >Djibouti<\/option><option value='DM' >Dominica<\/option><option value='DO' >Dominikanska republiken<\/option><option value='EC' >Ecuador<\/option><option value='EG' >Egypten<\/option><option value='SV' >El Salvador<\/option><option value='GQ' >Ekvatorialguinea<\/option><option value='ER' >Eritrea<\/option><option value='EE' >Estland<\/option><option value='ET' >Etiopien<\/option><option value='FK' >Falklands\u00f6arna<\/option><option value='FO' >F\u00e4r\u00f6arna<\/option><option value='FJ' >Fiji<\/option><option value='FI' >Finland<\/option><option value='FR' >Frankrike<\/option><option value='GF' >Franska Guyana<\/option><option value='PF' >Franska Polynesien<\/option><option value='TF' >Franska Sydterritorierna<\/option><option value='GA' >Gabon<\/option><option value='GM' >Gambia<\/option><option value='GE' >Georgien<\/option><option value='DE' >Tyskland<\/option><option value='GH' >Ghana<\/option><option value='GI' >Gibraltar<\/option><option value='GR' >Grekland<\/option><option value='GL' >Gr\u00f6nland<\/option><option value='GD' >Grenada<\/option><option value='GP' >Guadeloupe<\/option><option value='GU' >Guam<\/option><option value='GT' >Guatemala<\/option><option value='GG' >Guernsey<\/option><option value='GN' >Guinea<\/option><option value='GW' >Guinea-Bissau<\/option><option value='GY' >Guyana<\/option><option value='HT' >Haiti<\/option><option value='HM' >Heard Island och McDonald\u00f6arna<\/option><option value='HN' >Honduras<\/option><option value='HK' >Hong Kong<\/option><option value='HU' >Ungern<\/option><option value='IS' >Island<\/option><option value='IN' >Indien<\/option><option value='ID' >Indonesien<\/option><option value='IR' >Iran<\/option><option value='IQ' >Irak<\/option><option value='IE' >Irland<\/option><option value='IM' >Isle of Man<\/option><option value='IL' >Israel<\/option><option value='IT' >Italien<\/option><option value='CI' >Elfenbenskusten<\/option><option value='JM' >Jamaica<\/option><option value='JP' >Japan<\/option><option value='JE' >Jersey<\/option><option value='JO' >Jordanien<\/option><option value='KZ' >Kazakstan<\/option><option value='KE' >Kenya<\/option><option value='KI' >Kiribati<\/option><option value='XK' >Kosovo<\/option><option value='KW' >Kuwait<\/option><option value='KG' >Kirgizistan<\/option><option value='LA' >Laos<\/option><option value='LV' >Lettland<\/option><option value='LB' >Libanon<\/option><option value='LS' >Lesotho<\/option><option value='LR' >Liberia<\/option><option value='LY' >Libyen<\/option><option value='LI' >Liechtenstein<\/option><option value='LT' >Litauen<\/option><option value='LU' >Luxemburg<\/option><option value='MO' >Macao S.A.R., Kina<\/option><option value='MK' >Makedonien<\/option><option value='MG' >Madagaskar<\/option><option value='MW' >Malawi<\/option><option value='MY' >Malaysia<\/option><option value='MV' >Maldiverna<\/option><option value='ML' >Mali<\/option><option value='MT' >Malta<\/option><option value='MH' >Marshall\u00f6arna<\/option><option value='MQ' >Martinique<\/option><option value='MR' >Mauretanien<\/option><option value='MU' >Mauritius<\/option><option value='YT' >Mayotte<\/option><option value='MX' >Mexiko<\/option><option value='FM' >Mikronesien<\/option><option value='MD' >Moldavien<\/option><option value='MC' >Monaco<\/option><option value='MN' >Mongoliet<\/option><option value='ME' >Montenegro<\/option><option value='MS' >Montserrat<\/option><option value='MA' >Marocko<\/option><option value='MZ' >Mo\u00e7ambique<\/option><option value='MM' >Myanmar<\/option><option value='NA' >Namibia<\/option><option value='NR' >Nauru<\/option><option value='NP' >Nepal<\/option><option value='NL' >Nederl\u00e4nderna<\/option><option value='NC' >Nya Kaledonien<\/option><option value='NZ' >Nya Zeeland<\/option><option value='NI' >Nicaragua<\/option><option value='NE' >Niger<\/option><option value='NG' >Nigeria<\/option><option value='NU' >Niue<\/option><option value='NF' >Norfolk\u00f6n<\/option><option value='KP' >Nordkorea<\/option><option value='MP' >Nordmarianerna<\/option><option value='NO' >Norge<\/option><option value='OM' >Oman<\/option><option value='PK' >Pakistan<\/option><option value='PS' >Palestinska territoriet<\/option><option value='PA' >Panama<\/option><option value='PG' >Papua Nya Guinea<\/option><option value='PY' >Paraguay<\/option><option value='PE' >Peru<\/option><option value='PH' >Filippinerna<\/option><option value='PN' >Pitcairn<\/option><option value='PL' >Polen<\/option><option value='PT' >Portugal<\/option><option value='PR' >Puerto Rico<\/option><option value='QA' >Qatar<\/option><option value='CG' >Republiken Kongo (Brazzaville)<\/option><option value='RE' >\u00c5terf\u00f6rening<\/option><option value='RO' >Rum\u00e4nien<\/option><option value='RU' >Ryssland<\/option><option value='RW' >Rwanda<\/option><option value='BL' >Saint Barth\u00e9lemy<\/option><option value='SH' >Saint Helena<\/option><option value='KN' >Saint Kitts och Nevis<\/option><option value='LC' >Saint Lucia<\/option><option value='SX' >Saint Martin (nederl\u00e4ndska delen)<\/option><option value='MF' >Saint Martin (franska delen)<\/option><option value='PM' >Saint Pierre och Miquelon<\/option><option value='VC' >Saint Vincent och Grenadinerna<\/option><option value='WS' >Samoa<\/option><option value='SM' >San Marino<\/option><option value='ST' >Sao Tome och Principe<\/option><option value='SA' >Saudiarabien<\/option><option value='SN' >Senegal<\/option><option value='RS' >Serbien<\/option><option value='SC' >Seychellerna<\/option><option value='SL' >Sierra Leone<\/option><option value='SG' >Singapore<\/option><option value='SK' >Slovakien<\/option><option value='SI' >Slovenien<\/option><option value='SB' >Salomon\u00f6arna<\/option><option value='SO' >Somalia<\/option><option value='ZA' >Sydafrika<\/option><option value='GS' >Sydgeorgien\/Sandwich\u00f6arna<\/option><option value='KR' >Sydkorea<\/option><option value='SS' >Sydsudan<\/option><option value='ES' >Spanien<\/option><option value='LK' >Sri Lanka<\/option><option value='SD' >Sudan<\/option><option value='SR' >Surinam<\/option><option value='SJ' >Svalbard och Jan Mayen<\/option><option value='SZ' >Swaziland<\/option><option value='SE' >Sverige<\/option><option value='CH' >Schweiz<\/option><option value='SY' >Syrien<\/option><option value='TW' >Taiwan<\/option><option value='TJ' >Tadzjikistan<\/option><option value='TZ' >Tanzania<\/option><option value='TH' >Thailand<\/option><option value='TL' >\u00d6sttimor<\/option><option value='TG' >Togo<\/option><option value='TK' >Tokelau<\/option><option value='TO' >Tonga<\/option><option value='TT' >Trinidad och Tobago<\/option><option value='TN' >Tunisien<\/option><option value='TR' >Turkiet<\/option><option value='TM' >Turkmenistan<\/option><option value='TC' >Turks- och Caicos\u00f6arna<\/option><option value='TV' >Tuvalu<\/option><option value='UG' >Uganda<\/option><option value='UA' >Ukraina<\/option><option value='AE' >F\u00f6renade Arabemiraten<\/option><option value='GB' >F\u00f6renade kungariket (UK)<\/option><option value='US' >F\u00f6renta staterna (USA)<\/option><option value='UM' >F\u00f6renta staterna (US) Mindre avl\u00e4gsna \u00f6ar<\/option><option value='VI' >F\u00f6renta staterna (US) Jungfru\u00f6arna<\/option><option value='UY' >Uruguay<\/option><option value='UZ' >Uzbekistan<\/option><option value='VU' >Vanuatu<\/option><option value='VA' >Vatikanen<\/option><option value='VE' >Venezuela<\/option><option value='VN' >Vietnam<\/option><option value='WF' >Wallis och Futuna<\/option><option value='EH' >V\u00e4stsahara<\/option><option value='YE' >Jemen<\/option><option value='ZM' >Zambia<\/option><option value='ZW' >Zimbabwe<\/option><\/select><\/div><\/div><div class='ff-el-group'><div class=\"ff-el-input--label asterisk-right\"><label for='ff_1_subject' aria-label=\"\u00c4mne\">\u00c4mne<\/label><\/div><div class='ff-el-input--content'><input type=\"text\" name=\"subject\" class=\"ff-el-form-control\" placeholder=\"\u00c4mne\" data-name=\"subject\" id=\"ff_1_subject\"  aria-invalid=\"false\" aria-required=\"false\"><\/div><\/div><div class='ff-el-group'><div class=\"ff-el-input--label ff-el-is-required asterisk-right\"><label for='ff_1_message' aria-label=\"Ditt meddelande\">Ditt meddelande<\/label><\/div><div class='ff-el-input--content'><textarea aria-invalid=\"false\" aria-required=\"true\" name=\"message\" id=\"ff_1_message\" class=\"ff-el-form-control\" placeholder=\"Ditt meddelande\" rows=\"4\" cols=\"2\" data-name=\"message\" ><\/textarea><\/div><\/div><div class='ff-el-group ff-text-left ff_submit_btn_wrapper'><button type=\"submit\" class=\"ff-btn ff-btn-submit ff-btn-md ff_btn_style\" >Skicka in formul\u00e4r<\/button><\/div><\/fieldset><input type=\"hidden\" name=\"trp-form-language\" value=\"sv\"\/><\/form><div id='fluentform_1_errors' class='ff-errors-in-stack ff_form_instance_1_1 ff-form-loading_errors ff_form_instance_1_1_errors'><\/div><\/div>        <script type=\"text\/javascript\">\n            window.fluent_form_ff_form_instance_1_1 = {\"id\":\"1\",\"settings\":{\"layout\":{\"labelPlacement\":\"top\",\"helpMessagePlacement\":\"with_label\",\"errorMessagePlacement\":\"inline\",\"cssClassName\":\"\",\"asteriskPlacement\":\"asterisk-right\"},\"restrictions\":{\"denyEmptySubmission\":{\"enabled\":false}}},\"form_instance\":\"ff_form_instance_1_1\",\"form_id_selector\":\"fluentform_1\",\"rules\":{\"names[first_name]\":{\"required\":{\"value\":true,\"message\":\"This field is required\",\"global\":false,\"global_message\":\"This field is required\"}},\"names[middle_name]\":{\"required\":{\"value\":false,\"message\":\"This field is required\",\"global\":false,\"global_message\":\"This field is required\"}},\"names[last_name]\":{\"required\":{\"value\":true,\"message\":\"This field is required\",\"global\":false,\"global_message\":\"This field is required\"}},\"email\":{\"required\":{\"value\":true,\"message\":\"This field is required\",\"global\":false,\"global_message\":\"This field is required\"},\"email\":{\"value\":true,\"message\":\"This field must contain a valid email\",\"global\":false,\"global_message\":\"This field must contain a valid email\"}},\"country-list\":{\"required\":{\"value\":true,\"message\":\"This field is required\",\"global_message\":\"This field is required\",\"global\":true}},\"subject\":{\"required\":{\"value\":false,\"message\":\"This field is required\",\"global\":false,\"global_message\":\"This field is required\"}},\"message\":{\"required\":{\"value\":true,\"message\":\"This field is required\",\"global\":false,\"global_message\":\"This field is required\"}}},\"debounce_time\":300};\n                    <\/script>","protected":false},"excerpt":{"rendered":"<p>Welcome to contact us for any questions! You may read the FAQ or Shipping page as these page answers most of our customers&#8217; questions puffsvape@126.com Whatsapp:+8613066886886<\/p>","protected":false},"author":1,"featured_media":0,"parent":0,"menu_order":0,"comment_status":"closed","ping_status":"closed","template":"","meta":{"om_disable_all_campaigns":false,"_monsterinsights_skip_tracking":false,"_monsterinsights_sitenote_active":false,"_monsterinsights_sitenote_note":"","_monsterinsights_sitenote_category":0,"footnotes":""},"class_list":["post-1169","page","type-page","status-publish","hentry"],"aioseo_notices":[],"_links":{"self":[{"href":"https:\/\/www.puffsvape.com\/sv\/wp-json\/wp\/v2\/pages\/1169","targetHints":{"allow":["GET"]}}],"collection":[{"href":"https:\/\/www.puffsvape.com\/sv\/wp-json\/wp\/v2\/pages"}],"about":[{"href":"https:\/\/www.puffsvape.com\/sv\/wp-json\/wp\/v2\/types\/page"}],"author":[{"embeddable":true,"href":"https:\/\/www.puffsvape.com\/sv\/wp-json\/wp\/v2\/users\/1"}],"replies":[{"embeddable":true,"href":"https:\/\/www.puffsvape.com\/sv\/wp-json\/wp\/v2\/comments?post=1169"}],"version-history":[{"count":14,"href":"https:\/\/www.puffsvape.com\/sv\/wp-json\/wp\/v2\/pages\/1169\/revisions"}],"predecessor-version":[{"id":3115,"href":"https:\/\/www.puffsvape.com\/sv\/wp-json\/wp\/v2\/pages\/1169\/revisions\/3115"}],"wp:attachment":[{"href":"https:\/\/www.puffsvape.com\/sv\/wp-json\/wp\/v2\/media?parent=1169"}],"curies":[{"name":"wp","href":"https:\/\/api.w.org\/{rel}","templated":true}]}}