{"id":1075,"date":"2024-04-05T02:10:29","date_gmt":"2024-04-05T02:10:29","guid":{"rendered":"https:\/\/www.puffsvape.com\/?page_id=1075"},"modified":"2025-08-21T22:20:24","modified_gmt":"2025-08-21T14:20:24","slug":"bank-accounts","status":"publish","type":"page","link":"https:\/\/www.puffsvape.com\/sv\/bankkonton\/","title":{"rendered":"Bankkonton"},"content":{"rendered":"<table style=\"width: 1253px;\" width=\"1261\">\n<tbody>\n<tr>\n<td style=\"width: 364px;\" width=\"263\">IBAN :<\/td>\n<td style=\"width: 889px;\" width=\"648\">DE90202208000059660922<\/td>\n<\/tr>\n<tr>\n<td style=\"width: 364px;\">Kontonamn :<\/td>\n<td style=\"width: 889px;\">DFC GROUP LIMITED<\/td>\n<\/tr>\n<tr>\n<td style=\"width: 364px;\">SWIFT\/BIC-kod :<\/td>\n<td style=\"width: 889px;\">SXPYDEHH<\/td>\n<\/tr>\n<tr>\n<td style=\"width: 364px;\">Bankens namn :<\/td>\n<td style=\"width: 889px;\">Banking Circle S.A. - tysk filial<\/td>\n<\/tr>\n<tr>\n<td style=\"width: 364px;\">Bankadress :<\/td>\n<td style=\"width: 889px;\">Maximilianstra\u00dfe 54,80538 M\u00fcnchen<\/td>\n<\/tr>\n<tr>\n<td style=\"width: 364px;\">Land\/region :<\/td>\n<td style=\"width: 889px;\">Tyskland<\/td>\n<\/tr>\n<tr>\n<td style=\"width: 364px;\">Kontotyp :<\/td>\n<td style=\"width: 889px;\">F\u00f6retagskonto<\/td>\n<\/tr>\n<tr>\n<td style=\"width: 364px;\">Betalningsmetod :<\/td>\n<td style=\"width: 889px;\">F\u00f6r betalning av varor, v\u00e4nligen g\u00f6r en SEPA SCT\/SEPA Inst Payment<\/td>\n<\/tr>\n<tr>\n<td style=\"width: 364px;\">Anteckningar :<\/td>\n<td style=\"width: 889px;\">Best\u00e4llningsnummer<\/td>\n<\/tr>\n<\/tbody>\n<\/table>\n<h3>NOTICE:<\/h3>\n<ol>\n<li>St\u00f6d f\u00f6r valuta:\u00a0<strong>ENDAST EUR<\/strong><\/li>\n<li>St\u00f6d f\u00f6r betalningar fr\u00e5n euroomr\u00e5det (Andorra, Grekland, Norge, \u00d6sterrike, Ungern, Polen, Belgien, Island, Portugal, Bulgarien, Irland, Rum\u00e4nien, Cypern, Italien, San Marino, Kroatien, Lettland, Slovakien, Tjeckien, Liechtenstein, Slovenien, Danmark, Litauen, Spanien, Estland, Luxemburg, Sverige, Finland, Malta, Schweiz, Frankrike, Monaco, Tyskland, Nederl\u00e4nderna, Vatikanen)<\/li>\n<li><strong>St\u00f6djs endast f\u00f6r betalningar i SEPA-n\u00e4tverket<\/strong>\u00a0(1-2 arbetsdagar till konto)<\/li>\n<li>Check st\u00f6ds inte<\/li>\n<li>Kontantins\u00e4ttning st\u00f6ds inte<\/li>\n<li>ATM st\u00f6ds inte<\/li>\n<\/ol>","protected":false},"excerpt":{"rendered":"<p>IBAN : DE90202208000059660922 Kontonamn : DFC GROUP LIMITED SWIFT\/BIC-kod : SXPYDEHH Bankens namn : Banking Circle S.A. -German Branch Bankadress : Maximilianstra\u00dfe 54,80538 M\u00fcnchen Land\/region : Tyskland Kontotyp : F\u00f6retagskonto Betalningsmetod : F\u00f6r betalning av varor, v\u00e4nligen g\u00f6r en SEPA SCT\/SEPA Inst Payment Notes : Ordernummer MEDDELANDE: [...]","protected":false},"author":1,"featured_media":0,"parent":0,"menu_order":0,"comment_status":"closed","ping_status":"closed","template":"","meta":{"om_disable_all_campaigns":false,"_monsterinsights_skip_tracking":false,"_monsterinsights_sitenote_active":false,"_monsterinsights_sitenote_note":"","_monsterinsights_sitenote_category":0,"footnotes":""},"class_list":["post-1075","page","type-page","status-publish","hentry"],"aioseo_notices":[],"_links":{"self":[{"href":"https:\/\/www.puffsvape.com\/sv\/wp-json\/wp\/v2\/pages\/1075","targetHints":{"allow":["GET"]}}],"collection":[{"href":"https:\/\/www.puffsvape.com\/sv\/wp-json\/wp\/v2\/pages"}],"about":[{"href":"https:\/\/www.puffsvape.com\/sv\/wp-json\/wp\/v2\/types\/page"}],"author":[{"embeddable":true,"href":"https:\/\/www.puffsvape.com\/sv\/wp-json\/wp\/v2\/users\/1"}],"replies":[{"embeddable":true,"href":"https:\/\/www.puffsvape.com\/sv\/wp-json\/wp\/v2\/comments?post=1075"}],"version-history":[{"count":142,"href":"https:\/\/www.puffsvape.com\/sv\/wp-json\/wp\/v2\/pages\/1075\/revisions"}],"predecessor-version":[{"id":2972,"href":"https:\/\/www.puffsvape.com\/sv\/wp-json\/wp\/v2\/pages\/1075\/revisions\/2972"}],"wp:attachment":[{"href":"https:\/\/www.puffsvape.com\/sv\/wp-json\/wp\/v2\/media?parent=1075"}],"curies":[{"name":"wp","href":"https:\/\/api.w.org\/{rel}","templated":true}]}}