{"id":105,"date":"2024-03-24T03:19:06","date_gmt":"2024-03-24T03:19:06","guid":{"rendered":"https:\/\/www.puffsvape.com\/?page_id=105"},"modified":"2024-09-01T05:58:33","modified_gmt":"2024-09-01T05:58:33","slug":"faq","status":"publish","type":"page","link":"https:\/\/www.puffsvape.com\/sv\/fragor-och-svar\/","title":{"rendered":"VANLIGA FR\u00c5GOR"},"content":{"rendered":"<div data-elementor-type=\"wp-page\" data-elementor-id=\"105\" class=\"elementor elementor-105\">\n\t\t\t\t<div class=\"elementor-element elementor-element-775ee17 e-flex e-con-boxed e-con e-parent\" data-id=\"775ee17\" data-element_type=\"container\">\n\t\t\t\t\t<div class=\"e-con-inner\">\n\t\t\t\t<div class=\"elementor-element elementor-element-7b412a1 elementor-widget elementor-widget-heading\" data-id=\"7b412a1\" data-element_type=\"widget\" data-widget_type=\"heading.default\">\n\t\t\t\t<div class=\"elementor-widget-container\">\n\t\t\t\t\t<h2 class=\"elementor-heading-title elementor-size-default\">Betalning<\/h2>\t\t\t\t<\/div>\n\t\t\t\t<\/div>\n\t\t\t\t\t<\/div>\n\t\t\t\t<\/div>\n\t\t<div class=\"elementor-element elementor-element-1694e46 e-flex e-con-boxed e-con e-parent\" data-id=\"1694e46\" data-element_type=\"container\">\n\t\t\t\t\t<div class=\"e-con-inner\">\n\t\t\t\t<div class=\"elementor-element elementor-element-c0ea13d elementor-widget elementor-widget-accordion\" data-id=\"c0ea13d\" data-element_type=\"widget\" data-widget_type=\"accordion.default\">\n\t\t\t\t<div class=\"elementor-widget-container\">\n\t\t\t\t\t\t\t<div class=\"elementor-accordion\">\n\t\t\t\t\t\t\t<div class=\"elementor-accordion-item\">\n\t\t\t\t\t<div id=\"elementor-tab-title-2021\" class=\"elementor-tab-title\" data-tab=\"1\" role=\"button\" aria-controls=\"elementor-tab-content-2021\" aria-expanded=\"false\">\n\t\t\t\t\t\t\t\t\t\t\t\t\t<span class=\"elementor-accordion-icon elementor-accordion-icon-left\" aria-hidden=\"true\">\n\t\t\t\t\t\t\t\t\t\t\t\t\t\t\t<span class=\"elementor-accordion-icon-closed\"><svg xmlns=\"http:\/\/www.w3.org\/2000\/svg\" xmlns:xlink=\"http:\/\/www.w3.org\/1999\/xlink\" class=\"icon\" viewbox=\"0 0 1024 1024\" width=\"48\" height=\"48\"><path d=\"M564.193 950.085l-515.103-515.103c-28.212-28.212-28.212-74.125 0-102.35l283.555-283.542c28.225-28.212 74.138-28.212 102.35 0l26.003 26.003c8.527 8.527 8.527 22.354 0 30.881s-22.341 8.527-30.869 0l-26.003-26.016c-11.196-11.196-29.405-11.196-40.601 0l-283.567 283.567c-11.196 11.183-11.196 29.405 0 40.601l515.103 515.103c11.183 11.196 29.392 11.196 40.588 0l283.567-283.567c11.196-11.183 11.196-29.392 0-40.588l-396.48-396.493c-8.54-8.527-8.54-22.341 0-30.869 8.527-8.527 22.354-8.527 30.869 0l396.468 396.48c28.212 28.201 28.212 74.125 0 102.338l-283.542 283.555c-28.212 28.212-74.125 28.212-102.338 0z\"><\/path><path d=\"M303.301 104.197l504.787 504.787-91.839 91.839-504.787-504.787 91.839-91.839z\"><\/path><path d=\"M95.866 324.060l486.172 486.172-17.553 17.553-486.172-486.172 17.553-17.553z\"><\/path><\/svg><\/span>\n\t\t\t\t\t\t\t\t<span class=\"elementor-accordion-icon-opened\"><svg class=\"e-font-icon-svg e-fas-minus\" viewbox=\"0 0 448 512\" xmlns=\"http:\/\/www.w3.org\/2000\/svg\"><path d=\"M416 208H32c-17.67 0-32 14.33-32 32v32c0 17.67 14.33 32 32 32h384c17.67 0 32-14.33 32-32v-32c0-17.67-14.33-32-32-32z\"><\/path><\/svg><\/span>\n\t\t\t\t\t\t\t\t\t\t\t\t\t\t<\/span>\n\t\t\t\t\t\t\t\t\t\t\t\t<a class=\"elementor-accordion-title\" tabindex=\"0\">Vilka betalningsmetoder accepterar ni?<\/a>\n\t\t\t\t\t<\/div>\n\t\t\t\t\t<div id=\"elementor-tab-content-2021\" class=\"elementor-tab-content elementor-clearfix\" data-tab=\"1\" role=\"region\" aria-labelledby=\"elementor-tab-title-2021\"><p>Vi accepterar bank\u00f6verf\u00f6ring (lokalt EUR-konto \/ internationellt bankkonto) och Western Union-betalning.<\/p><\/div>\n\t\t\t\t<\/div>\n\t\t\t\t\t\t\t<div class=\"elementor-accordion-item\">\n\t\t\t\t\t<div id=\"elementor-tab-title-2022\" class=\"elementor-tab-title\" data-tab=\"2\" role=\"button\" aria-controls=\"elementor-tab-content-2022\" aria-expanded=\"false\">\n\t\t\t\t\t\t\t\t\t\t\t\t\t<span class=\"elementor-accordion-icon elementor-accordion-icon-left\" aria-hidden=\"true\">\n\t\t\t\t\t\t\t\t\t\t\t\t\t\t\t<span class=\"elementor-accordion-icon-closed\"><svg xmlns=\"http:\/\/www.w3.org\/2000\/svg\" xmlns:xlink=\"http:\/\/www.w3.org\/1999\/xlink\" class=\"icon\" viewbox=\"0 0 1024 1024\" width=\"48\" height=\"48\"><path d=\"M564.193 950.085l-515.103-515.103c-28.212-28.212-28.212-74.125 0-102.35l283.555-283.542c28.225-28.212 74.138-28.212 102.35 0l26.003 26.003c8.527 8.527 8.527 22.354 0 30.881s-22.341 8.527-30.869 0l-26.003-26.016c-11.196-11.196-29.405-11.196-40.601 0l-283.567 283.567c-11.196 11.183-11.196 29.405 0 40.601l515.103 515.103c11.183 11.196 29.392 11.196 40.588 0l283.567-283.567c11.196-11.183 11.196-29.392 0-40.588l-396.48-396.493c-8.54-8.527-8.54-22.341 0-30.869 8.527-8.527 22.354-8.527 30.869 0l396.468 396.48c28.212 28.201 28.212 74.125 0 102.338l-283.542 283.555c-28.212 28.212-74.125 28.212-102.338 0z\"><\/path><path d=\"M303.301 104.197l504.787 504.787-91.839 91.839-504.787-504.787 91.839-91.839z\"><\/path><path d=\"M95.866 324.060l486.172 486.172-17.553 17.553-486.172-486.172 17.553-17.553z\"><\/path><\/svg><\/span>\n\t\t\t\t\t\t\t\t<span class=\"elementor-accordion-icon-opened\"><svg class=\"e-font-icon-svg e-fas-minus\" viewbox=\"0 0 448 512\" xmlns=\"http:\/\/www.w3.org\/2000\/svg\"><path d=\"M416 208H32c-17.67 0-32 14.33-32 32v32c0 17.67 14.33 32 32 32h384c17.67 0 32-14.33 32-32v-32c0-17.67-14.33-32-32-32z\"><\/path><\/svg><\/span>\n\t\t\t\t\t\t\t\t\t\t\t\t\t\t<\/span>\n\t\t\t\t\t\t\t\t\t\t\t\t<a class=\"elementor-accordion-title\" tabindex=\"0\">Hur kan jag f\u00e5 en faktura?<\/a>\n\t\t\t\t\t<\/div>\n\t\t\t\t\t<div id=\"elementor-tab-content-2022\" class=\"elementor-tab-content elementor-clearfix\" data-tab=\"2\" role=\"region\" aria-labelledby=\"elementor-tab-title-2022\"><p>N\u00e4r du har skickat in best\u00e4llningen i v\u00e5r webbshop f\u00e5r du en faktura via din e-post.<\/p><\/div>\n\t\t\t\t<\/div>\n\t\t\t\t\t\t\t<div class=\"elementor-accordion-item\">\n\t\t\t\t\t<div id=\"elementor-tab-title-2023\" class=\"elementor-tab-title\" data-tab=\"3\" role=\"button\" aria-controls=\"elementor-tab-content-2023\" aria-expanded=\"false\">\n\t\t\t\t\t\t\t\t\t\t\t\t\t<span class=\"elementor-accordion-icon elementor-accordion-icon-left\" aria-hidden=\"true\">\n\t\t\t\t\t\t\t\t\t\t\t\t\t\t\t<span class=\"elementor-accordion-icon-closed\"><svg xmlns=\"http:\/\/www.w3.org\/2000\/svg\" xmlns:xlink=\"http:\/\/www.w3.org\/1999\/xlink\" class=\"icon\" viewbox=\"0 0 1024 1024\" width=\"48\" height=\"48\"><path d=\"M564.193 950.085l-515.103-515.103c-28.212-28.212-28.212-74.125 0-102.35l283.555-283.542c28.225-28.212 74.138-28.212 102.35 0l26.003 26.003c8.527 8.527 8.527 22.354 0 30.881s-22.341 8.527-30.869 0l-26.003-26.016c-11.196-11.196-29.405-11.196-40.601 0l-283.567 283.567c-11.196 11.183-11.196 29.405 0 40.601l515.103 515.103c11.183 11.196 29.392 11.196 40.588 0l283.567-283.567c11.196-11.183 11.196-29.392 0-40.588l-396.48-396.493c-8.54-8.527-8.54-22.341 0-30.869 8.527-8.527 22.354-8.527 30.869 0l396.468 396.48c28.212 28.201 28.212 74.125 0 102.338l-283.542 283.555c-28.212 28.212-74.125 28.212-102.338 0z\"><\/path><path d=\"M303.301 104.197l504.787 504.787-91.839 91.839-504.787-504.787 91.839-91.839z\"><\/path><path d=\"M95.866 324.060l486.172 486.172-17.553 17.553-486.172-486.172 17.553-17.553z\"><\/path><\/svg><\/span>\n\t\t\t\t\t\t\t\t<span class=\"elementor-accordion-icon-opened\"><svg class=\"e-font-icon-svg e-fas-minus\" viewbox=\"0 0 448 512\" xmlns=\"http:\/\/www.w3.org\/2000\/svg\"><path d=\"M416 208H32c-17.67 0-32 14.33-32 32v32c0 17.67 14.33 32 32 32h384c17.67 0 32-14.33 32-32v-32c0-17.67-14.33-32-32-32z\"><\/path><\/svg><\/span>\n\t\t\t\t\t\t\t\t\t\t\t\t\t\t<\/span>\n\t\t\t\t\t\t\t\t\t\t\t\t<a class=\"elementor-accordion-title\" tabindex=\"0\">Finns det m\u00f6jlighet att ange en rabattkod eller ett presentkort?<\/a>\n\t\t\t\t\t<\/div>\n\t\t\t\t\t<div id=\"elementor-tab-content-2023\" class=\"elementor-tab-content elementor-clearfix\" data-tab=\"3\" role=\"region\" aria-labelledby=\"elementor-tab-title-2023\"><p>Ja, om du har en rabattkod eller ett presentkort kan du ange relevant information p\u00e5 kassasidan f\u00f6r att f\u00e5 rabatter.<\/p><\/div>\n\t\t\t\t<\/div>\n\t\t\t\t\t\t\t<div class=\"elementor-accordion-item\">\n\t\t\t\t\t<div id=\"elementor-tab-title-2024\" class=\"elementor-tab-title\" data-tab=\"4\" role=\"button\" aria-controls=\"elementor-tab-content-2024\" aria-expanded=\"false\">\n\t\t\t\t\t\t\t\t\t\t\t\t\t<span class=\"elementor-accordion-icon elementor-accordion-icon-left\" aria-hidden=\"true\">\n\t\t\t\t\t\t\t\t\t\t\t\t\t\t\t<span class=\"elementor-accordion-icon-closed\"><svg xmlns=\"http:\/\/www.w3.org\/2000\/svg\" xmlns:xlink=\"http:\/\/www.w3.org\/1999\/xlink\" class=\"icon\" viewbox=\"0 0 1024 1024\" width=\"48\" height=\"48\"><path d=\"M564.193 950.085l-515.103-515.103c-28.212-28.212-28.212-74.125 0-102.35l283.555-283.542c28.225-28.212 74.138-28.212 102.35 0l26.003 26.003c8.527 8.527 8.527 22.354 0 30.881s-22.341 8.527-30.869 0l-26.003-26.016c-11.196-11.196-29.405-11.196-40.601 0l-283.567 283.567c-11.196 11.183-11.196 29.405 0 40.601l515.103 515.103c11.183 11.196 29.392 11.196 40.588 0l283.567-283.567c11.196-11.183 11.196-29.392 0-40.588l-396.48-396.493c-8.54-8.527-8.54-22.341 0-30.869 8.527-8.527 22.354-8.527 30.869 0l396.468 396.48c28.212 28.201 28.212 74.125 0 102.338l-283.542 283.555c-28.212 28.212-74.125 28.212-102.338 0z\"><\/path><path d=\"M303.301 104.197l504.787 504.787-91.839 91.839-504.787-504.787 91.839-91.839z\"><\/path><path d=\"M95.866 324.060l486.172 486.172-17.553 17.553-486.172-486.172 17.553-17.553z\"><\/path><\/svg><\/span>\n\t\t\t\t\t\t\t\t<span class=\"elementor-accordion-icon-opened\"><svg class=\"e-font-icon-svg e-fas-minus\" viewbox=\"0 0 448 512\" xmlns=\"http:\/\/www.w3.org\/2000\/svg\"><path d=\"M416 208H32c-17.67 0-32 14.33-32 32v32c0 17.67 14.33 32 32 32h384c17.67 0 32-14.33 32-32v-32c0-17.67-14.33-32-32-32z\"><\/path><\/svg><\/span>\n\t\t\t\t\t\t\t\t\t\t\t\t\t\t<\/span>\n\t\t\t\t\t\t\t\t\t\t\t\t<a class=\"elementor-accordion-title\" tabindex=\"0\">Erbjuder ni betalningsalternativet postf\u00f6rskott (COD)?<\/a>\n\t\t\t\t\t<\/div>\n\t\t\t\t\t<div id=\"elementor-tab-content-2024\" class=\"elementor-tab-content elementor-clearfix\" data-tab=\"4\" role=\"region\" aria-labelledby=\"elementor-tab-title-2024\"><p>Vi erbjuder inte postf\u00f6rskott. Du m\u00e5ste anv\u00e4nda betalningsmetoder online n\u00e4r du g\u00f6r en best\u00e4llning.<\/p><\/div>\n\t\t\t\t<\/div>\n\t\t\t\t\t\t\t<div class=\"elementor-accordion-item\">\n\t\t\t\t\t<div id=\"elementor-tab-title-2025\" class=\"elementor-tab-title\" data-tab=\"5\" role=\"button\" aria-controls=\"elementor-tab-content-2025\" aria-expanded=\"false\">\n\t\t\t\t\t\t\t\t\t\t\t\t\t<span class=\"elementor-accordion-icon elementor-accordion-icon-left\" aria-hidden=\"true\">\n\t\t\t\t\t\t\t\t\t\t\t\t\t\t\t<span class=\"elementor-accordion-icon-closed\"><svg xmlns=\"http:\/\/www.w3.org\/2000\/svg\" xmlns:xlink=\"http:\/\/www.w3.org\/1999\/xlink\" class=\"icon\" viewbox=\"0 0 1024 1024\" width=\"48\" height=\"48\"><path d=\"M564.193 950.085l-515.103-515.103c-28.212-28.212-28.212-74.125 0-102.35l283.555-283.542c28.225-28.212 74.138-28.212 102.35 0l26.003 26.003c8.527 8.527 8.527 22.354 0 30.881s-22.341 8.527-30.869 0l-26.003-26.016c-11.196-11.196-29.405-11.196-40.601 0l-283.567 283.567c-11.196 11.183-11.196 29.405 0 40.601l515.103 515.103c11.183 11.196 29.392 11.196 40.588 0l283.567-283.567c11.196-11.183 11.196-29.392 0-40.588l-396.48-396.493c-8.54-8.527-8.54-22.341 0-30.869 8.527-8.527 22.354-8.527 30.869 0l396.468 396.48c28.212 28.201 28.212 74.125 0 102.338l-283.542 283.555c-28.212 28.212-74.125 28.212-102.338 0z\"><\/path><path d=\"M303.301 104.197l504.787 504.787-91.839 91.839-504.787-504.787 91.839-91.839z\"><\/path><path d=\"M95.866 324.060l486.172 486.172-17.553 17.553-486.172-486.172 17.553-17.553z\"><\/path><\/svg><\/span>\n\t\t\t\t\t\t\t\t<span class=\"elementor-accordion-icon-opened\"><svg class=\"e-font-icon-svg e-fas-minus\" viewbox=\"0 0 448 512\" xmlns=\"http:\/\/www.w3.org\/2000\/svg\"><path d=\"M416 208H32c-17.67 0-32 14.33-32 32v32c0 17.67 14.33 32 32 32h384c17.67 0 32-14.33 32-32v-32c0-17.67-14.33-32-32-32z\"><\/path><\/svg><\/span>\n\t\t\t\t\t\t\t\t\t\t\t\t\t\t<\/span>\n\t\t\t\t\t\t\t\t\t\t\t\t<a class=\"elementor-accordion-title\" tabindex=\"0\">\u00c4r betalningen s\u00e4ker?<\/a>\n\t\t\t\t\t<\/div>\n\t\t\t\t\t<div id=\"elementor-tab-content-2025\" class=\"elementor-tab-content elementor-clearfix\" data-tab=\"5\" role=\"region\" aria-labelledby=\"elementor-tab-title-2025\"><p>Vi vidtar flera \u00e5tg\u00e4rder f\u00f6r att s\u00e4kerst\u00e4lla betalningss\u00e4kerheten, bland annat krypteringsteknik och betalningshantering i enlighet med PCI-standarder.<\/p><\/div>\n\t\t\t\t<\/div>\n\t\t\t\t\t\t\t<div class=\"elementor-accordion-item\">\n\t\t\t\t\t<div id=\"elementor-tab-title-2026\" class=\"elementor-tab-title\" data-tab=\"6\" role=\"button\" aria-controls=\"elementor-tab-content-2026\" aria-expanded=\"false\">\n\t\t\t\t\t\t\t\t\t\t\t\t\t<span class=\"elementor-accordion-icon elementor-accordion-icon-left\" aria-hidden=\"true\">\n\t\t\t\t\t\t\t\t\t\t\t\t\t\t\t<span class=\"elementor-accordion-icon-closed\"><svg xmlns=\"http:\/\/www.w3.org\/2000\/svg\" xmlns:xlink=\"http:\/\/www.w3.org\/1999\/xlink\" class=\"icon\" viewbox=\"0 0 1024 1024\" width=\"48\" height=\"48\"><path d=\"M564.193 950.085l-515.103-515.103c-28.212-28.212-28.212-74.125 0-102.35l283.555-283.542c28.225-28.212 74.138-28.212 102.35 0l26.003 26.003c8.527 8.527 8.527 22.354 0 30.881s-22.341 8.527-30.869 0l-26.003-26.016c-11.196-11.196-29.405-11.196-40.601 0l-283.567 283.567c-11.196 11.183-11.196 29.405 0 40.601l515.103 515.103c11.183 11.196 29.392 11.196 40.588 0l283.567-283.567c11.196-11.183 11.196-29.392 0-40.588l-396.48-396.493c-8.54-8.527-8.54-22.341 0-30.869 8.527-8.527 22.354-8.527 30.869 0l396.468 396.48c28.212 28.201 28.212 74.125 0 102.338l-283.542 283.555c-28.212 28.212-74.125 28.212-102.338 0z\"><\/path><path d=\"M303.301 104.197l504.787 504.787-91.839 91.839-504.787-504.787 91.839-91.839z\"><\/path><path d=\"M95.866 324.060l486.172 486.172-17.553 17.553-486.172-486.172 17.553-17.553z\"><\/path><\/svg><\/span>\n\t\t\t\t\t\t\t\t<span class=\"elementor-accordion-icon-opened\"><svg class=\"e-font-icon-svg e-fas-minus\" viewbox=\"0 0 448 512\" xmlns=\"http:\/\/www.w3.org\/2000\/svg\"><path d=\"M416 208H32c-17.67 0-32 14.33-32 32v32c0 17.67 14.33 32 32 32h384c17.67 0 32-14.33 32-32v-32c0-17.67-14.33-32-32-32z\"><\/path><\/svg><\/span>\n\t\t\t\t\t\t\t\t\t\t\t\t\t\t<\/span>\n\t\t\t\t\t\t\t\t\t\t\t\t<a class=\"elementor-accordion-title\" tabindex=\"0\">Hur kan jag f\u00e5 en orderbekr\u00e4ftelse efter att ha gjort en betalning?<\/a>\n\t\t\t\t\t<\/div>\n\t\t\t\t\t<div id=\"elementor-tab-content-2026\" class=\"elementor-tab-content elementor-clearfix\" data-tab=\"6\" role=\"region\" aria-labelledby=\"elementor-tab-title-2026\"><p>Du kommer att f\u00e5 en orderbekr\u00e4ftelse via e-post omedelbart efter en lyckad betalning, som inneh\u00e5ller detaljerad orderinformation.<\/p><\/div>\n\t\t\t\t<\/div>\n\t\t\t\t\t\t\t<div class=\"elementor-accordion-item\">\n\t\t\t\t\t<div id=\"elementor-tab-title-2027\" class=\"elementor-tab-title\" data-tab=\"7\" role=\"button\" aria-controls=\"elementor-tab-content-2027\" aria-expanded=\"false\">\n\t\t\t\t\t\t\t\t\t\t\t\t\t<span class=\"elementor-accordion-icon elementor-accordion-icon-left\" aria-hidden=\"true\">\n\t\t\t\t\t\t\t\t\t\t\t\t\t\t\t<span class=\"elementor-accordion-icon-closed\"><svg xmlns=\"http:\/\/www.w3.org\/2000\/svg\" xmlns:xlink=\"http:\/\/www.w3.org\/1999\/xlink\" class=\"icon\" viewbox=\"0 0 1024 1024\" width=\"48\" height=\"48\"><path d=\"M564.193 950.085l-515.103-515.103c-28.212-28.212-28.212-74.125 0-102.35l283.555-283.542c28.225-28.212 74.138-28.212 102.35 0l26.003 26.003c8.527 8.527 8.527 22.354 0 30.881s-22.341 8.527-30.869 0l-26.003-26.016c-11.196-11.196-29.405-11.196-40.601 0l-283.567 283.567c-11.196 11.183-11.196 29.405 0 40.601l515.103 515.103c11.183 11.196 29.392 11.196 40.588 0l283.567-283.567c11.196-11.183 11.196-29.392 0-40.588l-396.48-396.493c-8.54-8.527-8.54-22.341 0-30.869 8.527-8.527 22.354-8.527 30.869 0l396.468 396.48c28.212 28.201 28.212 74.125 0 102.338l-283.542 283.555c-28.212 28.212-74.125 28.212-102.338 0z\"><\/path><path d=\"M303.301 104.197l504.787 504.787-91.839 91.839-504.787-504.787 91.839-91.839z\"><\/path><path d=\"M95.866 324.060l486.172 486.172-17.553 17.553-486.172-486.172 17.553-17.553z\"><\/path><\/svg><\/span>\n\t\t\t\t\t\t\t\t<span class=\"elementor-accordion-icon-opened\"><svg class=\"e-font-icon-svg e-fas-minus\" viewbox=\"0 0 448 512\" xmlns=\"http:\/\/www.w3.org\/2000\/svg\"><path d=\"M416 208H32c-17.67 0-32 14.33-32 32v32c0 17.67 14.33 32 32 32h384c17.67 0 32-14.33 32-32v-32c0-17.67-14.33-32-32-32z\"><\/path><\/svg><\/span>\n\t\t\t\t\t\t\t\t\t\t\t\t\t\t<\/span>\n\t\t\t\t\t\t\t\t\t\t\t\t<a class=\"elementor-accordion-title\" tabindex=\"0\">Hur kan jag se min orderhistorik efter att ha gjort en betalning?<\/a>\n\t\t\t\t\t<\/div>\n\t\t\t\t\t<div id=\"elementor-tab-content-2027\" class=\"elementor-tab-content elementor-clearfix\" data-tab=\"7\" role=\"region\" aria-labelledby=\"elementor-tab-title-2027\"><p>Logga in p\u00e5 ditt konto och g\u00e5 till sidan \"Mitt konto\". I avsnittet Orderhistorik kan du se betalningsinformation och orderstatus f\u00f6r tidigare best\u00e4llningar.<\/p><\/div>\n\t\t\t\t<\/div>\n\t\t\t\t\t\t\t\t\t\t<script type=\"application\/ld+json\">{\n    \"@context\": \"https:\\\/\\\/schema.org\",\n    \"@type\": \"FAQPage\",\n    \"mainEntity\": [\n        {\n            \"@type\": \"Question\",\n            \"name\": \"Which payment methods do you accept?\",\n            \"acceptedAnswer\": {\n                \"@type\": \"Answer\",\n                \"text\": \"<p>We accept Bank Transfer (Local EUR account\\\/ International bank account) and western union payment.<\\\/p>\"\n            }\n        },\n        {\n            \"@type\": \"Question\",\n            \"name\": \"How can I obtain an invoice?\",\n            \"acceptedAnswer\": {\n                \"@type\": \"Answer\",\n                \"text\": \"<p>Once you submit the order at our shop online, you will get an invoice through your email.<\\\/p>\"\n            }\n        },\n        {\n            \"@type\": \"Question\",\n            \"name\": \"Is there an option to enter a discount code or gift card?\",\n            \"acceptedAnswer\": {\n                \"@type\": \"Answer\",\n                \"text\": \"<p>Yes, if you have a discount code or gift card, you can enter the relevant information on the checkout page to enjoy discounts.<\\\/p>\"\n            }\n        },\n        {\n            \"@type\": \"Question\",\n            \"name\": \"Do you offer cash-on-delivery (COD) payment option?\",\n            \"acceptedAnswer\": {\n                \"@type\": \"Answer\",\n                \"text\": \"<p>We do not offer cash-on-delivery. You need to use online payment methods when placing an order.<\\\/p>\"\n            }\n        },\n        {\n            \"@type\": \"Question\",\n            \"name\": \"Is payment secure?\",\n            \"acceptedAnswer\": {\n                \"@type\": \"Answer\",\n                \"text\": \"<p>We take multiple measures to ensure the security of payments, including encryption technology and payment processing compliant with PCI standards.<\\\/p>\"\n            }\n        },\n        {\n            \"@type\": \"Question\",\n            \"name\": \"How can I receive an order confirmation after making a payment?\",\n            \"acceptedAnswer\": {\n                \"@type\": \"Answer\",\n                \"text\": \"<p>You will receive an order confirmation email immediately after a successful payment, containing detailed order information.<\\\/p>\"\n            }\n        },\n        {\n            \"@type\": \"Question\",\n            \"name\": \"How can I view my order history after making a payment?\",\n            \"acceptedAnswer\": {\n                \"@type\": \"Answer\",\n                \"text\": \"<p>Log in to your account and go to the \\u201cMy Account\\u201d page. In the order history section, you can view payment information and order status for past orders.<\\\/p>\"\n            }\n        }\n    ]\n}<\/script>\n\t\t\t\t\t<\/div>\n\t\t\t\t\t\t<\/div>\n\t\t\t\t<\/div>\n\t\t\t\t\t<\/div>\n\t\t\t\t<\/div>\n\t\t<div class=\"elementor-element elementor-element-16d0680 e-flex e-con-boxed e-con e-parent\" data-id=\"16d0680\" data-element_type=\"container\">\n\t\t\t\t\t<div class=\"e-con-inner\">\n\t\t\t\t<div class=\"elementor-element elementor-element-18c2e07 elementor-widget elementor-widget-text-editor\" data-id=\"18c2e07\" data-element_type=\"widget\" data-widget_type=\"text-editor.default\">\n\t\t\t\t<div class=\"elementor-widget-container\">\n\t\t\t\t\t\t\t\t\t<p>F\u00f6r MOQ FAQ, klicka p\u00e5 l\u00e4nken nedan<\/p><p><a href=\"https:\/\/www.puffsvape.com\/sv\/qpm\/\">https:\/\/www.puffsvape.com\/qpm<\/a><\/p>\t\t\t\t\t\t\t\t<\/div>\n\t\t\t\t<\/div>\n\t\t\t\t\t<\/div>\n\t\t\t\t<\/div>\n\t\t\t\t<\/div>","protected":false},"excerpt":{"rendered":"<p>Betalning Vilka betalningsmetoder accepterar ni? Vi accepterar bank\u00f6verf\u00f6ring (lokalt EUR-konto\/internationellt bankkonto) och Western Union-betalning. Hur kan jag f\u00e5 en faktura? N\u00e4r du har skickat best\u00e4llningen i v\u00e5r butik online kommer du att f\u00e5 en faktura via din e-post. Finns det m\u00f6jlighet att ange en rabattkod eller present [...]","protected":false},"author":1,"featured_media":0,"parent":0,"menu_order":0,"comment_status":"closed","ping_status":"closed","template":"","meta":{"om_disable_all_campaigns":false,"_monsterinsights_skip_tracking":false,"_monsterinsights_sitenote_active":false,"_monsterinsights_sitenote_note":"","_monsterinsights_sitenote_category":0,"footnotes":""},"class_list":["post-105","page","type-page","status-publish","hentry"],"aioseo_notices":[],"_links":{"self":[{"href":"https:\/\/www.puffsvape.com\/sv\/wp-json\/wp\/v2\/pages\/105","targetHints":{"allow":["GET"]}}],"collection":[{"href":"https:\/\/www.puffsvape.com\/sv\/wp-json\/wp\/v2\/pages"}],"about":[{"href":"https:\/\/www.puffsvape.com\/sv\/wp-json\/wp\/v2\/types\/page"}],"author":[{"embeddable":true,"href":"https:\/\/www.puffsvape.com\/sv\/wp-json\/wp\/v2\/users\/1"}],"replies":[{"embeddable":true,"href":"https:\/\/www.puffsvape.com\/sv\/wp-json\/wp\/v2\/comments?post=105"}],"version-history":[{"count":9,"href":"https:\/\/www.puffsvape.com\/sv\/wp-json\/wp\/v2\/pages\/105\/revisions"}],"predecessor-version":[{"id":1871,"href":"https:\/\/www.puffsvape.com\/sv\/wp-json\/wp\/v2\/pages\/105\/revisions\/1871"}],"wp:attachment":[{"href":"https:\/\/www.puffsvape.com\/sv\/wp-json\/wp\/v2\/media?parent=105"}],"curies":[{"name":"wp","href":"https:\/\/api.w.org\/{rel}","templated":true}]}}