{"id":747,"date":"2024-03-29T05:17:24","date_gmt":"2024-03-29T05:17:24","guid":{"rendered":"https:\/\/www.puffsvape.com\/?post_type=product&#038;p=747"},"modified":"2024-08-04T12:59:35","modified_gmt":"2024-08-04T12:59:35","slug":"lavie-plus-15000-puffs-disposable-vape","status":"publish","type":"product","link":"https:\/\/www.puffsvape.com\/pt\/produto\/lavie-plus-15000-puffs-vape-descartavel\/","title":{"rendered":"Lavie Plus 15000 Puffs Vape descart\u00e1vel"},"content":{"rendered":"<p>Lavie Plus 15000 \u00e9 o primeiro dispositivo de vapor de ecr\u00e3 completo do mundo que pode fornecer aos utilizadores at\u00e9 15.000 baforadas. \u00c9 muito popular no mercado, pode verificar o e-l\u00edquido e o n\u00edvel da bateria em tempo real enquanto desfruta do puro sabor a fruta.<\/p>\n<p>O Lavie Plus 15000 tem dois modos diferentes - o modo \"Normal\" d\u00e1-lhe o maior n\u00famero de baforadas, enquanto o modo \"Pulse\" fornece uma nuvem de vapor maior para um impacto mais forte.<\/p>\n<h2><strong><span style=\"font-size: 18pt;\">Caracter\u00edsticas do Lavie Plus 15000 Vape:<\/span><\/strong><\/h2>\n<p>Puffs: 15000 Puffs<br \/>\nNicotina: 2%, 5%<br \/>\nCapacidade do E-juice: 25ml<br \/>\nBateria: 650mAh (recarreg\u00e1vel)<br \/>\nPorta de carregamento: Tipo C<\/p>\n<h2><strong><span style=\"font-size: 18pt;\">Sabores\uff1a<\/span><\/strong><\/h2>\n<p>1.Blue Razz Lce<br \/>\n2. bomba de cereja<br \/>\n3. gelo de uva<br \/>\n4. gelo de p\u00eassego sumarento<br \/>\n5. p\u00eassego manga<br \/>\n6. gelo de ma\u00e7\u00e3 \u00e1cida<br \/>\n7. banana com morango<br \/>\n8. manga com morango<br \/>\n9. melancia com morango<br \/>\n10.Triple Berry Ice<br \/>\n11. frutos tropicais<br \/>\n12. gelo de melancia<\/p>\n<figure id=\"attachment_765\" aria-describedby=\"caption-attachment-765\" style=\"width: 800px\" class=\"wp-caption aligncenter\"><img fetchpriority=\"high\" decoding=\"async\" class=\"size-full wp-image-765\" title=\"Lavie Plus 15000 Vape descart\u00e1vel\" src=\"https:\/\/www.puffsvape.com\/wp-content\/uploads\/2024\/03\/Lavie-Plus-15000-Disposable-Vape.jpg\" alt=\"Lavie Plus 15000 Vape descart\u00e1vel\" width=\"800\" height=\"800\" srcset=\"https:\/\/www.puffsvape.com\/wp-content\/uploads\/2024\/03\/Lavie-Plus-15000-Disposable-Vape.jpg 800w, https:\/\/www.puffsvape.com\/wp-content\/uploads\/2024\/03\/Lavie-Plus-15000-Disposable-Vape-247x247.jpg 247w, https:\/\/www.puffsvape.com\/wp-content\/uploads\/2024\/03\/Lavie-Plus-15000-Disposable-Vape-100x100.jpg 100w, https:\/\/www.puffsvape.com\/wp-content\/uploads\/2024\/03\/Lavie-Plus-15000-Disposable-Vape-510x510.jpg 510w, https:\/\/www.puffsvape.com\/wp-content\/uploads\/2024\/03\/Lavie-Plus-15000-Disposable-Vape-300x300.jpg 300w, https:\/\/www.puffsvape.com\/wp-content\/uploads\/2024\/03\/Lavie-Plus-15000-Disposable-Vape-150x150.jpg 150w, https:\/\/www.puffsvape.com\/wp-content\/uploads\/2024\/03\/Lavie-Plus-15000-Disposable-Vape-768x768.jpg 768w, https:\/\/www.puffsvape.com\/wp-content\/uploads\/2024\/03\/Lavie-Plus-15000-Disposable-Vape-575x575.jpg 575w, https:\/\/www.puffsvape.com\/wp-content\/uploads\/2024\/03\/Lavie-Plus-15000-Disposable-Vape-380x380.jpg 380w\" sizes=\"(max-width: 800px) 100vw, 800px\" \/><figcaption id=\"caption-attachment-765\" class=\"wp-caption-text\">Lavie Plus 15000 Vape descart\u00e1vel<\/figcaption><\/figure>\n<p>&nbsp;<\/p>\n<p>&nbsp;<\/p>","protected":false},"excerpt":{"rendered":"<p>Lavie Plus 15000 \u00e9 o primeiro dispositivo vape de ecr\u00e3 inteiro do mundo que pode fornecer aos utilizadores at\u00e9 15.000 baforadas. \u00c9 muito popular no mercado, pode verificar o e-l\u00edquido e o n\u00edvel da bateria em tempo real enquanto desfruta do puro sabor a fruta. Lavie Plus 15000 [...]","protected":false},"featured_media":759,"comment_status":"open","ping_status":"closed","template":"","meta":{"om_disable_all_campaigns":false,"_monsterinsights_skip_tracking":false,"_monsterinsights_sitenote_active":false,"_monsterinsights_sitenote_note":"","_monsterinsights_sitenote_category":0},"product_brand":[],"product_cat":[20],"product_tag":[],"berocket_brand":[21],"class_list":{"0":"post-747","1":"product","2":"type-product","3":"status-publish","4":"has-post-thumbnail","6":"product_cat-lavie","7":"berocket_brand-lavie","8":"wcpa_has_options","10":"first","11":"instock","12":"shipping-taxable","13":"purchasable","14":"product-type-variable","15":"has-default-attributes"},"aioseo_notices":[],"tiered_pricing_fixed_rules":{"20":"9.75","30":"9.11","40":"8.46","50":"7.81","100":"6.38"},"tiered_pricing_percentage_rules":{"20":"9.75","30":"9.11","40":"8.46","50":"7.81","100":"6.38"},"tiered_pricing_type":"fixed","tiered_pricing_minimum":10,"_links":{"self":[{"href":"https:\/\/www.puffsvape.com\/pt\/wp-json\/wp\/v2\/product\/747","targetHints":{"allow":["GET"]}}],"collection":[{"href":"https:\/\/www.puffsvape.com\/pt\/wp-json\/wp\/v2\/product"}],"about":[{"href":"https:\/\/www.puffsvape.com\/pt\/wp-json\/wp\/v2\/types\/product"}],"replies":[{"embeddable":true,"href":"https:\/\/www.puffsvape.com\/pt\/wp-json\/wp\/v2\/comments?post=747"}],"wp:featuredmedia":[{"embeddable":true,"href":"https:\/\/www.puffsvape.com\/pt\/wp-json\/wp\/v2\/media\/759"}],"wp:attachment":[{"href":"https:\/\/www.puffsvape.com\/pt\/wp-json\/wp\/v2\/media?parent=747"}],"wp:term":[{"taxonomy":"product_brand","embeddable":true,"href":"https:\/\/www.puffsvape.com\/pt\/wp-json\/wp\/v2\/product_brand?post=747"},{"taxonomy":"product_cat","embeddable":true,"href":"https:\/\/www.puffsvape.com\/pt\/wp-json\/wp\/v2\/product_cat?post=747"},{"taxonomy":"product_tag","embeddable":true,"href":"https:\/\/www.puffsvape.com\/pt\/wp-json\/wp\/v2\/product_tag?post=747"},{"taxonomy":"berocket_brand","embeddable":true,"href":"https:\/\/www.puffsvape.com\/pt\/wp-json\/wp\/v2\/berocket_brand?post=747"}],"curies":[{"name":"wp","href":"https:\/\/api.w.org\/{rel}","templated":true}]}}