{"id":686,"date":"2024-03-29T03:53:45","date_gmt":"2024-03-29T03:53:45","guid":{"rendered":"https:\/\/www.puffsvape.com\/?post_type=product&#038;p=686"},"modified":"2026-03-22T20:07:49","modified_gmt":"2026-03-22T12:07:49","slug":"randm-tornado-15000-disposable-vape","status":"publish","type":"product","link":"https:\/\/www.puffsvape.com\/pt\/produto\/randm-tornado-15000-vape-descartavel\/","title":{"rendered":"Randm Tornado 15000 Vape descart\u00e1vel"},"content":{"rendered":"<p>O RandM Tornado 15000 \u00e9 um dispositivo vape descart\u00e1vel recarreg\u00e1vel com bateria e visor de n\u00edvel de ejuice. Cont\u00e9m 25 ml de sumo eletr\u00f3nico com sal de nicotina 0\/2\/3\/5% e pode ser fumado at\u00e9 15000 vezes. Existem 41 sabores para escolher. A porta recarreg\u00e1vel na parte inferior do dispositivo garante-lhe que acaba sempre com a \u00faltima gota de sumo eletr\u00f3nico no dep\u00f3sito.<\/p>\n<h2 class=\"p\"><span style=\"font-size: 18pt;\">Dispositivo descart\u00e1vel RandM Tornado 15000 Caracter\u00edsticas:<\/span><\/h2>\n<p class=\"p\">0\/2\/3\/5% Sal de nicotina.<br \/>\n25ML de E-liquid.<br \/>\nBobina de malha<br \/>\nBateria carreg\u00e1vel<br \/>\nBateria integrada de 850mAh.<br \/>\n41 sabores dispon\u00edveis.<br \/>\n10 unidades numa caixa de exposi\u00e7\u00e3o.<br \/>\n160 unidades numa caixa de cart\u00e3o.<\/p>\n<h2 class=\"p\"><span style=\"font-size: 18pt;\">Sabores dispon\u00edveis:<\/span><\/h2>\n<p class=\"p\">1 Limonada Blue Razz<br \/>\n2 Gelo de p\u00eassego<br \/>\n3 Ma\u00e7\u00e3 \u00e1cida<br \/>\n4 Gelo de melancia<br \/>\n5 Mirtilo no gelo<br \/>\n6 Mirtilo Framboesa<br \/>\n7 Gelo de anan\u00e1s<br \/>\n8 Cereja<br \/>\n9 Gelo de morango<br \/>\n10 Vimto<br \/>\n11 Gelo de uva<br \/>\n12 Cola Ice<br \/>\n13 Melancia com morango<br \/>\n14 Limonada cor-de-rosa<br \/>\n15 Baga mista<br \/>\n16 P\u00eassego Manga<br \/>\n17. fruto do drag\u00e3o<br \/>\n18. uva de morango<br \/>\n19.Sr. azul<br \/>\n20. gelo exuberante<br \/>\n21. gelado<br \/>\n22. kiwi de morango<br \/>\n23. kiwi maracuj\u00e1 goiaba<br \/>\n24.Baga tripla<br \/>\n25. gelo de banana<br \/>\n26. rebu\u00e7ados de p\u00eassego e mirtilo<br \/>\n27.Ma\u00e7\u00e3 P\u00eassego Pera<br \/>\n28. limonada de bagas<br \/>\n29.Blue Razz Cherry<br \/>\n30. pastilha el\u00e1stica de mirtilo<br \/>\n31. mirtilo cereja arando<br \/>\n32. mirtilo rom\u00e3<br \/>\n33.Bluesour Framboesa<br \/>\n34.Cherry Cola<br \/>\n35. urso de goma<br \/>\n36. lim\u00e3o e lima<br \/>\n37. manga em gelo<br \/>\n38.Red Energy Ice<br \/>\n39.Banana com morango<br \/>\n40.Strawberry Red Bull<br \/>\n41. Limonada de melancia e morango<\/p>\n<figure id=\"attachment_693\" aria-describedby=\"caption-attachment-693\" style=\"width: 640px\" class=\"wp-caption alignnone\"><img fetchpriority=\"high\" decoding=\"async\" class=\"size-full wp-image-693\" title=\"Randm Tornado 15000 Vape descart\u00e1vel\" src=\"https:\/\/www.puffsvape.com\/wp-content\/uploads\/2024\/03\/Randm-Tornado-15000-Disposable-Vape.webp\" alt=\"Randm Tornado 15000 Vape descart\u00e1vel\" width=\"640\" height=\"585\" srcset=\"https:\/\/www.puffsvape.com\/wp-content\/uploads\/2024\/03\/Randm-Tornado-15000-Disposable-Vape.webp 640w, https:\/\/www.puffsvape.com\/wp-content\/uploads\/2024\/03\/Randm-Tornado-15000-Disposable-Vape-510x466.webp 510w, https:\/\/www.puffsvape.com\/wp-content\/uploads\/2024\/03\/Randm-Tornado-15000-Disposable-Vape-300x274.webp 300w, https:\/\/www.puffsvape.com\/wp-content\/uploads\/2024\/03\/Randm-Tornado-15000-Disposable-Vape-575x526.webp 575w, https:\/\/www.puffsvape.com\/wp-content\/uploads\/2024\/03\/Randm-Tornado-15000-Disposable-Vape-380x347.webp 380w\" sizes=\"(max-width: 640px) 100vw, 640px\" \/><figcaption id=\"caption-attachment-693\" class=\"wp-caption-text\">Randm Tornado 15000 Vape descart\u00e1vel<\/figcaption><\/figure>","protected":false},"excerpt":{"rendered":"<p>O RandM Tornado 15000 \u00e9 um dispositivo vape descart\u00e1vel recarreg\u00e1vel com bateria e visor de n\u00edvel de ejuice. Cont\u00e9m 25 ml de sumo eletr\u00f3nico de sal de nicotina 0\/2\/3\/5% e pode ser fumado at\u00e9 15000 vezes. Existem 41 sabores para escolher. A porta recarreg\u00e1vel na parte inferior do dispositivo garante-lhe que acaba a \u00faltima gota do e [...]","protected":false},"featured_media":690,"comment_status":"open","ping_status":"closed","template":"","meta":{"om_disable_all_campaigns":false,"_monsterinsights_skip_tracking":false,"_monsterinsights_sitenote_active":false,"_monsterinsights_sitenote_note":"","_monsterinsights_sitenote_category":0},"product_brand":[],"product_cat":[25],"product_tag":[],"berocket_brand":[26],"class_list":{"0":"post-686","1":"product","2":"type-product","3":"status-publish","4":"has-post-thumbnail","6":"product_cat-randm-fumot","7":"berocket_brand-randm-fumot","8":"wcpa_has_options","10":"first","11":"instock","12":"shipping-taxable","13":"purchasable","14":"product-type-variable","15":"has-default-attributes"},"aioseo_notices":[],"tiered_pricing_fixed_rules":{"20":"11.40","30":"10.75","40":"10.10","50":"9.45","100":"8.03"},"tiered_pricing_percentage_rules":{"20":"11.40","30":"10.75","40":"10.10","50":"9.45","100":"8.03"},"tiered_pricing_type":"fixed","tiered_pricing_minimum":10,"_links":{"self":[{"href":"https:\/\/www.puffsvape.com\/pt\/wp-json\/wp\/v2\/product\/686","targetHints":{"allow":["GET"]}}],"collection":[{"href":"https:\/\/www.puffsvape.com\/pt\/wp-json\/wp\/v2\/product"}],"about":[{"href":"https:\/\/www.puffsvape.com\/pt\/wp-json\/wp\/v2\/types\/product"}],"replies":[{"embeddable":true,"href":"https:\/\/www.puffsvape.com\/pt\/wp-json\/wp\/v2\/comments?post=686"}],"wp:featuredmedia":[{"embeddable":true,"href":"https:\/\/www.puffsvape.com\/pt\/wp-json\/wp\/v2\/media\/690"}],"wp:attachment":[{"href":"https:\/\/www.puffsvape.com\/pt\/wp-json\/wp\/v2\/media?parent=686"}],"wp:term":[{"taxonomy":"product_brand","embeddable":true,"href":"https:\/\/www.puffsvape.com\/pt\/wp-json\/wp\/v2\/product_brand?post=686"},{"taxonomy":"product_cat","embeddable":true,"href":"https:\/\/www.puffsvape.com\/pt\/wp-json\/wp\/v2\/product_cat?post=686"},{"taxonomy":"product_tag","embeddable":true,"href":"https:\/\/www.puffsvape.com\/pt\/wp-json\/wp\/v2\/product_tag?post=686"},{"taxonomy":"berocket_brand","embeddable":true,"href":"https:\/\/www.puffsvape.com\/pt\/wp-json\/wp\/v2\/berocket_brand?post=686"}],"curies":[{"name":"wp","href":"https:\/\/api.w.org\/{rel}","templated":true}]}}