{"id":621,"date":"2024-03-28T11:27:32","date_gmt":"2024-03-28T11:27:32","guid":{"rendered":"https:\/\/www.puffsvape.com\/?post_type=product&#038;p=621"},"modified":"2024-12-08T12:30:52","modified_gmt":"2024-12-08T12:30:52","slug":"randm-tornado-9000-pro-disposable-vape","status":"publish","type":"product","link":"https:\/\/www.puffsvape.com\/pt\/produto\/randm-tornado-9000-pro-vape-descartavel\/","title":{"rendered":"Vape descart\u00e1vel Randm Tornado 9000 Pro"},"content":{"rendered":"<p>O RandM Tornado 9000 Pro \u00e9 uma vers\u00e3o actualizada do Tornado 9000 com visor do n\u00edvel da bateria e do ejuice. Cont\u00e9m 18ml de e-sumo de sal de nicotina 0\/2\/3\/5% e vaporiza at\u00e9 9000 baforadas. Existem 52 sabores para escolher. A porta recarreg\u00e1vel na parte inferior do dispositivo garante que acaba sempre com a \u00faltima gota de sumo eletr\u00f3nico no dep\u00f3sito.<\/p>\n<h2 class=\"p\"><span style=\"font-size: 18pt;\">Caracter\u00edsticas do Dispositivo Descart\u00e1vel RandM Tornado 9000 Pro:<\/span><\/h2>\n<p class=\"p\">0\/2\/3\/5% Sal de nicotina.<br \/>\n18ML de E-liquid.<br \/>\nBobina de malha<br \/>\nBateria carreg\u00e1vel<br \/>\nBateria integrada de 850mAh.<br \/>\n52 sabores dispon\u00edveis.<br \/>\n10 unidades numa caixa de exposi\u00e7\u00e3o.<br \/>\n200 unidades numa caixa de cart\u00e3o.<\/p>\n<h2 class=\"p\"><span style=\"font-size: 18pt;\">Sabores dispon\u00edveis:<\/span><\/h2>\n<p class=\"p\"><b><br \/>\n<\/b>1 melancia com morango<br \/>\n2 Gelo de melancia<br \/>\n3 Pastilha el\u00e1stica de morango e melancia<br \/>\n4 Melancia com framboesa<br \/>\n5 Bagas mistas<br \/>\n6 Goma de urso<br \/>\n7 P\u00eassego Anan\u00e1s Manga<br \/>\n8 Skittles<br \/>\n9 Gelo de morango<br \/>\n10 Cereja<br \/>\n11 Mirtilo Cereja Arando<br \/>\n12 Pastilha el\u00e1stica de melancia<br \/>\n13 Mirtilo Framboesa<br \/>\n14 Gelado de morango, framboesa e cereja<br \/>\n15 Kiwi Maracuj\u00e1 Goiaba<br \/>\n16 Sr. Blue<br \/>\n17 Cereja com g\u00e1s<br \/>\n18 Gelo de mirtilo<br \/>\n19 Prime Strawberry Watermelon<br \/>\n20 Anan\u00e1s<br \/>\n21. limonada cor-de-rosa<br \/>\n22. gelo exuberante<br \/>\n23.Blue Razz Ice<br \/>\n24. limonada de morango<br \/>\n25. melancia Brazz Ice<br \/>\n26.Baga de p\u00eassego<br \/>\n27. lim\u00e3o e lima<br \/>\n28. vimto<br \/>\n29. uva<br \/>\n30. gelado<br \/>\n31. mirtilo framboesa azeda<br \/>\n32.Palha Manga<br \/>\n33.Pompom de morango\uff08pomegranate\uff09<br \/>\n34. cereja de baga<br \/>\n35.Cherry Cola<br \/>\n36.Banana com morango<br \/>\n37. drag\u00e3o negro de gelo<br \/>\n38. Alo\u00e9 Uva<br \/>\n39.Cool Mint<br \/>\n40. limonada de p\u00eassego<br \/>\n41. gelo de goiaba<br \/>\n42. creme de banana<br \/>\n43. creme de morango<br \/>\n44. rebu\u00e7ados azedos<br \/>\n45. gelo preto<br \/>\n46.Bluelicious Ice<br \/>\n47.Blue Razz Kush<br \/>\n48. limonada de p\u00eassego e cereja<br \/>\n49.Triplo Manga<br \/>\n50. gelo de morango e framboesa<br \/>\n51. rebu\u00e7ado de melancia<br \/>\n52. gelo de p\u00eassego de ver\u00e3o<\/p>\n<figure id=\"attachment_672\" aria-describedby=\"caption-attachment-672\" style=\"width: 800px\" class=\"wp-caption alignnone\"><img fetchpriority=\"high\" decoding=\"async\" class=\"size-full wp-image-672\" title=\"Vape descart\u00e1vel Randm Tornado 9000 Pro\" src=\"https:\/\/www.puffsvape.com\/wp-content\/uploads\/2024\/03\/Randm-Tornado-9000-Pro-Disposable-Vape-1.webp\" alt=\"Vape descart\u00e1vel Randm Tornado 9000 Pro\" width=\"800\" height=\"506\" srcset=\"https:\/\/www.puffsvape.com\/wp-content\/uploads\/2024\/03\/Randm-Tornado-9000-Pro-Disposable-Vape-1.webp 800w, https:\/\/www.puffsvape.com\/wp-content\/uploads\/2024\/03\/Randm-Tornado-9000-Pro-Disposable-Vape-1-510x323.webp 510w, https:\/\/www.puffsvape.com\/wp-content\/uploads\/2024\/03\/Randm-Tornado-9000-Pro-Disposable-Vape-1-300x190.webp 300w, https:\/\/www.puffsvape.com\/wp-content\/uploads\/2024\/03\/Randm-Tornado-9000-Pro-Disposable-Vape-1-768x486.webp 768w, https:\/\/www.puffsvape.com\/wp-content\/uploads\/2024\/03\/Randm-Tornado-9000-Pro-Disposable-Vape-1-575x364.webp 575w, https:\/\/www.puffsvape.com\/wp-content\/uploads\/2024\/03\/Randm-Tornado-9000-Pro-Disposable-Vape-1-380x240.webp 380w\" sizes=\"(max-width: 800px) 100vw, 800px\" \/><figcaption id=\"caption-attachment-672\" class=\"wp-caption-text\">Vape descart\u00e1vel Randm Tornado 9000 Pro<\/figcaption><\/figure>","protected":false},"excerpt":{"rendered":"<p>O RandM Tornado 9000 Pro \u00e9 uma vers\u00e3o actualizada do Tornado 9000 com visor do n\u00edvel da bateria e do ejuice. Cont\u00e9m 18ml de e-sumo de sal de nicotina 0\/2\/3\/5% e vaporiza at\u00e9 9000 baforadas. Existem 52 sabores para escolher. A porta recarreg\u00e1vel na parte inferior do dispositivo garante-lhe que acaba a \u00faltima gota do [...]","protected":false},"featured_media":683,"comment_status":"open","ping_status":"closed","template":"","meta":{"om_disable_all_campaigns":false,"_monsterinsights_skip_tracking":false,"_monsterinsights_sitenote_active":false,"_monsterinsights_sitenote_note":"","_monsterinsights_sitenote_category":0},"product_brand":[],"product_cat":[25],"product_tag":[],"berocket_brand":[26],"class_list":{"0":"post-621","1":"product","2":"type-product","3":"status-publish","4":"has-post-thumbnail","6":"product_cat-randm-fumot","7":"berocket_brand-randm-fumot","9":"first","10":"instock","11":"shipping-taxable","12":"purchasable","13":"product-type-variable","14":"has-default-attributes"},"aioseo_notices":[],"tiered_pricing_fixed_rules":{"20":"11.3","30":"10.64","40":"10.0","50":"9.35","100":"7.93"},"tiered_pricing_percentage_rules":{"20":"11.3","30":"10.64","40":"10.0","50":"9.35","100":"7.93"},"tiered_pricing_type":"fixed","tiered_pricing_minimum":10,"_links":{"self":[{"href":"https:\/\/www.puffsvape.com\/pt\/wp-json\/wp\/v2\/product\/621","targetHints":{"allow":["GET"]}}],"collection":[{"href":"https:\/\/www.puffsvape.com\/pt\/wp-json\/wp\/v2\/product"}],"about":[{"href":"https:\/\/www.puffsvape.com\/pt\/wp-json\/wp\/v2\/types\/product"}],"replies":[{"embeddable":true,"href":"https:\/\/www.puffsvape.com\/pt\/wp-json\/wp\/v2\/comments?post=621"}],"wp:featuredmedia":[{"embeddable":true,"href":"https:\/\/www.puffsvape.com\/pt\/wp-json\/wp\/v2\/media\/683"}],"wp:attachment":[{"href":"https:\/\/www.puffsvape.com\/pt\/wp-json\/wp\/v2\/media?parent=621"}],"wp:term":[{"taxonomy":"product_brand","embeddable":true,"href":"https:\/\/www.puffsvape.com\/pt\/wp-json\/wp\/v2\/product_brand?post=621"},{"taxonomy":"product_cat","embeddable":true,"href":"https:\/\/www.puffsvape.com\/pt\/wp-json\/wp\/v2\/product_cat?post=621"},{"taxonomy":"product_tag","embeddable":true,"href":"https:\/\/www.puffsvape.com\/pt\/wp-json\/wp\/v2\/product_tag?post=621"},{"taxonomy":"berocket_brand","embeddable":true,"href":"https:\/\/www.puffsvape.com\/pt\/wp-json\/wp\/v2\/berocket_brand?post=621"}],"curies":[{"name":"wp","href":"https:\/\/api.w.org\/{rel}","templated":true}]}}