{"id":445,"date":"2024-03-27T14:48:06","date_gmt":"2024-03-27T14:48:06","guid":{"rendered":"https:\/\/www.puffsvape.com\/?post_type=product&#038;p=445"},"modified":"2026-04-26T19:45:47","modified_gmt":"2026-04-26T11:45:47","slug":"randm-tornado-7000-disposable-vape","status":"publish","type":"product","link":"https:\/\/www.puffsvape.com\/pt\/produto\/randm-tornado-7000-vape-descartavel\/","title":{"rendered":"Randm Tornado 7000 Vape descart\u00e1vel"},"content":{"rendered":"<p>O RandM Tornado 7000 \u00e9 um dispositivo vape descart\u00e1vel com controlo do fluxo de ar e \u00e9 recarreg\u00e1vel. Cont\u00e9m 14 ml de sumo eletr\u00f3nico com sal de nicotina 0\/2\/3\/5% e pode dar at\u00e9 7000 baforadas. Existem 56 sabores para escolher. O controlo do fluxo de ar permite-lhe escolher o melhor local para si e vem com uma porta Type-C recarreg\u00e1vel na parte inferior do dispositivo, o que garante que termina sempre a \u00faltima gota do sumo eletr\u00f3nico no dep\u00f3sito.<\/p>\n<h2 class=\"p\"><strong><span style=\"font-size: 18pt;\">Dispositivo descart\u00e1vel RandM Tornado 7000 Caracter\u00edsticas:<\/span><\/strong><\/h2>\n<p class=\"p\">0\/2\/3\/5% Sal de nicotina<br \/>\n14ML de E-l\u00edquido<br \/>\n7000 baforadas por dispositivo<br \/>\nControlo do fluxo de ar<br \/>\nCarga tipo C<br \/>\nBateria recarreg\u00e1vel<br \/>\nBateria integrada de 850mAh<br \/>\n56 sabores dispon\u00edveis<br \/>\n10 unidades numa caixa de exposi\u00e7\u00e3o<br \/>\n240 unidades numa caixa de cart\u00e3o<\/p>\n<h2 class=\"p\"><span style=\"font-size: 18pt;\"><b>Sabores dispon\u00edveis<\/b><\/span><\/h2>\n<p class=\"p\">1. hortel\u00e3 fresca<br \/>\n2. gelo exuberante<br \/>\n3. gelo de tangerina<br \/>\n4. donut de morango<br \/>\n5. urso de goma<br \/>\n6. mirtilo no gelo<br \/>\n7. manga no gelo<br \/>\n8.Gelo de p\u00eassego<br \/>\n9. gelo de banana<br \/>\n10. gelo de uva<br \/>\n11. limonada cor-de-rosa<br \/>\n12.Rum Pina Colada<br \/>\n13. bagas mistas<br \/>\n14. batido de banana<br \/>\n15. melancia com morango<br \/>\n16. ma\u00e7\u00e3 vermelha lim\u00e3o<br \/>\n17. gelo de anan\u00e1s<br \/>\n18. algod\u00e3o doce<br \/>\n19. banana com morango<br \/>\n20. gelo de morango<br \/>\n22. gelo de energia vermelha<br \/>\n23.Blue razz limonada<br \/>\n24. gelo de ma\u00e7\u00e3 vermelha<br \/>\n25. limonada de bagas<br \/>\n26 - Pastilha el\u00e1stica de mirtilo<br \/>\n27.Bluesour framboesa<br \/>\n28.Mr azul<br \/>\n29.ma\u00e7\u00e3 p\u00eassego pera<br \/>\n30. mirtilo rom\u00e3<br \/>\n31. Vimto<br \/>\n32. kiwi maracuj\u00e1 goiaba<br \/>\n33.Cola<br \/>\n34. ma\u00e7\u00e3 \u00e1cida<br \/>\n35. mentol de groselha preta<br \/>\n36.Sangue de tigre<br \/>\n37. rebu\u00e7ados de p\u00eassego e mirtilo<br \/>\n38. p\u00eassego manga<br \/>\n39.Strawberry Red Bull<br \/>\n40. gelo de groselha preta<br \/>\n41. Limonada de melancia e morango<br \/>\n42.Cereja<br \/>\n43.Blue Razz Cherry<br \/>\n44. gomas<br \/>\n45. mirtilo framboesa<br \/>\n46. Morango uva<br \/>\n47. Mirtilo Cereja Arando<br \/>\n48. explos\u00e3o de bagas de ma\u00e7\u00e3<br \/>\n49.Cherry Cola<br \/>\n50. lim\u00e3o e lima<br \/>\n51. Explos\u00e3o cor-de-rosa<br \/>\n52. Arrefecedor do Pac\u00edfico<br \/>\n53. gelado<br \/>\n54.Bingo Crush<br \/>\n55. Vimto Crush<br \/>\n56.Tabaco<\/p>\n<figure id=\"attachment_446\" aria-describedby=\"caption-attachment-446\" style=\"width: 1020px\" class=\"wp-caption alignnone\"><img fetchpriority=\"high\" decoding=\"async\" class=\"size-full wp-image-446\" title=\"Randm Tornado 7000 Vape descart\u00e1vel (1)\" src=\"https:\/\/www.puffsvape.com\/wp-content\/uploads\/2024\/03\/Randm-Tornado-7000-Disposable-Vape-1.webp\" alt=\"Randm Tornado 7000 Vape descart\u00e1vel (1)\" width=\"1020\" height=\"1474\" srcset=\"https:\/\/www.puffsvape.com\/wp-content\/uploads\/2024\/03\/Randm-Tornado-7000-Disposable-Vape-1.webp 1020w, https:\/\/www.puffsvape.com\/wp-content\/uploads\/2024\/03\/Randm-Tornado-7000-Disposable-Vape-1-510x737.webp 510w, https:\/\/www.puffsvape.com\/wp-content\/uploads\/2024\/03\/Randm-Tornado-7000-Disposable-Vape-1-208x300.webp 208w, https:\/\/www.puffsvape.com\/wp-content\/uploads\/2024\/03\/Randm-Tornado-7000-Disposable-Vape-1-709x1024.webp 709w, https:\/\/www.puffsvape.com\/wp-content\/uploads\/2024\/03\/Randm-Tornado-7000-Disposable-Vape-1-768x1110.webp 768w, https:\/\/www.puffsvape.com\/wp-content\/uploads\/2024\/03\/Randm-Tornado-7000-Disposable-Vape-1-920x1329.webp 920w, https:\/\/www.puffsvape.com\/wp-content\/uploads\/2024\/03\/Randm-Tornado-7000-Disposable-Vape-1-575x831.webp 575w, https:\/\/www.puffsvape.com\/wp-content\/uploads\/2024\/03\/Randm-Tornado-7000-Disposable-Vape-1-380x549.webp 380w\" sizes=\"(max-width: 1020px) 100vw, 1020px\" \/><figcaption id=\"caption-attachment-446\" class=\"wp-caption-text\">Randm Tornado 7000 Vape descart\u00e1vel<\/figcaption><\/figure>","protected":false},"excerpt":{"rendered":"<p>O RandM Tornado 7000 \u00e9 um dispositivo vape descart\u00e1vel com controlo do fluxo de ar e \u00e9 recarreg\u00e1vel. Cont\u00e9m 14 ml de sumo eletr\u00f3nico com sal de nicotina 0\/2\/3\/5% e pode dar at\u00e9 7000 baforadas. Existem 56 sabores para escolher. O controlo do fluxo de ar permite-lhe escolher o melhor local para si e inclui uma porta tipo C recarreg\u00e1vel [...]","protected":false},"featured_media":457,"comment_status":"open","ping_status":"closed","template":"","meta":{"om_disable_all_campaigns":false,"_monsterinsights_skip_tracking":false,"_monsterinsights_sitenote_active":false,"_monsterinsights_sitenote_note":"","_monsterinsights_sitenote_category":0},"product_brand":[],"product_cat":[25],"product_tag":[],"berocket_brand":[26],"class_list":{"0":"post-445","1":"product","2":"type-product","3":"status-publish","4":"has-post-thumbnail","6":"product_cat-randm-fumot","7":"berocket_brand-randm-fumot","8":"wcpa_has_options","10":"first","11":"instock","12":"featured","13":"shipping-taxable","14":"purchasable","15":"product-type-variable","16":"has-default-attributes"},"aioseo_notices":[],"tiered_pricing_fixed_rules":{"20":"10.48","30":"9.83","40":"9.18","50":"8.53","100":"7.1"},"tiered_pricing_percentage_rules":{"20":"10.48","30":"9.83","40":"9.18","50":"8.53","100":"7.1"},"tiered_pricing_type":"fixed","tiered_pricing_minimum":10,"_links":{"self":[{"href":"https:\/\/www.puffsvape.com\/pt\/wp-json\/wp\/v2\/product\/445","targetHints":{"allow":["GET"]}}],"collection":[{"href":"https:\/\/www.puffsvape.com\/pt\/wp-json\/wp\/v2\/product"}],"about":[{"href":"https:\/\/www.puffsvape.com\/pt\/wp-json\/wp\/v2\/types\/product"}],"replies":[{"embeddable":true,"href":"https:\/\/www.puffsvape.com\/pt\/wp-json\/wp\/v2\/comments?post=445"}],"wp:featuredmedia":[{"embeddable":true,"href":"https:\/\/www.puffsvape.com\/pt\/wp-json\/wp\/v2\/media\/457"}],"wp:attachment":[{"href":"https:\/\/www.puffsvape.com\/pt\/wp-json\/wp\/v2\/media?parent=445"}],"wp:term":[{"taxonomy":"product_brand","embeddable":true,"href":"https:\/\/www.puffsvape.com\/pt\/wp-json\/wp\/v2\/product_brand?post=445"},{"taxonomy":"product_cat","embeddable":true,"href":"https:\/\/www.puffsvape.com\/pt\/wp-json\/wp\/v2\/product_cat?post=445"},{"taxonomy":"product_tag","embeddable":true,"href":"https:\/\/www.puffsvape.com\/pt\/wp-json\/wp\/v2\/product_tag?post=445"},{"taxonomy":"berocket_brand","embeddable":true,"href":"https:\/\/www.puffsvape.com\/pt\/wp-json\/wp\/v2\/berocket_brand?post=445"}],"curies":[{"name":"wp","href":"https:\/\/api.w.org\/{rel}","templated":true}]}}