{"id":2519,"date":"2024-12-29T07:02:40","date_gmt":"2024-12-29T07:02:40","guid":{"rendered":"https:\/\/www.puffsvape.com\/?post_type=product&#038;p=2519"},"modified":"2026-05-12T09:32:30","modified_gmt":"2026-05-12T01:32:30","slug":"bang-kingdoms-rex-32000-puffs-disposable-vape","status":"publish","type":"product","link":"https:\/\/www.puffsvape.com\/pt\/produto\/bang-kingdoms-rex-32000-puffs-vape-descartavel\/","title":{"rendered":"Bang Kingdoms Rex 32000 Puffs Vape descart\u00e1vel"},"content":{"rendered":"<p>O Bang Kingdoms Rex 32000 \u00e9 um dispositivo vape topo de gama e de longa dura\u00e7\u00e3o concebido para utilizadores que procuram uma utiliza\u00e7\u00e3o prolongada e uma experi\u00eancia de sabor rica. Com a sua excelente rela\u00e7\u00e3o custo-desempenho, este produto \u00e9 altamente competitivo em compara\u00e7\u00e3o com outras plataformas de duplo sabor. Quer seja para uso pessoal ou para venda por grosso, tornou-se rapidamente um produto popular no mercado.<\/p>\n<h2><strong>Bang Kingdoms Rex 32000 Vape Carater\u00edsticas principais:<\/strong><\/h2>\n<ul>\n<li><strong>C\u00e1psulas duplas, sabores duplos<\/strong><\/li>\n<\/ul>\n<p>Concebido com 2 c\u00e1psulas e 2 sabores, pode ser facilmente ajustado movendo a ponta de gotejamento.<\/p>\n<ul>\n<li><strong>Vida \u00fatil ultra-longa<\/strong><\/li>\n<\/ul>\n<p>Cada dispositivo fornece at\u00e9\u00a0<strong>32.000 baforadas<\/strong>O dispositivo \u00e9 um produto de alta qualidade, que permite aos utilizadores desfrutar de uma utiliza\u00e7\u00e3o prolongada sem terem de substituir o dispositivo ou encher o l\u00edquido com frequ\u00eancia. Isto torna-o perfeito para os utilizadores di\u00e1rios e para os fumadores intensivos que pretendem uma experi\u00eancia sem complica\u00e7\u00f5es.<\/p>\n<ul>\n<li><strong>M\u00faltiplas op\u00e7\u00f5es de intensidade de nicotina<\/strong><\/li>\n<\/ul>\n<p>Este produto oferece quatro dosagens de nicotina: <strong>0%, 2%, 3% e 5%<\/strong>. Os utilizadores podem escolher o n\u00edvel de nicotina adequado com base na sua prefer\u00eancia pessoal, satisfazendo as necessidades daqueles que desejam um teor de nicotina mais baixo.<\/p>\n<ul>\n<li><strong>Sele\u00e7\u00e3o de sabores ricos<\/strong><\/li>\n<\/ul>\n<p>Bang Kingdoms Rex 32000 Puffs \u00e9 fornecido com <strong>12 sabores duplos<\/strong>que abrange uma variedade de perfis de sabores frutados, gelados e cl\u00e1ssicos. Os utilizadores podem desfrutar de dois sabores diferentes em cada baforada, proporcionando uma experi\u00eancia de sabor \u00fanica e rica.<\/p>\n<ul>\n<li><strong>Grande capacidade de E-l\u00edquido<\/strong><\/li>\n<\/ul>\n<p>Cada dispositivo \u00e9 fornecido com <strong>26ml + 26ml<\/strong>, totalizando\u00a0<strong>52ml<\/strong>\u00a0de e-l\u00edquido, proporcionando uma experi\u00eancia de vaporiza\u00e7\u00e3o de longa dura\u00e7\u00e3o. Esta grande capacidade \u00e9 particularmente conveniente para os utilizadores de longa dura\u00e7\u00e3o, reduzindo a frequ\u00eancia de reabastecimento.<\/p>\n<ul>\n<li><strong>Bobina de malha premium<\/strong><\/li>\n<\/ul>\n<p>Equipado com um <strong>Bobina de malha de 1,0ohm<\/strong>O design em malha assegura um aquecimento uniforme e uma vaporiza\u00e7\u00e3o melhorada, oferecendo um vapor mais suave e mais fino e um efeito de garganta mais aut\u00eantico. Os utilizadores podem desfrutar de uma experi\u00eancia de vaporiza\u00e7\u00e3o mais refinada e confort\u00e1vel.<\/p>\n<ul>\n<li><strong>Design recarreg\u00e1vel<\/strong><\/li>\n<\/ul>\n<p>O dispositivo \u00e9 <strong>recarreg\u00e1vel<\/strong>permitindo aos utilizadores prolongar a sua vida \u00fatil atrav\u00e9s de recarga em vez de dependerem de produtos descart\u00e1veis. Esta conce\u00e7\u00e3o n\u00e3o s\u00f3 permite poupar dinheiro, como tamb\u00e9m torna o produto mais amigo do ambiente.<\/p>\n<h2 class=\"&quot;second-title&quot;\">Especifica\u00e7\u00e3o<\/h2>\n<ol>\n<li><strong>Puffs<\/strong>: 32.000 baforadas<\/li>\n<li><strong>Op\u00e7\u00f5es de nicotina<\/strong>: 0%, 2%, 3%, 5%<\/li>\n<li><strong>Sabores dispon\u00edveis<\/strong>: 12 sabores<\/li>\n<li><strong>Capacidade<\/strong>: 26ml + 26ml (total 52ml de e-liquid)<\/li>\n<li><strong>Embalagem<\/strong>: 200 unidades por caixa<\/li>\n<li><strong>Recarreg\u00e1vel<\/strong>: Sim<\/li>\n<li><strong>Tipo de bobina<\/strong>: Bobina de malha de 1,0ohm<\/li>\n<\/ol>\n<h2>Aromas<\/h2>\n<ol>\n<li>Gelo de mirtilo e gelo de drag\u00e3o negro<\/li>\n<li>Gelo de mirtilo, morango e banana<\/li>\n<li>Mirtilo Framboesa e P\u00eassego Manga Melancia<\/li>\n<li>Melancia com mirtilo e manga com morango<\/li>\n<li>Red Bull e melancia com mirtilo<\/li>\n<li>Red Bull &amp; Watermelon Bubble Gandy<\/li>\n<li>Gelado de morango, melancia e uva<\/li>\n<li>Gelado de morango, kiwi e p\u00eassego<\/li>\n<li>Morango Kiwi e Ma\u00e7\u00e3 \u00c1cida Framboesa<\/li>\n<li>Morango Melancia e Kiwi Maracuj\u00e1 Goiaba<\/li>\n<li>Gelo de melancia e menta de mirtilo<\/li>\n<li>Gelo de melancia e morango e Mongo<\/li>\n<\/ol>\n<figure id=\"attachment_2532\" aria-describedby=\"caption-attachment-2532\" style=\"width: 800px\" class=\"wp-caption alignnone\"><img fetchpriority=\"high\" decoding=\"async\" class=\"wp-image-2532 size-full\" title=\"Bang Kingdom Rex 32000 Puffs Vape Descart\u00e1vel Atacado Mirtilo Framboesa P\u00eassego Manga Melancia\" src=\"https:\/\/www.puffsvape.com\/wp-content\/uploads\/2024\/12\/Bang-Kingdom-Rex-32000-Puffs-Disposable-Vape-Wholesale-Blueberry-Rasperry-Peach-Mango-Watermelon.jpg\" alt=\"Bang Kingdom Rex 32000 Puffs Vape Descart\u00e1vel Atacado Mirtilo Framboesa P\u00eassego Manga Melancia\" width=\"800\" height=\"800\" srcset=\"https:\/\/www.puffsvape.com\/wp-content\/uploads\/2024\/12\/Bang-Kingdom-Rex-32000-Puffs-Disposable-Vape-Wholesale-Blueberry-Rasperry-Peach-Mango-Watermelon.jpg 800w, https:\/\/www.puffsvape.com\/wp-content\/uploads\/2024\/12\/Bang-Kingdom-Rex-32000-Puffs-Disposable-Vape-Wholesale-Blueberry-Rasperry-Peach-Mango-Watermelon-247x247.jpg 247w, https:\/\/www.puffsvape.com\/wp-content\/uploads\/2024\/12\/Bang-Kingdom-Rex-32000-Puffs-Disposable-Vape-Wholesale-Blueberry-Rasperry-Peach-Mango-Watermelon-100x100.jpg 100w, https:\/\/www.puffsvape.com\/wp-content\/uploads\/2024\/12\/Bang-Kingdom-Rex-32000-Puffs-Disposable-Vape-Wholesale-Blueberry-Rasperry-Peach-Mango-Watermelon-510x510.jpg 510w, https:\/\/www.puffsvape.com\/wp-content\/uploads\/2024\/12\/Bang-Kingdom-Rex-32000-Puffs-Disposable-Vape-Wholesale-Blueberry-Rasperry-Peach-Mango-Watermelon-300x300.jpg 300w, https:\/\/www.puffsvape.com\/wp-content\/uploads\/2024\/12\/Bang-Kingdom-Rex-32000-Puffs-Disposable-Vape-Wholesale-Blueberry-Rasperry-Peach-Mango-Watermelon-150x150.jpg 150w, https:\/\/www.puffsvape.com\/wp-content\/uploads\/2024\/12\/Bang-Kingdom-Rex-32000-Puffs-Disposable-Vape-Wholesale-Blueberry-Rasperry-Peach-Mango-Watermelon-768x768.jpg 768w, https:\/\/www.puffsvape.com\/wp-content\/uploads\/2024\/12\/Bang-Kingdom-Rex-32000-Puffs-Disposable-Vape-Wholesale-Blueberry-Rasperry-Peach-Mango-Watermelon-12x12.jpg 12w, https:\/\/www.puffsvape.com\/wp-content\/uploads\/2024\/12\/Bang-Kingdom-Rex-32000-Puffs-Disposable-Vape-Wholesale-Blueberry-Rasperry-Peach-Mango-Watermelon-575x575.jpg 575w, https:\/\/www.puffsvape.com\/wp-content\/uploads\/2024\/12\/Bang-Kingdom-Rex-32000-Puffs-Disposable-Vape-Wholesale-Blueberry-Rasperry-Peach-Mango-Watermelon-380x380.jpg 380w, https:\/\/www.puffsvape.com\/wp-content\/uploads\/2024\/12\/Bang-Kingdom-Rex-32000-Puffs-Disposable-Vape-Wholesale-Blueberry-Rasperry-Peach-Mango-Watermelon-50x50.jpg 50w, https:\/\/www.puffsvape.com\/wp-content\/uploads\/2024\/12\/Bang-Kingdom-Rex-32000-Puffs-Disposable-Vape-Wholesale-Blueberry-Rasperry-Peach-Mango-Watermelon-26x26.jpg 26w\" sizes=\"(max-width: 800px) 100vw, 800px\" \/><figcaption id=\"caption-attachment-2532\" class=\"wp-caption-text\">Bang Kingdom Rex 32000 Puffs Vape descart\u00e1vel<\/figcaption><\/figure>","protected":false},"excerpt":{"rendered":"<p>O Bang Kingdoms Rex 32000 \u00e9 um dispositivo vape topo de gama e de longa dura\u00e7\u00e3o concebido para utilizadores que procuram uma utiliza\u00e7\u00e3o prolongada e uma experi\u00eancia de sabor rica. Com a sua excelente rela\u00e7\u00e3o custo-desempenho, este produto \u00e9 altamente competitivo em compara\u00e7\u00e3o com outras plataformas de duplo sabor. Quer seja para uso pessoal ou para venda por grosso, tornou-se rapidamente um produto popular no mercado. Bang [...]","protected":false},"featured_media":2534,"comment_status":"open","ping_status":"closed","template":"","meta":{"om_disable_all_campaigns":false,"_monsterinsights_skip_tracking":false,"_monsterinsights_sitenote_active":false,"_monsterinsights_sitenote_note":"","_monsterinsights_sitenote_category":0},"product_brand":[],"product_cat":[15],"product_tag":[],"berocket_brand":[22],"class_list":{"0":"post-2519","1":"product","2":"type-product","3":"status-publish","4":"has-post-thumbnail","6":"product_cat-bang","7":"berocket_brand-bang","8":"wcpa_has_options","10":"first","11":"instock","12":"shipping-taxable","13":"purchasable","14":"product-type-variable","15":"has-default-attributes"},"aioseo_notices":[],"tiered_pricing_fixed_rules":{"20":"9.90","30":"9.25","40":"8.60","50":"7.95","100":"6.52"},"tiered_pricing_percentage_rules":{"20":"9.90","30":"9.25","40":"8.60","50":"7.95","100":"6.52"},"tiered_pricing_type":"fixed","tiered_pricing_minimum":10,"_links":{"self":[{"href":"https:\/\/www.puffsvape.com\/pt\/wp-json\/wp\/v2\/product\/2519","targetHints":{"allow":["GET"]}}],"collection":[{"href":"https:\/\/www.puffsvape.com\/pt\/wp-json\/wp\/v2\/product"}],"about":[{"href":"https:\/\/www.puffsvape.com\/pt\/wp-json\/wp\/v2\/types\/product"}],"replies":[{"embeddable":true,"href":"https:\/\/www.puffsvape.com\/pt\/wp-json\/wp\/v2\/comments?post=2519"}],"wp:featuredmedia":[{"embeddable":true,"href":"https:\/\/www.puffsvape.com\/pt\/wp-json\/wp\/v2\/media\/2534"}],"wp:attachment":[{"href":"https:\/\/www.puffsvape.com\/pt\/wp-json\/wp\/v2\/media?parent=2519"}],"wp:term":[{"taxonomy":"product_brand","embeddable":true,"href":"https:\/\/www.puffsvape.com\/pt\/wp-json\/wp\/v2\/product_brand?post=2519"},{"taxonomy":"product_cat","embeddable":true,"href":"https:\/\/www.puffsvape.com\/pt\/wp-json\/wp\/v2\/product_cat?post=2519"},{"taxonomy":"product_tag","embeddable":true,"href":"https:\/\/www.puffsvape.com\/pt\/wp-json\/wp\/v2\/product_tag?post=2519"},{"taxonomy":"berocket_brand","embeddable":true,"href":"https:\/\/www.puffsvape.com\/pt\/wp-json\/wp\/v2\/berocket_brand?post=2519"}],"curies":[{"name":"wp","href":"https:\/\/api.w.org\/{rel}","templated":true}]}}