{"id":2399,"date":"2024-11-16T17:26:34","date_gmt":"2024-11-16T17:26:34","guid":{"rendered":"https:\/\/www.puffsvape.com\/?post_type=product&#038;p=2399"},"modified":"2026-05-12T09:33:34","modified_gmt":"2026-05-12T01:33:34","slug":"fumot-tornado-30k-music-disposable-vape","status":"publish","type":"product","link":"https:\/\/www.puffsvape.com\/pt\/produto\/fumot-tornado-30k-musica-vape-descartavel\/","title":{"rendered":"Fumot Tornado 30K Music Vape descart\u00e1vel"},"content":{"rendered":"<p><a href=\"\/pt\/product-category\/randm-fumot\/\">Fumot<\/a>\u00a0O Tornado 30K Music \u00e9 um dispositivo vape descart\u00e1vel de 30K puffs alimentado por RandM. O Tornado 30K Music usa uma bobina de malha de 1.0\u03a9 e uma bateria recarreg\u00e1vel de 600mAh embutida. H\u00e1 um total de 30 sabores e 4 dosagens de nicotina para voc\u00ea escolher.<\/p>\n<p>A carater\u00edstica mais interessante do Tornado 30K Music \u00e9 o facto de a luz RGB poder piscar ao ritmo da m\u00fasica. Imagine us\u00e1-lo num bar, pode at\u00e9 dan\u00e7ar ao som da sua pr\u00f3pria m\u00fasica<\/p>\n<h2><strong>Fumot Tornado 30K Detalhes da m\u00fasica:<\/strong><\/h2>\n<ul>\n<li>0% 2% 3% 5% Nicotina<\/li>\n<li>Puffs: 30000<\/li>\n<li>30 sabores dispon\u00edveis<\/li>\n<li>600mah Recarreg\u00e1vel<\/li>\n<li>Bobina de malha de 1,0\u03a9<\/li>\n<li>Tipo C<\/li>\n<li>cada caixa kg<\/li>\n<li>As luzes mudam com a m\u00fasica<\/li>\n<\/ul>\n<h2><strong>Fumot Tornado 30K M\u00fasica Sabores opcionais:<\/strong><\/h2>\n<p>1. Gelo de banana<br \/>\n2. Gelo negro<br \/>\n3. Blue Razz Ice<br \/>\n4. Mirtilo no gelo<br \/>\n5. Mirtilo Framboesa<br \/>\n6. Framboesa azeda com mirtilo<br \/>\n7. Gelo de cereja<br \/>\n8. Cola de cereja<br \/>\n9. Gelo de cola<br \/>\n10. Hortel\u00e3 fresca<br \/>\n11. Ma\u00e7\u00e3 dupla<br \/>\n12. Dr. Blue<br \/>\n13. Gelo de uva<br \/>\n14. Gelado<br \/>\n15. Kiwi Maracuj\u00e1 Goiaba<br \/>\n16. Amor 66<br \/>\n17. Gelo exuberante<br \/>\n18. Bagas mistas<br \/>\n19. Baga de p\u00eassego<br \/>\n20. Gelo de p\u00eassego<br \/>\n21. P\u00eassego Manga Anan\u00e1s<br \/>\n22. Gelo de anan\u00e1s<br \/>\n23. Limonada cor-de-rosa<br \/>\n24. Skittles<br \/>\n25. Banana com morango<br \/>\n26. Morango Uva<br \/>\n27. Gelo de morango<br \/>\n28. Melancia com morango<br \/>\n29. Manga tripla<br \/>\n30. Vimto<\/p>\n<figure id=\"attachment_2431\" aria-describedby=\"caption-attachment-2431\" style=\"width: 800px\" class=\"wp-caption alignnone\"><img fetchpriority=\"high\" decoding=\"async\" class=\"wp-image-2431 size-full\" title=\"Fumot Tornado 30K Music Vape Descart\u00e1vel Atacado (2)\" src=\"https:\/\/www.puffsvape.com\/wp-content\/uploads\/2024\/11\/Fumot-Tornado-30K-Music-Disposable-Vape-Wholesale-2.jpg\" alt=\"Fumot Tornado 30K Music Vape Descart\u00e1vel Atacado (2)\" width=\"800\" height=\"800\" srcset=\"https:\/\/www.puffsvape.com\/wp-content\/uploads\/2024\/11\/Fumot-Tornado-30K-Music-Disposable-Vape-Wholesale-2.jpg 800w, https:\/\/www.puffsvape.com\/wp-content\/uploads\/2024\/11\/Fumot-Tornado-30K-Music-Disposable-Vape-Wholesale-2-247x247.jpg 247w, https:\/\/www.puffsvape.com\/wp-content\/uploads\/2024\/11\/Fumot-Tornado-30K-Music-Disposable-Vape-Wholesale-2-100x100.jpg 100w, https:\/\/www.puffsvape.com\/wp-content\/uploads\/2024\/11\/Fumot-Tornado-30K-Music-Disposable-Vape-Wholesale-2-510x510.jpg 510w, https:\/\/www.puffsvape.com\/wp-content\/uploads\/2024\/11\/Fumot-Tornado-30K-Music-Disposable-Vape-Wholesale-2-300x300.jpg 300w, https:\/\/www.puffsvape.com\/wp-content\/uploads\/2024\/11\/Fumot-Tornado-30K-Music-Disposable-Vape-Wholesale-2-150x150.jpg 150w, https:\/\/www.puffsvape.com\/wp-content\/uploads\/2024\/11\/Fumot-Tornado-30K-Music-Disposable-Vape-Wholesale-2-768x768.jpg 768w, https:\/\/www.puffsvape.com\/wp-content\/uploads\/2024\/11\/Fumot-Tornado-30K-Music-Disposable-Vape-Wholesale-2-12x12.jpg 12w, https:\/\/www.puffsvape.com\/wp-content\/uploads\/2024\/11\/Fumot-Tornado-30K-Music-Disposable-Vape-Wholesale-2-575x575.jpg 575w, https:\/\/www.puffsvape.com\/wp-content\/uploads\/2024\/11\/Fumot-Tornado-30K-Music-Disposable-Vape-Wholesale-2-380x380.jpg 380w, https:\/\/www.puffsvape.com\/wp-content\/uploads\/2024\/11\/Fumot-Tornado-30K-Music-Disposable-Vape-Wholesale-2-50x50.jpg 50w, https:\/\/www.puffsvape.com\/wp-content\/uploads\/2024\/11\/Fumot-Tornado-30K-Music-Disposable-Vape-Wholesale-2-26x26.jpg 26w\" sizes=\"(max-width: 800px) 100vw, 800px\" \/><figcaption id=\"caption-attachment-2431\" class=\"wp-caption-text\">Fumot Tornado 30K Music Vape descart\u00e1vel<\/figcaption><\/figure>\n<p><img decoding=\"async\" class=\"alignnone wp-image-2432 size-full\" title=\"Fumot Tornado 30K Music Vape Descart\u00e1vel Atacado (3)\" src=\"https:\/\/www.puffsvape.com\/wp-content\/uploads\/2024\/11\/Fumot-Tornado-30K-Music-Disposable-Vape-Wholesale-3.jpg\" alt=\"Fumot Tornado 30K Music Vape Descart\u00e1vel Atacado (3)\" width=\"800\" height=\"800\" srcset=\"https:\/\/www.puffsvape.com\/wp-content\/uploads\/2024\/11\/Fumot-Tornado-30K-Music-Disposable-Vape-Wholesale-3.jpg 800w, https:\/\/www.puffsvape.com\/wp-content\/uploads\/2024\/11\/Fumot-Tornado-30K-Music-Disposable-Vape-Wholesale-3-247x247.jpg 247w, https:\/\/www.puffsvape.com\/wp-content\/uploads\/2024\/11\/Fumot-Tornado-30K-Music-Disposable-Vape-Wholesale-3-100x100.jpg 100w, https:\/\/www.puffsvape.com\/wp-content\/uploads\/2024\/11\/Fumot-Tornado-30K-Music-Disposable-Vape-Wholesale-3-510x510.jpg 510w, https:\/\/www.puffsvape.com\/wp-content\/uploads\/2024\/11\/Fumot-Tornado-30K-Music-Disposable-Vape-Wholesale-3-300x300.jpg 300w, https:\/\/www.puffsvape.com\/wp-content\/uploads\/2024\/11\/Fumot-Tornado-30K-Music-Disposable-Vape-Wholesale-3-150x150.jpg 150w, https:\/\/www.puffsvape.com\/wp-content\/uploads\/2024\/11\/Fumot-Tornado-30K-Music-Disposable-Vape-Wholesale-3-768x768.jpg 768w, https:\/\/www.puffsvape.com\/wp-content\/uploads\/2024\/11\/Fumot-Tornado-30K-Music-Disposable-Vape-Wholesale-3-12x12.jpg 12w, https:\/\/www.puffsvape.com\/wp-content\/uploads\/2024\/11\/Fumot-Tornado-30K-Music-Disposable-Vape-Wholesale-3-575x575.jpg 575w, https:\/\/www.puffsvape.com\/wp-content\/uploads\/2024\/11\/Fumot-Tornado-30K-Music-Disposable-Vape-Wholesale-3-380x380.jpg 380w, https:\/\/www.puffsvape.com\/wp-content\/uploads\/2024\/11\/Fumot-Tornado-30K-Music-Disposable-Vape-Wholesale-3-50x50.jpg 50w, https:\/\/www.puffsvape.com\/wp-content\/uploads\/2024\/11\/Fumot-Tornado-30K-Music-Disposable-Vape-Wholesale-3-26x26.jpg 26w\" sizes=\"(max-width: 800px) 100vw, 800px\" \/><\/p>\n<p><img decoding=\"async\" class=\"alignnone wp-image-2430 size-full\" title=\"Fumot Tornado 30K M\u00fasica Vape Descart\u00e1vel Atacado (1)\" src=\"https:\/\/www.puffsvape.com\/wp-content\/uploads\/2024\/11\/Fumot-Tornado-30K-Music-Disposable-Vape-Wholesale-1.jpg\" alt=\"Fumot Tornado 30K M\u00fasica Vape Descart\u00e1vel Atacado (1)\" width=\"800\" height=\"800\" srcset=\"https:\/\/www.puffsvape.com\/wp-content\/uploads\/2024\/11\/Fumot-Tornado-30K-Music-Disposable-Vape-Wholesale-1.jpg 800w, https:\/\/www.puffsvape.com\/wp-content\/uploads\/2024\/11\/Fumot-Tornado-30K-Music-Disposable-Vape-Wholesale-1-247x247.jpg 247w, https:\/\/www.puffsvape.com\/wp-content\/uploads\/2024\/11\/Fumot-Tornado-30K-Music-Disposable-Vape-Wholesale-1-100x100.jpg 100w, https:\/\/www.puffsvape.com\/wp-content\/uploads\/2024\/11\/Fumot-Tornado-30K-Music-Disposable-Vape-Wholesale-1-510x510.jpg 510w, https:\/\/www.puffsvape.com\/wp-content\/uploads\/2024\/11\/Fumot-Tornado-30K-Music-Disposable-Vape-Wholesale-1-300x300.jpg 300w, https:\/\/www.puffsvape.com\/wp-content\/uploads\/2024\/11\/Fumot-Tornado-30K-Music-Disposable-Vape-Wholesale-1-150x150.jpg 150w, https:\/\/www.puffsvape.com\/wp-content\/uploads\/2024\/11\/Fumot-Tornado-30K-Music-Disposable-Vape-Wholesale-1-768x768.jpg 768w, https:\/\/www.puffsvape.com\/wp-content\/uploads\/2024\/11\/Fumot-Tornado-30K-Music-Disposable-Vape-Wholesale-1-12x12.jpg 12w, https:\/\/www.puffsvape.com\/wp-content\/uploads\/2024\/11\/Fumot-Tornado-30K-Music-Disposable-Vape-Wholesale-1-575x575.jpg 575w, https:\/\/www.puffsvape.com\/wp-content\/uploads\/2024\/11\/Fumot-Tornado-30K-Music-Disposable-Vape-Wholesale-1-380x380.jpg 380w, https:\/\/www.puffsvape.com\/wp-content\/uploads\/2024\/11\/Fumot-Tornado-30K-Music-Disposable-Vape-Wholesale-1-50x50.jpg 50w, https:\/\/www.puffsvape.com\/wp-content\/uploads\/2024\/11\/Fumot-Tornado-30K-Music-Disposable-Vape-Wholesale-1-26x26.jpg 26w\" sizes=\"(max-width: 800px) 100vw, 800px\" \/><\/p>","protected":false},"excerpt":{"rendered":"<p>Fumot Tornado 30K Music \u00e9 um dispositivo vape descart\u00e1vel de 30K puffs alimentado por RandM. O Tornado 30K Music usa uma bobina de malha de 1.0\u03a9 e uma bateria recarreg\u00e1vel de 600mAh embutida. H\u00e1 um total de 30 sabores e 4 dosagens de nicotina para voc\u00ea escolher. A carater\u00edstica mais interessante do Tornado 30K Music \u00e9 o facto de o ecr\u00e3 RGB [...]","protected":false},"featured_media":2431,"comment_status":"open","ping_status":"closed","template":"","meta":{"om_disable_all_campaigns":false,"_monsterinsights_skip_tracking":false,"_monsterinsights_sitenote_active":false,"_monsterinsights_sitenote_note":"","_monsterinsights_sitenote_category":0},"product_brand":[],"product_cat":[25],"product_tag":[],"berocket_brand":[26],"class_list":{"0":"post-2399","1":"product","2":"type-product","3":"status-publish","4":"has-post-thumbnail","6":"product_cat-randm-fumot","7":"berocket_brand-randm-fumot","8":"wcpa_has_options","10":"first","11":"instock","12":"shipping-taxable","13":"purchasable","14":"product-type-variable","15":"has-default-attributes"},"aioseo_notices":[],"tiered_pricing_fixed_rules":{"20":"11.55","30":"10.91","40":"10.26","50":"9.61","100":"8.18"},"tiered_pricing_percentage_rules":{"20":"11.55","30":"10.91","40":"10.26","50":"9.61","100":"8.18"},"tiered_pricing_type":"fixed","tiered_pricing_minimum":10,"_links":{"self":[{"href":"https:\/\/www.puffsvape.com\/pt\/wp-json\/wp\/v2\/product\/2399","targetHints":{"allow":["GET"]}}],"collection":[{"href":"https:\/\/www.puffsvape.com\/pt\/wp-json\/wp\/v2\/product"}],"about":[{"href":"https:\/\/www.puffsvape.com\/pt\/wp-json\/wp\/v2\/types\/product"}],"replies":[{"embeddable":true,"href":"https:\/\/www.puffsvape.com\/pt\/wp-json\/wp\/v2\/comments?post=2399"}],"wp:featuredmedia":[{"embeddable":true,"href":"https:\/\/www.puffsvape.com\/pt\/wp-json\/wp\/v2\/media\/2431"}],"wp:attachment":[{"href":"https:\/\/www.puffsvape.com\/pt\/wp-json\/wp\/v2\/media?parent=2399"}],"wp:term":[{"taxonomy":"product_brand","embeddable":true,"href":"https:\/\/www.puffsvape.com\/pt\/wp-json\/wp\/v2\/product_brand?post=2399"},{"taxonomy":"product_cat","embeddable":true,"href":"https:\/\/www.puffsvape.com\/pt\/wp-json\/wp\/v2\/product_cat?post=2399"},{"taxonomy":"product_tag","embeddable":true,"href":"https:\/\/www.puffsvape.com\/pt\/wp-json\/wp\/v2\/product_tag?post=2399"},{"taxonomy":"berocket_brand","embeddable":true,"href":"https:\/\/www.puffsvape.com\/pt\/wp-json\/wp\/v2\/berocket_brand?post=2399"}],"curies":[{"name":"wp","href":"https:\/\/api.w.org\/{rel}","templated":true}]}}