{"id":2055,"date":"2024-09-07T17:15:06","date_gmt":"2024-09-07T17:15:06","guid":{"rendered":"https:\/\/www.puffsvape.com\/?post_type=product&#038;p=2055"},"modified":"2026-04-26T19:44:24","modified_gmt":"2026-04-26T11:44:24","slug":"bang-gear-tick-tock-20000-puffs-disposable-vape","status":"publish","type":"product","link":"https:\/\/www.puffsvape.com\/pt\/produto\/bang-gear-tick-tock-20000-puffs-vape-descartavel\/","title":{"rendered":"Bang Gear Tick Tock 20000 Puffs Vape descart\u00e1vel"},"content":{"rendered":"<p><b>O Vape descart\u00e1vel Bang Gear Tick Tock 20000<\/b>\u00a0\u00e9 um kit descart\u00e1vel de estilo industrial com 16 ml de sumo eletr\u00f3nico pr\u00e9-cheio, dois modos de vaporiza\u00e7\u00e3o e um puff-co elevado em segundos. para mudar para o modo silencioso e as engrenagens deixam de rodar. Informa\u00e7\u00f5es importantes, como o n\u00edvel do sumo eletr\u00f3nico e o volume da bateria, s\u00e3o apresentadas num ecr\u00e3 din\u00e2mico. Pode monitorizar o estado do BANG 20000 com facilidade. Se est\u00e1 \u00e0 procura de um vape descart\u00e1vel para uso prolongado, n\u00e3o deve perder o BANG 20000. O BANG 20000 proporciona-lhe uma experi\u00eancia de vaporiza\u00e7\u00e3o din\u00e2mica totalmente nova.<\/p>\n<h2><span style=\"font-size: 18pt;\">Bang Gear Tick Tock 20000 Detalhes do produto<\/span><\/h2>\n<ul>\n<li>Bateria integrada recarreg\u00e1vel de 650mAh<\/li>\n<li>Contagem de puffs: Aproximadamente 20000 puffs<\/li>\n<li>Sumo eletr\u00f3nico pr\u00e9-cheio de 16 ml<\/li>\n<li>Ecr\u00e3 de visualiza\u00e7\u00e3o din\u00e2mico<\/li>\n<li>Dois modos de vaporiza\u00e7\u00e3o: Modo Din\u00e2mico (as engrenagens rodam quando se vaporiza)\/Modo Silencioso (3 baforadas r\u00e1pidas em 2 segundos para parar as engrenagens)<\/li>\n<li>5%(50mg) For\u00e7a da nicotina<\/li>\n<li>Carregamento USB tipo C (n\u00e3o inclu\u00eddo)<\/li>\n<li>Ativado por sorteio<\/li>\n<li>MTL Vaping<\/li>\n<\/ul>\n<h2>Aromas<\/h2>\n<p>1. manga com morango<br \/>\n2. bebida energ\u00e9tica<br \/>\n3. limonada de cereja e mirtilo<br \/>\n4. gelo de drag\u00e3o negro<br \/>\n5. gelo de p\u00eassego<br \/>\n6. banana com morango<br \/>\n7. mistura de frutas<br \/>\n8. gelo de mirtilo<br \/>\n9. gelo de melancia<br \/>\n10. morango Kiwi<br \/>\n11. amora framboesa<br \/>\n12. melancia com morango<\/p>\n<figure id=\"attachment_2074\" aria-describedby=\"caption-attachment-2074\" style=\"width: 800px\" class=\"wp-caption alignnone\"><img fetchpriority=\"high\" decoding=\"async\" class=\"wp-image-2074 size-full\" title=\"Bang Mechanical Gear 20000 Puffs Vape Descart\u00e1vel Atacado (6)\" src=\"https:\/\/www.puffsvape.com\/wp-content\/uploads\/2024\/09\/Bang-Mechanical-Gear-20000-Puffs-Disposable-Vape-Wholesale-6.jpg\" alt=\"Bang Mechanical Gear 20000 Puffs Vape Descart\u00e1vel Atacado (6)\" width=\"800\" height=\"800\" srcset=\"https:\/\/www.puffsvape.com\/wp-content\/uploads\/2024\/09\/Bang-Mechanical-Gear-20000-Puffs-Disposable-Vape-Wholesale-6.jpg 800w, https:\/\/www.puffsvape.com\/wp-content\/uploads\/2024\/09\/Bang-Mechanical-Gear-20000-Puffs-Disposable-Vape-Wholesale-6-247x247.jpg 247w, https:\/\/www.puffsvape.com\/wp-content\/uploads\/2024\/09\/Bang-Mechanical-Gear-20000-Puffs-Disposable-Vape-Wholesale-6-100x100.jpg 100w, https:\/\/www.puffsvape.com\/wp-content\/uploads\/2024\/09\/Bang-Mechanical-Gear-20000-Puffs-Disposable-Vape-Wholesale-6-510x510.jpg 510w, https:\/\/www.puffsvape.com\/wp-content\/uploads\/2024\/09\/Bang-Mechanical-Gear-20000-Puffs-Disposable-Vape-Wholesale-6-300x300.jpg 300w, https:\/\/www.puffsvape.com\/wp-content\/uploads\/2024\/09\/Bang-Mechanical-Gear-20000-Puffs-Disposable-Vape-Wholesale-6-150x150.jpg 150w, https:\/\/www.puffsvape.com\/wp-content\/uploads\/2024\/09\/Bang-Mechanical-Gear-20000-Puffs-Disposable-Vape-Wholesale-6-768x768.jpg 768w, https:\/\/www.puffsvape.com\/wp-content\/uploads\/2024\/09\/Bang-Mechanical-Gear-20000-Puffs-Disposable-Vape-Wholesale-6-12x12.jpg 12w, https:\/\/www.puffsvape.com\/wp-content\/uploads\/2024\/09\/Bang-Mechanical-Gear-20000-Puffs-Disposable-Vape-Wholesale-6-575x575.jpg 575w, https:\/\/www.puffsvape.com\/wp-content\/uploads\/2024\/09\/Bang-Mechanical-Gear-20000-Puffs-Disposable-Vape-Wholesale-6-380x380.jpg 380w, https:\/\/www.puffsvape.com\/wp-content\/uploads\/2024\/09\/Bang-Mechanical-Gear-20000-Puffs-Disposable-Vape-Wholesale-6-50x50.jpg 50w, https:\/\/www.puffsvape.com\/wp-content\/uploads\/2024\/09\/Bang-Mechanical-Gear-20000-Puffs-Disposable-Vape-Wholesale-6-26x26.jpg 26w\" sizes=\"(max-width: 800px) 100vw, 800px\" \/><figcaption id=\"caption-attachment-2074\" class=\"wp-caption-text\">Bang Mechanical Gear 20000 Puffs Vape descart\u00e1vel<\/figcaption><\/figure>","protected":false},"excerpt":{"rendered":"<p>O Bang Gear Tick Tock 20000 Disposable Vape \u00e9 um kit descart\u00e1vel de estilo industrial com 16 ml de sumo eletr\u00f3nico pr\u00e9-cheio, dois modos de vaporiza\u00e7\u00e3o e um puff-co elevado em segundos. para mudar para o modo silencioso e as engrenagens deixam de rodar. Informa\u00e7\u00f5es importantes, como o n\u00edvel do sumo eletr\u00f3nico e o volume da bateria, s\u00e3o apresentadas num ecr\u00e3 din\u00e2mico. Pode monitorizar [...]","protected":false},"featured_media":2072,"comment_status":"open","ping_status":"closed","template":"","meta":{"om_disable_all_campaigns":false,"_monsterinsights_skip_tracking":false,"_monsterinsights_sitenote_active":false,"_monsterinsights_sitenote_note":"","_monsterinsights_sitenote_category":0},"product_brand":[],"product_cat":[15],"product_tag":[],"berocket_brand":[22],"class_list":{"0":"post-2055","1":"product","2":"type-product","3":"status-publish","4":"has-post-thumbnail","6":"product_cat-bang","7":"berocket_brand-bang","9":"first","10":"instock","11":"shipping-taxable","12":"purchasable","13":"product-type-variable","14":"has-default-attributes"},"aioseo_notices":[],"tiered_pricing_fixed_rules":{"20":"10.56","30":"9.91","40":"9.26","50":"8.61","100":"7.19"},"tiered_pricing_percentage_rules":{"20":"10.56","30":"9.91","40":"9.26","50":"8.61","100":"7.19"},"tiered_pricing_type":"fixed","tiered_pricing_minimum":10,"_links":{"self":[{"href":"https:\/\/www.puffsvape.com\/pt\/wp-json\/wp\/v2\/product\/2055","targetHints":{"allow":["GET"]}}],"collection":[{"href":"https:\/\/www.puffsvape.com\/pt\/wp-json\/wp\/v2\/product"}],"about":[{"href":"https:\/\/www.puffsvape.com\/pt\/wp-json\/wp\/v2\/types\/product"}],"replies":[{"embeddable":true,"href":"https:\/\/www.puffsvape.com\/pt\/wp-json\/wp\/v2\/comments?post=2055"}],"wp:featuredmedia":[{"embeddable":true,"href":"https:\/\/www.puffsvape.com\/pt\/wp-json\/wp\/v2\/media\/2072"}],"wp:attachment":[{"href":"https:\/\/www.puffsvape.com\/pt\/wp-json\/wp\/v2\/media?parent=2055"}],"wp:term":[{"taxonomy":"product_brand","embeddable":true,"href":"https:\/\/www.puffsvape.com\/pt\/wp-json\/wp\/v2\/product_brand?post=2055"},{"taxonomy":"product_cat","embeddable":true,"href":"https:\/\/www.puffsvape.com\/pt\/wp-json\/wp\/v2\/product_cat?post=2055"},{"taxonomy":"product_tag","embeddable":true,"href":"https:\/\/www.puffsvape.com\/pt\/wp-json\/wp\/v2\/product_tag?post=2055"},{"taxonomy":"berocket_brand","embeddable":true,"href":"https:\/\/www.puffsvape.com\/pt\/wp-json\/wp\/v2\/berocket_brand?post=2055"}],"curies":[{"name":"wp","href":"https:\/\/api.w.org\/{rel}","templated":true}]}}