{"id":2029,"date":"2024-09-07T17:02:57","date_gmt":"2024-09-07T17:02:57","guid":{"rendered":"https:\/\/www.puffsvape.com\/?post_type=product&#038;p=2029"},"modified":"2026-03-07T10:00:51","modified_gmt":"2026-03-07T02:00:51","slug":"bang-25000-puffs-disposable-vape","status":"publish","type":"product","link":"https:\/\/www.puffsvape.com\/pt\/produto\/bang-25000-puffs-vape-descartavel\/","title":{"rendered":"Bang 25000 Puffs Vape descart\u00e1vel"},"content":{"rendered":"<p>O Bang 25000 Puffs Disposable Vape destaca-se como uma escolha excecional para os vapers que procuram um dispositivo de qualidade superior que ofere\u00e7a variedade e volume. Com a sua vasta contagem de puffs e diversas op\u00e7\u00f5es de sabores, proporciona uma experi\u00eancia de vaporiza\u00e7\u00e3o abrangente que satisfaz as necessidades de uma vasta gama de vapers, desde principiantes a conhecedores.<\/p>\n<p>\u00c9 constru\u00edda com um visor de n\u00edvel de bateria e de sumo eletr\u00f3nico, e vem com uma bateria recarreg\u00e1vel de 650mAh e 25ml de l\u00edquido, que suporta at\u00e9 25000 baforadas.<\/p>\n<h2><span style=\"font-size: 18pt;\"><strong>Bang 25000 Puffs Vape descart\u00e1vel Detalhes r\u00e1pidos<\/strong><\/span><\/h2>\n<ul>\n<li>Bateria recarreg\u00e1vel de 650mah<\/li>\n<li>25 ml de e-l\u00edquido pr\u00e9-carregado<\/li>\n<li>0\/2\/3\/5% teor de nicotina<\/li>\n<li>Alcance at\u00e9 25000 baforadas<\/li>\n<li>Bobina de malha de 1,0 ohm<\/li>\n<li>Porta de carregamento tipo C<\/li>\n<\/ul>\n<h2><span style=\"font-size: 18pt;\"><strong>Aromas<\/strong><\/span><\/h2>\n<ul>\n<li>Gelo de mirtilo<\/li>\n<li>Mirtilo Framboesa<\/li>\n<li>Mirtilo Hortel\u00e3<\/li>\n<li>Gelo de uva<\/li>\n<li>Melancia com morango<\/li>\n<li>Morango Kiwi<\/li>\n<li>Pastilha el\u00e1stica de melancia<\/li>\n<li>Sangue de tigre<\/li>\n<li>Gelo de melancia<\/li>\n<li>Gelo de morango<\/li>\n<li>Manga P\u00eassego<\/li>\n<li>Mistura de frutas<\/li>\n<\/ul>\n<figure id=\"attachment_2030\" aria-describedby=\"caption-attachment-2030\" style=\"width: 800px\" class=\"wp-caption alignnone\"><img fetchpriority=\"high\" decoding=\"async\" class=\"wp-image-2030 size-full\" title=\"Bang 25000 Puffs Vape descart\u00e1vel por atacado Blueberry Mint Packing\" src=\"https:\/\/www.puffsvape.com\/wp-content\/uploads\/2024\/09\/Bang-25000-Puffs-Disposable-Vape-Wholesale-Blueberry-Mint-Packing.jpg\" alt=\"Bang 25000 Puffs Vape descart\u00e1vel por atacado Blueberry Mint Packing\" width=\"800\" height=\"800\" srcset=\"https:\/\/www.puffsvape.com\/wp-content\/uploads\/2024\/09\/Bang-25000-Puffs-Disposable-Vape-Wholesale-Blueberry-Mint-Packing.jpg 800w, https:\/\/www.puffsvape.com\/wp-content\/uploads\/2024\/09\/Bang-25000-Puffs-Disposable-Vape-Wholesale-Blueberry-Mint-Packing-247x247.jpg 247w, https:\/\/www.puffsvape.com\/wp-content\/uploads\/2024\/09\/Bang-25000-Puffs-Disposable-Vape-Wholesale-Blueberry-Mint-Packing-100x100.jpg 100w, https:\/\/www.puffsvape.com\/wp-content\/uploads\/2024\/09\/Bang-25000-Puffs-Disposable-Vape-Wholesale-Blueberry-Mint-Packing-510x510.jpg 510w, https:\/\/www.puffsvape.com\/wp-content\/uploads\/2024\/09\/Bang-25000-Puffs-Disposable-Vape-Wholesale-Blueberry-Mint-Packing-300x300.jpg 300w, https:\/\/www.puffsvape.com\/wp-content\/uploads\/2024\/09\/Bang-25000-Puffs-Disposable-Vape-Wholesale-Blueberry-Mint-Packing-150x150.jpg 150w, https:\/\/www.puffsvape.com\/wp-content\/uploads\/2024\/09\/Bang-25000-Puffs-Disposable-Vape-Wholesale-Blueberry-Mint-Packing-768x768.jpg 768w, https:\/\/www.puffsvape.com\/wp-content\/uploads\/2024\/09\/Bang-25000-Puffs-Disposable-Vape-Wholesale-Blueberry-Mint-Packing-12x12.jpg 12w, https:\/\/www.puffsvape.com\/wp-content\/uploads\/2024\/09\/Bang-25000-Puffs-Disposable-Vape-Wholesale-Blueberry-Mint-Packing-575x575.jpg 575w, https:\/\/www.puffsvape.com\/wp-content\/uploads\/2024\/09\/Bang-25000-Puffs-Disposable-Vape-Wholesale-Blueberry-Mint-Packing-380x380.jpg 380w, https:\/\/www.puffsvape.com\/wp-content\/uploads\/2024\/09\/Bang-25000-Puffs-Disposable-Vape-Wholesale-Blueberry-Mint-Packing-50x50.jpg 50w, https:\/\/www.puffsvape.com\/wp-content\/uploads\/2024\/09\/Bang-25000-Puffs-Disposable-Vape-Wholesale-Blueberry-Mint-Packing-26x26.jpg 26w\" sizes=\"(max-width: 800px) 100vw, 800px\" \/><figcaption id=\"caption-attachment-2030\" class=\"wp-caption-text\">Bang 25000 Puffs Vape descart\u00e1vel<\/figcaption><\/figure>","protected":false},"excerpt":{"rendered":"<p>O Bang 25000 Puffs Disposable Vape destaca-se como uma escolha excecional para os vapers que procuram um dispositivo de qualidade superior que ofere\u00e7a variedade e volume. Com a sua vasta contagem de puffs e diversas op\u00e7\u00f5es de sabores, proporciona uma experi\u00eancia de vaporiza\u00e7\u00e3o abrangente que satisfaz as necessidades de uma vasta gama de vapers, desde principiantes a conhecedores. Foi constru\u00eddo [...]","protected":false},"featured_media":2045,"comment_status":"open","ping_status":"closed","template":"","meta":{"om_disable_all_campaigns":false,"_monsterinsights_skip_tracking":false,"_monsterinsights_sitenote_active":false,"_monsterinsights_sitenote_note":"","_monsterinsights_sitenote_category":0},"product_brand":[],"product_cat":[15],"product_tag":[],"berocket_brand":[22],"class_list":{"0":"post-2029","1":"product","2":"type-product","3":"status-publish","4":"has-post-thumbnail","6":"product_cat-bang","7":"berocket_brand-bang","8":"wcpa_has_options","10":"first","11":"instock","12":"shipping-taxable","13":"purchasable","14":"product-type-variable","15":"has-default-attributes"},"aioseo_notices":[],"tiered_pricing_fixed_rules":{"20":"10.62","30":"9.97","40":"9.32","50":"8.67","100":"7.25"},"tiered_pricing_percentage_rules":{"20":"10.62","30":"9.97","40":"9.32","50":"8.67","100":"7.25"},"tiered_pricing_type":"fixed","tiered_pricing_minimum":10,"_links":{"self":[{"href":"https:\/\/www.puffsvape.com\/pt\/wp-json\/wp\/v2\/product\/2029","targetHints":{"allow":["GET"]}}],"collection":[{"href":"https:\/\/www.puffsvape.com\/pt\/wp-json\/wp\/v2\/product"}],"about":[{"href":"https:\/\/www.puffsvape.com\/pt\/wp-json\/wp\/v2\/types\/product"}],"replies":[{"embeddable":true,"href":"https:\/\/www.puffsvape.com\/pt\/wp-json\/wp\/v2\/comments?post=2029"}],"wp:featuredmedia":[{"embeddable":true,"href":"https:\/\/www.puffsvape.com\/pt\/wp-json\/wp\/v2\/media\/2045"}],"wp:attachment":[{"href":"https:\/\/www.puffsvape.com\/pt\/wp-json\/wp\/v2\/media?parent=2029"}],"wp:term":[{"taxonomy":"product_brand","embeddable":true,"href":"https:\/\/www.puffsvape.com\/pt\/wp-json\/wp\/v2\/product_brand?post=2029"},{"taxonomy":"product_cat","embeddable":true,"href":"https:\/\/www.puffsvape.com\/pt\/wp-json\/wp\/v2\/product_cat?post=2029"},{"taxonomy":"product_tag","embeddable":true,"href":"https:\/\/www.puffsvape.com\/pt\/wp-json\/wp\/v2\/product_tag?post=2029"},{"taxonomy":"berocket_brand","embeddable":true,"href":"https:\/\/www.puffsvape.com\/pt\/wp-json\/wp\/v2\/berocket_brand?post=2029"}],"curies":[{"name":"wp","href":"https:\/\/api.w.org\/{rel}","templated":true}]}}