{"id":1947,"date":"2024-09-01T09:48:39","date_gmt":"2024-09-01T09:48:39","guid":{"rendered":"https:\/\/www.puffsvape.com\/?post_type=product&#038;p=1947"},"modified":"2026-04-26T19:45:13","modified_gmt":"2026-04-26T11:45:13","slug":"lavie-cyber-20000-puffs-disposable-vape","status":"publish","type":"product","link":"https:\/\/www.puffsvape.com\/pt\/produto\/lavie-cyber-20000-puffs-vape-descartavel\/","title":{"rendered":"Lavie Cyber 20000 Puffs Vape descart\u00e1vel"},"content":{"rendered":"<p>O LAVIE Cyber 20000 \u00e9 um vape descart\u00e1vel de duplo sabor com ecr\u00e3 LED, que pode mostrar a pot\u00eancia e o n\u00edvel do sumo eletr\u00f3nico. Cont\u00e9m 20ml de sumo eletr\u00f3nico de sal de nicotina 2%\/5% e suporta at\u00e9 20000 baforadas. Existem 10 sabores duplos para escolher. A porta recarreg\u00e1vel na parte inferior do dispositivo garante-lhe que termina sempre a \u00faltima gota do sumo eletr\u00f3nico no dep\u00f3sito.<\/p>\n<p>Possui sabores duplos, para mudar o sabor atual do vape, levante a pe\u00e7a bucal e gire-a, \u00e9 f\u00e1cil de trabalhar.<\/p>\n<p>&nbsp;<\/p>\n<h2>LAVIE Cyber 20000 Disposable Vape Especifica\u00e7\u00f5es:<\/h2>\n<ul>\n<li>Marca:LAVIE<\/li>\n<li>Puffs:Est\u00e3o dispon\u00edveis 20000 Puffs por dispositivo<\/li>\n<li>Nicotina:2%\/5%<\/li>\n<li>Capacidade do E-juice: 20ML<\/li>\n<li>Resist\u00eancia: 1.0\u03a9<\/li>\n<li>Bateria:600mAh<\/li>\n<li>Porta de carregamento:Tipo C<\/li>\n<\/ul>\n<p>&nbsp;<\/p>\n<h2>Aromas<\/h2>\n<ul>\n<li>Alo\u00e9 Uva e Mirtilo Framboesa Pastilha el\u00e1stica<\/li>\n<li>Bacco &amp; Mango lce<\/li>\n<li>Ma\u00e7\u00e3 dupla e amor 66<\/li>\n<li>Gelo de uva e Gelo de menta<\/li>\n<li>Lim\u00e3o Cola e Maracuj\u00e1Guava<\/li>\n<li>Liceu de lichia e Liceu de melancia<\/li>\n<li>Morango Kiwi e Maracuj\u00e1 Goiaba<\/li>\n<li>Gelado de morango, melancia e amora com pomo de cereja<\/li>\n<li>Pelo de anan\u00e1s e Pelo de taro<\/li>\n<li>Matcha e caf\u00e9 lce<\/li>\n<\/ul>\n<div class=\"mceTemp\"><\/div>\n<figure id=\"attachment_1957\" aria-describedby=\"caption-attachment-1957\" style=\"width: 800px\" class=\"wp-caption alignnone\"><img fetchpriority=\"high\" decoding=\"async\" class=\"wp-image-1957 size-full\" title=\"LAVIE Cyber 20000 Puffs Vape Descart\u00e1vel Atacado Duplo Sabor\" src=\"https:\/\/www.puffsvape.com\/wp-content\/uploads\/2024\/09\/LAVIE-Cyber-20000-Puffs-Disposable-Vape-Wholesale-Double-Flavor.jpg\" alt=\"LAVIE Cyber 20000 Puffs Vape Descart\u00e1vel Atacado Duplo Sabor\" width=\"800\" height=\"1092\" srcset=\"https:\/\/www.puffsvape.com\/wp-content\/uploads\/2024\/09\/LAVIE-Cyber-20000-Puffs-Disposable-Vape-Wholesale-Double-Flavor.jpg 800w, https:\/\/www.puffsvape.com\/wp-content\/uploads\/2024\/09\/LAVIE-Cyber-20000-Puffs-Disposable-Vape-Wholesale-Double-Flavor-510x696.jpg 510w, https:\/\/www.puffsvape.com\/wp-content\/uploads\/2024\/09\/LAVIE-Cyber-20000-Puffs-Disposable-Vape-Wholesale-Double-Flavor-220x300.jpg 220w, https:\/\/www.puffsvape.com\/wp-content\/uploads\/2024\/09\/LAVIE-Cyber-20000-Puffs-Disposable-Vape-Wholesale-Double-Flavor-750x1024.jpg 750w, https:\/\/www.puffsvape.com\/wp-content\/uploads\/2024\/09\/LAVIE-Cyber-20000-Puffs-Disposable-Vape-Wholesale-Double-Flavor-768x1048.jpg 768w, https:\/\/www.puffsvape.com\/wp-content\/uploads\/2024\/09\/LAVIE-Cyber-20000-Puffs-Disposable-Vape-Wholesale-Double-Flavor-9x12.jpg 9w, https:\/\/www.puffsvape.com\/wp-content\/uploads\/2024\/09\/LAVIE-Cyber-20000-Puffs-Disposable-Vape-Wholesale-Double-Flavor-575x785.jpg 575w, https:\/\/www.puffsvape.com\/wp-content\/uploads\/2024\/09\/LAVIE-Cyber-20000-Puffs-Disposable-Vape-Wholesale-Double-Flavor-380x519.jpg 380w\" sizes=\"(max-width: 800px) 100vw, 800px\" \/><figcaption id=\"caption-attachment-1957\" class=\"wp-caption-text\">LAVIE Cyber 20000 Puffs Vape Descart\u00e1vel - Sabor Duplo<\/figcaption><\/figure>","protected":false},"excerpt":{"rendered":"<p>O LAVIE Cyber 20000 \u00e9 um vape descart\u00e1vel de duplo sabor com ecr\u00e3 LED, que pode mostrar a pot\u00eancia e o n\u00edvel do sumo eletr\u00f3nico. Cont\u00e9m 20 ml de sumo eletr\u00f3nico de sal de nicotina 2%\/5% e suporta at\u00e9 20000 baforadas. Existem 10 sabores duplos para escolher. A porta recarreg\u00e1vel na parte inferior do dispositivo garante-lhe a conclus\u00e3o [...]","protected":false},"featured_media":1951,"comment_status":"open","ping_status":"closed","template":"","meta":{"om_disable_all_campaigns":false,"_monsterinsights_skip_tracking":false,"_monsterinsights_sitenote_active":false,"_monsterinsights_sitenote_note":"","_monsterinsights_sitenote_category":0},"product_brand":[],"product_cat":[20],"product_tag":[],"berocket_brand":[21],"class_list":{"0":"post-1947","1":"product","2":"type-product","3":"status-publish","4":"has-post-thumbnail","6":"product_cat-lavie","7":"berocket_brand-lavie","8":"wcpa_has_options","10":"first","11":"instock","12":"shipping-taxable","13":"purchasable","14":"product-type-variable","15":"has-default-attributes"},"aioseo_notices":[],"tiered_pricing_fixed_rules":{"20":"10.51","30":"9.86","40":"9.21","50":"8.56","100":"7.14"},"tiered_pricing_percentage_rules":{"20":"10.51","30":"9.86","40":"9.21","50":"8.56","100":"7.14"},"tiered_pricing_type":"fixed","tiered_pricing_minimum":10,"_links":{"self":[{"href":"https:\/\/www.puffsvape.com\/pt\/wp-json\/wp\/v2\/product\/1947","targetHints":{"allow":["GET"]}}],"collection":[{"href":"https:\/\/www.puffsvape.com\/pt\/wp-json\/wp\/v2\/product"}],"about":[{"href":"https:\/\/www.puffsvape.com\/pt\/wp-json\/wp\/v2\/types\/product"}],"replies":[{"embeddable":true,"href":"https:\/\/www.puffsvape.com\/pt\/wp-json\/wp\/v2\/comments?post=1947"}],"wp:featuredmedia":[{"embeddable":true,"href":"https:\/\/www.puffsvape.com\/pt\/wp-json\/wp\/v2\/media\/1951"}],"wp:attachment":[{"href":"https:\/\/www.puffsvape.com\/pt\/wp-json\/wp\/v2\/media?parent=1947"}],"wp:term":[{"taxonomy":"product_brand","embeddable":true,"href":"https:\/\/www.puffsvape.com\/pt\/wp-json\/wp\/v2\/product_brand?post=1947"},{"taxonomy":"product_cat","embeddable":true,"href":"https:\/\/www.puffsvape.com\/pt\/wp-json\/wp\/v2\/product_cat?post=1947"},{"taxonomy":"product_tag","embeddable":true,"href":"https:\/\/www.puffsvape.com\/pt\/wp-json\/wp\/v2\/product_tag?post=1947"},{"taxonomy":"berocket_brand","embeddable":true,"href":"https:\/\/www.puffsvape.com\/pt\/wp-json\/wp\/v2\/berocket_brand?post=1947"}],"curies":[{"name":"wp","href":"https:\/\/api.w.org\/{rel}","templated":true}]}}