{"id":1705,"date":"2024-08-06T11:33:59","date_gmt":"2024-08-06T11:33:59","guid":{"rendered":"https:\/\/www.puffsvape.com\/?post_type=product&#038;p=1705"},"modified":"2026-04-28T21:32:54","modified_gmt":"2026-04-28T13:32:54","slug":"vapsolo-super-15000-puffs-disposable-vape","status":"publish","type":"product","link":"https:\/\/www.puffsvape.com\/pt\/produto\/vapsolo-super-15000-puffs-vape-descartavel\/","title":{"rendered":"Vapsolo Super 15000 Puffs Vape descart\u00e1vel"},"content":{"rendered":"<p>O Vapsolo Super 15000 Puffs da Puffsvape \u00e9 um vape descart\u00e1vel recarreg\u00e1vel de alta qualidade que oferece at\u00e9 15.000 puffs com op\u00e7\u00f5es de nicotina 2% ou 5%, uma bateria de 650mAh, 25ml de e-l\u00edquido e uma variedade de sabores ricos, perfeitos para grossistas e retalhistas que procuram produtos de vaporiza\u00e7\u00e3o de alta qualidade.<\/p>\n<p>O Vapsolo Super 15000 Puffs tem duas dosagens de nicotina, 2% e 5%, que se destinam a utilizadores de nicotina ligeiros e regulares. Equipado com uma bateria recarreg\u00e1vel de 650mAh e uma capacidade de 25ml de e-l\u00edquido, este dispositivo oferece uma vaporiza\u00e7\u00e3o prolongada sem recargas frequentes. Fabricado com uma bobina de malha e uma resist\u00eancia de bobina de 1,0\u03a9, proporciona um sabor consistente e rico e uma produ\u00e7\u00e3o de vapor suave. A inovadora porta tipo C garante um recarregamento r\u00e1pido e eficiente, tornando-o uma escolha fi\u00e1vel para os vapers em movimento.<\/p>\n<p>As principais caracter\u00edsticas incluem quatro n\u00edveis de fluxo de ar para uma vaporiza\u00e7\u00e3o personalizada, uma robusta bateria recarreg\u00e1vel de 650mAh, uma grande capacidade de e-l\u00edquido de 25ml e uma bobina de malha de \u00faltima gera\u00e7\u00e3o para um melhor sabor e produ\u00e7\u00e3o de vapor. A embalagem a granel est\u00e1 dispon\u00edvel, com 200 unidades por caixa e 10 caixas por caixa, o que a torna a escolha ideal para compras a granel.<\/p>\n<h2>Caracter\u00edsticas do Vapsolo Super 15000 Puffs<\/h2>\n<ul>\n<li>Fluxo de ar de 4 n\u00edveis: Personalize a sua experi\u00eancia de vaporiza\u00e7\u00e3o com as defini\u00e7\u00f5es de fluxo de ar ajust\u00e1veis de acordo com a sua prefer\u00eancia.<\/li>\n<li>Capacidade de E-l\u00edquido: Uma grande capacidade de 25 ml que proporciona uma vaporiza\u00e7\u00e3o prolongada sem a necessidade de recargas frequentes.<\/li>\n<li>Capacidade da bateria: Uma robusta bateria recarreg\u00e1vel de 650mAh garante que pode desfrutar do seu vape durante um longo per\u00edodo de tempo antes de precisar de recarregar.<\/li>\n<li>Bobina de malha: Melhora o sabor e a produ\u00e7\u00e3o de vapor, proporcionando uma experi\u00eancia de vaporiza\u00e7\u00e3o superior.<\/li>\n<li>Resist\u00eancia da bobina: 1.0\u03a9 para um vapor suave e consistente.<\/li>\n<li>Porta tipo C: Recarregamento r\u00e1pido e c\u00f3modo com a moderna compatibilidade tipo C.<\/li>\n<li>Embalagem a granel: Dispon\u00edvel em embalagens por grosso de 200 unidades por caixa e 10 caixas por caixa, com cada unidade a pesar 103g.<\/li>\n<\/ul>\n<h2>Lista de sabores<\/h2>\n<ol>\n<li>Azul Razz<\/li>\n<li>Gelo de mirtilo<\/li>\n<li>Ma\u00e7\u00e3 dupla<\/li>\n<li>Gelo de melancia<\/li>\n<li>Morango Kiwi<\/li>\n<li>Baga mista<\/li>\n<li>Red Bull<\/li>\n<li>Mirtilo Cereja Arando<\/li>\n<li>Lima-lim\u00e3o<\/li>\n<li>Skittles<\/li>\n<li>Sonho de ver\u00e3o<\/li>\n<li>Banana com morango<\/li>\n<li>Melancia com framboesa<\/li>\n<li>Cola de cereja e mirtilo<\/li>\n<li>Black Ice Dragonfruit Morango<\/li>\n<\/ol>\n<figure id=\"attachment_1720\" aria-describedby=\"caption-attachment-1720\" style=\"width: 800px\" class=\"wp-caption alignnone\"><img fetchpriority=\"high\" decoding=\"async\" class=\"size-full wp-image-1720\" title=\"Vapsolo Super 15000 Puffs Vape descart\u00e1vel Venda por grosso de gelo de melancia\" src=\"https:\/\/www.puffsvape.com\/wp-content\/uploads\/2024\/08\/Vapsolo-Super-15000-Puffs-Disposable-Vape-Wholesale-watermelon-ice.jpg\" alt=\"Vapsolo Super 15000 Puffs Vape descart\u00e1vel Venda por grosso de gelo de melancia\" width=\"800\" height=\"800\" srcset=\"https:\/\/www.puffsvape.com\/wp-content\/uploads\/2024\/08\/Vapsolo-Super-15000-Puffs-Disposable-Vape-Wholesale-watermelon-ice.jpg 800w, https:\/\/www.puffsvape.com\/wp-content\/uploads\/2024\/08\/Vapsolo-Super-15000-Puffs-Disposable-Vape-Wholesale-watermelon-ice-247x247.jpg 247w, https:\/\/www.puffsvape.com\/wp-content\/uploads\/2024\/08\/Vapsolo-Super-15000-Puffs-Disposable-Vape-Wholesale-watermelon-ice-100x100.jpg 100w, https:\/\/www.puffsvape.com\/wp-content\/uploads\/2024\/08\/Vapsolo-Super-15000-Puffs-Disposable-Vape-Wholesale-watermelon-ice-510x510.jpg 510w, https:\/\/www.puffsvape.com\/wp-content\/uploads\/2024\/08\/Vapsolo-Super-15000-Puffs-Disposable-Vape-Wholesale-watermelon-ice-300x300.jpg 300w, https:\/\/www.puffsvape.com\/wp-content\/uploads\/2024\/08\/Vapsolo-Super-15000-Puffs-Disposable-Vape-Wholesale-watermelon-ice-150x150.jpg 150w, https:\/\/www.puffsvape.com\/wp-content\/uploads\/2024\/08\/Vapsolo-Super-15000-Puffs-Disposable-Vape-Wholesale-watermelon-ice-768x768.jpg 768w, https:\/\/www.puffsvape.com\/wp-content\/uploads\/2024\/08\/Vapsolo-Super-15000-Puffs-Disposable-Vape-Wholesale-watermelon-ice-12x12.jpg 12w, https:\/\/www.puffsvape.com\/wp-content\/uploads\/2024\/08\/Vapsolo-Super-15000-Puffs-Disposable-Vape-Wholesale-watermelon-ice-575x575.jpg 575w, https:\/\/www.puffsvape.com\/wp-content\/uploads\/2024\/08\/Vapsolo-Super-15000-Puffs-Disposable-Vape-Wholesale-watermelon-ice-380x380.jpg 380w, https:\/\/www.puffsvape.com\/wp-content\/uploads\/2024\/08\/Vapsolo-Super-15000-Puffs-Disposable-Vape-Wholesale-watermelon-ice-50x50.jpg 50w, https:\/\/www.puffsvape.com\/wp-content\/uploads\/2024\/08\/Vapsolo-Super-15000-Puffs-Disposable-Vape-Wholesale-watermelon-ice-26x26.jpg 26w\" sizes=\"(max-width: 800px) 100vw, 800px\" \/><figcaption id=\"caption-attachment-1720\" class=\"wp-caption-text\">Vapsolo Super 15000 Puffs Vape descart\u00e1vel<\/figcaption><\/figure>","protected":false},"excerpt":{"rendered":"<div class=\"woocommerce-product-details__short-description\">\n<div class=\"woocommerce-product-details__short-description\">\n<p>Quantidade m\u00ednima de encomenda: 50 unidades\/Mistura de sabores<\/p>\n<\/div>\n<\/div>","protected":false},"featured_media":1720,"comment_status":"open","ping_status":"closed","template":"","meta":{"om_disable_all_campaigns":false,"_monsterinsights_skip_tracking":false,"_monsterinsights_sitenote_active":false,"_monsterinsights_sitenote_note":"","_monsterinsights_sitenote_category":0},"product_brand":[],"product_cat":[37],"product_tag":[],"berocket_brand":[38],"class_list":{"0":"post-1705","1":"product","2":"type-product","3":"status-publish","4":"has-post-thumbnail","6":"product_cat-vapsolo","7":"berocket_brand-vapsolo","8":"wcpa_has_options","10":"first","11":"instock","12":"shipping-taxable","13":"purchasable","14":"product-type-variable","15":"has-default-attributes"},"aioseo_notices":[],"tiered_pricing_fixed_rules":{"50":"8.29","100":"6.86"},"tiered_pricing_percentage_rules":{"50":"8.29","100":"6.86"},"tiered_pricing_type":"fixed","tiered_pricing_minimum":10,"_links":{"self":[{"href":"https:\/\/www.puffsvape.com\/pt\/wp-json\/wp\/v2\/product\/1705","targetHints":{"allow":["GET"]}}],"collection":[{"href":"https:\/\/www.puffsvape.com\/pt\/wp-json\/wp\/v2\/product"}],"about":[{"href":"https:\/\/www.puffsvape.com\/pt\/wp-json\/wp\/v2\/types\/product"}],"replies":[{"embeddable":true,"href":"https:\/\/www.puffsvape.com\/pt\/wp-json\/wp\/v2\/comments?post=1705"}],"wp:featuredmedia":[{"embeddable":true,"href":"https:\/\/www.puffsvape.com\/pt\/wp-json\/wp\/v2\/media\/1720"}],"wp:attachment":[{"href":"https:\/\/www.puffsvape.com\/pt\/wp-json\/wp\/v2\/media?parent=1705"}],"wp:term":[{"taxonomy":"product_brand","embeddable":true,"href":"https:\/\/www.puffsvape.com\/pt\/wp-json\/wp\/v2\/product_brand?post=1705"},{"taxonomy":"product_cat","embeddable":true,"href":"https:\/\/www.puffsvape.com\/pt\/wp-json\/wp\/v2\/product_cat?post=1705"},{"taxonomy":"product_tag","embeddable":true,"href":"https:\/\/www.puffsvape.com\/pt\/wp-json\/wp\/v2\/product_tag?post=1705"},{"taxonomy":"berocket_brand","embeddable":true,"href":"https:\/\/www.puffsvape.com\/pt\/wp-json\/wp\/v2\/berocket_brand?post=1705"}],"curies":[{"name":"wp","href":"https:\/\/api.w.org\/{rel}","templated":true}]}}