{"id":1684,"date":"2024-08-06T11:04:29","date_gmt":"2024-08-06T11:04:29","guid":{"rendered":"https:\/\/www.puffsvape.com\/?post_type=product&#038;p=1684"},"modified":"2026-05-09T17:23:13","modified_gmt":"2026-05-09T09:23:13","slug":"vapsolo-twins-20000-puffs-dual-flavors-disposable-vape","status":"publish","type":"product","link":"https:\/\/www.puffsvape.com\/pt\/produto\/vapsolo-twins-20000-puffs-duplo-sabor-vape-descartavel\/","title":{"rendered":"VapSolo Twins 20000 Puffs Duplo Sabor Vape Descart\u00e1vel"},"content":{"rendered":"<p>O VapSolo Twins 20000 Puffs foi concebido para quem procura uma solu\u00e7\u00e3o de vaporiza\u00e7\u00e3o de alta capacidade e sem complica\u00e7\u00f5es. Com os seus impressionantes 25 ml de e-l\u00edquido pr\u00e9-cheio, os utilizadores podem desfrutar de at\u00e9 20000 baforadas por dispositivo, garantindo uma experi\u00eancia prolongada e satisfat\u00f3ria.<\/p>\n<p>O VapSolo Twins 20000 Puffs destaca-se por v\u00e1rias caracter\u00edsticas-chave que melhoram o seu desempenho e a conveni\u00eancia do utilizador. A sua bateria recarreg\u00e1vel de 650mAh, carregada atrav\u00e9s de uma porta tipo C, garante o respeito pelo ambiente e a efici\u00eancia de custos. A avan\u00e7ada bobina de malha com uma resist\u00eancia de 0,6\u03a9 garante uma experi\u00eancia de vaporiza\u00e7\u00e3o suave e consistente. Al\u00e9m disso, o sistema de tanque duplo pr\u00e9-cheio com 19 ml de e-l\u00edquido permite combina\u00e7\u00f5es de sabores vers\u00e1teis.<\/p>\n<p>Este dispositivo destina-se a utilizadores de nicotina ligeiros e pesados, com dosagens de nicotina dispon\u00edveis de 2% e 5%. O ecr\u00e3 inteligente fornece actualiza\u00e7\u00f5es em tempo real sobre a dura\u00e7\u00e3o da bateria e a contagem de baforadas, enquanto o sistema de fluxo de ar ajust\u00e1vel permite aos utilizadores personalizar a sua experi\u00eancia de vaporiza\u00e7\u00e3o. O kit de c\u00e1psulas ativado por tra\u00e7\u00e3o torna-o f\u00e1cil de utilizar, perfeito para a vaporiza\u00e7\u00e3o boca a pulm\u00e3o (MTL).<\/p>\n<h2>Caracter\u00edsticas do VapSolo Twins 20000<\/h2>\n<ul>\n<li>Elevada capacidade de e-l\u00edquido: O VapSolo Twins vem pr\u00e9-cheio com 25 ml de e-l\u00edquido, garantindo que desfruta de uma experi\u00eancia de vaporiza\u00e7\u00e3o prolongada sem recargas frequentes.<\/li>\n<li>Bateria recarreg\u00e1vel: Equipado com uma bateria de 650mAh, o VapSolo Twins pode ser recarregado atrav\u00e9s de uma porta tipo C, o que o torna amigo do ambiente e econ\u00f3mico.<\/li>\n<li>Bobina de malha avan\u00e7ada: O dispositivo possui uma bobina de malha com uma resist\u00eancia de 0,6\u03a9, proporcionando uma experi\u00eancia de vaporiza\u00e7\u00e3o suave e consistente a cada sopro.<\/li>\n<li>Sistema de dep\u00f3sito duplo: O sistema de dep\u00f3sito duplo pr\u00e9-cheio de 19 ml permite combina\u00e7\u00f5es de sabores vers\u00e1teis, melhorando a experi\u00eancia global de vaporiza\u00e7\u00e3o.<\/li>\n<li>Op\u00e7\u00f5es de nicotina: Dispon\u00edvel nas dosagens de nicotina 2% e 5%, o VapSolo Twins destina-se a utilizadores de nicotina ligeiros e pesados.<\/li>\n<li>Ecr\u00e3 inteligente: O ecr\u00e3 inteligente integrado oferece actualiza\u00e7\u00f5es em tempo real sobre a dura\u00e7\u00e3o da bateria e a contagem de baforadas, garantindo que est\u00e1 sempre informado.<\/li>\n<li>Controlo do fluxo de ar: O sistema de fluxo de ar ajust\u00e1vel permite aos utilizadores personalizarem a sua experi\u00eancia de vaporiza\u00e7\u00e3o de acordo com as suas prefer\u00eancias.<\/li>\n<li>Kit de c\u00e1psulas activadas por desenho: O mecanismo ativado por sorteio torna o VapSolo Twins incrivelmente f\u00e1cil de usar, perfeito para a vaporiza\u00e7\u00e3o boca a pulm\u00e3o (MTL).<\/li>\n<\/ul>\n<h2>Lista de sabores<\/h2>\n<p>1. Gelo de lima-lim\u00e3o e melancia<br \/>\n2. Gelo de uva&amp; Kiwi de morango<br \/>\n3. Anan\u00e1s Coco&amp; Morango Banana<br \/>\n4. Laranja Manga Melancia&amp; Red Bull<br \/>\n5. Gelo de mirtilo e cereja com g\u00e1s<br \/>\n6. Gelado de melancia e mistura de frutos silvestres<br \/>\n7. Banana com amora e cereja com g\u00e1s<br \/>\n8. Gelado de morango, framboesa, cereja e uva<br \/>\n9. Limonada Blue Razz e lima-lim\u00e3o<br \/>\n10. Gelo de melancia e manga com morango<br \/>\n11. Mel\u00e3o triplo e melancia com framboesa<br \/>\n12. Gelo negro Fruto do drag\u00e3o Morango e framboesa Melancia<br \/>\n13. Gelo de anan\u00e1s, coco e melancia<br \/>\n14. Gelado de morango e melancia com manga e p\u00eassego<br \/>\n15. Morango Kiwi e Morango Framboesa Chery Ice<br \/>\n16. Mel\u00e3o triplo e anan\u00e1s de coco<\/p>\n<figure id=\"attachment_1685\" aria-describedby=\"caption-attachment-1685\" style=\"width: 800px\" class=\"wp-caption alignnone\"><img fetchpriority=\"high\" decoding=\"async\" class=\"size-full wp-image-1685\" title=\"Vapsolo Twins 20000 Puffs Vape descart\u00e1vel Atacado laranja manga melancia touro vermelho\" src=\"https:\/\/www.puffsvape.com\/wp-content\/uploads\/2024\/08\/Vapsolo-Twins-20000-Puffs-Disposable-Vape-Wholesale-orange-mango-watermelon-red-bull.jpg\" alt=\"Vapsolo Twins 20000 Puffs Vape descart\u00e1vel Atacado laranja manga melancia touro vermelho\" width=\"800\" height=\"800\" srcset=\"https:\/\/www.puffsvape.com\/wp-content\/uploads\/2024\/08\/Vapsolo-Twins-20000-Puffs-Disposable-Vape-Wholesale-orange-mango-watermelon-red-bull.jpg 800w, https:\/\/www.puffsvape.com\/wp-content\/uploads\/2024\/08\/Vapsolo-Twins-20000-Puffs-Disposable-Vape-Wholesale-orange-mango-watermelon-red-bull-247x247.jpg 247w, https:\/\/www.puffsvape.com\/wp-content\/uploads\/2024\/08\/Vapsolo-Twins-20000-Puffs-Disposable-Vape-Wholesale-orange-mango-watermelon-red-bull-100x100.jpg 100w, https:\/\/www.puffsvape.com\/wp-content\/uploads\/2024\/08\/Vapsolo-Twins-20000-Puffs-Disposable-Vape-Wholesale-orange-mango-watermelon-red-bull-510x510.jpg 510w, https:\/\/www.puffsvape.com\/wp-content\/uploads\/2024\/08\/Vapsolo-Twins-20000-Puffs-Disposable-Vape-Wholesale-orange-mango-watermelon-red-bull-300x300.jpg 300w, https:\/\/www.puffsvape.com\/wp-content\/uploads\/2024\/08\/Vapsolo-Twins-20000-Puffs-Disposable-Vape-Wholesale-orange-mango-watermelon-red-bull-150x150.jpg 150w, https:\/\/www.puffsvape.com\/wp-content\/uploads\/2024\/08\/Vapsolo-Twins-20000-Puffs-Disposable-Vape-Wholesale-orange-mango-watermelon-red-bull-768x768.jpg 768w, https:\/\/www.puffsvape.com\/wp-content\/uploads\/2024\/08\/Vapsolo-Twins-20000-Puffs-Disposable-Vape-Wholesale-orange-mango-watermelon-red-bull-12x12.jpg 12w, https:\/\/www.puffsvape.com\/wp-content\/uploads\/2024\/08\/Vapsolo-Twins-20000-Puffs-Disposable-Vape-Wholesale-orange-mango-watermelon-red-bull-575x575.jpg 575w, https:\/\/www.puffsvape.com\/wp-content\/uploads\/2024\/08\/Vapsolo-Twins-20000-Puffs-Disposable-Vape-Wholesale-orange-mango-watermelon-red-bull-380x380.jpg 380w, https:\/\/www.puffsvape.com\/wp-content\/uploads\/2024\/08\/Vapsolo-Twins-20000-Puffs-Disposable-Vape-Wholesale-orange-mango-watermelon-red-bull-50x50.jpg 50w, https:\/\/www.puffsvape.com\/wp-content\/uploads\/2024\/08\/Vapsolo-Twins-20000-Puffs-Disposable-Vape-Wholesale-orange-mango-watermelon-red-bull-26x26.jpg 26w\" sizes=\"(max-width: 800px) 100vw, 800px\" \/><figcaption id=\"caption-attachment-1685\" class=\"wp-caption-text\">Vapsolo Twins 20000 Puffs Vape descart\u00e1vel<\/figcaption><\/figure>","protected":false},"excerpt":{"rendered":"<div class=\"woocommerce-product-details__short-description\">\n<p>Quantidade m\u00ednima de encomenda: 50 unidades\/Mistura de sabores<\/p>\n<\/div>","protected":false},"featured_media":1689,"comment_status":"open","ping_status":"closed","template":"","meta":{"om_disable_all_campaigns":false,"_monsterinsights_skip_tracking":false,"_monsterinsights_sitenote_active":false,"_monsterinsights_sitenote_note":"","_monsterinsights_sitenote_category":0},"product_brand":[],"product_cat":[37],"product_tag":[],"berocket_brand":[38],"class_list":{"0":"post-1684","1":"product","2":"type-product","3":"status-publish","4":"has-post-thumbnail","6":"product_cat-vapsolo","7":"berocket_brand-vapsolo","8":"wcpa_has_options","10":"first","11":"instock","12":"shipping-taxable","13":"purchasable","14":"product-type-variable","15":"has-default-attributes"},"aioseo_notices":[],"tiered_pricing_fixed_rules":{"50":"9.22","100":"7.79"},"tiered_pricing_percentage_rules":{"50":"9.22","100":"7.79"},"tiered_pricing_type":"fixed","tiered_pricing_minimum":10,"_links":{"self":[{"href":"https:\/\/www.puffsvape.com\/pt\/wp-json\/wp\/v2\/product\/1684","targetHints":{"allow":["GET"]}}],"collection":[{"href":"https:\/\/www.puffsvape.com\/pt\/wp-json\/wp\/v2\/product"}],"about":[{"href":"https:\/\/www.puffsvape.com\/pt\/wp-json\/wp\/v2\/types\/product"}],"replies":[{"embeddable":true,"href":"https:\/\/www.puffsvape.com\/pt\/wp-json\/wp\/v2\/comments?post=1684"}],"wp:featuredmedia":[{"embeddable":true,"href":"https:\/\/www.puffsvape.com\/pt\/wp-json\/wp\/v2\/media\/1689"}],"wp:attachment":[{"href":"https:\/\/www.puffsvape.com\/pt\/wp-json\/wp\/v2\/media?parent=1684"}],"wp:term":[{"taxonomy":"product_brand","embeddable":true,"href":"https:\/\/www.puffsvape.com\/pt\/wp-json\/wp\/v2\/product_brand?post=1684"},{"taxonomy":"product_cat","embeddable":true,"href":"https:\/\/www.puffsvape.com\/pt\/wp-json\/wp\/v2\/product_cat?post=1684"},{"taxonomy":"product_tag","embeddable":true,"href":"https:\/\/www.puffsvape.com\/pt\/wp-json\/wp\/v2\/product_tag?post=1684"},{"taxonomy":"berocket_brand","embeddable":true,"href":"https:\/\/www.puffsvape.com\/pt\/wp-json\/wp\/v2\/berocket_brand?post=1684"}],"curies":[{"name":"wp","href":"https:\/\/api.w.org\/{rel}","templated":true}]}}