{"id":1653,"date":"2024-08-06T10:42:16","date_gmt":"2024-08-06T10:42:16","guid":{"rendered":"https:\/\/www.puffsvape.com\/?post_type=product&#038;p=1653"},"modified":"2026-04-25T02:35:57","modified_gmt":"2026-04-24T18:35:57","slug":"vapsolo-viking-12000-disposable-vape","status":"publish","type":"product","link":"https:\/\/www.puffsvape.com\/pt\/produto\/vapsolo-viking-12000-vape-descartavel\/","title":{"rendered":"VapSolo Viking 12000 Vape descart\u00e1vel"},"content":{"rendered":"<p>A VapSolo Viking 12000 Puffs oferece a derradeira experi\u00eancia de vaporiza\u00e7\u00e3o tanto para principiantes como para vapers experientes. Esta caneta vape descart\u00e1vel de \u00faltima gera\u00e7\u00e3o foi concebida para oferecer qualidade, longevidade e variedade. O seu design elegante e compacto garante estilo e comodidade, perfeito para utiliza\u00e7\u00e3o em movimento.<\/p>\n<p>Equipado com recursos avan\u00e7ados, o VapSolo Viking 12000 Puffs possui uma capacidade de 22ml de e-l\u00edquido e uma bateria recarreg\u00e1vel de 650mAh, fornecendo energia de longa dura\u00e7\u00e3o para sess\u00f5es prolongadas de vaporiza\u00e7\u00e3o. A tecnologia de bobina de malha e a resist\u00eancia da bobina de 1,0\u03a9 proporcionam uma produ\u00e7\u00e3o de vapor consistente e rica, aumentando a pureza do sabor. Uma porta de carregamento tipo C permite recargas r\u00e1pidas e eficientes, enquanto o design leve, com apenas 85 gramas, torna-o altamente port\u00e1til.<\/p>\n<p>O VapSolo Viking 12000 Puffs possui um ecr\u00e3 LCD para monitorizar sem esfor\u00e7o o estado e as defini\u00e7\u00f5es do vape, e quatro n\u00edveis de fluxo de ar ajust\u00e1veis para personalizar a sua experi\u00eancia de vaporiza\u00e7\u00e3o. Est\u00e3o dispon\u00edveis op\u00e7\u00f5es de compra a granel, com cada caixa contendo 200 unidades e 10 caixas por caixa, ideais para compradores grossistas.<\/p>\n<p>Para aqueles que procuram comprar a granel, a Gleevape oferece um excelente valor no VapSolo Viking 12000 Puffs. Abaste\u00e7a-se de uma variedade de sabores e desfrute de uma experi\u00eancia de vaporiza\u00e7\u00e3o fi\u00e1vel e agrad\u00e1vel. Cada caixa cont\u00e9m 200 unidades, com 10 caixas por caixa, o que facilita a gest\u00e3o do invent\u00e1rio e a distribui\u00e7\u00e3o.<\/p>\n<h2>Caracter\u00edsticas do VapSolo Viking 12000 Puffs<\/h2>\n<ul>\n<li>Capacidade de 22 ml de E-l\u00edquido: Desfrute de longas sess\u00f5es de vaporiza\u00e7\u00e3o sem necessidade de recargas frequentes.<\/li>\n<li>Bateria recarreg\u00e1vel de 650mAh: Fornece energia de longa dura\u00e7\u00e3o para at\u00e9 12000 baforadas, garantindo que fica carregado durante todo o dia.<\/li>\n<li>Tecnologia de bobina em malha: Proporciona um vapor consistente e rico em cada tragada, melhorando a experi\u00eancia de sabor.<\/li>\n<li>Resist\u00eancia da bobina de 1.0\u03a9: Optimizada para uma produ\u00e7\u00e3o de vapor suave e saborosa.<\/li>\n<li>Porta de carregamento tipo C: Facilita o recarregamento r\u00e1pido e c\u00f3modo.<\/li>\n<li>Ecr\u00e3 LCD: Permite-lhe monitorizar o estado e as defini\u00e7\u00f5es do seu vape sem esfor\u00e7o.<\/li>\n<li>Quatro n\u00edveis de fluxo de ar: Personalize a sua experi\u00eancia de vaporiza\u00e7\u00e3o com as defini\u00e7\u00f5es de fluxo de ar ajust\u00e1veis para uma extra\u00e7\u00e3o perfeita.<\/li>\n<li>Compacto e port\u00e1til: Com um peso de apenas 85 gramas, \u00e9 f\u00e1cil de transportar e utilizar onde quer que v\u00e1.<\/li>\n<li>Op\u00e7\u00f5es de compra a granel: Dispon\u00edvel em 200 unidades por caixa, 10 caixas por caixa, o que o torna perfeito para compradores grossistas.<\/li>\n<\/ul>\n<div class=\"wmkc-template-12\">\n<h2 class=\"wmkc-white\">Lista de sabores<\/h2>\n<\/div>\n<ul>\n<li>Mirtilo Framboesa<\/li>\n<li>Mirtilo<\/li>\n<li>Cereja com g\u00e1s<\/li>\n<li>Gelo de melancia<\/li>\n<li>Morango Kiwi<\/li>\n<li>Melancia com morango<\/li>\n<li>Sonho de ver\u00e3o<\/li>\n<li>Mirtilo Cereja Arando<\/li>\n<li>Lima-lim\u00e3o<\/li>\n<li>Urso de goma<\/li>\n<li>Banana com morango<\/li>\n<li>Hortel\u00e3 fresca<\/li>\n<li>Gelo de morango e framboesa<\/li>\n<li>P\u00eassego-lim\u00e3o<\/li>\n<li>Gelo de ma\u00e7\u00e3 vermelha<\/li>\n<\/ul>\n<figure id=\"attachment_1663\" aria-describedby=\"caption-attachment-1663\" style=\"width: 800px\" class=\"wp-caption alignnone\"><img fetchpriority=\"high\" decoding=\"async\" class=\"size-full wp-image-1663\" title=\"Vapsolo Viking 12000 Puffs Vape Descart\u00e1vel Atacado Morango Banana\" src=\"https:\/\/www.puffsvape.com\/wp-content\/uploads\/2024\/08\/Vapsolo-Viking-12000-Puffs-Disposable-Vape-Wholesale-Strawberry-Banana.jpg\" alt=\"Vapsolo Viking 12000 Puffs Vape Descart\u00e1vel Atacado Morango Banana\" width=\"800\" height=\"815\" srcset=\"https:\/\/www.puffsvape.com\/wp-content\/uploads\/2024\/08\/Vapsolo-Viking-12000-Puffs-Disposable-Vape-Wholesale-Strawberry-Banana.jpg 800w, https:\/\/www.puffsvape.com\/wp-content\/uploads\/2024\/08\/Vapsolo-Viking-12000-Puffs-Disposable-Vape-Wholesale-Strawberry-Banana-510x520.jpg 510w, https:\/\/www.puffsvape.com\/wp-content\/uploads\/2024\/08\/Vapsolo-Viking-12000-Puffs-Disposable-Vape-Wholesale-Strawberry-Banana-294x300.jpg 294w, https:\/\/www.puffsvape.com\/wp-content\/uploads\/2024\/08\/Vapsolo-Viking-12000-Puffs-Disposable-Vape-Wholesale-Strawberry-Banana-768x782.jpg 768w, https:\/\/www.puffsvape.com\/wp-content\/uploads\/2024\/08\/Vapsolo-Viking-12000-Puffs-Disposable-Vape-Wholesale-Strawberry-Banana-12x12.jpg 12w, https:\/\/www.puffsvape.com\/wp-content\/uploads\/2024\/08\/Vapsolo-Viking-12000-Puffs-Disposable-Vape-Wholesale-Strawberry-Banana-575x586.jpg 575w, https:\/\/www.puffsvape.com\/wp-content\/uploads\/2024\/08\/Vapsolo-Viking-12000-Puffs-Disposable-Vape-Wholesale-Strawberry-Banana-380x387.jpg 380w, https:\/\/www.puffsvape.com\/wp-content\/uploads\/2024\/08\/Vapsolo-Viking-12000-Puffs-Disposable-Vape-Wholesale-Strawberry-Banana-50x50.jpg 50w, https:\/\/www.puffsvape.com\/wp-content\/uploads\/2024\/08\/Vapsolo-Viking-12000-Puffs-Disposable-Vape-Wholesale-Strawberry-Banana-26x26.jpg 26w\" sizes=\"(max-width: 800px) 100vw, 800px\" \/><figcaption id=\"caption-attachment-1663\" class=\"wp-caption-text\">Vapsolo Viking 12000 Puffs Vape descart\u00e1vel<\/figcaption><\/figure>","protected":false},"excerpt":{"rendered":"<p>Quantidade m\u00ednima de encomenda: 50 unidades\/Mistura de sabores<\/p>","protected":false},"featured_media":1665,"comment_status":"open","ping_status":"closed","template":"","meta":{"om_disable_all_campaigns":false,"_monsterinsights_skip_tracking":false,"_monsterinsights_sitenote_active":false,"_monsterinsights_sitenote_note":"","_monsterinsights_sitenote_category":0},"product_brand":[],"product_cat":[37],"product_tag":[],"berocket_brand":[38],"class_list":{"0":"post-1653","1":"product","2":"type-product","3":"status-publish","4":"has-post-thumbnail","6":"product_cat-vapsolo","7":"berocket_brand-vapsolo","8":"wcpa_has_options","10":"first","11":"instock","12":"shipping-taxable","13":"purchasable","14":"product-type-variable","15":"has-default-attributes"},"aioseo_notices":[],"tiered_pricing_fixed_rules":{"50":"8.29","100":"6.86"},"tiered_pricing_percentage_rules":{"50":"8.29","100":"6.86"},"tiered_pricing_type":"fixed","tiered_pricing_minimum":10,"_links":{"self":[{"href":"https:\/\/www.puffsvape.com\/pt\/wp-json\/wp\/v2\/product\/1653","targetHints":{"allow":["GET"]}}],"collection":[{"href":"https:\/\/www.puffsvape.com\/pt\/wp-json\/wp\/v2\/product"}],"about":[{"href":"https:\/\/www.puffsvape.com\/pt\/wp-json\/wp\/v2\/types\/product"}],"replies":[{"embeddable":true,"href":"https:\/\/www.puffsvape.com\/pt\/wp-json\/wp\/v2\/comments?post=1653"}],"wp:featuredmedia":[{"embeddable":true,"href":"https:\/\/www.puffsvape.com\/pt\/wp-json\/wp\/v2\/media\/1665"}],"wp:attachment":[{"href":"https:\/\/www.puffsvape.com\/pt\/wp-json\/wp\/v2\/media?parent=1653"}],"wp:term":[{"taxonomy":"product_brand","embeddable":true,"href":"https:\/\/www.puffsvape.com\/pt\/wp-json\/wp\/v2\/product_brand?post=1653"},{"taxonomy":"product_cat","embeddable":true,"href":"https:\/\/www.puffsvape.com\/pt\/wp-json\/wp\/v2\/product_cat?post=1653"},{"taxonomy":"product_tag","embeddable":true,"href":"https:\/\/www.puffsvape.com\/pt\/wp-json\/wp\/v2\/product_tag?post=1653"},{"taxonomy":"berocket_brand","embeddable":true,"href":"https:\/\/www.puffsvape.com\/pt\/wp-json\/wp\/v2\/berocket_brand?post=1653"}],"curies":[{"name":"wp","href":"https:\/\/api.w.org\/{rel}","templated":true}]}}