{"id":1412,"date":"2024-08-01T05:47:16","date_gmt":"2024-08-01T05:47:16","guid":{"rendered":"https:\/\/www.puffsvape.com\/?post_type=product&#038;p=1412"},"modified":"2026-04-25T02:33:03","modified_gmt":"2026-04-24T18:33:03","slug":"bang-king-25000-puffs-disposable-vape","status":"publish","type":"product","link":"https:\/\/www.puffsvape.com\/pt\/produto\/bang-king-25000-puffs-vape-descartavel\/","title":{"rendered":"Bang King 25000 Puffs Vape descart\u00e1vel"},"content":{"rendered":"<p>O Bang King 25000 Puff foi concebido para os vapers que procuram um desempenho e uma comodidade excepcionais. suporta at\u00e9 25.000 baforadas e c\u00e1psulas duplas de 23 ml (46 ml no total). Dispon\u00edvel em 2% e 5% de nicotina. Sistema de c\u00e1psulas duplas para reduzir a acumula\u00e7\u00e3o de carbono e restaurar o sabor. usando o carregamento Tipo C.<\/p>\n<p>A nossa vasta sele\u00e7\u00e3o de 12 sabores de Bang King 25000 \u00e9 encomendada a granel com envio r\u00e1pido e ao melhor pre\u00e7o.<\/p>\n<h2><span style=\"font-size: 18pt;\">Bang King 25000 Dual Pods Detalhes<\/span><\/h2>\n<ul>\n<li>Bobinas Dual Mesh 1.0 ohm (grande+ vapor)<\/li>\n<li>2\/5% Sal de nicotina<\/li>\n<li>46ML de E-l\u00edquido<\/li>\n<li>C\u00e1psulas duplas<\/li>\n<li>12 sabores dispon\u00edveis<\/li>\n<li>10 unidades numa caixa de exposi\u00e7\u00e3o<\/li>\n<\/ul>\n<h2><span style=\"font-size: 18pt;\">Lista de aromas<\/span><\/h2>\n<p>1.Blue Razz Ice<br \/>\n2. gelo de p\u00eassego sumarento<br \/>\n3. melancia com morango<br \/>\n4. gelo de melancia<br \/>\n5. banana com morango<br \/>\n6. gelo de ma\u00e7\u00e3 \u00e1cida<br \/>\n7.Triplo gelo de bagas<br \/>\n8. frutos tropicais<br \/>\n9. bomba de cereja<br \/>\n10. gelo de uva<br \/>\n11. p\u00eassego manga<br \/>\n12. manga com morango<\/p>\n<figure id=\"attachment_1416\" aria-describedby=\"caption-attachment-1416\" style=\"width: 800px\" class=\"wp-caption alignnone\"><img fetchpriority=\"high\" decoding=\"async\" class=\"size-full wp-image-1416\" title=\"Bang King 25000 Puffs Vape descart\u00e1vel Caixa de embalagem por atacado\" src=\"https:\/\/www.puffsvape.com\/wp-content\/uploads\/2024\/08\/Bang-King-25000-Puffs-Disposable-Vape-Wholesale-Packing-Box.jpg\" alt=\"Bang King 25000 Puffs Vape descart\u00e1vel Caixa de embalagem por atacado\" width=\"800\" height=\"800\" srcset=\"https:\/\/www.puffsvape.com\/wp-content\/uploads\/2024\/08\/Bang-King-25000-Puffs-Disposable-Vape-Wholesale-Packing-Box.jpg 800w, https:\/\/www.puffsvape.com\/wp-content\/uploads\/2024\/08\/Bang-King-25000-Puffs-Disposable-Vape-Wholesale-Packing-Box-247x247.jpg 247w, https:\/\/www.puffsvape.com\/wp-content\/uploads\/2024\/08\/Bang-King-25000-Puffs-Disposable-Vape-Wholesale-Packing-Box-100x100.jpg 100w, https:\/\/www.puffsvape.com\/wp-content\/uploads\/2024\/08\/Bang-King-25000-Puffs-Disposable-Vape-Wholesale-Packing-Box-510x510.jpg 510w, https:\/\/www.puffsvape.com\/wp-content\/uploads\/2024\/08\/Bang-King-25000-Puffs-Disposable-Vape-Wholesale-Packing-Box-300x300.jpg 300w, https:\/\/www.puffsvape.com\/wp-content\/uploads\/2024\/08\/Bang-King-25000-Puffs-Disposable-Vape-Wholesale-Packing-Box-150x150.jpg 150w, https:\/\/www.puffsvape.com\/wp-content\/uploads\/2024\/08\/Bang-King-25000-Puffs-Disposable-Vape-Wholesale-Packing-Box-768x768.jpg 768w, https:\/\/www.puffsvape.com\/wp-content\/uploads\/2024\/08\/Bang-King-25000-Puffs-Disposable-Vape-Wholesale-Packing-Box-575x575.jpg 575w, https:\/\/www.puffsvape.com\/wp-content\/uploads\/2024\/08\/Bang-King-25000-Puffs-Disposable-Vape-Wholesale-Packing-Box-380x380.jpg 380w\" sizes=\"(max-width: 800px) 100vw, 800px\" \/><figcaption id=\"caption-attachment-1416\" class=\"wp-caption-text\">Bang King 25000 Puffs Vape descart\u00e1vel<\/figcaption><\/figure>\n<figure id=\"attachment_1417\" aria-describedby=\"caption-attachment-1417\" style=\"width: 800px\" class=\"wp-caption alignnone\"><img decoding=\"async\" class=\"size-full wp-image-1417\" title=\"Bang King 25000 Puffs Vape Descart\u00e1vel Atacado Ma\u00e7\u00e3 \u00c1cida Gelo\" src=\"https:\/\/www.puffsvape.com\/wp-content\/uploads\/2024\/08\/Bang-King-25000-Puffs-Disposable-Vape-Wholesale-Sour-Apple-Ice.jpg\" alt=\"Bang King 25000 Puffs Vape Descart\u00e1vel Atacado Ma\u00e7\u00e3 \u00c1cida Gelo\" width=\"800\" height=\"800\" srcset=\"https:\/\/www.puffsvape.com\/wp-content\/uploads\/2024\/08\/Bang-King-25000-Puffs-Disposable-Vape-Wholesale-Sour-Apple-Ice.jpg 800w, https:\/\/www.puffsvape.com\/wp-content\/uploads\/2024\/08\/Bang-King-25000-Puffs-Disposable-Vape-Wholesale-Sour-Apple-Ice-247x247.jpg 247w, https:\/\/www.puffsvape.com\/wp-content\/uploads\/2024\/08\/Bang-King-25000-Puffs-Disposable-Vape-Wholesale-Sour-Apple-Ice-100x100.jpg 100w, https:\/\/www.puffsvape.com\/wp-content\/uploads\/2024\/08\/Bang-King-25000-Puffs-Disposable-Vape-Wholesale-Sour-Apple-Ice-510x510.jpg 510w, https:\/\/www.puffsvape.com\/wp-content\/uploads\/2024\/08\/Bang-King-25000-Puffs-Disposable-Vape-Wholesale-Sour-Apple-Ice-300x300.jpg 300w, https:\/\/www.puffsvape.com\/wp-content\/uploads\/2024\/08\/Bang-King-25000-Puffs-Disposable-Vape-Wholesale-Sour-Apple-Ice-150x150.jpg 150w, https:\/\/www.puffsvape.com\/wp-content\/uploads\/2024\/08\/Bang-King-25000-Puffs-Disposable-Vape-Wholesale-Sour-Apple-Ice-768x768.jpg 768w, https:\/\/www.puffsvape.com\/wp-content\/uploads\/2024\/08\/Bang-King-25000-Puffs-Disposable-Vape-Wholesale-Sour-Apple-Ice-575x575.jpg 575w, https:\/\/www.puffsvape.com\/wp-content\/uploads\/2024\/08\/Bang-King-25000-Puffs-Disposable-Vape-Wholesale-Sour-Apple-Ice-380x380.jpg 380w\" sizes=\"(max-width: 800px) 100vw, 800px\" \/><figcaption id=\"caption-attachment-1417\" class=\"wp-caption-text\">Bang King 25000 Puffs Vape descart\u00e1vel<\/figcaption><\/figure>","protected":false},"excerpt":{"rendered":"<p>O Bang King 25000 Puff foi concebido para os vapers que procuram um desempenho e uma comodidade excepcionais. suporta at\u00e9 25.000 baforadas e c\u00e1psulas duplas de 23 ml (46 ml no total). Dispon\u00edvel em 2% e 5% de nicotina. Sistema de c\u00e1psula dupla para reduzir o ac\u00famulo de carbono e restaurar o sabor. usando o carregamento tipo C. Apresentado com bobinas sub ohm de malha dupla e com [...]","protected":false},"featured_media":1423,"comment_status":"open","ping_status":"closed","template":"","meta":{"om_disable_all_campaigns":false,"_monsterinsights_skip_tracking":false,"_monsterinsights_sitenote_active":false,"_monsterinsights_sitenote_note":"","_monsterinsights_sitenote_category":0},"product_brand":[],"product_cat":[15],"product_tag":[],"berocket_brand":[22],"class_list":{"0":"post-1412","1":"product","2":"type-product","3":"status-publish","4":"has-post-thumbnail","6":"product_cat-bang","7":"product_shipping_class-free","8":"berocket_brand-bang","9":"wcpa_has_options","11":"first","12":"instock","13":"featured","14":"shipping-taxable","15":"purchasable","16":"product-type-variable","17":"has-default-attributes"},"aioseo_notices":[],"tiered_pricing_fixed_rules":{"20":"9.48","30":"8.83","40":"8.18","50":"7.54","100":"6.11"},"tiered_pricing_percentage_rules":{"20":"9.48","30":"8.83","40":"8.18","50":"7.54","100":"6.11"},"tiered_pricing_type":"fixed","tiered_pricing_minimum":10,"_links":{"self":[{"href":"https:\/\/www.puffsvape.com\/pt\/wp-json\/wp\/v2\/product\/1412","targetHints":{"allow":["GET"]}}],"collection":[{"href":"https:\/\/www.puffsvape.com\/pt\/wp-json\/wp\/v2\/product"}],"about":[{"href":"https:\/\/www.puffsvape.com\/pt\/wp-json\/wp\/v2\/types\/product"}],"replies":[{"embeddable":true,"href":"https:\/\/www.puffsvape.com\/pt\/wp-json\/wp\/v2\/comments?post=1412"}],"wp:featuredmedia":[{"embeddable":true,"href":"https:\/\/www.puffsvape.com\/pt\/wp-json\/wp\/v2\/media\/1423"}],"wp:attachment":[{"href":"https:\/\/www.puffsvape.com\/pt\/wp-json\/wp\/v2\/media?parent=1412"}],"wp:term":[{"taxonomy":"product_brand","embeddable":true,"href":"https:\/\/www.puffsvape.com\/pt\/wp-json\/wp\/v2\/product_brand?post=1412"},{"taxonomy":"product_cat","embeddable":true,"href":"https:\/\/www.puffsvape.com\/pt\/wp-json\/wp\/v2\/product_cat?post=1412"},{"taxonomy":"product_tag","embeddable":true,"href":"https:\/\/www.puffsvape.com\/pt\/wp-json\/wp\/v2\/product_tag?post=1412"},{"taxonomy":"berocket_brand","embeddable":true,"href":"https:\/\/www.puffsvape.com\/pt\/wp-json\/wp\/v2\/berocket_brand?post=1412"}],"curies":[{"name":"wp","href":"https:\/\/api.w.org\/{rel}","templated":true}]}}