{"id":1133,"date":"2024-04-07T05:18:19","date_gmt":"2024-04-07T05:18:19","guid":{"rendered":"https:\/\/www.puffsvape.com\/?post_type=product&#038;p=1133"},"modified":"2026-04-02T05:15:04","modified_gmt":"2026-04-01T21:15:04","slug":"vapme-crystal-7000-puffs-disposable-vape","status":"publish","type":"product","link":"https:\/\/www.puffsvape.com\/pt\/produto\/vapme-crystal-7000-puffs-vape-descartavel\/","title":{"rendered":"Vapme Crystal 7000 Puffs Vape descart\u00e1vel"},"content":{"rendered":"<p>O Vapme Crystal 7000 Puffs Original Vape Good Flavor destaca-se pela sua impressionante variedade de 12 sabores, dando-lhe a possibilidade de escolher entre a concentra\u00e7\u00e3o de nicotina 2% ou 5%. A sua bateria integrada de 650mAh garante uma utiliza\u00e7\u00e3o prolongada, proporcionando comodidade e fiabilidade.<\/p>\n<h2><span style=\"font-size: 18pt;\">Especifica\u00e7\u00f5es do Vapme Crystal 7000:<\/span><\/h2>\n<p>Modelo: Crystal PRO Prime 7000 Puffs<br \/>\nPuffs: 7000<br \/>\nCapacidade da bateria: 850mAh<br \/>\nVolume do E-l\u00edquido: 14ml<br \/>\nTeor de nicotina: 2%\/\/5% Sal de Nicotina<br \/>\nEmbalagem: 10 pe\u00e7as em 1 caixa de exposi\u00e7\u00e3o<\/p>\n<h2><span style=\"font-size: 18pt;\">Sabores dispon\u00edveis:<\/span><\/h2>\n<p>1. mirtilo Framboesa<br \/>\n2. bagas de uva<br \/>\n3. morango, melancia, pastilha el\u00e1stica<br \/>\n4. rebu\u00e7ados de morango e framboesa<br \/>\n5. banana com morango<br \/>\n6. manga com morango<br \/>\n7. p\u00eassego manga anan\u00e1s<br \/>\n8. gelo de melancia<br \/>\n9.Triplo manga<br \/>\n10. gelo de cereja<br \/>\n11. gelo de maracuj\u00e1 e mel\u00e3o<br \/>\n12. kiwi maracuj\u00e1 goiaba<br \/>\n13. gelo de morango<br \/>\n14.Gelo de p\u00eassego<br \/>\n15.Blue razz limonada<br \/>\n16. kiwi de morango<br \/>\n17. bebida energ\u00e9tica<br \/>\n18. cola de cereja<\/p>\n<figure id=\"attachment_1137\" aria-describedby=\"caption-attachment-1137\" style=\"width: 800px\" class=\"wp-caption alignnone\"><img fetchpriority=\"high\" decoding=\"async\" class=\"size-full wp-image-1137\" title=\"Vapme Crystal 7000 Puffs Vape descart\u00e1vel\" src=\"https:\/\/www.puffsvape.com\/wp-content\/uploads\/2024\/04\/Vapme-Crystal-7000-Puffs-Disposable-Vape-Wholesale-4.webp\" alt=\"Vapme Crystal 7000 Puffs Vape descart\u00e1vel\" width=\"800\" height=\"800\" srcset=\"https:\/\/www.puffsvape.com\/wp-content\/uploads\/2024\/04\/Vapme-Crystal-7000-Puffs-Disposable-Vape-Wholesale-4.webp 800w, https:\/\/www.puffsvape.com\/wp-content\/uploads\/2024\/04\/Vapme-Crystal-7000-Puffs-Disposable-Vape-Wholesale-4-247x247.webp 247w, https:\/\/www.puffsvape.com\/wp-content\/uploads\/2024\/04\/Vapme-Crystal-7000-Puffs-Disposable-Vape-Wholesale-4-100x100.webp 100w, https:\/\/www.puffsvape.com\/wp-content\/uploads\/2024\/04\/Vapme-Crystal-7000-Puffs-Disposable-Vape-Wholesale-4-510x510.webp 510w, https:\/\/www.puffsvape.com\/wp-content\/uploads\/2024\/04\/Vapme-Crystal-7000-Puffs-Disposable-Vape-Wholesale-4-300x300.webp 300w, https:\/\/www.puffsvape.com\/wp-content\/uploads\/2024\/04\/Vapme-Crystal-7000-Puffs-Disposable-Vape-Wholesale-4-150x150.webp 150w, https:\/\/www.puffsvape.com\/wp-content\/uploads\/2024\/04\/Vapme-Crystal-7000-Puffs-Disposable-Vape-Wholesale-4-768x768.webp 768w, https:\/\/www.puffsvape.com\/wp-content\/uploads\/2024\/04\/Vapme-Crystal-7000-Puffs-Disposable-Vape-Wholesale-4-575x575.webp 575w, https:\/\/www.puffsvape.com\/wp-content\/uploads\/2024\/04\/Vapme-Crystal-7000-Puffs-Disposable-Vape-Wholesale-4-380x380.webp 380w\" sizes=\"(max-width: 800px) 100vw, 800px\" \/><figcaption id=\"caption-attachment-1137\" class=\"wp-caption-text\">Vapme Crystal 7000 Puffs Vape descart\u00e1vel<\/figcaption><\/figure>","protected":false},"excerpt":{"rendered":"<p>O Vapme Crystal 7000 Puffs Original Vape Good Flavor destaca-se pela sua impressionante variedade de 12 sabores, dando-lhe a possibilidade de escolher entre a concentra\u00e7\u00e3o de nicotina 2% ou 5%. A sua bateria integrada de 650mAh garante uma utiliza\u00e7\u00e3o prolongada, proporcionando comodidade e fiabilidade. Especifica\u00e7\u00f5es do Vapme Crystal 7000: Modelo: Crystal PRO Prime 7000 Puffs Puffs: 7000 Capacidade da bateria: 850mAh Volume do e-l\u00edquido: 14ml [...]","protected":false},"featured_media":1141,"comment_status":"open","ping_status":"closed","template":"","meta":{"om_disable_all_campaigns":false,"_monsterinsights_skip_tracking":false,"_monsterinsights_sitenote_active":false,"_monsterinsights_sitenote_note":"","_monsterinsights_sitenote_category":0},"product_brand":[],"product_cat":[23],"product_tag":[],"berocket_brand":[27],"class_list":{"0":"post-1133","1":"product","2":"type-product","3":"status-publish","4":"has-post-thumbnail","6":"product_cat-vapme","7":"berocket_brand-vapme","8":"wcpa_has_options","10":"first","11":"instock","12":"shipping-taxable","13":"purchasable","14":"product-type-variable","15":"has-default-attributes"},"aioseo_notices":[],"tiered_pricing_fixed_rules":{"20":"8.91","30":"8.26","40":"7.62","50":"6.97","100":"5.54"},"tiered_pricing_percentage_rules":{"20":"8.91","30":"8.26","40":"7.62","50":"6.97","100":"5.54"},"tiered_pricing_type":"fixed","tiered_pricing_minimum":10,"_links":{"self":[{"href":"https:\/\/www.puffsvape.com\/pt\/wp-json\/wp\/v2\/product\/1133","targetHints":{"allow":["GET"]}}],"collection":[{"href":"https:\/\/www.puffsvape.com\/pt\/wp-json\/wp\/v2\/product"}],"about":[{"href":"https:\/\/www.puffsvape.com\/pt\/wp-json\/wp\/v2\/types\/product"}],"replies":[{"embeddable":true,"href":"https:\/\/www.puffsvape.com\/pt\/wp-json\/wp\/v2\/comments?post=1133"}],"wp:featuredmedia":[{"embeddable":true,"href":"https:\/\/www.puffsvape.com\/pt\/wp-json\/wp\/v2\/media\/1141"}],"wp:attachment":[{"href":"https:\/\/www.puffsvape.com\/pt\/wp-json\/wp\/v2\/media?parent=1133"}],"wp:term":[{"taxonomy":"product_brand","embeddable":true,"href":"https:\/\/www.puffsvape.com\/pt\/wp-json\/wp\/v2\/product_brand?post=1133"},{"taxonomy":"product_cat","embeddable":true,"href":"https:\/\/www.puffsvape.com\/pt\/wp-json\/wp\/v2\/product_cat?post=1133"},{"taxonomy":"product_tag","embeddable":true,"href":"https:\/\/www.puffsvape.com\/pt\/wp-json\/wp\/v2\/product_tag?post=1133"},{"taxonomy":"berocket_brand","embeddable":true,"href":"https:\/\/www.puffsvape.com\/pt\/wp-json\/wp\/v2\/berocket_brand?post=1133"}],"curies":[{"name":"wp","href":"https:\/\/api.w.org\/{rel}","templated":true}]}}