{"id":1015,"date":"2024-04-02T04:25:19","date_gmt":"2024-04-02T04:25:19","guid":{"rendered":"https:\/\/www.puffsvape.com\/?post_type=product&#038;p=1015"},"modified":"2024-08-04T12:50:09","modified_gmt":"2024-08-04T12:50:09","slug":"lavie-6000-puffs-disposable-vape","status":"publish","type":"product","link":"https:\/\/www.puffsvape.com\/pt\/produto\/lavie-6000-puffs-vape-descartavel\/","title":{"rendered":"Lavie 6000 Puffs Vape descart\u00e1vel"},"content":{"rendered":"<p>Lavie 6000 \u00e9 um vape descart\u00e1vel recarreg\u00e1vel de design exclusivo com uma bateria de alta capacidade de 600 mAh integrada, capacidade de 15 ml de e-l\u00edquido, uma bobina de malha tem um perfil plano, promovendo um aquecimento uniforme e ajudando a evitar queimaduras, pode fumar 6000 baforadas, suave e f\u00e1cil de usar, com uma variedade de sabores para escolher.<\/p>\n<h2><span style=\"font-size: 18pt;\"><strong>Lavie 6000 Disposable Vape Especifica\u00e7\u00f5es:<\/strong><\/span><\/h2>\n<ul>\n<li>Marca: LAVIE<\/li>\n<li>Puffs:Est\u00e3o dispon\u00edveis 6000 Puffs por dispositivo.<\/li>\n<li>Nicotine:0%\/2%\/5%<\/li>\n<li>Capacidade do E-juice: 15ML<\/li>\n<li>Bateria:600mAh<\/li>\n<li>Porta de carregamento:Tipo C<\/li>\n<\/ul>\n<p>&nbsp;<\/p>\n<h2><span style=\"font-size: 18pt;\"><strong>Aromas<\/strong><\/span><\/h2>\n<ol>\n<li>Gelo de melancia e morango<\/li>\n<li>Bebida energ\u00e9tica<\/li>\n<li>Gelo de uva<\/li>\n<li>Gelo de manga<\/li>\n<li>P\u00eassego sumarento<\/li>\n<li>Baga mista<\/li>\n<li>Gelado de manga e morango<\/li>\n<li>Leite de banana<\/li>\n<li>Ma\u00e7\u00e3 Lim\u00e3o<\/li>\n<li>Cola Ice<\/li>\n<\/ol>\n<figure id=\"attachment_1023\" aria-describedby=\"caption-attachment-1023\" style=\"width: 800px\" class=\"wp-caption alignnone\"><img fetchpriority=\"high\" decoding=\"async\" class=\"size-full wp-image-1023\" title=\"LAVIE 6000 Puffs Vape descart\u00e1vel Ma\u00e7\u00e3 Lim\u00e3o Pakage\" src=\"https:\/\/www.puffsvape.com\/wp-content\/uploads\/2024\/04\/LAVIE-6000-Puffs-Disposable-Vape-Apple-Lemon-Pakage.jpg\" alt=\"LAVIE 6000 Puffs Vape descart\u00e1vel Ma\u00e7\u00e3 Lim\u00e3o Pakage\" width=\"800\" height=\"800\" srcset=\"https:\/\/www.puffsvape.com\/wp-content\/uploads\/2024\/04\/LAVIE-6000-Puffs-Disposable-Vape-Apple-Lemon-Pakage.jpg 800w, https:\/\/www.puffsvape.com\/wp-content\/uploads\/2024\/04\/LAVIE-6000-Puffs-Disposable-Vape-Apple-Lemon-Pakage-247x247.jpg 247w, https:\/\/www.puffsvape.com\/wp-content\/uploads\/2024\/04\/LAVIE-6000-Puffs-Disposable-Vape-Apple-Lemon-Pakage-100x100.jpg 100w, https:\/\/www.puffsvape.com\/wp-content\/uploads\/2024\/04\/LAVIE-6000-Puffs-Disposable-Vape-Apple-Lemon-Pakage-510x510.jpg 510w, https:\/\/www.puffsvape.com\/wp-content\/uploads\/2024\/04\/LAVIE-6000-Puffs-Disposable-Vape-Apple-Lemon-Pakage-300x300.jpg 300w, https:\/\/www.puffsvape.com\/wp-content\/uploads\/2024\/04\/LAVIE-6000-Puffs-Disposable-Vape-Apple-Lemon-Pakage-150x150.jpg 150w, https:\/\/www.puffsvape.com\/wp-content\/uploads\/2024\/04\/LAVIE-6000-Puffs-Disposable-Vape-Apple-Lemon-Pakage-768x768.jpg 768w, https:\/\/www.puffsvape.com\/wp-content\/uploads\/2024\/04\/LAVIE-6000-Puffs-Disposable-Vape-Apple-Lemon-Pakage-575x575.jpg 575w, https:\/\/www.puffsvape.com\/wp-content\/uploads\/2024\/04\/LAVIE-6000-Puffs-Disposable-Vape-Apple-Lemon-Pakage-380x380.jpg 380w\" sizes=\"(max-width: 800px) 100vw, 800px\" \/><figcaption id=\"caption-attachment-1023\" class=\"wp-caption-text\">LAVIE 6000 Puffs Vape descart\u00e1vel Ma\u00e7\u00e3 Lim\u00e3o Pakage<\/figcaption><\/figure>","protected":false},"excerpt":{"rendered":"<p>Lavie 6000 \u00e9 um vape descart\u00e1vel recarreg\u00e1vel de design exclusivo com uma bateria embutida de alta capacidade de 600 mAh, capacidade de 15 ml de e-l\u00edquido, uma bobina de malha tem um perfil plano, promovendo um aquecimento uniforme e ajudando a evitar queimaduras, pode fumar 6000 baforadas, suave e f\u00e1cil de usar, com uma variedade de sabores para escolher. Lavie 6000 Vape descart\u00e1vel [...]","protected":false},"featured_media":1024,"comment_status":"open","ping_status":"closed","template":"","meta":{"om_disable_all_campaigns":false,"_monsterinsights_skip_tracking":false,"_monsterinsights_sitenote_active":false,"_monsterinsights_sitenote_note":"","_monsterinsights_sitenote_category":0},"product_brand":[],"product_cat":[20],"product_tag":[],"berocket_brand":[21],"class_list":{"0":"post-1015","1":"product","2":"type-product","3":"status-publish","4":"has-post-thumbnail","6":"product_cat-lavie","7":"berocket_brand-lavie","8":"wcpa_has_options","10":"first","11":"instock","12":"shipping-taxable","13":"purchasable","14":"product-type-variable","15":"has-default-attributes"},"aioseo_notices":[],"tiered_pricing_fixed_rules":{"20":"8.64","30":"7.99","40":"7.34","50":"6.69","100":"5.27"},"tiered_pricing_percentage_rules":{"20":"8.64","30":"7.99","40":"7.34","50":"6.69","100":"5.27"},"tiered_pricing_type":"fixed","tiered_pricing_minimum":10,"_links":{"self":[{"href":"https:\/\/www.puffsvape.com\/pt\/wp-json\/wp\/v2\/product\/1015","targetHints":{"allow":["GET"]}}],"collection":[{"href":"https:\/\/www.puffsvape.com\/pt\/wp-json\/wp\/v2\/product"}],"about":[{"href":"https:\/\/www.puffsvape.com\/pt\/wp-json\/wp\/v2\/types\/product"}],"replies":[{"embeddable":true,"href":"https:\/\/www.puffsvape.com\/pt\/wp-json\/wp\/v2\/comments?post=1015"}],"wp:featuredmedia":[{"embeddable":true,"href":"https:\/\/www.puffsvape.com\/pt\/wp-json\/wp\/v2\/media\/1024"}],"wp:attachment":[{"href":"https:\/\/www.puffsvape.com\/pt\/wp-json\/wp\/v2\/media?parent=1015"}],"wp:term":[{"taxonomy":"product_brand","embeddable":true,"href":"https:\/\/www.puffsvape.com\/pt\/wp-json\/wp\/v2\/product_brand?post=1015"},{"taxonomy":"product_cat","embeddable":true,"href":"https:\/\/www.puffsvape.com\/pt\/wp-json\/wp\/v2\/product_cat?post=1015"},{"taxonomy":"product_tag","embeddable":true,"href":"https:\/\/www.puffsvape.com\/pt\/wp-json\/wp\/v2\/product_tag?post=1015"},{"taxonomy":"berocket_brand","embeddable":true,"href":"https:\/\/www.puffsvape.com\/pt\/wp-json\/wp\/v2\/berocket_brand?post=1015"}],"curies":[{"name":"wp","href":"https:\/\/api.w.org\/{rel}","templated":true}]}}