{"id":2,"date":"2024-03-23T11:17:46","date_gmt":"2024-03-23T11:17:46","guid":{"rendered":"https:\/\/www.puffsvape.com\/?page_id=2"},"modified":"2024-08-04T13:36:57","modified_gmt":"2024-08-04T13:36:57","slug":"shipping","status":"publish","type":"page","link":"https:\/\/www.puffsvape.com\/pt\/expedicao\/","title":{"rendered":"Expedi\u00e7\u00e3o"},"content":{"rendered":"<p><\/p>\r\n<p>1. N\u00f3s fornecemos frete gr\u00e1tis para todos os pa\u00edses da lista abaixo, as encomendas ser\u00e3o enviadas pela Alemanha DHL- Servi\u00e7o de Correio Local, \u00e0s vezes tamb\u00e9m escolheremos o UPS ou DPD express.<\/p>\r\n<p>2. O m\u00e9todo de envio \u00e9 muito especial, \u00e9 um m\u00e9todo de envio isento de impostos (tamb\u00e9m chamado de entrega com direitos pagos), n\u00e3o ter\u00e1 de fazer nada com a alf\u00e2ndega e n\u00e3o ter\u00e1 de pagar impostos.<\/p>\r\n<p>3. As encomendas ser\u00e3o enviadas no prazo de 1-3 dias e o envio demorar\u00e1 cerca de 7-15 dias \u00fateis para enviar a encomenda (Nota: n\u00e3o enviamos encomendas ao fim de semana).<\/p>\r\n<p><\/p>\r\n<p>4. Assim que a encomenda for expedida, enviaremos o rastreio para o seu e-mail. Pode acompanhar o envio neste s\u00edtio Web com o n\u00famero de seguimento:\u00a0<\/p>\r\n<p><\/p>\r\n<div class=\"wp-block-embed__wrapper\"><a href=\"https:\/\/www.17track.net\/en\" target=\"_blank\" rel=\"noopener\">https:\/\/www.17track.net\/en<\/a><\/div>\r\n<div>Ap\u00f3s o desalfandegamento e a transfer\u00eancia para a DHL, pode tamb\u00e9m acompanhar a sua encomenda atrav\u00e9s desta liga\u00e7\u00e3o<\/div>\r\n<div><a href=\"https:\/\/www.dhl.com\/it-en\/home\/tracking\/tracking-express.html?submit=1&amp;tracking-id=\" target=\"_blank\" rel=\"noopener\">https:\/\/www.dhl.com\/it-en\/home\/tracking\/tracking-express.html?submit=1&amp;tracking-id=<\/a><\/div>\r\n<p><\/p>\r\n<p><\/p>\r\n<p>5. As encomendas n\u00e3o pagas podem ser anuladas em qualquer altura, mas as encomendas pagas n\u00e3o podem ser anuladas.<\/p>\r\n<p>6. Atualmente, enviamos para os pa\u00edses abaixo indicados, todos atrav\u00e9s do m\u00e9todo de envio isento de direitos, sem impostos, sem necessidade de desalfandegamento.<\/p>\r\n<table style=\"border-collapse: collapse; width: 203.28pt;\" border=\"0\" width=\"271\" cellspacing=\"0\" cellpadding=\"0\">\r\n<tbody>\r\n<tr style=\"height: 16.50pt;\">\r\n<td style=\"height: 16.50pt; width: 97.50pt;\" width=\"130\" height=\"22\">\u00c1ustria<\/td>\r\n<td style=\"width: 105.75pt;\" width=\"141\">ltalia<\/td>\r\n<\/tr>\r\n<tr style=\"height: 16.50pt;\">\r\n<td style=\"height: 16.50pt;\" height=\"22\">B\u00e9lgica<\/td>\r\n<td>Let\u00f3nia<\/td>\r\n<\/tr>\r\n<tr style=\"height: 16.50pt;\">\r\n<td style=\"height: 16.50pt;\" height=\"22\">Bulg\u00e1ria<\/td>\r\n<td>Litu\u00e2nia<\/td>\r\n<\/tr>\r\n<tr style=\"height: 16.50pt;\">\r\n<td style=\"height: 16.50pt;\" height=\"22\">Cro\u00e1cia<\/td>\r\n<td>Luxemburgo<\/td>\r\n<\/tr>\r\n<tr style=\"height: 16.50pt;\">\r\n<td style=\"height: 16.50pt;\" height=\"22\">Rep\u00fablica Checa<\/td>\r\n<td>Pa\u00edses Baixos<\/td>\r\n<\/tr>\r\n<tr style=\"height: 16.50pt;\">\r\n<td style=\"height: 16.50pt;\" height=\"22\">Dinamarca<\/td>\r\n<td>Pol\u00f3nia<\/td>\r\n<\/tr>\r\n<tr style=\"height: 16.50pt;\">\r\n<td style=\"height: 16.50pt;\" height=\"22\">Est\u00f3nia<\/td>\r\n<td>Portugal<\/td>\r\n<\/tr>\r\n<tr style=\"height: 16.50pt;\">\r\n<td style=\"height: 16.50pt;\" height=\"22\">Finl\u00e2ndia<\/td>\r\n<td>Rom\u00e9nia<\/td>\r\n<\/tr>\r\n<tr style=\"height: 16.50pt;\">\r\n<td style=\"height: 16.50pt;\" height=\"22\">Fran\u00e7a<\/td>\r\n<td>Eslov\u00e1quia<\/td>\r\n<\/tr>\r\n<tr style=\"height: 16.50pt;\">\r\n<td style=\"height: 16.50pt;\" height=\"22\">Irlanda<\/td>\r\n<td>Eslov\u00e9nia<\/td>\r\n<\/tr>\r\n<tr style=\"height: 16.50pt;\">\r\n<td style=\"height: 16.50pt;\" height=\"22\">Alemanha<\/td>\r\n<td>Espanha<\/td>\r\n<\/tr>\r\n<tr style=\"height: 16.50pt;\">\r\n<td style=\"height: 16.50pt;\" height=\"22\">Gr\u00e9cia<\/td>\r\n<td>Su\u00e9cia<\/td>\r\n<\/tr>\r\n<tr style=\"height: 16.50pt;\">\r\n<td style=\"height: 16.50pt;\" height=\"22\">Hungria<\/td>\r\n<td>\u00a0<\/td>\r\n<\/tr>\r\n<\/tbody>\r\n<\/table>\r\n<p>&nbsp;<\/p>\r\n<p>Rastreio completo de encomendas e envios<\/p>\r\n<table style=\"width: 40.9138%; height: 288px;\" width=\"458\">\r\n<tbody>\r\n<tr style=\"height: 24px;\">\r\n<td style=\"height: 24px; width: 100%;\" width=\"458\">\r\n<blockquote><strong>Etapas e tempo do processo<\/strong><\/blockquote>\r\n<\/td>\r\n<\/tr>\r\n<tr style=\"height: 24px;\">\r\n<td style=\"height: 24px; width: 100%;\"><strong><span style=\"color: #008000;\">1. Submete a encomenda e efectua o pagamento na nossa conta<\/span><\/strong><\/td>\r\n<\/tr>\r\n<tr style=\"height: 24px;\">\r\n<td style=\"height: 24px; width: 100%;\">\u00a0\u00a0\u00a0\u00a0 \u21931-2 Dias<\/td>\r\n<\/tr>\r\n<tr style=\"height: 24px;\">\r\n<td style=\"height: 24px; width: 100%;\"><strong><span style=\"color: #008000;\">2. Recebemos o seu pagamento e come\u00e7amos a processar a sua encomenda<\/span><\/strong><\/td>\r\n<\/tr>\r\n<tr style=\"height: 24px;\">\r\n<td style=\"height: 24px; width: 100%;\">\u00a0\u00a0\u00a0\u00a0 \u21931-3 Dias<\/td>\r\n<\/tr>\r\n<tr style=\"height: 24px;\">\r\n<td style=\"height: 24px; width: 100%;\"><strong><span style=\"color: #008000;\">3. Enviamos a sua encomenda<\/span><\/strong><\/td>\r\n<\/tr>\r\n<tr style=\"height: 24px;\">\r\n<td style=\"height: 24px; width: 100%;\">\u00a0\u00a0\u00a0\u00a0 \u21937-9 Dias<\/td>\r\n<\/tr>\r\n<tr style=\"height: 24px;\">\r\n<td style=\"height: 24px; width: 100%;\"><strong><span style=\"color: #008000;\">4. Chegada \u00e0 Alemanha e in\u00edcio do desalfandegamento<\/span><\/strong><\/td>\r\n<\/tr>\r\n<tr style=\"height: 24px;\">\r\n<td style=\"height: 24px; width: 100%;\">\u00a0\u00a0\u00a0\u00a0 \u21931-2 Dias<\/td>\r\n<\/tr>\r\n<tr style=\"height: 24px;\">\r\n<td style=\"height: 24px; width: 100%;\"><strong><span style=\"color: #008000;\">5. Conclu\u00eddo na alf\u00e2ndega, transportado para a DHL Paket<\/span><\/strong><\/td>\r\n<\/tr>\r\n<tr style=\"height: 24px;\">\r\n<td style=\"height: 24px; width: 100%;\">\u00a0\u00a0\u00a0\u00a0 \u21931-3 Dias<\/td>\r\n<\/tr>\r\n<tr style=\"height: 24px;\">\r\n<td style=\"height: 24px; width: 100%;\"><strong><span style=\"color: #008000;\">6. Entregue<\/span><\/strong><\/td>\r\n<\/tr>\r\n<\/tbody>\r\n<\/table>","protected":false},"excerpt":{"rendered":"<p>1. N\u00f3s fornecemos frete gr\u00e1tis para todos os pa\u00edses da lista abaixo, as encomendas ser\u00e3o enviadas pela Alemanha DHL- Servi\u00e7o de Correio Local, \u00e0s vezes tamb\u00e9m escolheremos o UPS ou DPD express. 2. O m\u00e9todo de envio \u00e9 muito especial, \u00e9 um m\u00e9todo de envio isento de direitos (tamb\u00e9m chamado de entrega com direitos pagos), n\u00e3o ter\u00e1 de fazer nada com a alf\u00e2ndega [...]","protected":false},"author":1,"featured_media":0,"parent":0,"menu_order":0,"comment_status":"closed","ping_status":"closed","template":"","meta":{"om_disable_all_campaigns":false,"_monsterinsights_skip_tracking":false,"_monsterinsights_sitenote_active":false,"_monsterinsights_sitenote_note":"","_monsterinsights_sitenote_category":0,"footnotes":""},"class_list":["post-2","page","type-page","status-publish","hentry"],"aioseo_notices":[],"_links":{"self":[{"href":"https:\/\/www.puffsvape.com\/pt\/wp-json\/wp\/v2\/pages\/2","targetHints":{"allow":["GET"]}}],"collection":[{"href":"https:\/\/www.puffsvape.com\/pt\/wp-json\/wp\/v2\/pages"}],"about":[{"href":"https:\/\/www.puffsvape.com\/pt\/wp-json\/wp\/v2\/types\/page"}],"author":[{"embeddable":true,"href":"https:\/\/www.puffsvape.com\/pt\/wp-json\/wp\/v2\/users\/1"}],"replies":[{"embeddable":true,"href":"https:\/\/www.puffsvape.com\/pt\/wp-json\/wp\/v2\/comments?post=2"}],"version-history":[{"count":23,"href":"https:\/\/www.puffsvape.com\/pt\/wp-json\/wp\/v2\/pages\/2\/revisions"}],"predecessor-version":[{"id":1548,"href":"https:\/\/www.puffsvape.com\/pt\/wp-json\/wp\/v2\/pages\/2\/revisions\/1548"}],"wp:attachment":[{"href":"https:\/\/www.puffsvape.com\/pt\/wp-json\/wp\/v2\/media?parent=2"}],"curies":[{"name":"wp","href":"https:\/\/api.w.org\/{rel}","templated":true}]}}