{"id":2029,"date":"2024-09-07T17:02:57","date_gmt":"2024-09-07T17:02:57","guid":{"rendered":"https:\/\/www.puffsvape.com\/?post_type=product&#038;p=2029"},"modified":"2026-03-07T10:00:51","modified_gmt":"2026-03-07T02:00:51","slug":"bang-25000-puffs-disposable-vape","status":"publish","type":"product","link":"https:\/\/www.puffsvape.com\/it\/prodotto\/bang-25000-puff-monouso-vape\/","title":{"rendered":"Bang 25000 boccate di vapore monouso"},"content":{"rendered":"<p>Bang 25000 Puffs Disposable Vape \u00e8 una scelta eccezionale per i vapers che cercano un dispositivo di qualit\u00e0 superiore che offra variet\u00e0 e volume. Con il suo ampio numero di puff e le diverse opzioni di gusto, offre un'esperienza di svapo completa che soddisfa le esigenze di un'ampia gamma di vapers, dai principianti agli intenditori.<\/p>\n<p>\u00c8 dotato di display per il livello di batteria e di e-juice, e viene fornito con una batteria ricaricabile da 650mAh e con 25ml di eliquid, che supporta fino a 25000 soffi.<\/p>\n<h2><span style=\"font-size: 18pt;\"><strong>Bang 25000 Puffs usa e getta Vape Dettagli veloci<\/strong><\/span><\/h2>\n<ul>\n<li>Batteria ricaricabile 650mah<\/li>\n<li>25 ml di e-liquido pre-riempito<\/li>\n<li>0\/2\/3\/5% intensit\u00e0 di nicotina<\/li>\n<li>Raggiunge fino a 25000 soffi<\/li>\n<li>Bobina a maglia da 1,0 ohm<\/li>\n<li>Porta di ricarica Type-C<\/li>\n<\/ul>\n<h2><span style=\"font-size: 18pt;\"><strong>I sapori<\/strong><\/span><\/h2>\n<ul>\n<li>Ghiaccio al mirtillo<\/li>\n<li>Mirtillo Lampone<\/li>\n<li>Menta e mirtillo<\/li>\n<li>Ghiaccio d'uva<\/li>\n<li>Anguria alla fragola<\/li>\n<li>Fragola Kiwi<\/li>\n<li>Gomma da masticare all'anguria<\/li>\n<li>Sangue di tigre<\/li>\n<li>Ghiaccio all'anguria<\/li>\n<li>Ghiaccio alla fragola<\/li>\n<li>Mango e pesca<\/li>\n<li>Miscela di frutta<\/li>\n<\/ul>\n<figure id=\"attachment_2030\" aria-describedby=\"caption-attachment-2030\" style=\"width: 800px\" class=\"wp-caption alignnone\"><img fetchpriority=\"high\" decoding=\"async\" class=\"wp-image-2030 size-full\" title=\"Bang 25000 soffi monouso Vape all&#039;ingrosso Menta mirtillo imballaggio\" src=\"https:\/\/www.puffsvape.com\/wp-content\/uploads\/2024\/09\/Bang-25000-Puffs-Disposable-Vape-Wholesale-Blueberry-Mint-Packing.jpg\" alt=\"Bang 25000 soffi monouso Vape all&#039;ingrosso Menta mirtillo imballaggio\" width=\"800\" height=\"800\" srcset=\"https:\/\/www.puffsvape.com\/wp-content\/uploads\/2024\/09\/Bang-25000-Puffs-Disposable-Vape-Wholesale-Blueberry-Mint-Packing.jpg 800w, https:\/\/www.puffsvape.com\/wp-content\/uploads\/2024\/09\/Bang-25000-Puffs-Disposable-Vape-Wholesale-Blueberry-Mint-Packing-247x247.jpg 247w, https:\/\/www.puffsvape.com\/wp-content\/uploads\/2024\/09\/Bang-25000-Puffs-Disposable-Vape-Wholesale-Blueberry-Mint-Packing-100x100.jpg 100w, https:\/\/www.puffsvape.com\/wp-content\/uploads\/2024\/09\/Bang-25000-Puffs-Disposable-Vape-Wholesale-Blueberry-Mint-Packing-510x510.jpg 510w, https:\/\/www.puffsvape.com\/wp-content\/uploads\/2024\/09\/Bang-25000-Puffs-Disposable-Vape-Wholesale-Blueberry-Mint-Packing-300x300.jpg 300w, https:\/\/www.puffsvape.com\/wp-content\/uploads\/2024\/09\/Bang-25000-Puffs-Disposable-Vape-Wholesale-Blueberry-Mint-Packing-150x150.jpg 150w, https:\/\/www.puffsvape.com\/wp-content\/uploads\/2024\/09\/Bang-25000-Puffs-Disposable-Vape-Wholesale-Blueberry-Mint-Packing-768x768.jpg 768w, https:\/\/www.puffsvape.com\/wp-content\/uploads\/2024\/09\/Bang-25000-Puffs-Disposable-Vape-Wholesale-Blueberry-Mint-Packing-12x12.jpg 12w, https:\/\/www.puffsvape.com\/wp-content\/uploads\/2024\/09\/Bang-25000-Puffs-Disposable-Vape-Wholesale-Blueberry-Mint-Packing-575x575.jpg 575w, https:\/\/www.puffsvape.com\/wp-content\/uploads\/2024\/09\/Bang-25000-Puffs-Disposable-Vape-Wholesale-Blueberry-Mint-Packing-380x380.jpg 380w, https:\/\/www.puffsvape.com\/wp-content\/uploads\/2024\/09\/Bang-25000-Puffs-Disposable-Vape-Wholesale-Blueberry-Mint-Packing-50x50.jpg 50w, https:\/\/www.puffsvape.com\/wp-content\/uploads\/2024\/09\/Bang-25000-Puffs-Disposable-Vape-Wholesale-Blueberry-Mint-Packing-26x26.jpg 26w\" sizes=\"(max-width: 800px) 100vw, 800px\" \/><figcaption id=\"caption-attachment-2030\" class=\"wp-caption-text\">Bang 25000 boccate di vapore monouso<\/figcaption><\/figure>","protected":false},"excerpt":{"rendered":"<p>Bang 25000 Puffs Disposable Vape \u00e8 una scelta eccezionale per i vapers che cercano un dispositivo di qualit\u00e0 superiore che offra variet\u00e0 e volume. Con il suo vasto numero di puff e le diverse opzioni di gusto, offre un'esperienza di svapo completa che soddisfa le esigenze di un'ampia gamma di vapers, dai principianti agli intenditori. Costruisce [...]","protected":false},"featured_media":2045,"comment_status":"open","ping_status":"closed","template":"","meta":{"om_disable_all_campaigns":false,"_monsterinsights_skip_tracking":false,"_monsterinsights_sitenote_active":false,"_monsterinsights_sitenote_note":"","_monsterinsights_sitenote_category":0},"product_brand":[],"product_cat":[15],"product_tag":[],"berocket_brand":[22],"class_list":{"0":"post-2029","1":"product","2":"type-product","3":"status-publish","4":"has-post-thumbnail","6":"product_cat-bang","7":"berocket_brand-bang","8":"wcpa_has_options","10":"first","11":"instock","12":"shipping-taxable","13":"purchasable","14":"product-type-variable","15":"has-default-attributes"},"aioseo_notices":[],"tiered_pricing_fixed_rules":{"20":"10.62","30":"9.97","40":"9.32","50":"8.67","100":"7.25"},"tiered_pricing_percentage_rules":{"20":"10.62","30":"9.97","40":"9.32","50":"8.67","100":"7.25"},"tiered_pricing_type":"fixed","tiered_pricing_minimum":10,"_links":{"self":[{"href":"https:\/\/www.puffsvape.com\/it\/wp-json\/wp\/v2\/product\/2029","targetHints":{"allow":["GET"]}}],"collection":[{"href":"https:\/\/www.puffsvape.com\/it\/wp-json\/wp\/v2\/product"}],"about":[{"href":"https:\/\/www.puffsvape.com\/it\/wp-json\/wp\/v2\/types\/product"}],"replies":[{"embeddable":true,"href":"https:\/\/www.puffsvape.com\/it\/wp-json\/wp\/v2\/comments?post=2029"}],"wp:featuredmedia":[{"embeddable":true,"href":"https:\/\/www.puffsvape.com\/it\/wp-json\/wp\/v2\/media\/2045"}],"wp:attachment":[{"href":"https:\/\/www.puffsvape.com\/it\/wp-json\/wp\/v2\/media?parent=2029"}],"wp:term":[{"taxonomy":"product_brand","embeddable":true,"href":"https:\/\/www.puffsvape.com\/it\/wp-json\/wp\/v2\/product_brand?post=2029"},{"taxonomy":"product_cat","embeddable":true,"href":"https:\/\/www.puffsvape.com\/it\/wp-json\/wp\/v2\/product_cat?post=2029"},{"taxonomy":"product_tag","embeddable":true,"href":"https:\/\/www.puffsvape.com\/it\/wp-json\/wp\/v2\/product_tag?post=2029"},{"taxonomy":"berocket_brand","embeddable":true,"href":"https:\/\/www.puffsvape.com\/it\/wp-json\/wp\/v2\/berocket_brand?post=2029"}],"curies":[{"name":"wp","href":"https:\/\/api.w.org\/{rel}","templated":true}]}}