{"id":1653,"date":"2024-08-06T10:42:16","date_gmt":"2024-08-06T10:42:16","guid":{"rendered":"https:\/\/www.puffsvape.com\/?post_type=product&#038;p=1653"},"modified":"2026-04-25T02:35:57","modified_gmt":"2026-04-24T18:35:57","slug":"vapsolo-viking-12000-disposable-vape","status":"publish","type":"product","link":"https:\/\/www.puffsvape.com\/it\/prodotto\/vapsolo-viking-12000-vape-monouso\/","title":{"rendered":"VapSolo Viking 12000 Vape usa e getta"},"content":{"rendered":"<p>VapSolo Viking 12000 Puffs offre l'esperienza di svapo definitiva sia per i principianti che per i vapers pi\u00f9 esperti. Questa penna da svapo monouso all'avanguardia \u00e8 stata progettata per garantire qualit\u00e0, longevit\u00e0 e variet\u00e0. Il suo design elegante e compatto garantisce stile e praticit\u00e0, perfetto per l'uso in movimento.<\/p>\n<p>Dotato di funzioni avanzate, il VapSolo Viking 12000 Puffs vanta una capacit\u00e0 di 22 ml di e-liquid e una batteria ricaricabile da 650 mAh, che fornisce energia di lunga durata per sessioni di svapo prolungate. La tecnologia della bobina a rete e la resistenza della bobina da 1,0\u03a9 garantiscono una produzione di vapore costante e ricca, migliorando la purezza del sapore. La porta di ricarica di tipo C consente ricariche rapide ed efficienti, mentre il design leggero, con soli 85 grammi, la rende altamente portatile.<\/p>\n<p>Il VapSolo Viking 12000 Puffs \u00e8 dotato di un display LCD per monitorare facilmente lo stato e le impostazioni della svapata e di quattro livelli di flusso d'aria regolabili per personalizzare la vostra esperienza di svapo. Sono disponibili opzioni di acquisto in blocco, con ogni cartone contenente 200 pezzi e 10 cartoni per scatola, ideali per gli acquirenti all'ingrosso.<\/p>\n<p>Per coloro che desiderano acquistare all'ingrosso, Gleevape offre un valore eccellente per il VapSolo Viking 12000 Puffs. Fate scorta di una variet\u00e0 di gusti e godetevi un'esperienza di svapo affidabile e piacevole. Ogni cartone contiene 200 pezzi, con 10 cartoni per scatola, rendendo la gestione dell'inventario e la distribuzione senza problemi.<\/p>\n<h2>VapSolo Viking 12000 Puff Caratteristiche<\/h2>\n<ul>\n<li>Capacit\u00e0 di 22 ml di liquido elettronico: Godetevi sessioni di svapo prolungate senza bisogno di frequenti ricariche.<\/li>\n<li>Batteria ricaricabile da 650 mAh: Fornisce un'alimentazione di lunga durata per un massimo di 12000 boccate, assicurando una carica costante per tutto il giorno.<\/li>\n<li>Tecnologia della bobina a rete: Offre un vapore consistente e ricco ad ogni boccata, migliorando l'esperienza del sapore.<\/li>\n<li>Resistenza della bobina da 1,0\u03a9: Ottimizzata per una produzione di vapore liscia e saporita.<\/li>\n<li>Porta di ricarica Type-C: Facilita la ricarica rapida e conveniente.<\/li>\n<li>Display LCD: Consente di monitorare lo stato e le impostazioni della svapata senza alcuno sforzo.<\/li>\n<li>Quattro livelli di flusso d'aria: Personalizzate la vostra esperienza di svapo con le impostazioni del flusso d'aria regolabili per un'estrazione perfetta.<\/li>\n<li>Compatto e portatile: Con un peso di soli 85 grammi, \u00e8 facile da trasportare e utilizzare ovunque.<\/li>\n<li>Opzioni di acquisto in blocco: Disponibile in 200 pezzi per cartone, 10 cartoni per scatola, perfetto per gli acquirenti all'ingrosso.<\/li>\n<\/ul>\n<div class=\"wmkc-template-12\">\n<h2 class=\"wmkc-white\">Elenco dei sapori<\/h2>\n<\/div>\n<ul>\n<li>Mirtillo Lampone<\/li>\n<li>Mirtillo<\/li>\n<li>Ciliegia frizzante<\/li>\n<li>Ghiaccio all'anguria<\/li>\n<li>Fragola Kiwi<\/li>\n<li>Anguria alla fragola<\/li>\n<li>Sogno d'estate<\/li>\n<li>Mirtillo Ciliegia Mirtillo Rosso<\/li>\n<li>Limone e lime<\/li>\n<li>Orso gommoso<\/li>\n<li>Fragola e banana<\/li>\n<li>Menta fresca<\/li>\n<li>Ghiaccio alla fragola e lampone<\/li>\n<li>Pesca al limone<\/li>\n<li>Ghiaccio alla mela rossa<\/li>\n<\/ul>\n<figure id=\"attachment_1663\" aria-describedby=\"caption-attachment-1663\" style=\"width: 800px\" class=\"wp-caption alignnone\"><img fetchpriority=\"high\" decoding=\"async\" class=\"size-full wp-image-1663\" title=\"Vapsolo Viking 12000 Puffs usa e getta Vape all&#039;ingrosso Fragola Banana\" src=\"https:\/\/www.puffsvape.com\/wp-content\/uploads\/2024\/08\/Vapsolo-Viking-12000-Puffs-Disposable-Vape-Wholesale-Strawberry-Banana.jpg\" alt=\"Vapsolo Viking 12000 Puffs usa e getta Vape all&#039;ingrosso Fragola Banana\" width=\"800\" height=\"815\" srcset=\"https:\/\/www.puffsvape.com\/wp-content\/uploads\/2024\/08\/Vapsolo-Viking-12000-Puffs-Disposable-Vape-Wholesale-Strawberry-Banana.jpg 800w, https:\/\/www.puffsvape.com\/wp-content\/uploads\/2024\/08\/Vapsolo-Viking-12000-Puffs-Disposable-Vape-Wholesale-Strawberry-Banana-510x520.jpg 510w, https:\/\/www.puffsvape.com\/wp-content\/uploads\/2024\/08\/Vapsolo-Viking-12000-Puffs-Disposable-Vape-Wholesale-Strawberry-Banana-294x300.jpg 294w, https:\/\/www.puffsvape.com\/wp-content\/uploads\/2024\/08\/Vapsolo-Viking-12000-Puffs-Disposable-Vape-Wholesale-Strawberry-Banana-768x782.jpg 768w, https:\/\/www.puffsvape.com\/wp-content\/uploads\/2024\/08\/Vapsolo-Viking-12000-Puffs-Disposable-Vape-Wholesale-Strawberry-Banana-12x12.jpg 12w, https:\/\/www.puffsvape.com\/wp-content\/uploads\/2024\/08\/Vapsolo-Viking-12000-Puffs-Disposable-Vape-Wholesale-Strawberry-Banana-575x586.jpg 575w, https:\/\/www.puffsvape.com\/wp-content\/uploads\/2024\/08\/Vapsolo-Viking-12000-Puffs-Disposable-Vape-Wholesale-Strawberry-Banana-380x387.jpg 380w, https:\/\/www.puffsvape.com\/wp-content\/uploads\/2024\/08\/Vapsolo-Viking-12000-Puffs-Disposable-Vape-Wholesale-Strawberry-Banana-50x50.jpg 50w, https:\/\/www.puffsvape.com\/wp-content\/uploads\/2024\/08\/Vapsolo-Viking-12000-Puffs-Disposable-Vape-Wholesale-Strawberry-Banana-26x26.jpg 26w\" sizes=\"(max-width: 800px) 100vw, 800px\" \/><figcaption id=\"caption-attachment-1663\" class=\"wp-caption-text\">Vapsolo Viking 12000 boccate di vapore monouso<\/figcaption><\/figure>","protected":false},"excerpt":{"rendered":"<p>Quantit\u00e0 minima d'ordine: 50 pezzi\/sapore di miscela<\/p>","protected":false},"featured_media":1665,"comment_status":"open","ping_status":"closed","template":"","meta":{"om_disable_all_campaigns":false,"_monsterinsights_skip_tracking":false,"_monsterinsights_sitenote_active":false,"_monsterinsights_sitenote_note":"","_monsterinsights_sitenote_category":0},"product_brand":[],"product_cat":[37],"product_tag":[],"berocket_brand":[38],"class_list":{"0":"post-1653","1":"product","2":"type-product","3":"status-publish","4":"has-post-thumbnail","6":"product_cat-vapsolo","7":"berocket_brand-vapsolo","8":"wcpa_has_options","10":"first","11":"instock","12":"shipping-taxable","13":"purchasable","14":"product-type-variable","15":"has-default-attributes"},"aioseo_notices":[],"tiered_pricing_fixed_rules":{"50":"8.29","100":"6.86"},"tiered_pricing_percentage_rules":{"50":"8.29","100":"6.86"},"tiered_pricing_type":"fixed","tiered_pricing_minimum":10,"_links":{"self":[{"href":"https:\/\/www.puffsvape.com\/it\/wp-json\/wp\/v2\/product\/1653","targetHints":{"allow":["GET"]}}],"collection":[{"href":"https:\/\/www.puffsvape.com\/it\/wp-json\/wp\/v2\/product"}],"about":[{"href":"https:\/\/www.puffsvape.com\/it\/wp-json\/wp\/v2\/types\/product"}],"replies":[{"embeddable":true,"href":"https:\/\/www.puffsvape.com\/it\/wp-json\/wp\/v2\/comments?post=1653"}],"wp:featuredmedia":[{"embeddable":true,"href":"https:\/\/www.puffsvape.com\/it\/wp-json\/wp\/v2\/media\/1665"}],"wp:attachment":[{"href":"https:\/\/www.puffsvape.com\/it\/wp-json\/wp\/v2\/media?parent=1653"}],"wp:term":[{"taxonomy":"product_brand","embeddable":true,"href":"https:\/\/www.puffsvape.com\/it\/wp-json\/wp\/v2\/product_brand?post=1653"},{"taxonomy":"product_cat","embeddable":true,"href":"https:\/\/www.puffsvape.com\/it\/wp-json\/wp\/v2\/product_cat?post=1653"},{"taxonomy":"product_tag","embeddable":true,"href":"https:\/\/www.puffsvape.com\/it\/wp-json\/wp\/v2\/product_tag?post=1653"},{"taxonomy":"berocket_brand","embeddable":true,"href":"https:\/\/www.puffsvape.com\/it\/wp-json\/wp\/v2\/berocket_brand?post=1653"}],"curies":[{"name":"wp","href":"https:\/\/api.w.org\/{rel}","templated":true}]}}