{"id":1853,"date":"2024-09-01T05:09:47","date_gmt":"2024-09-01T05:09:47","guid":{"rendered":"https:\/\/www.puffsvape.com\/?page_id=1853"},"modified":"2024-09-01T05:57:00","modified_gmt":"2024-09-01T05:57:00","slug":"qpm","status":"publish","type":"page","link":"https:\/\/www.puffsvape.com\/it\/qpm\/","title":{"rendered":"Quantit\u00e0 e prezzo e MOQ"},"content":{"rendered":"<p>Sulla base di alcune domande frequenti poste dai nostri clienti, forniamo una spiegazione speciale di queste parole chiave<\/p>\n<p>Prendiamo un esempio di uno dei prodotti del nostro negozio, che sar\u00e0 spiegato come segue<\/p>\n<p>https:\/\/www.puffsvape.com\/product\/bang-king-25000-puffs-disposable-vape\/<\/p>\n<ul>\n<li>\n<h3><span style=\"color: #0000ff;\">Qual \u00e8 la quantit\u00e0 minima ordinabile?<\/span><\/h3>\n<\/li>\n<\/ul>\n<p>Per la maggior parte dei prodotti la quantit\u00e0 minima ordinabile \u00e8 di 10 pezzi, a meno che non sia specificato nella pagina, ad esempio 50 pezzi, 100 pezzi.<\/p>\n<ul>\n<li>\n<h3><span style=\"color: #0000ff;\">Qual \u00e8 il prezzo?<\/span><\/h3>\n<\/li>\n<\/ul>\n<p>Il prezzo sar\u00e0 mostrato sotto il titolo del prodotto, questo \u00e8 il prezzo pi\u00f9 economico per la maggior quantit\u00e0, se si ordina la quantit\u00e0 pi\u00f9 piccola, allora il prezzo \u00e8 mostrato appena sotto.<\/p>\n<figure id=\"attachment_1856\" aria-describedby=\"caption-attachment-1856\" style=\"width: 1024px\" class=\"wp-caption aligncenter\"><img fetchpriority=\"high\" decoding=\"async\" class=\"wp-image-1856 size-large\" title=\"prezzo\" src=\"https:\/\/www.puffsvape.com\/wp-content\/uploads\/2024\/09\/price-1024x553.jpg\" alt=\"prezzo\" width=\"1024\" height=\"553\" srcset=\"https:\/\/www.puffsvape.com\/wp-content\/uploads\/2024\/09\/price-1024x553.jpg 1024w, https:\/\/www.puffsvape.com\/wp-content\/uploads\/2024\/09\/price-510x276.jpg 510w, https:\/\/www.puffsvape.com\/wp-content\/uploads\/2024\/09\/price-300x162.jpg 300w, https:\/\/www.puffsvape.com\/wp-content\/uploads\/2024\/09\/price-768x415.jpg 768w, https:\/\/www.puffsvape.com\/wp-content\/uploads\/2024\/09\/price-18x10.jpg 18w, https:\/\/www.puffsvape.com\/wp-content\/uploads\/2024\/09\/price-1140x616.jpg 1140w, https:\/\/www.puffsvape.com\/wp-content\/uploads\/2024\/09\/price-920x497.jpg 920w, https:\/\/www.puffsvape.com\/wp-content\/uploads\/2024\/09\/price-575x311.jpg 575w, https:\/\/www.puffsvape.com\/wp-content\/uploads\/2024\/09\/price-380x205.jpg 380w, https:\/\/www.puffsvape.com\/wp-content\/uploads\/2024\/09\/price.jpg 1199w\" sizes=\"(max-width: 1024px) 100vw, 1024px\" \/><figcaption id=\"caption-attachment-1856\" class=\"wp-caption-text\"><span style=\"color: #800080;\"><em>Prezzo del prodotto<\/em><\/span><\/figcaption><\/figure>\n<ul>\n<li>\n<h3><span style=\"color: #0000ff;\">Il prezzo \u00e8 per 1 o 10 pezzi?<\/span><\/h3>\n<\/li>\n<\/ul>\n<p>Il prezzo \u00e8 per 1, ovvero una sola svapata<\/p>\n<ul>\n<li>\n<h3><span style=\"color: #0000ff;\">Posso ordinare diversi gusti per 10 pezzi?<\/span><\/h3>\n<\/li>\n<\/ul>\n<p>No, in genere, 10 pezzi dello stesso gusto vengono forniti in una scatola da esposizione, \u00e8 tutto in uno e non li vendiamo sparsi.<\/p>\n<ul>\n<li>\n<h3><span style=\"color: #0000ff;\">Voglio ordinare 20 pezzi, posso scegliere 2 gusti?<\/span><\/h3>\n<\/li>\n<\/ul>\n<p>Certo, non c'\u00e8 problema, semplicemente per dire, il nostro moq \u00e8 di 10 pezzi per gusto, se volete ordinare 20 pezzi, allora potete scegliere 2 gusti al massimo, se volete ordinare 30 pezzi, potete scegliere 3 gusti al massimo...<\/p>\n<ul>\n<li>\n<h3><span style=\"color: #0000ff;\">Come posso aggiungere diversi gusti (ad esempio 30 pezzi 3 gusti)?<\/span><\/h3>\n<\/li>\n<\/ul>\n<figure id=\"attachment_1860\" aria-describedby=\"caption-attachment-1860\" style=\"width: 1015px\" class=\"wp-caption aligncenter\"><img decoding=\"async\" class=\"wp-image-1860 size-full\" title=\"diversi gusti da scegliere\" src=\"https:\/\/www.puffsvape.com\/wp-content\/uploads\/2024\/09\/different-flavors-to-choose.png\" alt=\"diversi gusti da scegliere\" width=\"1015\" height=\"724\" srcset=\"https:\/\/www.puffsvape.com\/wp-content\/uploads\/2024\/09\/different-flavors-to-choose.png 1015w, https:\/\/www.puffsvape.com\/wp-content\/uploads\/2024\/09\/different-flavors-to-choose-510x364.png 510w, https:\/\/www.puffsvape.com\/wp-content\/uploads\/2024\/09\/different-flavors-to-choose-300x214.png 300w, https:\/\/www.puffsvape.com\/wp-content\/uploads\/2024\/09\/different-flavors-to-choose-768x548.png 768w, https:\/\/www.puffsvape.com\/wp-content\/uploads\/2024\/09\/different-flavors-to-choose-18x12.png 18w, https:\/\/www.puffsvape.com\/wp-content\/uploads\/2024\/09\/different-flavors-to-choose-920x656.png 920w, https:\/\/www.puffsvape.com\/wp-content\/uploads\/2024\/09\/different-flavors-to-choose-575x410.png 575w, https:\/\/www.puffsvape.com\/wp-content\/uploads\/2024\/09\/different-flavors-to-choose-380x271.png 380w\" sizes=\"(max-width: 1015px) 100vw, 1015px\" \/><figcaption id=\"caption-attachment-1860\" class=\"wp-caption-text\"><span style=\"color: #800080;\"><em>Diversi gusti da scegliere<\/em><\/span><\/figcaption><\/figure>\n<p>Fare clic sul pulsante \u2193 a destra dell'aroma, per visualizzare la tabella degli aromi; \u00e8 possibile aggiungere al carrello 3 diversi aromi uno alla volta, quindi fare clic sul carrello per visualizzare 3 diversi aromi; \u00e8 inoltre possibile regolare la quantit\u00e0 nella pagina del carrello.<\/p>\n<ul>\n<li>\n<h3><span style=\"color: #0000ff;\">Sar\u00e0 chaeper se ne ordino di pi\u00f9?<\/span><\/h3>\n<\/li>\n<\/ul>\n<figure id=\"attachment_1862\" aria-describedby=\"caption-attachment-1862\" style=\"width: 1225px\" class=\"wp-caption aligncenter\"><img decoding=\"async\" class=\"wp-image-1862 size-full\" title=\"pi\u00f9 quantit\u00e0 pi\u00f9 economiche\" src=\"https:\/\/www.puffsvape.com\/wp-content\/uploads\/2024\/09\/more-quantity-cheaper.jpg\" alt=\"pi\u00f9 quantit\u00e0 pi\u00f9 economiche\" width=\"1225\" height=\"610\" srcset=\"https:\/\/www.puffsvape.com\/wp-content\/uploads\/2024\/09\/more-quantity-cheaper.jpg 1225w, https:\/\/www.puffsvape.com\/wp-content\/uploads\/2024\/09\/more-quantity-cheaper-510x254.jpg 510w, https:\/\/www.puffsvape.com\/wp-content\/uploads\/2024\/09\/more-quantity-cheaper-300x149.jpg 300w, https:\/\/www.puffsvape.com\/wp-content\/uploads\/2024\/09\/more-quantity-cheaper-1024x510.jpg 1024w, https:\/\/www.puffsvape.com\/wp-content\/uploads\/2024\/09\/more-quantity-cheaper-768x382.jpg 768w, https:\/\/www.puffsvape.com\/wp-content\/uploads\/2024\/09\/more-quantity-cheaper-18x9.jpg 18w, https:\/\/www.puffsvape.com\/wp-content\/uploads\/2024\/09\/more-quantity-cheaper-1140x568.jpg 1140w, https:\/\/www.puffsvape.com\/wp-content\/uploads\/2024\/09\/more-quantity-cheaper-920x458.jpg 920w, https:\/\/www.puffsvape.com\/wp-content\/uploads\/2024\/09\/more-quantity-cheaper-575x286.jpg 575w, https:\/\/www.puffsvape.com\/wp-content\/uploads\/2024\/09\/more-quantity-cheaper-380x189.jpg 380w\" sizes=\"(max-width: 1225px) 100vw, 1225px\" \/><figcaption id=\"caption-attachment-1862\" class=\"wp-caption-text\"><span style=\"color: #800080;\"><em>Pi\u00f9 quantit\u00e0, meno costoso<\/em><\/span><\/figcaption><\/figure>\n<p>Certo, il nostro prezzo \u00e8 basato sulla quantit\u00e0, si pu\u00f2 vedere una tabella dei prezzi dopo il titolo del prodotto, \u00e8 adatto solo per lo stesso prodotto (pu\u00f2 essere mix di sapori).<\/p>","protected":false},"excerpt":{"rendered":"<p>Sulla base di alcune domande frequenti dei nostri clienti, forniamo una spiegazione speciale di queste parole chiave Prendiamo un esempio di uno dei prodotti del nostro negozio, che sar\u00e0 spiegato come segue https:\/\/www.puffsvape.com\/product\/bang-king-25000-puffs-disposable-vape\/ Qual \u00e8 la quantit\u00e0 minima d'ordine? Per la maggior parte dei prodotti la quantit\u00e0 minima d'ordine \u00e8 di 10 pezzi, a meno che non sia specificato nella pagina, ad esempio [...]","protected":false},"author":1,"featured_media":0,"parent":0,"menu_order":0,"comment_status":"closed","ping_status":"closed","template":"","meta":{"om_disable_all_campaigns":false,"_monsterinsights_skip_tracking":false,"_monsterinsights_sitenote_active":false,"_monsterinsights_sitenote_note":"","_monsterinsights_sitenote_category":0,"footnotes":""},"class_list":["post-1853","page","type-page","status-publish","hentry"],"aioseo_notices":[],"_links":{"self":[{"href":"https:\/\/www.puffsvape.com\/it\/wp-json\/wp\/v2\/pages\/1853","targetHints":{"allow":["GET"]}}],"collection":[{"href":"https:\/\/www.puffsvape.com\/it\/wp-json\/wp\/v2\/pages"}],"about":[{"href":"https:\/\/www.puffsvape.com\/it\/wp-json\/wp\/v2\/types\/page"}],"author":[{"embeddable":true,"href":"https:\/\/www.puffsvape.com\/it\/wp-json\/wp\/v2\/users\/1"}],"replies":[{"embeddable":true,"href":"https:\/\/www.puffsvape.com\/it\/wp-json\/wp\/v2\/comments?post=1853"}],"version-history":[{"count":12,"href":"https:\/\/www.puffsvape.com\/it\/wp-json\/wp\/v2\/pages\/1853\/revisions"}],"predecessor-version":[{"id":1868,"href":"https:\/\/www.puffsvape.com\/it\/wp-json\/wp\/v2\/pages\/1853\/revisions\/1868"}],"wp:attachment":[{"href":"https:\/\/www.puffsvape.com\/it\/wp-json\/wp\/v2\/media?parent=1853"}],"curies":[{"name":"wp","href":"https:\/\/api.w.org\/{rel}","templated":true}]}}