{"id":907,"date":"2024-04-01T07:22:46","date_gmt":"2024-04-01T07:22:46","guid":{"rendered":"https:\/\/www.puffsvape.com\/?post_type=product&#038;p=907"},"modified":"2024-08-04T12:54:42","modified_gmt":"2024-08-04T12:54:42","slug":"lavie-aurora-11000-puffs-disposable-vape","status":"publish","type":"product","link":"https:\/\/www.puffsvape.com\/fr\/produit\/lavie-aurora-11000-puffs-jetable-vape\/","title":{"rendered":"Lavie Aurora 11000 Puffs Vape jetable"},"content":{"rendered":"<p>Lavie Aurora 11000 est une vape rechargeable jetable au design \u00e9l\u00e9gant et novateur. Elle ressemble \u00e0 une canette de coca. Il est tr\u00e8s mignon et int\u00e9ressant, et il est tr\u00e8s textur\u00e9 dans la main. La batterie haute capacit\u00e9 de 650mAh int\u00e9gr\u00e9e, la capacit\u00e9 de 22ml d'e-liquide permettent de fumer 11000 bouff\u00e9es, le go\u00fbt est doux du d\u00e9but \u00e0 la fin, et le go\u00fbt est pur, r\u00e9pondant aux besoins gustatifs.<\/p>\n<h2><span style=\"font-size: 18pt;\"><strong>Lavie Aurora 11000 Vape jetable Sp\u00e9cifications :<\/strong><\/span><\/h2>\n<ul>\n<li>Marque:LAVIE<\/li>\n<li>Bouff\u00e9es:11000 bouff\u00e9es sont disponibles par appareil<\/li>\n<li>Nicotine:0%\/2%\/5%<\/li>\n<li>Capacit\u00e9 E-juice:22ML<\/li>\n<li>Batterie : 650mAh<\/li>\n<li>Port de charge : Type-C<\/li>\n<\/ul>\n<h2><span style=\"font-size: 18pt;\"><strong>Saveurs<\/strong><\/span><\/h2>\n<ol>\n<li>Glace \u00e0 la past\u00e8que<\/li>\n<li>Double pomme<\/li>\n<li>Glace \u00e0 la mangue<\/li>\n<li>Jus de p\u00eache<\/li>\n<li>Menthe<\/li>\n<li>Past\u00e8que \u00e0 la fraise<\/li>\n<li>Yakult<\/li>\n<li>Th\u00e9 \u00e0 la rose<\/li>\n<li>Baies m\u00e9lang\u00e9es<\/li>\n<li>Th\u00e9 noir au citron<\/li>\n<li>Glace de raisin<\/li>\n<li>Cola Ice<\/li>\n<\/ol>\n<figure id=\"attachment_909\" aria-describedby=\"caption-attachment-909\" style=\"width: 800px\" class=\"wp-caption alignnone\"><img fetchpriority=\"high\" decoding=\"async\" class=\"size-full wp-image-909\" title=\"LAVIE Aurora 11000 bouff\u00e9es Vape jetable Tous les ar\u00f4mes\" src=\"https:\/\/www.puffsvape.com\/wp-content\/uploads\/2024\/04\/LAVIE-Aurora-11000-Puffs-Disposable-Vape-All-Flavors.jpg\" alt=\"LAVIE Aurora 11000 bouff\u00e9es Vape jetable Tous les ar\u00f4mes\" width=\"800\" height=\"800\" srcset=\"https:\/\/www.puffsvape.com\/wp-content\/uploads\/2024\/04\/LAVIE-Aurora-11000-Puffs-Disposable-Vape-All-Flavors.jpg 800w, https:\/\/www.puffsvape.com\/wp-content\/uploads\/2024\/04\/LAVIE-Aurora-11000-Puffs-Disposable-Vape-All-Flavors-247x247.jpg 247w, https:\/\/www.puffsvape.com\/wp-content\/uploads\/2024\/04\/LAVIE-Aurora-11000-Puffs-Disposable-Vape-All-Flavors-100x100.jpg 100w, https:\/\/www.puffsvape.com\/wp-content\/uploads\/2024\/04\/LAVIE-Aurora-11000-Puffs-Disposable-Vape-All-Flavors-510x510.jpg 510w, https:\/\/www.puffsvape.com\/wp-content\/uploads\/2024\/04\/LAVIE-Aurora-11000-Puffs-Disposable-Vape-All-Flavors-300x300.jpg 300w, https:\/\/www.puffsvape.com\/wp-content\/uploads\/2024\/04\/LAVIE-Aurora-11000-Puffs-Disposable-Vape-All-Flavors-150x150.jpg 150w, https:\/\/www.puffsvape.com\/wp-content\/uploads\/2024\/04\/LAVIE-Aurora-11000-Puffs-Disposable-Vape-All-Flavors-768x768.jpg 768w, https:\/\/www.puffsvape.com\/wp-content\/uploads\/2024\/04\/LAVIE-Aurora-11000-Puffs-Disposable-Vape-All-Flavors-575x575.jpg 575w, https:\/\/www.puffsvape.com\/wp-content\/uploads\/2024\/04\/LAVIE-Aurora-11000-Puffs-Disposable-Vape-All-Flavors-380x380.jpg 380w\" sizes=\"(max-width: 800px) 100vw, 800px\" \/><figcaption id=\"caption-attachment-909\" class=\"wp-caption-text\">LAVIE Aurora 11000 bouff\u00e9es Vape jetable Tous les ar\u00f4mes<\/figcaption><\/figure>","protected":false},"excerpt":{"rendered":"<p>Lavie Aurora 11000 est une vape rechargeable jetable au design \u00e9l\u00e9gant et novateur. Elle ressemble \u00e0 une canette de coca. Il est tr\u00e8s mignon et int\u00e9ressant, et il est tr\u00e8s textur\u00e9 dans la main. La batterie haute capacit\u00e9 de 650mAh int\u00e9gr\u00e9e, la capacit\u00e9 de 22ml d'e-liquide permettent de fumer 11000 bouff\u00e9es, le go\u00fbt est doux du d\u00e9but \u00e0 la fin, et la [...]","protected":false},"featured_media":912,"comment_status":"open","ping_status":"closed","template":"","meta":{"om_disable_all_campaigns":false,"_monsterinsights_skip_tracking":false,"_monsterinsights_sitenote_active":false,"_monsterinsights_sitenote_note":"","_monsterinsights_sitenote_category":0},"product_brand":[],"product_cat":[20],"product_tag":[],"berocket_brand":[21],"class_list":{"0":"post-907","1":"product","2":"type-product","3":"status-publish","4":"has-post-thumbnail","6":"product_cat-lavie","7":"berocket_brand-lavie","8":"wcpa_has_options","10":"first","11":"instock","12":"shipping-taxable","13":"purchasable","14":"product-type-variable","15":"has-default-attributes"},"aioseo_notices":[],"tiered_pricing_fixed_rules":{"20":"9.74","30":"9.11","40":"8.46","50":"7.81","100":"6.38"},"tiered_pricing_percentage_rules":{"20":"9.74","30":"9.11","40":"8.46","50":"7.81","100":"6.38"},"tiered_pricing_type":"fixed","tiered_pricing_minimum":10,"_links":{"self":[{"href":"https:\/\/www.puffsvape.com\/fr\/wp-json\/wp\/v2\/product\/907","targetHints":{"allow":["GET"]}}],"collection":[{"href":"https:\/\/www.puffsvape.com\/fr\/wp-json\/wp\/v2\/product"}],"about":[{"href":"https:\/\/www.puffsvape.com\/fr\/wp-json\/wp\/v2\/types\/product"}],"replies":[{"embeddable":true,"href":"https:\/\/www.puffsvape.com\/fr\/wp-json\/wp\/v2\/comments?post=907"}],"wp:featuredmedia":[{"embeddable":true,"href":"https:\/\/www.puffsvape.com\/fr\/wp-json\/wp\/v2\/media\/912"}],"wp:attachment":[{"href":"https:\/\/www.puffsvape.com\/fr\/wp-json\/wp\/v2\/media?parent=907"}],"wp:term":[{"taxonomy":"product_brand","embeddable":true,"href":"https:\/\/www.puffsvape.com\/fr\/wp-json\/wp\/v2\/product_brand?post=907"},{"taxonomy":"product_cat","embeddable":true,"href":"https:\/\/www.puffsvape.com\/fr\/wp-json\/wp\/v2\/product_cat?post=907"},{"taxonomy":"product_tag","embeddable":true,"href":"https:\/\/www.puffsvape.com\/fr\/wp-json\/wp\/v2\/product_tag?post=907"},{"taxonomy":"berocket_brand","embeddable":true,"href":"https:\/\/www.puffsvape.com\/fr\/wp-json\/wp\/v2\/berocket_brand?post=907"}],"curies":[{"name":"wp","href":"https:\/\/api.w.org\/{rel}","templated":true}]}}