{"id":686,"date":"2024-03-29T03:53:45","date_gmt":"2024-03-29T03:53:45","guid":{"rendered":"https:\/\/www.puffsvape.com\/?post_type=product&#038;p=686"},"modified":"2026-03-22T20:07:49","modified_gmt":"2026-03-22T12:07:49","slug":"randm-tornado-15000-disposable-vape","status":"publish","type":"product","link":"https:\/\/www.puffsvape.com\/fr\/produit\/randm-tornado-15000-jetable-vape\/","title":{"rendered":"Randm Tornado 15000 Vape jetable"},"content":{"rendered":"<p>RandM Tornado 15000 est un dispositif de vape rechargeable jetable avec batterie et affichage du niveau d'e-juice. Il contient 25ml d'e-juice au sel de nicotine 0\/2\/3\/5% et permet de vaper jusqu'\u00e0 15000 bouff\u00e9es. Vous pouvez choisir parmi 41 saveurs. Le port rechargeable situ\u00e9 en bas de l'appareil vous garantit de finir jusqu'\u00e0 la derni\u00e8re goutte d'e-juice dans le r\u00e9servoir en permanence.<\/p>\n<h2 class=\"p\"><span style=\"font-size: 18pt;\">RandM Tornado 15000 Dispositif \u00e0 usage unique Caract\u00e9ristiques :<\/span><\/h2>\n<p class=\"p\">0\/2\/3\/5% Sel de nicotine.<br \/>\n25ML de E-liquide.<br \/>\nBobine de maille<br \/>\nBatterie rechargeable<br \/>\nBatterie int\u00e9gr\u00e9e de 850mAh.<br \/>\n41 saveurs disponibles.<br \/>\n10 pi\u00e8ces dans une bo\u00eete de pr\u00e9sentation.<br \/>\n160 pi\u00e8ces dans un carton.<\/p>\n<h2 class=\"p\"><span style=\"font-size: 18pt;\">Saveurs disponibles :<\/span><\/h2>\n<p class=\"p\">1 limonade Blue Razz<br \/>\n2 gla\u00e7ons \u00e0 la p\u00eache<br \/>\n3 Pomme acide<br \/>\n4 Glace \u00e0 la past\u00e8que<br \/>\n5 Myrtille sur glace<br \/>\n6 Myrtille Framboise<br \/>\n7 Glace \u00e0 l'ananas<br \/>\n8 Cerise<br \/>\n9 Glace \u00e0 la fraise<br \/>\n10 Vimto<br \/>\n11 Glace de raisin<br \/>\n12 Cola Ice<br \/>\n13 Fraise Past\u00e8que<br \/>\n14 Limonade rose<br \/>\n15 Baies m\u00e9lang\u00e9es<br \/>\n16 P\u00eache Mangue<br \/>\n17. fruit du dragon<br \/>\n18.fraise raisin<br \/>\n19.M. bleu<br \/>\n20. glace luxuriante<br \/>\n21.les glaces<br \/>\n22.kiwi fraise<br \/>\n23.kiwi fruit de la passion goyave<br \/>\n24.Triple baie<br \/>\n25. glace \u00e0 la banane<br \/>\n26 Bonbons p\u00eache et myrtille<br \/>\n27.Pomme P\u00eache Poire<br \/>\n28. limonade aux baies<br \/>\n29.Bleu Razz Cherry<br \/>\n30. bleuet et gomme \u00e0 m\u00e2cher<br \/>\n31.myrtille cerise canneberge<br \/>\n32.myrtille grenade<br \/>\n33.Bluesour Framboise<br \/>\n34. cola \u00e0 la cerise<br \/>\n35. ours en gomme<br \/>\n36. citron et citron vert<br \/>\n37 Mangue sur glace<br \/>\n38.Glace \u00e0 l'\u00e9nergie rouge<br \/>\n39.banane fraise<br \/>\n40.Fraise Red Bull<br \/>\n41.limonade \u00e0 la fraise et \u00e0 la past\u00e8que<\/p>\n<figure id=\"attachment_693\" aria-describedby=\"caption-attachment-693\" style=\"width: 640px\" class=\"wp-caption alignnone\"><img fetchpriority=\"high\" decoding=\"async\" class=\"size-full wp-image-693\" title=\"Randm Tornado 15000 Vape jetable\" src=\"https:\/\/www.puffsvape.com\/wp-content\/uploads\/2024\/03\/Randm-Tornado-15000-Disposable-Vape.webp\" alt=\"Randm Tornado 15000 Vape jetable\" width=\"640\" height=\"585\" srcset=\"https:\/\/www.puffsvape.com\/wp-content\/uploads\/2024\/03\/Randm-Tornado-15000-Disposable-Vape.webp 640w, https:\/\/www.puffsvape.com\/wp-content\/uploads\/2024\/03\/Randm-Tornado-15000-Disposable-Vape-510x466.webp 510w, https:\/\/www.puffsvape.com\/wp-content\/uploads\/2024\/03\/Randm-Tornado-15000-Disposable-Vape-300x274.webp 300w, https:\/\/www.puffsvape.com\/wp-content\/uploads\/2024\/03\/Randm-Tornado-15000-Disposable-Vape-575x526.webp 575w, https:\/\/www.puffsvape.com\/wp-content\/uploads\/2024\/03\/Randm-Tornado-15000-Disposable-Vape-380x347.webp 380w\" sizes=\"(max-width: 640px) 100vw, 640px\" \/><figcaption id=\"caption-attachment-693\" class=\"wp-caption-text\">Randm Tornado 15000 Vape jetable<\/figcaption><\/figure>","protected":false},"excerpt":{"rendered":"<p>RandM Tornado 15000 est un dispositif de vape rechargeable jetable avec batterie et affichage du niveau d'e-juice. Il contient 25ml d'e-juice au sel de nicotine 0\/2\/3\/5% et permet de vaper jusqu'\u00e0 15000 bouff\u00e9es. Vous pouvez choisir parmi 41 saveurs. Le port rechargeable situ\u00e9 en bas de l'appareil vous garantit de finir jusqu'\u00e0 la derni\u00e8re goutte d'e [...]","protected":false},"featured_media":690,"comment_status":"open","ping_status":"closed","template":"","meta":{"om_disable_all_campaigns":false,"_monsterinsights_skip_tracking":false,"_monsterinsights_sitenote_active":false,"_monsterinsights_sitenote_note":"","_monsterinsights_sitenote_category":0},"product_brand":[],"product_cat":[25],"product_tag":[],"berocket_brand":[26],"class_list":{"0":"post-686","1":"product","2":"type-product","3":"status-publish","4":"has-post-thumbnail","6":"product_cat-randm-fumot","7":"berocket_brand-randm-fumot","8":"wcpa_has_options","10":"first","11":"instock","12":"shipping-taxable","13":"purchasable","14":"product-type-variable","15":"has-default-attributes"},"aioseo_notices":[],"tiered_pricing_fixed_rules":{"20":"11.40","30":"10.75","40":"10.10","50":"9.45","100":"8.03"},"tiered_pricing_percentage_rules":{"20":"11.40","30":"10.75","40":"10.10","50":"9.45","100":"8.03"},"tiered_pricing_type":"fixed","tiered_pricing_minimum":10,"_links":{"self":[{"href":"https:\/\/www.puffsvape.com\/fr\/wp-json\/wp\/v2\/product\/686","targetHints":{"allow":["GET"]}}],"collection":[{"href":"https:\/\/www.puffsvape.com\/fr\/wp-json\/wp\/v2\/product"}],"about":[{"href":"https:\/\/www.puffsvape.com\/fr\/wp-json\/wp\/v2\/types\/product"}],"replies":[{"embeddable":true,"href":"https:\/\/www.puffsvape.com\/fr\/wp-json\/wp\/v2\/comments?post=686"}],"wp:featuredmedia":[{"embeddable":true,"href":"https:\/\/www.puffsvape.com\/fr\/wp-json\/wp\/v2\/media\/690"}],"wp:attachment":[{"href":"https:\/\/www.puffsvape.com\/fr\/wp-json\/wp\/v2\/media?parent=686"}],"wp:term":[{"taxonomy":"product_brand","embeddable":true,"href":"https:\/\/www.puffsvape.com\/fr\/wp-json\/wp\/v2\/product_brand?post=686"},{"taxonomy":"product_cat","embeddable":true,"href":"https:\/\/www.puffsvape.com\/fr\/wp-json\/wp\/v2\/product_cat?post=686"},{"taxonomy":"product_tag","embeddable":true,"href":"https:\/\/www.puffsvape.com\/fr\/wp-json\/wp\/v2\/product_tag?post=686"},{"taxonomy":"berocket_brand","embeddable":true,"href":"https:\/\/www.puffsvape.com\/fr\/wp-json\/wp\/v2\/berocket_brand?post=686"}],"curies":[{"name":"wp","href":"https:\/\/api.w.org\/{rel}","templated":true}]}}