{"id":621,"date":"2024-03-28T11:27:32","date_gmt":"2024-03-28T11:27:32","guid":{"rendered":"https:\/\/www.puffsvape.com\/?post_type=product&#038;p=621"},"modified":"2024-12-08T12:30:52","modified_gmt":"2024-12-08T12:30:52","slug":"randm-tornado-9000-pro-disposable-vape","status":"publish","type":"product","link":"https:\/\/www.puffsvape.com\/fr\/produit\/randm-tornado-9000-pro-disposable-vape\/","title":{"rendered":"Randm Tornado 9000 Pro Vape jetable"},"content":{"rendered":"<p>RandM Tornado 9000 Pro est une version actualis\u00e9e du Tornado 9000 avec affichage du niveau de la batterie et de l'ejuice. Il contient 18ml d'e-juice au sel de nicotine 0\/2\/3\/5% et permet de vaper jusqu'\u00e0 9000 bouff\u00e9es. Vous pouvez choisir parmi 52 saveurs. Le port rechargeable situ\u00e9 en bas de l'appareil vous garantit de finir jusqu'\u00e0 la derni\u00e8re goutte d'e-juice dans le r\u00e9servoir en permanence.<\/p>\n<h2 class=\"p\"><span style=\"font-size: 18pt;\">RandM Tornado 9000 Pro Dispositif \u00e0 usage unique Caract\u00e9ristiques :<\/span><\/h2>\n<p class=\"p\">0\/2\/3\/5% Sel de nicotine.<br \/>\n18ML de E-liquide.<br \/>\nBobine de maille<br \/>\nBatterie rechargeable<br \/>\nBatterie int\u00e9gr\u00e9e de 850mAh.<br \/>\n52 saveurs disponibles.<br \/>\n10 pi\u00e8ces dans une bo\u00eete de pr\u00e9sentation.<br \/>\n200 pi\u00e8ces dans un carton.<\/p>\n<h2 class=\"p\"><span style=\"font-size: 18pt;\">Saveurs disponibles :<\/span><\/h2>\n<p class=\"p\"><b><br \/>\n<\/b>1 past\u00e8que \u00e0 la fraise<br \/>\n2 gla\u00e7ons \u00e0 la past\u00e8que<br \/>\n3 Fraise Past\u00e8que Bubblegum<br \/>\n4 Past\u00e8que \u00e0 la framboise<br \/>\n5 baies m\u00e9lang\u00e9es<br \/>\n6 Ours en gomme<br \/>\n7 P\u00eache Ananas Mangue<br \/>\n8 Skittles<br \/>\n9 Glace \u00e0 la fraise<br \/>\n10 Cerise<br \/>\n11 Myrtille Cerise Canneberge<br \/>\n12 Past\u00e8que Bubblegum<br \/>\n13 Myrtille Framboise<br \/>\n14 Glace fraise framboise cerise<br \/>\n15 Kiwi Fruit de la passion Goyave<br \/>\n16 M. Bleu<br \/>\n17 Cerise p\u00e9tillante<br \/>\n18 Glace aux myrtilles<br \/>\n19 Prime Fraise Past\u00e8que<br \/>\n20 Ananas<br \/>\n21. limonade rose<br \/>\n22. glace luxuriante<br \/>\n23.Blue Razz Ice<br \/>\n24. limonade \u00e0 la fraise<br \/>\n25. past\u00e8que Brazz Ice<br \/>\n26. p\u00eaches et baies<br \/>\n27.citron&amp;citron vert<br \/>\n28.Vimto<br \/>\n29. raisin<br \/>\n30. glace<br \/>\n31.myrtille framboise acide<br \/>\n32.paille Mangue<br \/>\n33.Fraise Pomp\uff08grenade\uff09<br \/>\n34. baie de cerise<br \/>\n35. cola \u00e0 la cerise<br \/>\n36. fraise et banane<br \/>\n37. glace du dragon noir<br \/>\n38. alo\u00e8s raisin<br \/>\n39.Cool Mint<br \/>\n40. limonade \u00e0 la p\u00eache<br \/>\n41. glace \u00e0 la goyave<br \/>\n42. cr\u00e8me p\u00e2tissi\u00e8re \u00e0 la banane<br \/>\n43.cr\u00e8me \u00e0 la fraise<br \/>\n44. bonbons acidul\u00e9s<br \/>\n45. glace noire<br \/>\n46.Glace Bluelicious<br \/>\n47. Blue Razz Kush<br \/>\n48. limonade \u00e0 la p\u00eache et \u00e0 la cerise<br \/>\n49.Triple Mangue<br \/>\n50 $ Fraise Framboise Glace<br \/>\n51. quilles \u00e0 la past\u00e8que<br \/>\n52. glace \u00e0 la p\u00eache d'\u00e9t\u00e9<\/p>\n<figure id=\"attachment_672\" aria-describedby=\"caption-attachment-672\" style=\"width: 800px\" class=\"wp-caption alignnone\"><img fetchpriority=\"high\" decoding=\"async\" class=\"size-full wp-image-672\" title=\"Randm Tornado 9000 Pro Vape jetable\" src=\"https:\/\/www.puffsvape.com\/wp-content\/uploads\/2024\/03\/Randm-Tornado-9000-Pro-Disposable-Vape-1.webp\" alt=\"Randm Tornado 9000 Pro Vape jetable\" width=\"800\" height=\"506\" srcset=\"https:\/\/www.puffsvape.com\/wp-content\/uploads\/2024\/03\/Randm-Tornado-9000-Pro-Disposable-Vape-1.webp 800w, https:\/\/www.puffsvape.com\/wp-content\/uploads\/2024\/03\/Randm-Tornado-9000-Pro-Disposable-Vape-1-510x323.webp 510w, https:\/\/www.puffsvape.com\/wp-content\/uploads\/2024\/03\/Randm-Tornado-9000-Pro-Disposable-Vape-1-300x190.webp 300w, https:\/\/www.puffsvape.com\/wp-content\/uploads\/2024\/03\/Randm-Tornado-9000-Pro-Disposable-Vape-1-768x486.webp 768w, https:\/\/www.puffsvape.com\/wp-content\/uploads\/2024\/03\/Randm-Tornado-9000-Pro-Disposable-Vape-1-575x364.webp 575w, https:\/\/www.puffsvape.com\/wp-content\/uploads\/2024\/03\/Randm-Tornado-9000-Pro-Disposable-Vape-1-380x240.webp 380w\" sizes=\"(max-width: 800px) 100vw, 800px\" \/><figcaption id=\"caption-attachment-672\" class=\"wp-caption-text\">Randm Tornado 9000 Pro Vape jetable<\/figcaption><\/figure>","protected":false},"excerpt":{"rendered":"<p>RandM Tornado 9000 Pro est une version actualis\u00e9e du Tornado 9000 avec affichage de la batterie et du niveau d'e-juice. Il contient 18ml d'e-juice au sel de nicotine 0\/2\/3\/5% et permet de vaper jusqu'\u00e0 9000 bouff\u00e9es. Il y a 52 saveurs \u00e0 choisir. Le port rechargeable situ\u00e9 en bas de l'appareil vous garantit de finir jusqu'\u00e0 la derni\u00e8re goutte de l'e-juice [...]","protected":false},"featured_media":683,"comment_status":"open","ping_status":"closed","template":"","meta":{"om_disable_all_campaigns":false,"_monsterinsights_skip_tracking":false,"_monsterinsights_sitenote_active":false,"_monsterinsights_sitenote_note":"","_monsterinsights_sitenote_category":0},"product_brand":[],"product_cat":[25],"product_tag":[],"berocket_brand":[26],"class_list":{"0":"post-621","1":"product","2":"type-product","3":"status-publish","4":"has-post-thumbnail","6":"product_cat-randm-fumot","7":"berocket_brand-randm-fumot","9":"first","10":"instock","11":"shipping-taxable","12":"purchasable","13":"product-type-variable","14":"has-default-attributes"},"aioseo_notices":[],"tiered_pricing_fixed_rules":{"20":"11.3","30":"10.64","40":"10.0","50":"9.35","100":"7.93"},"tiered_pricing_percentage_rules":{"20":"11.3","30":"10.64","40":"10.0","50":"9.35","100":"7.93"},"tiered_pricing_type":"fixed","tiered_pricing_minimum":10,"_links":{"self":[{"href":"https:\/\/www.puffsvape.com\/fr\/wp-json\/wp\/v2\/product\/621","targetHints":{"allow":["GET"]}}],"collection":[{"href":"https:\/\/www.puffsvape.com\/fr\/wp-json\/wp\/v2\/product"}],"about":[{"href":"https:\/\/www.puffsvape.com\/fr\/wp-json\/wp\/v2\/types\/product"}],"replies":[{"embeddable":true,"href":"https:\/\/www.puffsvape.com\/fr\/wp-json\/wp\/v2\/comments?post=621"}],"wp:featuredmedia":[{"embeddable":true,"href":"https:\/\/www.puffsvape.com\/fr\/wp-json\/wp\/v2\/media\/683"}],"wp:attachment":[{"href":"https:\/\/www.puffsvape.com\/fr\/wp-json\/wp\/v2\/media?parent=621"}],"wp:term":[{"taxonomy":"product_brand","embeddable":true,"href":"https:\/\/www.puffsvape.com\/fr\/wp-json\/wp\/v2\/product_brand?post=621"},{"taxonomy":"product_cat","embeddable":true,"href":"https:\/\/www.puffsvape.com\/fr\/wp-json\/wp\/v2\/product_cat?post=621"},{"taxonomy":"product_tag","embeddable":true,"href":"https:\/\/www.puffsvape.com\/fr\/wp-json\/wp\/v2\/product_tag?post=621"},{"taxonomy":"berocket_brand","embeddable":true,"href":"https:\/\/www.puffsvape.com\/fr\/wp-json\/wp\/v2\/berocket_brand?post=621"}],"curies":[{"name":"wp","href":"https:\/\/api.w.org\/{rel}","templated":true}]}}