{"id":592,"date":"2024-03-28T11:10:23","date_gmt":"2024-03-28T11:10:23","guid":{"rendered":"https:\/\/www.puffsvape.com\/?post_type=product&#038;p=592"},"modified":"2026-04-25T02:33:49","modified_gmt":"2026-04-24T18:33:49","slug":"fumot-digital-box-12000-disposable-vape","status":"publish","type":"product","link":"https:\/\/www.puffsvape.com\/fr\/produit\/fumot-digital-box-12000-jetable-vape\/","title":{"rendered":"Fumot Digital Box 12000 Vape jetable"},"content":{"rendered":"<p>La Fumot Digital Box 12000 est un dispositif de vape avec affichage du niveau de la batterie et de l'e-juice et elle est rechargeable. Elle contient 20ml d'e-juice au sel de nicotine 0\/2\/3\/5% et permet de vaper jusqu'\u00e0 12000 bouff\u00e9es. Vous pouvez choisir parmi 16 saveurs. L'affichage de la batterie et du niveau d'e-juice vous permet de suivre l'\u00e9tat de l'appareil en temps r\u00e9el. De plus, il est \u00e9quip\u00e9 d'un port Type-C rechargeable situ\u00e9 en bas de l'appareil, ce qui vous garantit de finir jusqu'\u00e0 la derni\u00e8re goutte d'e-juice dans le r\u00e9servoir \u00e0 tout moment.<\/p>\n<h2 class=\"p\"><span style=\"font-size: 18pt;\">Fumot Digital Box 12000 Dispositif \u00e0 usage unique Caract\u00e9ristiques :<\/span><\/h2>\n<p class=\"p\">0\/2\/3\/5% Sel de nicotine.<br \/>\n20 ML de E-liquide.<br \/>\n12000 bouff\u00e9es par appareil.<br \/>\nAffichage de la batterie et de l'Ejuice<br \/>\nBatterie rechargeable<br \/>\nBatterie int\u00e9gr\u00e9e de 850mAh.<br \/>\n24 saveurs disponibles.<br \/>\n10 pi\u00e8ces dans une bo\u00eete de pr\u00e9sentation.<br \/>\n200 pi\u00e8ces dans un carton.<\/p>\n<h2 class=\"p\"><span style=\"font-size: 18pt;\">Saveurs disponibles :<\/span><\/h2>\n<p class=\"p\">Myrtille Framboise<br \/>\nCola \u00e0 la cerise<br \/>\nCerise<br \/>\nMenthe fra\u00eeche<br \/>\nGlace de raisin<br \/>\nGlaces<br \/>\nGlace luxuriante<br \/>\nMangue sur glace<br \/>\nBaies m\u00e9lang\u00e9es<br \/>\nLimonade rose<br \/>\nFraise et banane<br \/>\nDonut \u00e0 la fraise<br \/>\nFraise Raisin<br \/>\nGlace \u00e0 la fraise<br \/>\nPast\u00e8que \u00e0 la fraise<br \/>\nGlace \u00e0 la past\u00e8que<\/p>\n<figure id=\"attachment_612\" aria-describedby=\"caption-attachment-612\" style=\"width: 640px\" class=\"wp-caption alignnone\"><img fetchpriority=\"high\" decoding=\"async\" class=\"size-full wp-image-612\" title=\"Fumot Digital 12000 Vape jetable\" src=\"https:\/\/www.puffsvape.com\/wp-content\/uploads\/2024\/03\/Fumot-Digital-12000-Disposable-Vape-3.webp\" alt=\"Fumot Digital 12000 Vape jetable\" width=\"640\" height=\"640\" srcset=\"https:\/\/www.puffsvape.com\/wp-content\/uploads\/2024\/03\/Fumot-Digital-12000-Disposable-Vape-3.webp 640w, https:\/\/www.puffsvape.com\/wp-content\/uploads\/2024\/03\/Fumot-Digital-12000-Disposable-Vape-3-247x247.webp 247w, https:\/\/www.puffsvape.com\/wp-content\/uploads\/2024\/03\/Fumot-Digital-12000-Disposable-Vape-3-100x100.webp 100w, https:\/\/www.puffsvape.com\/wp-content\/uploads\/2024\/03\/Fumot-Digital-12000-Disposable-Vape-3-510x510.webp 510w, https:\/\/www.puffsvape.com\/wp-content\/uploads\/2024\/03\/Fumot-Digital-12000-Disposable-Vape-3-300x300.webp 300w, https:\/\/www.puffsvape.com\/wp-content\/uploads\/2024\/03\/Fumot-Digital-12000-Disposable-Vape-3-150x150.webp 150w, https:\/\/www.puffsvape.com\/wp-content\/uploads\/2024\/03\/Fumot-Digital-12000-Disposable-Vape-3-575x575.webp 575w, https:\/\/www.puffsvape.com\/wp-content\/uploads\/2024\/03\/Fumot-Digital-12000-Disposable-Vape-3-380x380.webp 380w\" sizes=\"(max-width: 640px) 100vw, 640px\" \/><figcaption id=\"caption-attachment-612\" class=\"wp-caption-text\">Fumot Digital 12000 Vape jetable<\/figcaption><\/figure>","protected":false},"excerpt":{"rendered":"<p>La Fumot Digital Box 12000 est un dispositif de vape avec affichage du niveau de la batterie et de l'e-juice et elle est rechargeable. Elle contient 20ml d'e-juice au sel de nicotine 0\/2\/3\/5% et permet de vaper jusqu'\u00e0 12000 bouff\u00e9es. Vous pouvez choisir parmi 16 saveurs. L'affichage de la batterie et de l'e-juice vous permet de suivre l'\u00e9tat de l'appareil en temps r\u00e9el et [...]","protected":false},"featured_media":611,"comment_status":"open","ping_status":"closed","template":"","meta":{"om_disable_all_campaigns":false,"_monsterinsights_skip_tracking":false,"_monsterinsights_sitenote_active":false,"_monsterinsights_sitenote_note":"","_monsterinsights_sitenote_category":0},"product_brand":[],"product_cat":[25],"product_tag":[],"berocket_brand":[26],"class_list":{"0":"post-592","1":"product","2":"type-product","3":"status-publish","4":"has-post-thumbnail","6":"product_cat-randm-fumot","7":"berocket_brand-randm-fumot","8":"wcpa_has_options","10":"first","11":"instock","12":"featured","13":"shipping-taxable","14":"purchasable","15":"product-type-variable","16":"has-default-attributes"},"aioseo_notices":[],"tiered_pricing_fixed_rules":{"20":"11.3","30":"10.68","40":"10.04","50":"9.39","100":"7.96"},"tiered_pricing_percentage_rules":{"20":"11.3","30":"10.68","40":"10.04","50":"9.39","100":"7.96"},"tiered_pricing_type":"fixed","tiered_pricing_minimum":10,"_links":{"self":[{"href":"https:\/\/www.puffsvape.com\/fr\/wp-json\/wp\/v2\/product\/592","targetHints":{"allow":["GET"]}}],"collection":[{"href":"https:\/\/www.puffsvape.com\/fr\/wp-json\/wp\/v2\/product"}],"about":[{"href":"https:\/\/www.puffsvape.com\/fr\/wp-json\/wp\/v2\/types\/product"}],"replies":[{"embeddable":true,"href":"https:\/\/www.puffsvape.com\/fr\/wp-json\/wp\/v2\/comments?post=592"}],"wp:featuredmedia":[{"embeddable":true,"href":"https:\/\/www.puffsvape.com\/fr\/wp-json\/wp\/v2\/media\/611"}],"wp:attachment":[{"href":"https:\/\/www.puffsvape.com\/fr\/wp-json\/wp\/v2\/media?parent=592"}],"wp:term":[{"taxonomy":"product_brand","embeddable":true,"href":"https:\/\/www.puffsvape.com\/fr\/wp-json\/wp\/v2\/product_brand?post=592"},{"taxonomy":"product_cat","embeddable":true,"href":"https:\/\/www.puffsvape.com\/fr\/wp-json\/wp\/v2\/product_cat?post=592"},{"taxonomy":"product_tag","embeddable":true,"href":"https:\/\/www.puffsvape.com\/fr\/wp-json\/wp\/v2\/product_tag?post=592"},{"taxonomy":"berocket_brand","embeddable":true,"href":"https:\/\/www.puffsvape.com\/fr\/wp-json\/wp\/v2\/berocket_brand?post=592"}],"curies":[{"name":"wp","href":"https:\/\/api.w.org\/{rel}","templated":true}]}}