{"id":35,"date":"2024-03-23T16:23:55","date_gmt":"2024-03-23T16:23:55","guid":{"rendered":"https:\/\/www.puffsvape.com\/?post_type=product&#038;p=35"},"modified":"2026-05-09T17:22:24","modified_gmt":"2026-05-09T09:22:24","slug":"lavie-insider-12000-puffs-disposable-vape","status":"publish","type":"product","link":"https:\/\/www.puffsvape.com\/fr\/produit\/lavie-insider-12000-puffs-jetable-vape\/","title":{"rendered":"Lavie Insider 12000 bouff\u00e9es Vape jetable"},"content":{"rendered":"<p>Le Lavie Insider 12000 est une vape bien con\u00e7ue avec un look \u00e9l\u00e9gant, une section sup\u00e9rieure et inf\u00e9rieure bicolore, une batterie rechargeable de 650 mAh, un e-liquide de 18 ml qui permet de tirer jusqu'\u00e0 12 000 bouff\u00e9es.<\/p>\n<h2><span style=\"font-size: 18pt;\">Lavie Insider 12000 Vape jetable Sp\u00e9cifications :<\/span><\/h2>\n<ul>\n<li>Marque : Lavie<\/li>\n<li>Bouff\u00e9es : 12000 bouff\u00e9es<\/li>\n<li>Nicotine : 2%\/5%<\/li>\n<li>Capacit\u00e9 E-juice : 18ML<\/li>\n<li>Batterie : 650mAh<\/li>\n<li>Port de charge : Type-C<\/li>\n<\/ul>\n<h2><span style=\"font-size: 18pt;\">Saveurs<\/span><\/h2>\n<ol>\n<li>Past\u00e8que \u00e0 la fraise<\/li>\n<li>Glace \u00e0 la past\u00e8que<\/li>\n<li>Glace \u00e0 la mangue<\/li>\n<li>Th\u00e9 noir \u00e0 la rose<\/li>\n<li>Glace aux myrtilles<\/li>\n<li>Mojito<\/li>\n<li>Glace au raisin vert<\/li>\n<li>Caf\u00e9<\/li>\n<li>Glace au citron et au cola<\/li>\n<li>Glace \u00e0 l'orange<\/li>\n<li>Glace \u00e0 la menthe<\/li>\n<li>Glace \u00e0 la pomme verte<\/li>\n<\/ol>\n<h2><span style=\"font-size: 18pt;\">Emballage et poids<\/span><\/h2>\n<ul>\n<li>0.095KG\/PCS, 10 PCS\/ Medium case<\/li>\n<li>200PCS\/carton principal, 19KG.<\/li>\n<\/ul>\n<figure id=\"attachment_38\" aria-describedby=\"caption-attachment-38\" style=\"width: 800px\" class=\"wp-caption alignnone\"><img fetchpriority=\"high\" decoding=\"async\" class=\"size-full wp-image-38\" title=\"LAVIE INSIDER 12000 bouff\u00e9es Vape jetable Wholesale All Flavors\" src=\"https:\/\/www.puffsvape.com\/wp-content\/uploads\/2024\/03\/LAVIE-INSIDER-12000-Puffs-Disposable-Vape-Wholesale-All-Flavors.jpg\" alt=\"LAVIE INSIDER 12000 bouff\u00e9es Vape jetable Wholesale All Flavors\" width=\"800\" height=\"1131\" srcset=\"https:\/\/www.puffsvape.com\/wp-content\/uploads\/2024\/03\/LAVIE-INSIDER-12000-Puffs-Disposable-Vape-Wholesale-All-Flavors.jpg 800w, https:\/\/www.puffsvape.com\/wp-content\/uploads\/2024\/03\/LAVIE-INSIDER-12000-Puffs-Disposable-Vape-Wholesale-All-Flavors-510x721.jpg 510w, https:\/\/www.puffsvape.com\/wp-content\/uploads\/2024\/03\/LAVIE-INSIDER-12000-Puffs-Disposable-Vape-Wholesale-All-Flavors-212x300.jpg 212w, https:\/\/www.puffsvape.com\/wp-content\/uploads\/2024\/03\/LAVIE-INSIDER-12000-Puffs-Disposable-Vape-Wholesale-All-Flavors-724x1024.jpg 724w, https:\/\/www.puffsvape.com\/wp-content\/uploads\/2024\/03\/LAVIE-INSIDER-12000-Puffs-Disposable-Vape-Wholesale-All-Flavors-768x1086.jpg 768w, https:\/\/www.puffsvape.com\/wp-content\/uploads\/2024\/03\/LAVIE-INSIDER-12000-Puffs-Disposable-Vape-Wholesale-All-Flavors-575x813.jpg 575w, https:\/\/www.puffsvape.com\/wp-content\/uploads\/2024\/03\/LAVIE-INSIDER-12000-Puffs-Disposable-Vape-Wholesale-All-Flavors-380x537.jpg 380w\" sizes=\"(max-width: 800px) 100vw, 800px\" \/><figcaption id=\"caption-attachment-38\" class=\"wp-caption-text\">LAVIE INSIDER 12000 bouff\u00e9es Vape jetable Wholesale All Flavors<\/figcaption><\/figure>","protected":false},"excerpt":{"rendered":"<p>Lavie Insider 12000 est une vape au design \u00e9l\u00e9gant, avec une section sup\u00e9rieure et inf\u00e9rieure bicolore, \u00e9quip\u00e9e d'une batterie rechargeable de 650 mAh, livr\u00e9e avec 18 ml d'e-liquide qui permet de tirer jusqu'\u00e0 12 000 bouff\u00e9es. Lavie Insider 12000 Vape jetable Sp\u00e9cifications : Marque : Lavie Bouff\u00e9es : 12000 Bouff\u00e9es Nicotine : 2%\/5% E-juice Capacit\u00e9 : 18ML Batterie : 650mAh Port de charge : Type-C Saveurs [...]","protected":false},"featured_media":49,"comment_status":"open","ping_status":"closed","template":"","meta":{"om_disable_all_campaigns":false,"_monsterinsights_skip_tracking":false,"_monsterinsights_sitenote_active":false,"_monsterinsights_sitenote_note":"","_monsterinsights_sitenote_category":0},"product_brand":[],"product_cat":[20],"product_tag":[],"berocket_brand":[21],"class_list":{"0":"post-35","1":"product","2":"type-product","3":"status-publish","4":"has-post-thumbnail","6":"product_cat-lavie","7":"berocket_brand-lavie","8":"wcpa_has_options","10":"first","11":"instock","12":"featured","13":"shipping-taxable","14":"purchasable","15":"product-type-variable","16":"has-default-attributes"},"aioseo_notices":[],"tiered_pricing_fixed_rules":{"20":"9.85","30":"9.20","40":"8.55","50":"7.90","100":"6.48"},"tiered_pricing_percentage_rules":{"20":"9.85","30":"9.20","40":"8.55","50":"7.90","100":"6.48"},"tiered_pricing_type":"fixed","tiered_pricing_minimum":10,"_links":{"self":[{"href":"https:\/\/www.puffsvape.com\/fr\/wp-json\/wp\/v2\/product\/35","targetHints":{"allow":["GET"]}}],"collection":[{"href":"https:\/\/www.puffsvape.com\/fr\/wp-json\/wp\/v2\/product"}],"about":[{"href":"https:\/\/www.puffsvape.com\/fr\/wp-json\/wp\/v2\/types\/product"}],"replies":[{"embeddable":true,"href":"https:\/\/www.puffsvape.com\/fr\/wp-json\/wp\/v2\/comments?post=35"}],"wp:featuredmedia":[{"embeddable":true,"href":"https:\/\/www.puffsvape.com\/fr\/wp-json\/wp\/v2\/media\/49"}],"wp:attachment":[{"href":"https:\/\/www.puffsvape.com\/fr\/wp-json\/wp\/v2\/media?parent=35"}],"wp:term":[{"taxonomy":"product_brand","embeddable":true,"href":"https:\/\/www.puffsvape.com\/fr\/wp-json\/wp\/v2\/product_brand?post=35"},{"taxonomy":"product_cat","embeddable":true,"href":"https:\/\/www.puffsvape.com\/fr\/wp-json\/wp\/v2\/product_cat?post=35"},{"taxonomy":"product_tag","embeddable":true,"href":"https:\/\/www.puffsvape.com\/fr\/wp-json\/wp\/v2\/product_tag?post=35"},{"taxonomy":"berocket_brand","embeddable":true,"href":"https:\/\/www.puffsvape.com\/fr\/wp-json\/wp\/v2\/berocket_brand?post=35"}],"curies":[{"name":"wp","href":"https:\/\/api.w.org\/{rel}","templated":true}]}}