{"id":1705,"date":"2024-08-06T11:33:59","date_gmt":"2024-08-06T11:33:59","guid":{"rendered":"https:\/\/www.puffsvape.com\/?post_type=product&#038;p=1705"},"modified":"2026-04-28T21:32:54","modified_gmt":"2026-04-28T13:32:54","slug":"vapsolo-super-15000-puffs-disposable-vape","status":"publish","type":"product","link":"https:\/\/www.puffsvape.com\/fr\/produit\/vapsolo-super-15000-puffs-jetable-vape\/","title":{"rendered":"Vapsolo Super 15000 bouff\u00e9es Vape jetable"},"content":{"rendered":"<p>Le Vapsolo Super 15000 Puffs de Puffsvape est un vaporisateur jetable rechargeable de premi\u00e8re qualit\u00e9 offrant jusqu'\u00e0 15 000 bouff\u00e9es avec des options de nicotine 2% ou 5%, une batterie de 650mAh, 25ml d'e-liquide et une vari\u00e9t\u00e9 de saveurs riches, parfait pour les grossistes et les d\u00e9taillants \u00e0 la recherche de produits de vapotage de haute qualit\u00e9.<\/p>\n<p>Le Vapsolo Super 15000 Puffs propose deux taux de nicotine, 2% et 5%, pour r\u00e9pondre aux besoins des vapoteurs l\u00e9gers et r\u00e9guliers. \u00c9quip\u00e9 d'une batterie rechargeable de 650mAh et d'une capacit\u00e9 de 25ml d'e-liquide, cet appareil permet de vaper de fa\u00e7on prolong\u00e9e sans avoir \u00e0 recharger fr\u00e9quemment. Fabriqu\u00e9 avec une bobine en maille et une r\u00e9sistance de bobine de 1,0\u03a9, il offre une saveur riche et constante ainsi qu'une production de vapeur fluide. Le port type-C innovant assure une recharge rapide et efficace, ce qui en fait un choix fiable pour les vapoteurs en d\u00e9placement.<\/p>\n<p>Ses principales caract\u00e9ristiques incluent quatre niveaux de flux d'air pour un vapotage personnalis\u00e9, une batterie rechargeable robuste de 650 mAh, une grande capacit\u00e9 d'e-liquide de 25 ml et une bobine \u00e0 mailles de pointe pour une saveur et une production de vapeur accrues. Des emballages en vrac sont disponibles, avec 200 unit\u00e9s par carton et 10 cartons par bo\u00eete, ce qui en fait un choix id\u00e9al pour les achats en vrac.<\/p>\n<h2>Vapsolo Super 15000 Puffs Caract\u00e9ristiques<\/h2>\n<ul>\n<li>4 niveaux de d\u00e9bit d'air : Personnalisez votre exp\u00e9rience de vapotage gr\u00e2ce \u00e0 des r\u00e9glages de flux d'air adapt\u00e9s \u00e0 vos pr\u00e9f\u00e9rences.<\/li>\n<li>Capacit\u00e9 en e-liquide : Une grande capacit\u00e9 de 25ml qui permet de vaper de fa\u00e7on prolong\u00e9e sans avoir besoin de recharges fr\u00e9quentes.<\/li>\n<li>Capacit\u00e9 de la batterie : Une robuste batterie rechargeable de 650mAh vous permet de profiter de votre vape pendant une longue p\u00e9riode avant d'avoir besoin de la recharger.<\/li>\n<li>Bobine en maille : Am\u00e9liore la saveur et la production de vapeur, offrant une exp\u00e9rience de vaporisation sup\u00e9rieure.<\/li>\n<li>R\u00e9sistance de la bobine : 1,0\u03a9 pour une vapeur douce et homog\u00e8ne.<\/li>\n<li>Port Type-C : Recharge rapide et pratique gr\u00e2ce \u00e0 la compatibilit\u00e9 moderne avec le type C.<\/li>\n<li>Emballage en vrac : Disponible en gros conditionnement de 200 unit\u00e9s par carton et de 10 cartons par bo\u00eete, chaque unit\u00e9 pesant 103 g.<\/li>\n<\/ul>\n<h2>Liste des ar\u00f4mes<\/h2>\n<ol>\n<li>Bleu Razz<\/li>\n<li>Glace aux myrtilles<\/li>\n<li>Double pomme<\/li>\n<li>Glace \u00e0 la past\u00e8que<\/li>\n<li>Fraise Kiwi<\/li>\n<li>Baies m\u00e9lang\u00e9es<\/li>\n<li>Red Bull<\/li>\n<li>Myrtille Cerise Canneberge<\/li>\n<li>Citron vert<\/li>\n<li>Skittles<\/li>\n<li>R\u00eave d'\u00e9t\u00e9<\/li>\n<li>Fraise et banane<\/li>\n<li>Melon d'eau \u00e0 la framboise<\/li>\n<li>Cola \u00e0 la myrtille et \u00e0 la cerise<\/li>\n<li>Glace noire fruit du dragon fraise<\/li>\n<\/ol>\n<figure id=\"attachment_1720\" aria-describedby=\"caption-attachment-1720\" style=\"width: 800px\" class=\"wp-caption alignnone\"><img fetchpriority=\"high\" decoding=\"async\" class=\"size-full wp-image-1720\" title=\"Vapsolo Super 15000 bouff\u00e9es Vape jetable en gros past\u00e8que glace\" src=\"https:\/\/www.puffsvape.com\/wp-content\/uploads\/2024\/08\/Vapsolo-Super-15000-Puffs-Disposable-Vape-Wholesale-watermelon-ice.jpg\" alt=\"Vapsolo Super 15000 bouff\u00e9es Vape jetable en gros past\u00e8que glace\" width=\"800\" height=\"800\" srcset=\"https:\/\/www.puffsvape.com\/wp-content\/uploads\/2024\/08\/Vapsolo-Super-15000-Puffs-Disposable-Vape-Wholesale-watermelon-ice.jpg 800w, https:\/\/www.puffsvape.com\/wp-content\/uploads\/2024\/08\/Vapsolo-Super-15000-Puffs-Disposable-Vape-Wholesale-watermelon-ice-247x247.jpg 247w, https:\/\/www.puffsvape.com\/wp-content\/uploads\/2024\/08\/Vapsolo-Super-15000-Puffs-Disposable-Vape-Wholesale-watermelon-ice-100x100.jpg 100w, https:\/\/www.puffsvape.com\/wp-content\/uploads\/2024\/08\/Vapsolo-Super-15000-Puffs-Disposable-Vape-Wholesale-watermelon-ice-510x510.jpg 510w, https:\/\/www.puffsvape.com\/wp-content\/uploads\/2024\/08\/Vapsolo-Super-15000-Puffs-Disposable-Vape-Wholesale-watermelon-ice-300x300.jpg 300w, https:\/\/www.puffsvape.com\/wp-content\/uploads\/2024\/08\/Vapsolo-Super-15000-Puffs-Disposable-Vape-Wholesale-watermelon-ice-150x150.jpg 150w, https:\/\/www.puffsvape.com\/wp-content\/uploads\/2024\/08\/Vapsolo-Super-15000-Puffs-Disposable-Vape-Wholesale-watermelon-ice-768x768.jpg 768w, https:\/\/www.puffsvape.com\/wp-content\/uploads\/2024\/08\/Vapsolo-Super-15000-Puffs-Disposable-Vape-Wholesale-watermelon-ice-12x12.jpg 12w, https:\/\/www.puffsvape.com\/wp-content\/uploads\/2024\/08\/Vapsolo-Super-15000-Puffs-Disposable-Vape-Wholesale-watermelon-ice-575x575.jpg 575w, https:\/\/www.puffsvape.com\/wp-content\/uploads\/2024\/08\/Vapsolo-Super-15000-Puffs-Disposable-Vape-Wholesale-watermelon-ice-380x380.jpg 380w, https:\/\/www.puffsvape.com\/wp-content\/uploads\/2024\/08\/Vapsolo-Super-15000-Puffs-Disposable-Vape-Wholesale-watermelon-ice-50x50.jpg 50w, https:\/\/www.puffsvape.com\/wp-content\/uploads\/2024\/08\/Vapsolo-Super-15000-Puffs-Disposable-Vape-Wholesale-watermelon-ice-26x26.jpg 26w\" sizes=\"(max-width: 800px) 100vw, 800px\" \/><figcaption id=\"caption-attachment-1720\" class=\"wp-caption-text\">Vapsolo Super 15000 bouff\u00e9es Vape jetable<\/figcaption><\/figure>","protected":false},"excerpt":{"rendered":"<div class=\"woocommerce-product-details__short-description\">\n<div class=\"woocommerce-product-details__short-description\">\n<p>Quantit\u00e9 minimale de commande : 50 pcs\/m\u00e9lange de saveurs<\/p>\n<\/div>\n<\/div>","protected":false},"featured_media":1720,"comment_status":"open","ping_status":"closed","template":"","meta":{"om_disable_all_campaigns":false,"_monsterinsights_skip_tracking":false,"_monsterinsights_sitenote_active":false,"_monsterinsights_sitenote_note":"","_monsterinsights_sitenote_category":0},"product_brand":[],"product_cat":[37],"product_tag":[],"berocket_brand":[38],"class_list":{"0":"post-1705","1":"product","2":"type-product","3":"status-publish","4":"has-post-thumbnail","6":"product_cat-vapsolo","7":"berocket_brand-vapsolo","8":"wcpa_has_options","10":"first","11":"instock","12":"shipping-taxable","13":"purchasable","14":"product-type-variable","15":"has-default-attributes"},"aioseo_notices":[],"tiered_pricing_fixed_rules":{"50":"8.29","100":"6.86"},"tiered_pricing_percentage_rules":{"50":"8.29","100":"6.86"},"tiered_pricing_type":"fixed","tiered_pricing_minimum":10,"_links":{"self":[{"href":"https:\/\/www.puffsvape.com\/fr\/wp-json\/wp\/v2\/product\/1705","targetHints":{"allow":["GET"]}}],"collection":[{"href":"https:\/\/www.puffsvape.com\/fr\/wp-json\/wp\/v2\/product"}],"about":[{"href":"https:\/\/www.puffsvape.com\/fr\/wp-json\/wp\/v2\/types\/product"}],"replies":[{"embeddable":true,"href":"https:\/\/www.puffsvape.com\/fr\/wp-json\/wp\/v2\/comments?post=1705"}],"wp:featuredmedia":[{"embeddable":true,"href":"https:\/\/www.puffsvape.com\/fr\/wp-json\/wp\/v2\/media\/1720"}],"wp:attachment":[{"href":"https:\/\/www.puffsvape.com\/fr\/wp-json\/wp\/v2\/media?parent=1705"}],"wp:term":[{"taxonomy":"product_brand","embeddable":true,"href":"https:\/\/www.puffsvape.com\/fr\/wp-json\/wp\/v2\/product_brand?post=1705"},{"taxonomy":"product_cat","embeddable":true,"href":"https:\/\/www.puffsvape.com\/fr\/wp-json\/wp\/v2\/product_cat?post=1705"},{"taxonomy":"product_tag","embeddable":true,"href":"https:\/\/www.puffsvape.com\/fr\/wp-json\/wp\/v2\/product_tag?post=1705"},{"taxonomy":"berocket_brand","embeddable":true,"href":"https:\/\/www.puffsvape.com\/fr\/wp-json\/wp\/v2\/berocket_brand?post=1705"}],"curies":[{"name":"wp","href":"https:\/\/api.w.org\/{rel}","templated":true}]}}